{"id":61,"date":"2021-09-05T10:38:20","date_gmt":"2021-09-05T10:38:20","guid":{"rendered":"https:\/\/blogsaverroes.juntadeandalucia.es\/herramientasmultimedia\/?page_id=61"},"modified":"2021-09-18T09:32:05","modified_gmt":"2021-09-18T09:32:05","slug":"presentacion","status":"publish","type":"page","link":"https:\/\/blogsaverroes.juntadeandalucia.es\/herramientasmultimedia\/presentacion\/","title":{"rendered":"PRESENTACION"},"content":{"rendered":"<address><strong><img loading=\"lazy\" decoding=\"async\" class=\"wp-image-210 aligncenter\" src=\"https:\/\/blogsaverroes.juntadeandalucia.es\/herramientasmultimedia\/files\/2021\/09\/bienvenida-300x34.png\" alt=\"\" width=\"574\" height=\"65\" srcset=\"https:\/\/blogsaverroes.juntadeandalucia.es\/herramientasmultimedia\/files\/2021\/09\/bienvenida-300x34.png 300w, https:\/\/blogsaverroes.juntadeandalucia.es\/herramientasmultimedia\/files\/2021\/09\/bienvenida.png 428w\" sizes=\"(max-width: 574px) 100vw, 574px\" \/><img loading=\"lazy\" decoding=\"async\" class=\"size-medium wp-image-208 aligncenter\" src=\"https:\/\/blogsaverroes.juntadeandalucia.es\/herramientasmultimedia\/files\/2021\/09\/gifarco13-1-300x218.gif\" alt=\"\" width=\"300\" height=\"218\"><img loading=\"lazy\" decoding=\"async\" class=\"aligncenter\" style=\"margin-left: auto;margin-right: auto\" src=\"http:\/\/www.juntadeandalucia.es\/averroes\/centros-tic\/04005594\/helvia\/sitio\/upload\/img\/gifarco13.gif\" width=\"501\" height=\"305\" border=\"0\"><\/strong><\/address>\n<address>&nbsp;<\/address>\n<address><strong><span style=\"font-family: 'comic sans ms', sans-serif\"><img loading=\"lazy\" decoding=\"async\" class=\"aligncenter\" style=\"border: 0;float: left\" src=\"http:\/\/www.juntadeandalucia.es\/averroes\/centros-tic\/04005594\/helvia\/sitio\/upload\/img\/bienvenida.png\" width=\"544\" height=\"61\" border=\"0\" data-wp-editing=\"1\"><\/span><\/strong><\/address>\n<address>&nbsp;<\/address>\n<address>&nbsp;<\/address>\n<hr>\n<address><span style=\"font-size: 12pt;font-family: 'comic sans ms', sans-serif\">&nbsp; <strong><span style=\"color: #ffffff;background-color: #0000ff\">&nbsp;&nbsp; ESTRUCTURA Y ORGAN<\/span><\/strong><\/span><strong style=\"font-family: 'comic sans ms', sans-serif;font-size: 12pt\"><span style=\"color: #ffffff;background-color: #0000ff\">IZACI\u00d3N DEL CENTRO &nbsp;&nbsp;<\/span><\/strong><\/address>\n<p style=\"text-align: justify\"><span style=\"font-family: 'comic sans ms', sans-serif\">El <strong><span style=\"color: #339966\">C.E.I.P.\u00bbARCO IRIS\u00bb<\/span><\/strong> fue inaugurado en Aguadulce el a\u00f1o <span style=\"color: #ff6600\"><strong>1.982<\/strong><\/span>. Se encuentra ubicado en la zona Sur de Aguadulce entre la calle Celindo y el Paseo del Limonar.&nbsp;<\/span><\/p>\n<p style=\"text-align: justify\"><span style=\"font-family: 'comic sans ms', sans-serif\">&nbsp;<\/span><span style=\"font-family: 'comic sans ms', sans-serif\"><span style=\"text-align: justify\">El <\/span><span style=\"text-align: justify;color: #339966\"><strong>C.E.I.P.\u00bbARCO IRIS\u00bb<\/strong><\/span><span style=\"text-align: justify\"> es un centro de Educaci\u00f3n Infantil y Primaria, formado por 8 unidades de infantil (3, 4 y 5 a\u00f1os), seis de primer ciclo (1\u00ba y 2\u00ba), cinco de 2\u00ba ciclo (3\u00ba y 4\u00ba)&nbsp; y cinco unidades de 3er ciclo (5\u00ba y 6\u00ba). Adem\u00e1s por ser un centro de integraci\u00f3n cuenta con dos unidades de Educaci\u00f3n Especial: una de apoyo a la integraci\u00f3n, otra espec\u00edfica y un aula de logopedia (a tiempo parcial). Dispone de un total de 26 unidades con 36 maestros\/as. (m\u00e1s dos refuerzos covid-19)<\/span><\/span><\/p>\n<p style=\"text-align: center\"><span style=\"font-family: 'comic sans ms', sans-serif\"><span style=\"text-align: justify\"><img decoding=\"async\" src=\"http:\/\/www.juntadeandalucia.es\/averroes\/centros-tic\/04005594\/helvia\/sitio\/upload\/img\/schule03.gif\" border=\"0\"><br \/>\n<\/span><\/span><\/p>\n<p style=\"text-align: justify\"><span style=\"font-family: 'comic sans ms', sans-serif\"> En cuanto a la Organizaci\u00f3n Pedag\u00f3gica es la correspondiente a un centro de educaci\u00f3n infantil y primaria, seg\u00fan marca la LOMLOE, es decir, con sus correspondientes \u00d3rganos Unipersonales (el Director, el Jefe de Estudios y la Secretaria) y sus correspondientes Organos Colegiados (el Claustro y el Consejo Escolar).<\/span><\/p>\n<p style=\"text-align: justify\"><span style=\"font-family: 'comic sans ms', sans-serif\">&nbsp;<\/span><span style=\"font-family: comic sans ms, sans-serif\">Asimismo, existe un E.T.C.P. (Equipo T\u00e9cnico de Coordinaci\u00f3n Pedag\u00f3gica) formado por el Director, el Jefe de estudios, tres Coordinadores de Primaria, un Coordinador de Infantil y uno del Ciclo de Integraci\u00f3n; encargados de la Planificaci\u00f3n Did\u00e1ctica y Pedag\u00f3gica General del Centro.&nbsp; Respecto a maestros especialistas, el centro dispone de una maestra de Educaci\u00f3n Musical, cuatro maestras de Lengua Extranjera (Ingl\u00e9s) y una maestra de Lengua Extranjera (Franc\u00e9s),&nbsp;seis maestras\/os de Primaria Biling\u00fce, tres maestros\/as de Educaci\u00f3n F\u00edsica,&nbsp;una maestra de Educaci\u00f3n Especial, una maestra de Apoyo a la Integraci\u00f3n y dos maestras de Religi\u00f3n. Asimismo existe un equipo de Apoyo Externo al centro formado por un Orientador (Psic\u00f3loga), una maestra de Audici\u00f3n y Lenguaje.&nbsp;&nbsp;<\/span><\/p>\n<p style=\"text-align: center\"><span style=\"font-size: 12pt\"><strong><span style=\"font-family: 'comic sans ms', sans-serif;background-color: #800080;color: #ffffff\">&nbsp; &nbsp; PLANO DEL CENTRO&nbsp;&nbsp;&nbsp; &nbsp; &nbsp;<\/span><\/strong><\/span><\/p>\n<p style=\"text-align: left\"><span style=\"font-size: 12pt\"><strong><span style=\"font-family: 'comic sans ms', sans-serif;background-color: #800080;color: #ffffff\"><img loading=\"lazy\" decoding=\"async\" class=\"aligncenter\" style=\"border: 0\" src=\"http:\/\/www.juntadeandalucia.es\/averroes\/centros-tic\/04005594\/helvia\/sitio\/upload\/img\/PLANO_COLE18P.jpg\" width=\"512\" height=\"336\" border=\"0\"><br \/>\n<\/span><\/strong><\/span><\/p>\n<p style=\"text-align: center\"><img loading=\"lazy\" decoding=\"async\" style=\"border: 0\" src=\"http:\/\/www.juntadeandalucia.es\/averroes\/centros-tic\/04005594\/helvia\/sitio\/upload\/img\/paztic.png\" width=\"450\" height=\"170\" border=\"0\"><\/p>\n<p style=\"text-align: center\"><span style=\"font-size: 12pt;background-color: #808000\"><strong><span style=\"font-family: 'comic sans ms', sans-serif;color: #ffffff\">&nbsp; &nbsp;LOCALIZACI\u00d3N DEL CENTRO &nbsp;&nbsp;<\/span><\/strong><\/span><\/p>\n<p style=\"text-align: center\"><iframe loading=\"lazy\" src=\"https:\/\/maps.google.es\/maps\/ms?msa=0&amp;msid=205394017879063715383.0004d3a1f2c14cf615e86&amp;ie=UTF8&amp;t=m&amp;source=embed&amp;ll=36.809697,-2.580113&amp;spn=0.010308,0.013905&amp;z=15&amp;output=embed\" width=\"405\" height=\"350\" frameborder=\"0\" marginwidth=\"0\" marginheight=\"0\" scrolling=\"no\"><\/iframe><br \/>\n<span style=\"font-size: 12pt\"><small>Ver <a style=\"color: #0000ff;text-align: left\" href=\"https:\/\/maps.google.es\/maps\/ms?msa=0&amp;msid=205394017879063715383.0004d3a1f2c14cf615e86&amp;ie=UTF8&amp;t=m&amp;source=embed&amp;ll=36.809697,-2.580113&amp;spn=0.010308,0.013905&amp;z=15\">Ceip \u00abArco Iris<\/a>\u00bb en un mapa m\u00e1s grande<\/small><\/span><\/p>\n<hr>\n<address>&nbsp;<\/address>\n<div><object data=\"http:\/\/www.juntadeandalucia.es\/averroes\/centros-tic\/04005594\/helvia\/sitio\/upload\/img\/web1.swf\" type=\"application\/x-shockwave-flash\" width=\"13\" height=\"13\"><param name=\"data\" value=\"http:\/\/www.juntadeandalucia.es\/averroes\/centros-tic\/04005594\/helvia\/sitio\/upload\/img\/web1.swf\"><param name=\"src\" value=\"http:\/\/www.juntadeandalucia.es\/averroes\/centros-tic\/04005594\/helvia\/sitio\/upload\/img\/web1.swf\"><param name=\"wmode\" value=\"transparent\"><param name=\"quality\" value=\"high\"><param name=\"menu\" value=\"false\"><\/object><\/div>\n","protected":false},"excerpt":{"rendered":"<p>&nbsp; &nbsp; &nbsp; &nbsp; &nbsp;&nbsp; ESTRUCTURA Y ORGANIZACI\u00d3N DEL CENTRO &nbsp;&nbsp; El C.E.I.P.\u00bbARCO IRIS\u00bb fue inaugurado en Aguadulce el a\u00f1o 1.982. Se encuentra ubicado en la zona Sur de Aguadulce entre la calle Celindo&#46;&#46;&#46;<\/p>\n","protected":false},"author":2254,"featured_media":43,"parent":0,"menu_order":0,"comment_status":"closed","ping_status":"closed","template":"","meta":{"ngg_post_thumbnail":0,"footnotes":""},"aioseo_notices":[],"_links":{"self":[{"href":"https:\/\/blogsaverroes.juntadeandalucia.es\/herramientasmultimedia\/wp-json\/wp\/v2\/pages\/61"}],"collection":[{"href":"https:\/\/blogsaverroes.juntadeandalucia.es\/herramientasmultimedia\/wp-json\/wp\/v2\/pages"}],"about":[{"href":"https:\/\/blogsaverroes.juntadeandalucia.es\/herramientasmultimedia\/wp-json\/wp\/v2\/types\/page"}],"author":[{"embeddable":true,"href":"https:\/\/blogsaverroes.juntadeandalucia.es\/herramientasmultimedia\/wp-json\/wp\/v2\/users\/2254"}],"replies":[{"embeddable":true,"href":"https:\/\/blogsaverroes.juntadeandalucia.es\/herramientasmultimedia\/wp-json\/wp\/v2\/comments?post=61"}],"version-history":[{"count":9,"href":"https:\/\/blogsaverroes.juntadeandalucia.es\/herramientasmultimedia\/wp-json\/wp\/v2\/pages\/61\/revisions"}],"predecessor-version":[{"id":211,"href":"https:\/\/blogsaverroes.juntadeandalucia.es\/herramientasmultimedia\/wp-json\/wp\/v2\/pages\/61\/revisions\/211"}],"wp:featuredmedia":[{"embeddable":true,"href":"https:\/\/blogsaverroes.juntadeandalucia.es\/herramientasmultimedia\/wp-json\/wp\/v2\/media\/43"}],"wp:attachment":[{"href":"https:\/\/blogsaverroes.juntadeandalucia.es\/herramientasmultimedia\/wp-json\/wp\/v2\/media?parent=61"}],"curies":[{"name":"wp","href":"https:\/\/api.w.org\/{rel}","templated":true}]}}