{"id":568,"date":"2016-11-17T22:29:59","date_gmt":"2016-11-17T22:29:59","guid":{"rendered":"http:\/\/blogsaverroes.juntadeandalucia.es\/hhvsjaen\/?page_id=568"},"modified":"2017-11-25T18:45:03","modified_gmt":"2017-11-25T18:45:03","slug":"mediadores-en-salud","status":"publish","type":"page","link":"https:\/\/blogsaverroes.juntadeandalucia.es\/hhvsjaen\/mediadores-en-salud\/","title":{"rendered":"MEDIADORES EN SALUD"},"content":{"rendered":"<h1 align=\"JUSTIFY\" style=\"text-align: center\"><span style=\"color: #0000ff\">MEDIADORES EN SALUD<\/span><\/h1>\n<p align=\"JUSTIFY\"><span style=\"color: #000000\"><span style=\"font-family: NewsGotT\"><span style=\"font-size: medium\">Dentro del Programa de Forma Joven 2017 del Instituto Andaluz de la Juventud en Ja\u00e9n y en colaboraci\u00f3n con la Delegaci\u00f3n Provincial de Educaci\u00f3n, se ha celebrado una nueva edici\u00f3n del curso de Mediadores y Mediadoras Juveniles de Salud: Forma Joven.<br \/>\nLa participaci\u00f3n del alumnado es un factor determinante de \u00e9xito en los proyectos de promoci\u00f3n de salud. La participaci\u00f3n de j\u00f3venes y sus familias significa que ambos deben ser protagonistas de las actuaciones, utilizando la mediaci\u00f3n entre iguales como mecanismo facilitador. Los chicos y chicas que participan en las tareas de mediaci\u00f3n reciben una formaci\u00f3n espec\u00edfica para ello a trav\u00e9s del Instituto Andaluz de la Juventud y de otras entidades.<br \/>\nSe trata de hacer part\u00edcipe al colectivo de j\u00f3venes en la b\u00fasqueda de soluciones a sus propios problemas, como estrategia v\u00e1lida para promover cambios e interiorizar conductas favorables, no impuestas desde el colectivo de los adultos. Esta participaci\u00f3n es contemplada desde Forma Joven como un elemento fundamental de buena pr\u00e1ctica.<br \/>\nEl mediador de salud&nbsp; ser\u00eda cualquier alumno o alumna que estando implicado en la vida del centro educativo, cuenta con una posici\u00f3n social estrat\u00e9gica que le otorga el reconocimiento de sus iguales, es sensible a las necesidades y problemas del entorno, y puede recibir informaciones de car\u00e1cter cient\u00edfico e institucional y transmitirlas de manera eficaz a sus compa\u00f1eras y compa\u00f1eros y otros colectivos, lo que le convierte, junto con la capacidad de liderazgo, en un agente de cambio social.<br \/>\nForma Joven pretende que las personas que forman parte de sus Equipos cuenten con la formaci\u00f3n necesaria para desarrollar adecuadamente su funci\u00f3n. Por eso, anualmente tienen lugar en cada provincia cursos de formaci\u00f3n.<br \/>\nEste a\u00f1o hemos contado con 43 talleres de mediadores en salud, de los cuales se han realizado 39 entre los meses de marzo y Junio en diferentes centros de la provincia, donde se ha formado al alumnado mediador en salud de todos los centros que desarrollan el Programa Forma Joven.<br \/>\nPara ello, hemos elaborado un dosier dirigido al coordinador del programa, con toda la informaci\u00f3n necesaria adem\u00e1s de algunas actividades a desarrollar para la selecci\u00f3n del alumnado: <a href=\"https:\/\/blogsaverroes.juntadeandalucia.es\/hhvsjaen\/files\/2017\/11\/DOSSIER-MEDIADORES-SALUD.pdf\" target=\"_blank\" rel=\"noopener\">DOSIER DE MEDIADORES DE SALUD<\/a><br \/>\nActividad I: <a href=\"https:\/\/blogsaverroes.juntadeandalucia.es\/hhvsjaen\/files\/2017\/11\/ACTIVIDAD-1.pdf\" target=\"_blank\" rel=\"noopener\">ACTIVIDAD PARA SELECCIONAR ALUMNADO MEDIADOR<\/a><br \/>\nActividad II: <a href=\"https:\/\/blogsaverroes.juntadeandalucia.es\/hhvsjaen\/files\/2017\/11\/ACTIVIDAD-2.pdf\" target=\"_blank\" rel=\"noopener\">LAS HABILIDADES DEL MEDIADOR<\/a><br \/>\nActividad III: <a href=\"https:\/\/blogsaverroes.juntadeandalucia.es\/hhvsjaen\/files\/2017\/11\/ACTIVIDAD-3.pdf\" target=\"_blank\" rel=\"noopener\">LA RELACI\u00d3N DE AYUDA<\/a><br \/>\nSe han desarrollado los talleres en torno a las cinco l\u00edneas de intervenci\u00f3n:<\/span><\/span><\/span><\/p>\n<ul>\n<li><span style=\"color: #000000\"><span style=\"font-family: NewsGotT\"><span style=\"font-size: medium\"><a href=\"https:\/\/blogsaverroes.juntadeandalucia.es\/hhvsjaen\/files\/2017\/11\/TALLER_IAJ_INT_EMOCIONAL.pdf\" target=\"_blank\" rel=\"noopener\">TALLERES&nbsp; IAJ INT EMOCIONAL<\/a><a href=\"https:\/\/blogsaverroes.juntadeandalucia.es\/hhvsjaen\/files\/2017\/11\/TALLER_IAJ_SEXUALIDAD.pdf\" target=\"_blank\" rel=\"noopener\">&nbsp;<\/a><\/span><\/span><\/span><\/li>\n<li><span style=\"color: #000000\"><span style=\"font-family: NewsGotT\"><span style=\"font-size: medium\"><a href=\"https:\/\/blogsaverroes.juntadeandalucia.es\/hhvsjaen\/files\/2017\/11\/TALLER_IAJ_SEXUALIDAD.pdf\" target=\"_blank\" rel=\"noopener\">TALLERES&nbsp; IAJ SEXUALIDAD&nbsp;<\/a><a href=\"https:\/\/blogsaverroes.juntadeandalucia.es\/hhvsjaen\/files\/2017\/11\/TALLER_IAJ_TIC.pdf\" target=\"_blank\" rel=\"noopener\">&nbsp;<\/a><\/span><\/span><\/span><\/li>\n<li><span style=\"color: #000000\"><span style=\"font-family: NewsGotT\"><span style=\"font-size: medium\"><a href=\"https:\/\/blogsaverroes.juntadeandalucia.es\/hhvsjaen\/files\/2017\/11\/TALLER_IAJ_TIC.pdf\" target=\"_blank\" rel=\"noopener\">TALLERES&nbsp; IAJ TIC<\/a><\/span><\/span><\/span><\/li>\n<li><span style=\"color: #000000\"><span style=\"font-family: NewsGotT\"><span style=\"font-size: medium\"><a href=\"https:\/\/blogsaverroes.juntadeandalucia.es\/hhvsjaen\/files\/2017\/11\/TALLER_IAJ_VIDA-SAL.pdf\" target=\"_blank\" rel=\"noopener\">TALLERES&nbsp; IAJ VIDA SALUDABLE<\/a> &nbsp;&nbsp; <\/span><\/span><\/span><\/li>\n<li><span style=\"color: #000000\"><span style=\"font-family: NewsGotT\"><span style=\"font-size: medium\"><a href=\"https:\/\/blogsaverroes.juntadeandalucia.es\/hhvsjaen\/files\/2017\/11\/TALLER_IAJ_DROGODEPENDENCIAS.pdf\" target=\"_blank\" rel=\"noopener\">TALLERES&nbsp; IAJ DROGODEPENDENCIAS<\/a><\/span><\/span><\/span><\/li>\n<\/ul>\n<p align=\"JUSTIFY\">Pincha <a href=\"https:\/\/blogsaverroes.juntadeandalucia.es\/hhvsjaen\/files\/2017\/11\/TALLERES-IAJ-FORMA-JOVEN.xls\" target=\"_blank\" rel=\"noopener\">aqu\u00ed<\/a>&nbsp;para extraer la relaci\u00f3n de centros con la l\u00ednea de actuaci\u00f3n desarrollada, ponente y fecha.<\/p>\n<h5 align=\"JUSTIFY\">&nbsp;<\/h5>\n","protected":false},"excerpt":{"rendered":"<p>MEDIADORES EN SALUD Dentro del Programa de Forma Joven 2017 del Instituto Andaluz de la Juventud en Ja\u00e9n y en colaboraci\u00f3n con la Delegaci\u00f3n Provincial de Educaci\u00f3n, se ha celebrado una nueva edici\u00f3n del&#46;&#46;&#46;<\/p>\n","protected":false},"author":1419,"featured_media":0,"parent":0,"menu_order":0,"comment_status":"closed","ping_status":"closed","template":"","meta":{"ngg_post_thumbnail":0,"footnotes":""},"aioseo_notices":[],"_links":{"self":[{"href":"https:\/\/blogsaverroes.juntadeandalucia.es\/hhvsjaen\/wp-json\/wp\/v2\/pages\/568"}],"collection":[{"href":"https:\/\/blogsaverroes.juntadeandalucia.es\/hhvsjaen\/wp-json\/wp\/v2\/pages"}],"about":[{"href":"https:\/\/blogsaverroes.juntadeandalucia.es\/hhvsjaen\/wp-json\/wp\/v2\/types\/page"}],"author":[{"embeddable":true,"href":"https:\/\/blogsaverroes.juntadeandalucia.es\/hhvsjaen\/wp-json\/wp\/v2\/users\/1419"}],"replies":[{"embeddable":true,"href":"https:\/\/blogsaverroes.juntadeandalucia.es\/hhvsjaen\/wp-json\/wp\/v2\/comments?post=568"}],"version-history":[{"count":5,"href":"https:\/\/blogsaverroes.juntadeandalucia.es\/hhvsjaen\/wp-json\/wp\/v2\/pages\/568\/revisions"}],"predecessor-version":[{"id":839,"href":"https:\/\/blogsaverroes.juntadeandalucia.es\/hhvsjaen\/wp-json\/wp\/v2\/pages\/568\/revisions\/839"}],"wp:attachment":[{"href":"https:\/\/blogsaverroes.juntadeandalucia.es\/hhvsjaen\/wp-json\/wp\/v2\/media?parent=568"}],"curies":[{"name":"wp","href":"https:\/\/api.w.org\/{rel}","templated":true}]}}