{"id":760,"date":"2017-06-07T11:39:42","date_gmt":"2017-06-07T11:39:42","guid":{"rendered":"http:\/\/blogsaverroes.juntadeandalucia.es\/hhvsjaen\/?page_id=760"},"modified":"2017-06-08T07:48:20","modified_gmt":"2017-06-08T07:48:20","slug":"forma-joven-j-final-1617","status":"publish","type":"page","link":"https:\/\/blogsaverroes.juntadeandalucia.es\/hhvsjaen\/forma-joven-j-final-1617\/","title":{"rendered":"FORMA JOVEN J. FINAL 16\/17"},"content":{"rendered":"<table style=\"width: 653px\">\n<tbody>\n<tr>\n<td style=\"text-align: center;width: 593px\" colspan=\"3\">\n<h4><strong>FORMA JOVEN EN EL \u00c1MBITO EDUCATIVO<\/strong><\/h4>\n<\/td>\n<\/tr>\n<tr>\n<td style=\"width: 137px;text-align: center\">\n<h4><strong>SEDE<\/strong><\/h4>\n<\/td>\n<td style=\"width: 224.727px;text-align: center\">\n<h4><strong>CONCLUSIONES<\/strong><\/h4>\n<\/td>\n<td style=\"width: 231.273px;text-align: center\">\n<h4><strong>IM\u00c1GENES<\/strong><\/h4>\n<\/td>\n<\/tr>\n<tr>\n<td style=\"width: 137px;text-align: center\">\n<h4><strong>CEP \u00daBEDA<\/strong><\/h4>\n<h4>16\/05\/2017<\/h4>\n<\/td>\n<td style=\"width: 224.727px;text-align: center\"><a href=\"https:\/\/blogsaverroes.juntadeandalucia.es\/hhvsjaen\/files\/2017\/06\/CONCLUSIONES-FOJO-UBEDA-16-05-2017.pdf\" target=\"_blank\"><img loading=\"lazy\" decoding=\"async\" class=\"alignnone wp-image-765\" src=\"https:\/\/blogsaverroes.juntadeandalucia.es\/hhvsjaen\/files\/2017\/06\/CONCLUSIONES.jpg\" alt=\"\" width=\"95\" height=\"95\" srcset=\"https:\/\/blogsaverroes.juntadeandalucia.es\/hhvsjaen\/files\/2017\/06\/CONCLUSIONES.jpg 258w, https:\/\/blogsaverroes.juntadeandalucia.es\/hhvsjaen\/files\/2017\/06\/CONCLUSIONES-150x150.jpg 150w, https:\/\/blogsaverroes.juntadeandalucia.es\/hhvsjaen\/files\/2017\/06\/CONCLUSIONES-100x100.jpg 100w, https:\/\/blogsaverroes.juntadeandalucia.es\/hhvsjaen\/files\/2017\/06\/CONCLUSIONES-24x24.jpg 24w, https:\/\/blogsaverroes.juntadeandalucia.es\/hhvsjaen\/files\/2017\/06\/CONCLUSIONES-36x36.jpg 36w, https:\/\/blogsaverroes.juntadeandalucia.es\/hhvsjaen\/files\/2017\/06\/CONCLUSIONES-48x48.jpg 48w\" sizes=\"(max-width: 95px) 100vw, 95px\" \/><\/a><\/td>\n<td style=\"width: 231.273px\">&nbsp;<\/td>\n<\/tr>\n<tr>\n<td style=\"width: 137px;text-align: center\">\n<h4><strong>CEP JA\u00c9N<\/strong><\/h4>\n<h4>17\/05\/2017<\/h4>\n<\/td>\n<td style=\"width: 224.727px\"><a href=\"https:\/\/blogsaverroes.juntadeandalucia.es\/hhvsjaen\/files\/2017\/06\/CONCLUSIONES-FOJO-JA\u00c9N-17-05-2017.pdf\" target=\"_blank\"><img loading=\"lazy\" decoding=\"async\" class=\"aligncenter wp-image-765\" src=\"https:\/\/blogsaverroes.juntadeandalucia.es\/hhvsjaen\/files\/2017\/06\/CONCLUSIONES.jpg\" alt=\"\" width=\"95\" height=\"95\" srcset=\"https:\/\/blogsaverroes.juntadeandalucia.es\/hhvsjaen\/files\/2017\/06\/CONCLUSIONES.jpg 258w, https:\/\/blogsaverroes.juntadeandalucia.es\/hhvsjaen\/files\/2017\/06\/CONCLUSIONES-150x150.jpg 150w, https:\/\/blogsaverroes.juntadeandalucia.es\/hhvsjaen\/files\/2017\/06\/CONCLUSIONES-100x100.jpg 100w, https:\/\/blogsaverroes.juntadeandalucia.es\/hhvsjaen\/files\/2017\/06\/CONCLUSIONES-24x24.jpg 24w, https:\/\/blogsaverroes.juntadeandalucia.es\/hhvsjaen\/files\/2017\/06\/CONCLUSIONES-36x36.jpg 36w, https:\/\/blogsaverroes.juntadeandalucia.es\/hhvsjaen\/files\/2017\/06\/CONCLUSIONES-48x48.jpg 48w\" sizes=\"(max-width: 95px) 100vw, 95px\" \/><\/a><\/td>\n<td style=\"width: 231.273px\">&nbsp;<\/td>\n<\/tr>\n<\/tbody>\n<\/table>\n","protected":false},"excerpt":{"rendered":"<p>FORMA JOVEN EN EL \u00c1MBITO EDUCATIVO SEDE CONCLUSIONES IM\u00c1GENES CEP \u00daBEDA 16\/05\/2017 &nbsp; CEP JA\u00c9N 17\/05\/2017 &nbsp;<\/p>\n","protected":false},"author":1419,"featured_media":0,"parent":0,"menu_order":0,"comment_status":"closed","ping_status":"closed","template":"","meta":{"ngg_post_thumbnail":0,"footnotes":""},"aioseo_notices":[],"_links":{"self":[{"href":"https:\/\/blogsaverroes.juntadeandalucia.es\/hhvsjaen\/wp-json\/wp\/v2\/pages\/760"}],"collection":[{"href":"https:\/\/blogsaverroes.juntadeandalucia.es\/hhvsjaen\/wp-json\/wp\/v2\/pages"}],"about":[{"href":"https:\/\/blogsaverroes.juntadeandalucia.es\/hhvsjaen\/wp-json\/wp\/v2\/types\/page"}],"author":[{"embeddable":true,"href":"https:\/\/blogsaverroes.juntadeandalucia.es\/hhvsjaen\/wp-json\/wp\/v2\/users\/1419"}],"replies":[{"embeddable":true,"href":"https:\/\/blogsaverroes.juntadeandalucia.es\/hhvsjaen\/wp-json\/wp\/v2\/comments?post=760"}],"version-history":[{"count":5,"href":"https:\/\/blogsaverroes.juntadeandalucia.es\/hhvsjaen\/wp-json\/wp\/v2\/pages\/760\/revisions"}],"predecessor-version":[{"id":779,"href":"https:\/\/blogsaverroes.juntadeandalucia.es\/hhvsjaen\/wp-json\/wp\/v2\/pages\/760\/revisions\/779"}],"wp:attachment":[{"href":"https:\/\/blogsaverroes.juntadeandalucia.es\/hhvsjaen\/wp-json\/wp\/v2\/media?parent=760"}],"curies":[{"name":"wp","href":"https:\/\/api.w.org\/{rel}","templated":true}]}}