{"id":2,"date":"2019-10-08T20:26:25","date_gmt":"2019-10-08T18:26:25","guid":{"rendered":"https:\/\/blogsaverroes.juntadeandalucia.es\/himilceradio\/?page_id=2"},"modified":"2019-10-12T12:34:37","modified_gmt":"2019-10-12T10:34:37","slug":"pagina-ejemplo","status":"publish","type":"page","link":"https:\/\/blogsaverroes.juntadeandalucia.es\/himilceradio\/pagina-ejemplo\/","title":{"rendered":"Inicio"},"content":{"rendered":"<p style=\"text-align: justify\"><a href=\"https:\/\/blogsaverroes.juntadeandalucia.es\/himilceradio\/files\/2019\/10\/headphones-mix2.jpg\"><img loading=\"lazy\" decoding=\"async\" class=\"aligncenter size-full wp-image-22\" src=\"https:\/\/blogsaverroes.juntadeandalucia.es\/himilceradio\/files\/2019\/10\/headphones-mix2.jpg\" alt=\"\" width=\"715\" height=\"374\" srcset=\"https:\/\/blogsaverroes.juntadeandalucia.es\/himilceradio\/files\/2019\/10\/headphones-mix2.jpg 715w, https:\/\/blogsaverroes.juntadeandalucia.es\/himilceradio\/files\/2019\/10\/headphones-mix2-300x157.jpg 300w, https:\/\/blogsaverroes.juntadeandalucia.es\/himilceradio\/files\/2019\/10\/headphones-mix2-24x13.jpg 24w, https:\/\/blogsaverroes.juntadeandalucia.es\/himilceradio\/files\/2019\/10\/headphones-mix2-36x19.jpg 36w, https:\/\/blogsaverroes.juntadeandalucia.es\/himilceradio\/files\/2019\/10\/headphones-mix2-48x25.jpg 48w\" sizes=\"(max-width: 715px) 100vw, 715px\" \/><\/a><br \/>\n<strong>Bienvenidos.<\/strong><\/p>\n<p style=\"text-align: justify\"><a href=\"https:\/\/blogsaverroes.juntadeandalucia.es\/himilceradio\/pagina-ejemplo\/\" target=\"_blank\" rel=\"noopener noreferrer\"><strong><span style=\"color: #ff6600\">Radio<\/span><span style=\"color: #00ccff\">Himilce<\/span><\/strong><\/a>&nbsp;es un proyecto incluido dentro del programa INNICIA de la Consejer\u00eda de Educaci\u00f3n de la Junta de Andaluc\u00eda. Desde esta web pretendemos incentivar la creatividad, entretener y difundir el conocimiento haciendo part\u00edcipes a toda la comunidad educativa, y en especial a nuestro alumnado. Desde esta web podr\u00e1s acceder a los programas de audio, v\u00eddeo y podcast, cuya actividad o tem\u00e1tica creemos puedan ser de inter\u00e9s para toda la comunidad educativa, y en general, para todas las personas que nos puedan ver y escuchar.<\/p>\n<p style=\"text-align: justify\">Nuestros objetivos principales son los siguientes:<\/p>\n<ul style=\"list-style-type: disc\">\n<li style=\"text-align: justify\">Impulsar y Difundir las numerosas actividades did\u00e1cticas y extraescolares que se realizan en nuestro centro, orientadas al desarrollo de las competencias curriculares, y cuyos protagonistas principales son los alumnos y alumnas.<\/li>\n<li style=\"text-align: justify\">Incentivar la comunicaci\u00f3n y la participaci\u00f3n de toda la comunidad educativa.<\/li>\n<li style=\"text-align: justify\">Difundir el conocimiento.<\/li>\n<li style=\"text-align: justify\">Motivar la creatividad y el inter\u00e9s de nuestro alumnado por su propio proceso de aprendizaje.<\/li>\n<li style=\"text-align: justify\">Fomentar el trabajo colaborativo y en equipo, haciendo participes a profesorado y alumnado.<\/li>\n<li style=\"text-align: justify\">Posibilitar situaciones de reflexi\u00f3n, intercambio interpersonal y enriquecimiento personal y formativo.<\/li>\n<li style=\"text-align: justify\">Desarrollar la convivencia democr\u00e1tica que respete la diferencia y la opini\u00f3n.<\/li>\n<li style=\"text-align: justify\">Fomentar e Impulsar el uso de las TIC en la ense\u00f1anza.<\/li>\n<\/ul>\n<p>&nbsp;<\/p>\n","protected":false},"excerpt":{"rendered":"<p>Bienvenidos. RadioHimilce&nbsp;es un proyecto incluido dentro del programa INNICIA de la Consejer\u00eda de Educaci\u00f3n de la Junta de Andaluc\u00eda. Desde esta web pretendemos incentivar la creatividad, entretener y difundir el conocimiento haciendo part\u00edcipes a toda la comunidad educativa, y en especial a nuestro alumnado. Desde esta web podr\u00e1s acceder a los programas de audio, v\u00eddeo &hellip; <\/p>\n<p><a class=\"more-link btn\" href=\"https:\/\/blogsaverroes.juntadeandalucia.es\/himilceradio\/pagina-ejemplo\/\">Seguir leyendo<\/a><\/p>\n","protected":false},"author":5100,"featured_media":0,"parent":0,"menu_order":0,"comment_status":"closed","ping_status":"open","template":"","meta":{"ngg_post_thumbnail":0,"footnotes":""},"aioseo_notices":[],"_links":{"self":[{"href":"https:\/\/blogsaverroes.juntadeandalucia.es\/himilceradio\/wp-json\/wp\/v2\/pages\/2"}],"collection":[{"href":"https:\/\/blogsaverroes.juntadeandalucia.es\/himilceradio\/wp-json\/wp\/v2\/pages"}],"about":[{"href":"https:\/\/blogsaverroes.juntadeandalucia.es\/himilceradio\/wp-json\/wp\/v2\/types\/page"}],"author":[{"embeddable":true,"href":"https:\/\/blogsaverroes.juntadeandalucia.es\/himilceradio\/wp-json\/wp\/v2\/users\/5100"}],"replies":[{"embeddable":true,"href":"https:\/\/blogsaverroes.juntadeandalucia.es\/himilceradio\/wp-json\/wp\/v2\/comments?post=2"}],"version-history":[{"count":6,"href":"https:\/\/blogsaverroes.juntadeandalucia.es\/himilceradio\/wp-json\/wp\/v2\/pages\/2\/revisions"}],"predecessor-version":[{"id":121,"href":"https:\/\/blogsaverroes.juntadeandalucia.es\/himilceradio\/wp-json\/wp\/v2\/pages\/2\/revisions\/121"}],"wp:attachment":[{"href":"https:\/\/blogsaverroes.juntadeandalucia.es\/himilceradio\/wp-json\/wp\/v2\/media?parent=2"}],"curies":[{"name":"wp","href":"https:\/\/api.w.org\/{rel}","templated":true}]}}