{"id":68,"date":"2019-10-09T22:59:27","date_gmt":"2019-10-09T20:59:27","guid":{"rendered":"https:\/\/blogsaverroes.juntadeandalucia.es\/himilceradio\/?page_id=68"},"modified":"2020-03-16T23:06:54","modified_gmt":"2020-03-16T22:06:54","slug":"contacto","status":"publish","type":"page","link":"https:\/\/blogsaverroes.juntadeandalucia.es\/himilceradio\/contacto\/","title":{"rendered":"Podcast"},"content":{"rendered":"<p><a href=\"https:\/\/blogsaverroes.juntadeandalucia.es\/himilceradio\/files\/2019\/12\/Portada_Podcast.png\"><img loading=\"lazy\" decoding=\"async\" class=\"aligncenter wp-image-166 size-full\" src=\"https:\/\/blogsaverroes.juntadeandalucia.es\/himilceradio\/files\/2019\/12\/Portada_Podcast.png\" alt=\"\" width=\"768\" height=\"95\" srcset=\"https:\/\/blogsaverroes.juntadeandalucia.es\/himilceradio\/files\/2019\/12\/Portada_Podcast.png 768w, https:\/\/blogsaverroes.juntadeandalucia.es\/himilceradio\/files\/2019\/12\/Portada_Podcast-300x37.png 300w, https:\/\/blogsaverroes.juntadeandalucia.es\/himilceradio\/files\/2019\/12\/Portada_Podcast-24x3.png 24w, https:\/\/blogsaverroes.juntadeandalucia.es\/himilceradio\/files\/2019\/12\/Portada_Podcast-36x4.png 36w, https:\/\/blogsaverroes.juntadeandalucia.es\/himilceradio\/files\/2019\/12\/Portada_Podcast-48x6.png 48w\" sizes=\"(max-width: 768px) 100vw, 768px\" \/><\/a><\/p>\n<p><strong><a href=\"https:\/\/blogsaverroes.juntadeandalucia.es\/himilceradio\/files\/2020\/03\/Isaac-Newton.jpg\"><img loading=\"lazy\" decoding=\"async\" class=\"alignleft wp-image-219\" src=\"https:\/\/blogsaverroes.juntadeandalucia.es\/himilceradio\/files\/2020\/03\/Isaac-Newton-150x150.jpg\" alt=\"\" width=\"75\" height=\"79\" srcset=\"https:\/\/blogsaverroes.juntadeandalucia.es\/himilceradio\/files\/2020\/03\/Isaac-Newton-24x24.jpg 24w, https:\/\/blogsaverroes.juntadeandalucia.es\/himilceradio\/files\/2020\/03\/Isaac-Newton-34x36.jpg 34w, https:\/\/blogsaverroes.juntadeandalucia.es\/himilceradio\/files\/2020\/03\/Isaac-Newton-46x48.jpg 46w, https:\/\/blogsaverroes.juntadeandalucia.es\/himilceradio\/files\/2020\/03\/Isaac-Newton.jpg 219w\" sizes=\"(max-width: 75px) 100vw, 75px\" \/><\/a><span style=\"font-size: 10pt;font-family: georgia, palatino, serif\">ISAAC NEWTON:<\/span><\/strong><span style=\"color: #ff6600;font-size: 10pt;font-family: georgia, palatino, serif\"> <strong>EL NACIMIENTO DE LA CIENCIA MODERNA<\/strong><\/span><\/p>\n<p style=\"text-align: justify\"><span style=\"font-size: 8pt;font-family: georgia, palatino, serif\">Recopilaci\u00f3n de la serie de 10 cap\u00edtulos sobre la vida y obra de Isaac Newton emitida en el programa radiof\u00f3nico \u201cA HOMBROS DE GIGANTES\u201d.<\/span><\/p>\n<!--[if lt IE 9]><script>document.createElement('audio');<\/script><![endif]-->\n<audio class=\"wp-audio-shortcode\" id=\"audio-68-1\" preload=\"none\" style=\"width: 100%;\" controls=\"controls\"><source type=\"audio\/mpeg\" src=\"https:\/\/blogsaverroes.juntadeandalucia.es\/himilceradio\/files\/2019\/12\/ISAAC-NEWTON.mp3?_=1\" \/><a href=\"https:\/\/blogsaverroes.juntadeandalucia.es\/himilceradio\/files\/2019\/12\/ISAAC-NEWTON.mp3\">https:\/\/blogsaverroes.juntadeandalucia.es\/himilceradio\/files\/2019\/12\/ISAAC-NEWTON.mp3<\/a><\/audio>\n<hr>\n<p><span style=\"color: #ff6600\"><strong><span style=\"font-size: 10pt\"><a href=\"https:\/\/blogsaverroes.juntadeandalucia.es\/himilceradio\/files\/2020\/03\/Abuela-de-Africa.jpg\"><img loading=\"lazy\" decoding=\"async\" class=\"alignleft wp-image-229\" src=\"https:\/\/blogsaverroes.juntadeandalucia.es\/himilceradio\/files\/2020\/03\/Abuela-de-Africa-150x150.jpg\" alt=\"\" width=\"75\" height=\"56\" srcset=\"https:\/\/blogsaverroes.juntadeandalucia.es\/himilceradio\/files\/2020\/03\/Abuela-de-Africa-300x223.jpg 300w, https:\/\/blogsaverroes.juntadeandalucia.es\/himilceradio\/files\/2020\/03\/Abuela-de-Africa-24x18.jpg 24w, https:\/\/blogsaverroes.juntadeandalucia.es\/himilceradio\/files\/2020\/03\/Abuela-de-Africa-36x27.jpg 36w, https:\/\/blogsaverroes.juntadeandalucia.es\/himilceradio\/files\/2020\/03\/Abuela-de-Africa-48x36.jpg 48w, https:\/\/blogsaverroes.juntadeandalucia.es\/himilceradio\/files\/2020\/03\/Abuela-de-Africa.jpg 438w\" sizes=\"(max-width: 75px) 100vw, 75px\" \/><\/a>NUESTRAS ABUELAS AFRICANAS<\/span><\/strong><\/span><\/p>\n<p><span style=\"font-family: georgia, palatino, serif;font-size: 8pt\">Hace miles de a\u00f1os el mar mediterr\u00e1neo fue atravesado por primera vez por hombres y mujeres indocumentados. Despu\u00e9s fenicios, griegos, egipcios, etc. Hoy miles de personas siguen subiendo a barcas peque\u00f1as y fr\u00e1giles para intentar atravesarlo. <\/span><\/p>\n<audio class=\"wp-audio-shortcode\" id=\"audio-68-2\" preload=\"none\" style=\"width: 100%;\" controls=\"controls\"><source type=\"audio\/mpeg\" src=\"https:\/\/blogsaverroes.juntadeandalucia.es\/himilceradio\/files\/2020\/03\/Nuestras-Abuelas-Africanas.mp3?_=2\" \/><a href=\"https:\/\/blogsaverroes.juntadeandalucia.es\/himilceradio\/files\/2020\/03\/Nuestras-Abuelas-Africanas.mp3\">https:\/\/blogsaverroes.juntadeandalucia.es\/himilceradio\/files\/2020\/03\/Nuestras-Abuelas-Africanas.mp3<\/a><\/audio>\n<hr>\n<p><span style=\"color: #ff6600\"><strong><span style=\"font-size: 10pt;font-family: georgia, palatino, serif\"><span style=\"color: #000000\"><a href=\"https:\/\/blogsaverroes.juntadeandalucia.es\/himilceradio\/files\/2020\/03\/bi_056_relatividad_gen-mp3-image.jpg\"><img loading=\"lazy\" decoding=\"async\" class=\"alignleft wp-image-239\" src=\"https:\/\/blogsaverroes.juntadeandalucia.es\/himilceradio\/files\/2020\/03\/bi_056_relatividad_gen-mp3-image-150x150.jpg\" alt=\"\" width=\"75\" height=\"75\" srcset=\"https:\/\/blogsaverroes.juntadeandalucia.es\/himilceradio\/files\/2020\/03\/bi_056_relatividad_gen-mp3-image-150x150.jpg 150w, https:\/\/blogsaverroes.juntadeandalucia.es\/himilceradio\/files\/2020\/03\/bi_056_relatividad_gen-mp3-image-300x300.jpg 300w, https:\/\/blogsaverroes.juntadeandalucia.es\/himilceradio\/files\/2020\/03\/bi_056_relatividad_gen-mp3-image-100x100.jpg 100w, https:\/\/blogsaverroes.juntadeandalucia.es\/himilceradio\/files\/2020\/03\/bi_056_relatividad_gen-mp3-image-24x24.jpg 24w, https:\/\/blogsaverroes.juntadeandalucia.es\/himilceradio\/files\/2020\/03\/bi_056_relatividad_gen-mp3-image-36x36.jpg 36w, https:\/\/blogsaverroes.juntadeandalucia.es\/himilceradio\/files\/2020\/03\/bi_056_relatividad_gen-mp3-image-48x48.jpg 48w, https:\/\/blogsaverroes.juntadeandalucia.es\/himilceradio\/files\/2020\/03\/bi_056_relatividad_gen-mp3-image.jpg 600w\" sizes=\"(max-width: 75px) 100vw, 75px\" \/><\/a>EINSTEIN: <\/span>LA TEOR\u00cdA GENERAL DE LA RELATIVIDAD<\/span><\/strong><\/span><\/p>\n<p><span style=\"font-family: georgia, palatino, serif;font-size: 8pt\">En la web Cienciaes.com hemos encontrado este excelente Podcast sobre la obra de Einstein. En esta web puedes encontrar podcast muy interesantes sobre ciencia. Muy recomendable.<\/span><\/p>\n<audio class=\"wp-audio-shortcode\" id=\"audio-68-3\" preload=\"none\" style=\"width: 100%;\" controls=\"controls\"><source type=\"audio\/mpeg\" src=\"https:\/\/blogsaverroes.juntadeandalucia.es\/himilceradio\/files\/2020\/03\/bi_056_relatividad_gen.mp3?_=3\" \/><a href=\"https:\/\/blogsaverroes.juntadeandalucia.es\/himilceradio\/files\/2020\/03\/bi_056_relatividad_gen.mp3\">https:\/\/blogsaverroes.juntadeandalucia.es\/himilceradio\/files\/2020\/03\/bi_056_relatividad_gen.mp3<\/a><\/audio>\n<hr>\n<p style=\"text-align: justify\"><strong><span style=\"font-size: 10pt;font-family: georgia, palatino, serif\"><a href=\"https:\/\/blogsaverroes.juntadeandalucia.es\/himilceradio\/files\/2020\/03\/Maxwell.jpg\"><img loading=\"lazy\" decoding=\"async\" class=\"wp-image-247 alignleft\" src=\"https:\/\/blogsaverroes.juntadeandalucia.es\/himilceradio\/files\/2020\/03\/Maxwell-150x150.jpg\" alt=\"\" width=\"75\" height=\"94\" srcset=\"https:\/\/blogsaverroes.juntadeandalucia.es\/himilceradio\/files\/2020\/03\/Maxwell-241x300.jpg 241w, https:\/\/blogsaverroes.juntadeandalucia.es\/himilceradio\/files\/2020\/03\/Maxwell-19x24.jpg 19w, https:\/\/blogsaverroes.juntadeandalucia.es\/himilceradio\/files\/2020\/03\/Maxwell-29x36.jpg 29w, https:\/\/blogsaverroes.juntadeandalucia.es\/himilceradio\/files\/2020\/03\/Maxwell-39x48.jpg 39w, https:\/\/blogsaverroes.juntadeandalucia.es\/himilceradio\/files\/2020\/03\/Maxwell.jpg 300w\" sizes=\"(max-width: 75px) 100vw, 75px\" \/><\/a>MAXWELL. <span style=\"color: #ff6600\">El GENIO DE LAS ONDAS ELECTROMAGN\u00c9TICAS.<\/span><\/span><\/strong><\/p>\n<p style=\"text-align: justify\"><span style=\"font-size: 8pt\">Otro excelente podcast de cienciaes.com sobre el f\u00edsico James Clark Maxwell (1831-1879), y sus cuatro ecuaciones matem\u00e1ticas \u00abecuaciones de Maxwell\u00bb sobre las ondas electromagn\u00e9ticas.<\/span><\/p>\n<audio class=\"wp-audio-shortcode\" id=\"audio-68-4\" preload=\"none\" style=\"width: 100%;\" controls=\"controls\"><source type=\"audio\/mpeg\" src=\"https:\/\/blogsaverroes.juntadeandalucia.es\/himilceradio\/files\/2020\/03\/bi_004_maxwell2.mp3?_=4\" \/><a href=\"https:\/\/blogsaverroes.juntadeandalucia.es\/himilceradio\/files\/2020\/03\/bi_004_maxwell2.mp3\">https:\/\/blogsaverroes.juntadeandalucia.es\/himilceradio\/files\/2020\/03\/bi_004_maxwell2.mp3<\/a><\/audio>\n<hr>\n<p>&nbsp;<\/p>\n","protected":false},"excerpt":{"rendered":"<p>ISAAC NEWTON: EL NACIMIENTO DE LA CIENCIA MODERNA Recopilaci\u00f3n de la serie de 10 cap\u00edtulos sobre la vida y obra de Isaac Newton emitida en el programa radiof\u00f3nico \u201cA HOMBROS DE GIGANTES\u201d. NUESTRAS ABUELAS AFRICANAS Hace miles de a\u00f1os el mar mediterr\u00e1neo fue atravesado por primera vez por hombres y mujeres indocumentados. Despu\u00e9s fenicios, griegos, &hellip; <\/p>\n<p><a class=\"more-link btn\" href=\"https:\/\/blogsaverroes.juntadeandalucia.es\/himilceradio\/contacto\/\">Seguir leyendo<\/a><\/p>\n","protected":false},"author":5100,"featured_media":0,"parent":0,"menu_order":0,"comment_status":"closed","ping_status":"closed","template":"","meta":{"ngg_post_thumbnail":0,"footnotes":""},"aioseo_notices":[],"_links":{"self":[{"href":"https:\/\/blogsaverroes.juntadeandalucia.es\/himilceradio\/wp-json\/wp\/v2\/pages\/68"}],"collection":[{"href":"https:\/\/blogsaverroes.juntadeandalucia.es\/himilceradio\/wp-json\/wp\/v2\/pages"}],"about":[{"href":"https:\/\/blogsaverroes.juntadeandalucia.es\/himilceradio\/wp-json\/wp\/v2\/types\/page"}],"author":[{"embeddable":true,"href":"https:\/\/blogsaverroes.juntadeandalucia.es\/himilceradio\/wp-json\/wp\/v2\/users\/5100"}],"replies":[{"embeddable":true,"href":"https:\/\/blogsaverroes.juntadeandalucia.es\/himilceradio\/wp-json\/wp\/v2\/comments?post=68"}],"version-history":[{"count":27,"href":"https:\/\/blogsaverroes.juntadeandalucia.es\/himilceradio\/wp-json\/wp\/v2\/pages\/68\/revisions"}],"predecessor-version":[{"id":248,"href":"https:\/\/blogsaverroes.juntadeandalucia.es\/himilceradio\/wp-json\/wp\/v2\/pages\/68\/revisions\/248"}],"wp:attachment":[{"href":"https:\/\/blogsaverroes.juntadeandalucia.es\/himilceradio\/wp-json\/wp\/v2\/media?parent=68"}],"curies":[{"name":"wp","href":"https:\/\/api.w.org\/{rel}","templated":true}]}}