{"id":170,"date":"2024-10-23T19:01:24","date_gmt":"2024-10-23T17:01:24","guid":{"rendered":"https:\/\/blogsaverroes.juntadeandalucia.es\/historia1loscolegiales\/?page_id=170"},"modified":"2024-10-23T19:01:24","modified_gmt":"2024-10-23T17:01:24","slug":"cine-e-historia","status":"publish","type":"page","link":"https:\/\/blogsaverroes.juntadeandalucia.es\/historia1loscolegiales\/cine-e-historia\/","title":{"rendered":"CINE E HISTORIA"},"content":{"rendered":"<p>En esta p\u00e1gina recomendaremos varios t\u00edtulos de pel\u00edculas y documentales apropiados para 1\u00ba de la ESO.<\/p>\n","protected":false},"excerpt":{"rendered":"<p>En esta p\u00e1gina recomendaremos varios t\u00edtulos de pel\u00edculas y documentales apropiados para 1\u00ba de la ESO.<\/p>\n","protected":false},"author":20119,"featured_media":0,"parent":0,"menu_order":0,"comment_status":"closed","ping_status":"closed","template":"","meta":{"footnotes":""},"aioseo_notices":[],"_links":{"self":[{"href":"https:\/\/blogsaverroes.juntadeandalucia.es\/historia1loscolegiales\/wp-json\/wp\/v2\/pages\/170"}],"collection":[{"href":"https:\/\/blogsaverroes.juntadeandalucia.es\/historia1loscolegiales\/wp-json\/wp\/v2\/pages"}],"about":[{"href":"https:\/\/blogsaverroes.juntadeandalucia.es\/historia1loscolegiales\/wp-json\/wp\/v2\/types\/page"}],"author":[{"embeddable":true,"href":"https:\/\/blogsaverroes.juntadeandalucia.es\/historia1loscolegiales\/wp-json\/wp\/v2\/users\/20119"}],"replies":[{"embeddable":true,"href":"https:\/\/blogsaverroes.juntadeandalucia.es\/historia1loscolegiales\/wp-json\/wp\/v2\/comments?post=170"}],"version-history":[{"count":1,"href":"https:\/\/blogsaverroes.juntadeandalucia.es\/historia1loscolegiales\/wp-json\/wp\/v2\/pages\/170\/revisions"}],"predecessor-version":[{"id":171,"href":"https:\/\/blogsaverroes.juntadeandalucia.es\/historia1loscolegiales\/wp-json\/wp\/v2\/pages\/170\/revisions\/171"}],"wp:attachment":[{"href":"https:\/\/blogsaverroes.juntadeandalucia.es\/historia1loscolegiales\/wp-json\/wp\/v2\/media?parent=170"}],"curies":[{"name":"wp","href":"https:\/\/api.w.org\/{rel}","templated":true}]}}