{"id":1741,"date":"2023-02-04T19:35:54","date_gmt":"2023-02-04T19:35:54","guid":{"rendered":"https:\/\/blogsaverroes.juntadeandalucia.es\/hudeca3\/?page_id=1741"},"modified":"2025-09-09T14:24:50","modified_gmt":"2025-09-09T14:24:50","slug":"equipo-educativo","status":"publish","type":"page","link":"https:\/\/blogsaverroes.juntadeandalucia.es\/hudeca1\/equipo-educativo\/","title":{"rendered":"| EQUIPO EDUCATIVO |"},"content":{"rendered":"<p><a href=\"https:\/\/blogsaverroes.juntadeandalucia.es\/hudeca1\/files\/2025\/09\/Equipo-Docente-con-Jorge.jpg\"><img loading=\"lazy\" decoding=\"async\" class=\"aligncenter wp-image-2551 size-full\" src=\"https:\/\/blogsaverroes.juntadeandalucia.es\/hudeca1\/files\/2025\/09\/Equipo-Docente-con-Jorge.jpg\" alt=\"\" width=\"4013\" height=\"2778\" srcset=\"https:\/\/blogsaverroes.juntadeandalucia.es\/hudeca1\/files\/2025\/09\/Equipo-Docente-con-Jorge.jpg 1600w, https:\/\/blogsaverroes.juntadeandalucia.es\/hudeca1\/files\/2025\/09\/Equipo-Docente-con-Jorge-300x208.jpg 300w, https:\/\/blogsaverroes.juntadeandalucia.es\/hudeca1\/files\/2025\/09\/Equipo-Docente-con-Jorge-1024x709.jpg 1024w, https:\/\/blogsaverroes.juntadeandalucia.es\/hudeca1\/files\/2025\/09\/Equipo-Docente-con-Jorge-768x532.jpg 768w, https:\/\/blogsaverroes.juntadeandalucia.es\/hudeca1\/files\/2025\/09\/Equipo-Docente-con-Jorge-1536x1063.jpg 1536w, https:\/\/blogsaverroes.juntadeandalucia.es\/hudeca1\/files\/2025\/09\/Equipo-Docente-con-Jorge-2048x1418.jpg 2048w\" sizes=\"(max-width: 767px) 89vw, (max-width: 1000px) 54vw, (max-width: 1071px) 543px, 580px\" \/><\/a><\/p>\n<p><img loading=\"lazy\" decoding=\"async\" class=\"aligncenter wp-image-1750 size-full\" src=\"https:\/\/blogsaverroes.juntadeandalucia.es\/hudeca1\/files\/2023\/02\/Definici\u00f3n-Equipo-Educativo-1.png\" alt=\"\" width=\"1920\" height=\"1080\" srcset=\"https:\/\/blogsaverroes.juntadeandalucia.es\/hudeca1\/files\/2023\/02\/Definici\u00f3n-Equipo-Educativo-1.png 1600w, https:\/\/blogsaverroes.juntadeandalucia.es\/hudeca1\/files\/2023\/02\/Definici\u00f3n-Equipo-Educativo-1-300x169.png 300w, https:\/\/blogsaverroes.juntadeandalucia.es\/hudeca1\/files\/2023\/02\/Definici\u00f3n-Equipo-Educativo-1-1024x576.png 1024w, https:\/\/blogsaverroes.juntadeandalucia.es\/hudeca1\/files\/2023\/02\/Definici\u00f3n-Equipo-Educativo-1-768x432.png 768w, https:\/\/blogsaverroes.juntadeandalucia.es\/hudeca1\/files\/2023\/02\/Definici\u00f3n-Equipo-Educativo-1-1536x864.png 1536w\" sizes=\"(max-width: 767px) 89vw, (max-width: 1000px) 54vw, (max-width: 1071px) 543px, 580px\" \/><\/p>\n<h1><span style=\"font-family: 'arial black', sans-serif\">EQUIPO DIRECTIVO:<\/span><\/h1>\n<p><a href=\"https:\/\/blogsaverroes.juntadeandalucia.es\/hudeca1\/files\/2025\/09\/Equipo-Directivo_con-cartel.jpg\"><img loading=\"lazy\" decoding=\"async\" class=\"aligncenter wp-image-2549 size-full\" src=\"https:\/\/blogsaverroes.juntadeandalucia.es\/hudeca1\/files\/2025\/09\/Equipo-Directivo_con-cartel.jpg\" alt=\"\" width=\"2048\" height=\"1536\" srcset=\"https:\/\/blogsaverroes.juntadeandalucia.es\/hudeca1\/files\/2025\/09\/Equipo-Directivo_con-cartel.jpg 1600w, https:\/\/blogsaverroes.juntadeandalucia.es\/hudeca1\/files\/2025\/09\/Equipo-Directivo_con-cartel-300x225.jpg 300w, https:\/\/blogsaverroes.juntadeandalucia.es\/hudeca1\/files\/2025\/09\/Equipo-Directivo_con-cartel-1024x768.jpg 1024w, https:\/\/blogsaverroes.juntadeandalucia.es\/hudeca1\/files\/2025\/09\/Equipo-Directivo_con-cartel-768x576.jpg 768w, https:\/\/blogsaverroes.juntadeandalucia.es\/hudeca1\/files\/2025\/09\/Equipo-Directivo_con-cartel-1536x1152.jpg 1536w\" sizes=\"(max-width: 767px) 89vw, (max-width: 1000px) 54vw, (max-width: 1071px) 543px, 580px\" \/><\/a><\/p>\n<p>DIRECTORA: Mar Rodr\u00edguez Rinc\u00f3n<\/p>\n<p>JEFA DE ESTUDIOS: Helena Bru Medina<\/p>\n<p>SECRETARIA: Teresa Fern\u00e1ndez Mar\u00edn<\/p>\n<p>&nbsp;<\/p>\n","protected":false},"excerpt":{"rendered":"<p>EQUIPO DIRECTIVO: DIRECTORA: Mar Rodr\u00edguez Rinc\u00f3n JEFA DE ESTUDIOS: Helena Bru Medina SECRETARIA: Teresa Fern\u00e1ndez Mar\u00edn &nbsp;<\/p>\n","protected":false},"author":5309,"featured_media":0,"parent":0,"menu_order":0,"comment_status":"closed","ping_status":"closed","template":"","meta":{"ngg_post_thumbnail":0,"footnotes":""},"aioseo_notices":[],"_links":{"self":[{"href":"https:\/\/blogsaverroes.juntadeandalucia.es\/hudeca1\/wp-json\/wp\/v2\/pages\/1741"}],"collection":[{"href":"https:\/\/blogsaverroes.juntadeandalucia.es\/hudeca1\/wp-json\/wp\/v2\/pages"}],"about":[{"href":"https:\/\/blogsaverroes.juntadeandalucia.es\/hudeca1\/wp-json\/wp\/v2\/types\/page"}],"author":[{"embeddable":true,"href":"https:\/\/blogsaverroes.juntadeandalucia.es\/hudeca1\/wp-json\/wp\/v2\/users\/5309"}],"replies":[{"embeddable":true,"href":"https:\/\/blogsaverroes.juntadeandalucia.es\/hudeca1\/wp-json\/wp\/v2\/comments?post=1741"}],"version-history":[{"count":8,"href":"https:\/\/blogsaverroes.juntadeandalucia.es\/hudeca1\/wp-json\/wp\/v2\/pages\/1741\/revisions"}],"predecessor-version":[{"id":2552,"href":"https:\/\/blogsaverroes.juntadeandalucia.es\/hudeca1\/wp-json\/wp\/v2\/pages\/1741\/revisions\/2552"}],"wp:attachment":[{"href":"https:\/\/blogsaverroes.juntadeandalucia.es\/hudeca1\/wp-json\/wp\/v2\/media?parent=1741"}],"curies":[{"name":"wp","href":"https:\/\/api.w.org\/{rel}","templated":true}]}}