{"id":2163,"date":"2023-03-23T18:28:01","date_gmt":"2023-03-23T18:28:01","guid":{"rendered":"http:\/\/blogsaverroes.juntadeandalucia.es\/hudeca1\/?page_id=2163"},"modified":"2026-01-28T12:37:42","modified_gmt":"2026-01-28T12:37:42","slug":"zts","status":"publish","type":"page","link":"https:\/\/blogsaverroes.juntadeandalucia.es\/hudeca1\/zts\/","title":{"rendered":"|ZTS|"},"content":{"rendered":"<p>El Programa de Atenci\u00f3n Socioeducativa en Zonas con Necesidades de Transformaci\u00f3n Social,&nbsp; (ZTS), tiene como objetivo favorecer las condiciones necesarias para que el derecho a la educaci\u00f3n se haga efectivo, especialmente en el alumnado en situaci\u00f3n de vulnerabilidad educativa. Con este fin, el Programa pretende mejorar el acceso, la permanencia y el \u00e9xito educativo del alumnado en situaci\u00f3n o riesgo de exclusi\u00f3n, reduciendo los \u00edndices de absentismo y abandono escolar, y proporcionando una respuesta educativa adaptada a sus necesidades personales y contextuales.<\/p>\n","protected":false},"excerpt":{"rendered":"<p>El Programa de Atenci\u00f3n Socioeducativa en Zonas con Necesidades de Transformaci\u00f3n Social,&nbsp; (ZTS), tiene como objetivo favorecer las condiciones necesarias para que el derecho a la educaci\u00f3n se haga efectivo, especialmente en el alumnado en situaci\u00f3n de vulnerabilidad educativa. Con este fin, el Programa pretende mejorar el acceso, la permanencia y el \u00e9xito educativo del &hellip; <\/p>\n<p class=\"link-more\"><a href=\"https:\/\/blogsaverroes.juntadeandalucia.es\/hudeca1\/zts\/\" class=\"more-link\">Continuar leyendo<span class=\"screen-reader-text\"> \u00ab|ZTS|\u00bb<\/span><\/a><\/p>\n","protected":false},"author":5309,"featured_media":0,"parent":0,"menu_order":0,"comment_status":"closed","ping_status":"closed","template":"","meta":{"ngg_post_thumbnail":0,"footnotes":""},"aioseo_notices":[],"_links":{"self":[{"href":"https:\/\/blogsaverroes.juntadeandalucia.es\/hudeca1\/wp-json\/wp\/v2\/pages\/2163"}],"collection":[{"href":"https:\/\/blogsaverroes.juntadeandalucia.es\/hudeca1\/wp-json\/wp\/v2\/pages"}],"about":[{"href":"https:\/\/blogsaverroes.juntadeandalucia.es\/hudeca1\/wp-json\/wp\/v2\/types\/page"}],"author":[{"embeddable":true,"href":"https:\/\/blogsaverroes.juntadeandalucia.es\/hudeca1\/wp-json\/wp\/v2\/users\/5309"}],"replies":[{"embeddable":true,"href":"https:\/\/blogsaverroes.juntadeandalucia.es\/hudeca1\/wp-json\/wp\/v2\/comments?post=2163"}],"version-history":[{"count":6,"href":"https:\/\/blogsaverroes.juntadeandalucia.es\/hudeca1\/wp-json\/wp\/v2\/pages\/2163\/revisions"}],"predecessor-version":[{"id":2614,"href":"https:\/\/blogsaverroes.juntadeandalucia.es\/hudeca1\/wp-json\/wp\/v2\/pages\/2163\/revisions\/2614"}],"wp:attachment":[{"href":"https:\/\/blogsaverroes.juntadeandalucia.es\/hudeca1\/wp-json\/wp\/v2\/media?parent=2163"}],"curies":[{"name":"wp","href":"https:\/\/api.w.org\/{rel}","templated":true}]}}