{"id":50,"date":"2015-10-08T23:58:16","date_gmt":"2015-10-08T23:58:16","guid":{"rendered":"http:\/\/blogsaverroes.juntadeandalucia.es\/hudeca1\/?page_id=50"},"modified":"2023-02-05T12:32:42","modified_gmt":"2023-02-05T12:32:42","slug":"educacion-infantil","status":"publish","type":"page","link":"https:\/\/blogsaverroes.juntadeandalucia.es\/hudeca3\/educacion-infantil\/","title":{"rendered":"Educaci\u00f3n Infantil"},"content":{"rendered":"<div data-blogger-escaped-style=\"-webkit-font-smoothing: antialiased; -webkit-text-stroke-width: 0px; background-color: white; border: 0px; color: black; font-family: Calibri, Helvetica, sans-serif; font-size: 12pt; font-stretch: inherit; font-style: normal; font-variant-caps: normal; font-variant-east-asian: inherit; font-variant-ligatures: normal; font-variant-numeric: inherit; font-weight: 400; letter-spacing: normal; line-height: inherit; margin: 0px; orphans: 2; padding: 0px; text-align: start; text-decoration-color: initial; text-decoration-style: initial; text-indent: 0px; text-transform: none; vertical-align: baseline; white-space: normal; widows: 2; word-spacing: 0px;\">\n<h1><span style=\"color: #339966\" data-keep-original-tag=\"false\" data-original-attrs=\"{&quot;style&quot;:&quot;&quot;}\"><b>HORARIO DE LOS 3 PRIMEROS D\u00cdAS<\/b><\/span><\/h1>\n<p><a href=\"https:\/\/blogsaverroes.juntadeandalucia.es\/hudeca3\/files\/2021\/09\/horarios-flexibilidad-horaria-1.jpg\"><img loading=\"lazy\" decoding=\"async\" class=\"aligncenter wp-image-1512 size-full\" src=\"https:\/\/blogsaverroes.juntadeandalucia.es\/hudeca3\/files\/2021\/09\/horarios-flexibilidad-horaria-1.jpg\" alt=\"\" width=\"960\" height=\"686\" srcset=\"https:\/\/blogsaverroes.juntadeandalucia.es\/hudeca3\/files\/2021\/09\/horarios-flexibilidad-horaria-1.jpg 960w, https:\/\/blogsaverroes.juntadeandalucia.es\/hudeca3\/files\/2021\/09\/horarios-flexibilidad-horaria-1-300x214.jpg 300w, https:\/\/blogsaverroes.juntadeandalucia.es\/hudeca3\/files\/2021\/09\/horarios-flexibilidad-horaria-1-768x549.jpg 768w\" sizes=\"(max-width: 767px) 89vw, (max-width: 1000px) 54vw, (max-width: 1071px) 543px, 580px\" \/><\/a><\/p>\n<h1><span style=\"color: #339966\">NORMAS B\u00c1SICAS DEL CICLO DE ED. INFANTIL<\/span><\/h1>\n<p><a href=\"https:\/\/blogsaverroes.juntadeandalucia.es\/hudeca3\/files\/2021\/09\/NORMAS-B\u00c1SICAS-PARA-COLGAR_DIGITAL.jpg\"><img loading=\"lazy\" decoding=\"async\" class=\"aligncenter wp-image-1505 size-full\" src=\"https:\/\/blogsaverroes.juntadeandalucia.es\/hudeca3\/files\/2021\/09\/NORMAS-B\u00c1SICAS-PARA-COLGAR_DIGITAL.jpg\" alt=\"\" width=\"1200\" height=\"819\" srcset=\"https:\/\/blogsaverroes.juntadeandalucia.es\/hudeca3\/files\/2021\/09\/NORMAS-B\u00c1SICAS-PARA-COLGAR_DIGITAL.jpg 1200w, https:\/\/blogsaverroes.juntadeandalucia.es\/hudeca3\/files\/2021\/09\/NORMAS-B\u00c1SICAS-PARA-COLGAR_DIGITAL-300x205.jpg 300w, https:\/\/blogsaverroes.juntadeandalucia.es\/hudeca3\/files\/2021\/09\/NORMAS-B\u00c1SICAS-PARA-COLGAR_DIGITAL-1024x699.jpg 1024w, https:\/\/blogsaverroes.juntadeandalucia.es\/hudeca3\/files\/2021\/09\/NORMAS-B\u00c1SICAS-PARA-COLGAR_DIGITAL-768x524.jpg 768w\" sizes=\"(max-width: 767px) 89vw, (max-width: 1000px) 54vw, (max-width: 1071px) 543px, 580px\" \/><\/a><\/p>\n<h1><span style=\"color: #339966\">ACTITUDES FAVORECEDORAS PARA UNA BUENA ADAPTACI\u00d3N AL ENTORNO ESCOLAR<\/span><\/h1>\n<p><a href=\"https:\/\/blogsaverroes.juntadeandalucia.es\/hudeca3\/files\/2021\/09\/actitudes-favorecedoras_digital.jpg\"><img loading=\"lazy\" decoding=\"async\" class=\"aligncenter wp-image-1503 size-full\" src=\"https:\/\/blogsaverroes.juntadeandalucia.es\/hudeca3\/files\/2021\/09\/actitudes-favorecedoras_digital.jpg\" alt=\"\" width=\"1024\" height=\"768\" srcset=\"https:\/\/blogsaverroes.juntadeandalucia.es\/hudeca3\/files\/2021\/09\/actitudes-favorecedoras_digital.jpg 1024w, https:\/\/blogsaverroes.juntadeandalucia.es\/hudeca3\/files\/2021\/09\/actitudes-favorecedoras_digital-300x225.jpg 300w, https:\/\/blogsaverroes.juntadeandalucia.es\/hudeca3\/files\/2021\/09\/actitudes-favorecedoras_digital-768x576.jpg 768w\" sizes=\"(max-width: 767px) 89vw, (max-width: 1000px) 54vw, (max-width: 1071px) 543px, 580px\" \/><\/a><\/p>\n<h1><span data-keep-original-tag=\"false\" data-original-attrs=\"{&quot;style&quot;:&quot;&quot;}\"><b><span style=\"color: #339966\">PROPUESTA DE DESAYUNO SEMANAL<\/span><br \/>\n<\/b><\/span><\/h1>\n<p><a href=\"https:\/\/blogsaverroes.juntadeandalucia.es\/hudeca3\/files\/2021\/09\/desayuno_para-colgar-digital.jpg\"><img loading=\"lazy\" decoding=\"async\" class=\"wp-image-1504 aligncenter\" src=\"https:\/\/blogsaverroes.juntadeandalucia.es\/hudeca3\/files\/2021\/09\/desayuno_para-colgar-digital.jpg\" alt=\"\" width=\"738\" height=\"523\" srcset=\"https:\/\/blogsaverroes.juntadeandalucia.es\/hudeca3\/files\/2021\/09\/desayuno_para-colgar-digital.jpg 500w, https:\/\/blogsaverroes.juntadeandalucia.es\/hudeca3\/files\/2021\/09\/desayuno_para-colgar-digital-300x212.jpg 300w\" sizes=\"(max-width: 738px) 100vw, 738px\" \/><\/a><\/p>\n<h1><span style=\"color: #008000\" data-keep-original-tag=\"false\" data-original-attrs=\"{&quot;style&quot;:&quot;&quot;}\"><b>FERIA<br \/>\n<\/b><\/span><\/h1>\n<p><b><span style=\"color: #008000\" data-keep-original-tag=\"false\" data-original-attrs=\"{&quot;style&quot;:&quot;&quot;}\">(23 de Abril de 2021)<\/span><\/b><\/p>\n<p><b><span style=\"color: #008000\" data-keep-original-tag=\"false\" data-original-attrs=\"{&quot;style&quot;:&quot;&quot;}\"><span style=\"color: #000000\">Por todos y todas es conocida la aficci\u00f3n que tenemos en este colegio a las celebraciones festivas.<\/span><\/span><\/b><\/p>\n<p><b><span style=\"color: #008000\" data-keep-original-tag=\"false\" data-original-attrs=\"{&quot;style&quot;:&quot;&quot;}\"><span style=\"color: #000000\">Por eso, auqnue se suspendiera la Feria de Abril del 2021, \u00e9sta estuvo presente en nuestro centro, mediante un \u00abphotocall\u00bb dise\u00f1ado por el Aula Espec\u00edfica y el Primer Ciclo.<\/span><\/span><\/b><\/p>\n<p><b><span style=\"color: #008000\" data-keep-original-tag=\"false\" data-original-attrs=\"{&quot;style&quot;:&quot;&quot;}\"><span style=\"color: #000000\">\u00a1Que no nos falte de \u00abn\u00e1\u00bb!<\/span><\/span><\/b><\/p>\n<div class=\"separator\"><b><span style=\"color: #008000\" data-keep-original-tag=\"false\" data-original-attrs=\"{&quot;style&quot;:&quot;&quot;}\"><span style=\"color: #000000\"><a href=\"https:\/\/1.bp.blogspot.com\/-S3PnVu5DJjA\/YKeekRTtYfI\/AAAAAAAAANE\/tqfZUVBEvssKze1AR2sWwnaEIOHo2yrBwCLcBGAsYHQ\/s2048\/IMG_20210423_101652%2B%25282%2529.jpg\"><img loading=\"lazy\" decoding=\"async\" class=\"\" src=\"https:\/\/1.bp.blogspot.com\/-S3PnVu5DJjA\/YKeekRTtYfI\/AAAAAAAAANE\/tqfZUVBEvssKze1AR2sWwnaEIOHo2yrBwCLcBGAsYHQ\/w400-h225\/IMG_20210423_101652%2B%25282%2529.jpg\" width=\"533\" height=\"300\" border=\"0\" data-original-height=\"1152\" data-original-width=\"2048\"><\/a><a href=\"https:\/\/1.bp.blogspot.com\/-PmOaTpoeuGk\/YKvLP40GTwI\/AAAAAAAAANY\/ajk11Hpqy6AA0E3oy0v8v45oiRUwZPxxQCLcBGAsYHQ\/s2048\/IMG_20210423_090649.jpg\"><img loading=\"lazy\" decoding=\"async\" class=\"alignright\" src=\"https:\/\/1.bp.blogspot.com\/-PmOaTpoeuGk\/YKvLP40GTwI\/AAAAAAAAANY\/ajk11Hpqy6AA0E3oy0v8v45oiRUwZPxxQCLcBGAsYHQ\/w240-h320\/IMG_20210423_090649.jpg\" width=\"401\" height=\"535\" border=\"0\" data-original-height=\"2048\" data-original-width=\"1536\"><\/a><\/span><\/span><\/b><\/div>\n<h1>&nbsp;<\/h1>\n<\/div>\n<h1>&nbsp;<\/h1>\n<p>&nbsp;<\/p>\n<p>&nbsp;<\/p>\n<p>&nbsp;<\/p>\n<p>&nbsp;<\/p>\n<p>&nbsp;<\/p>\n<p>&nbsp;<\/p>\n<div data-blogger-escaped-style=\"-webkit-font-smoothing: antialiased; -webkit-text-stroke-width: 0px; background-color: white; border: 0px; color: black; font-family: Calibri, Helvetica, sans-serif; font-size: 12pt; font-stretch: inherit; font-style: normal; font-variant-caps: normal; font-variant-east-asian: inherit; font-variant-ligatures: normal; font-variant-numeric: inherit; font-weight: 400; letter-spacing: normal; line-height: inherit; margin: 0px; orphans: 2; padding: 0px; text-align: start; text-decoration-color: initial; text-decoration-style: initial; text-indent: 0px; text-transform: none; vertical-align: baseline; white-space: normal; widows: 2; word-spacing: 0px;\">\n<h1><span style=\"color: #008000\" data-keep-original-tag=\"false\" data-original-attrs=\"{&quot;style&quot;:&quot;&quot;}\"><b>ST PATRICK&#8217;S DAY<br \/>\n<\/b><\/span><\/h1>\n<p><b><span style=\"color: #008000\" data-keep-original-tag=\"false\" data-original-attrs=\"{&quot;style&quot;:&quot;&quot;}\">(17 de Marzo de 2021)<\/span><\/b><\/p>\n<p><b><span style=\"color: #008000\" data-keep-original-tag=\"false\" data-original-attrs=\"{&quot;style&quot;:&quot;&quot;}\"><span style=\"color: #000000\" data-keep-original-tag=\"false\" data-original-attrs=\"{&quot;style&quot;:&quot;&quot;}\">Nuestro \u00abcole\u00bb, es un Colegio Biling\u00fce en Ingl\u00e9s, es por ello que, desde el \u00e1rea de Biling\u00fcismo, se ha organizado una actividad con el hilo conductor del \u00ableprechaun\u00bb, los tr\u00e9boles y el caldero.<\/span><\/span><\/b><\/p>\n<p><b><span style=\"color: #008000\" data-keep-original-tag=\"false\" data-original-attrs=\"{&quot;style&quot;:&quot;&quot;}\"><span style=\"color: #000000\" data-keep-original-tag=\"false\" data-original-attrs=\"{&quot;style&quot;:&quot;&quot;}\">Alrededor de un precioso dibujo realizado por la maestra Mar, pegamos nuestros deseos en forma de tr\u00e9boles.<\/span><\/span><\/b><\/p>\n<p><b><span style=\"color: #008000\" data-keep-original-tag=\"false\" data-original-attrs=\"{&quot;style&quot;:&quot;&quot;}\"><span style=\"color: #000000\" data-keep-original-tag=\"false\" data-original-attrs=\"{&quot;style&quot;:&quot;&quot;}\">Por otro lado, realizamos una divertida manualidad, en el interior de la cual, \u00abm\u00e1gicamente\u00bb, apareci\u00f3 una moneda de chocolate.<\/span><\/span><\/b><\/p>\n<h1><b><span style=\"color: #008000\" data-keep-original-tag=\"false\" data-original-attrs=\"{&quot;style&quot;:&quot;&quot;}\"><span style=\"color: #000000\" data-keep-original-tag=\"false\" data-original-attrs=\"{&quot;style&quot;:&quot;&quot;}\"><br \/>\n<a href=\"https:\/\/www.blogger.com\/#\" data-original-attrs=\"{&quot;data-original-href&quot;:&quot;https:\/\/1.bp.blogspot.com\/-sZj1MbpZrxg\/YKeZgL_YQdI\/AAAAAAAAAMs\/9dtBVg4zlpk6s8QnOjFJcwuDg5rMxtHFwCLcBGAsYHQ\/s1589\/Cartel.jpg&quot;,&quot;style&quot;:&quot;&quot;}\"><img loading=\"lazy\" decoding=\"async\" class=\"alignleft\" src=\"https:\/\/1.bp.blogspot.com\/-sZj1MbpZrxg\/YKeZgL_YQdI\/AAAAAAAAAMs\/9dtBVg4zlpk6s8QnOjFJcwuDg5rMxtHFwCLcBGAsYHQ\/s320\/Cartel.jpg\" width=\"465\" height=\"218\" border=\"0\" data-original-height=\"745\" data-original-width=\"1589\"><\/a><br \/>\n<\/span><\/span><\/b><\/h1>\n<div class=\"separator\" data-original-attrs=\"{&quot;style&quot;:&quot;&quot;}\">&nbsp;<\/div>\n<h1><b><span style=\"color: #008000\" data-keep-original-tag=\"false\" data-original-attrs=\"{&quot;style&quot;:&quot;&quot;}\"><a href=\"https:\/\/www.blogger.com\/#\" data-original-attrs=\"{&quot;data-original-href&quot;:&quot;https:\/\/1.bp.blogspot.com\/-BWJ53uVhbjE\/YKeZjtZQEqI\/AAAAAAAAAM0\/hiEvpHPjWuoQIoXiRwLDKOir0_Tqi8dHACLcBGAsYHQ\/s2048\/IMG_20210317_130102.jpg&quot;,&quot;style&quot;:&quot;&quot;}\"><img loading=\"lazy\" decoding=\"async\" class=\"alignright\" src=\"https:\/\/1.bp.blogspot.com\/-BWJ53uVhbjE\/YKeZjtZQEqI\/AAAAAAAAAM0\/hiEvpHPjWuoQIoXiRwLDKOir0_Tqi8dHACLcBGAsYHQ\/s320\/IMG_20210317_130102.jpg\" width=\"466\" height=\"262\" border=\"0\" data-original-height=\"1152\" data-original-width=\"2048\"><\/a><br \/>\n<\/span><\/b><\/h1>\n<div class=\"separator\" data-original-attrs=\"{&quot;style&quot;:&quot;&quot;}\">&nbsp;<\/div>\n<div class=\"separator\" data-original-attrs=\"{&quot;style&quot;:&quot;&quot;}\"><a href=\"https:\/\/www.blogger.com\/#\" data-original-attrs=\"{&quot;data-original-href&quot;:&quot;https:\/\/1.bp.blogspot.com\/-9n3SaewQlVI\/YKeZnum0PMI\/AAAAAAAAAM4\/RJUjLOlFtb0oA9tt7N7bjWlbOrATSg5jwCLcBGAsYHQ\/s2048\/IMG_20210317_133858%2B%25282%2529.jpg&quot;,&quot;style&quot;:&quot;&quot;}\"><img loading=\"lazy\" decoding=\"async\" class=\"alignnone\" src=\"https:\/\/1.bp.blogspot.com\/-9n3SaewQlVI\/YKeZnum0PMI\/AAAAAAAAAM4\/RJUjLOlFtb0oA9tt7N7bjWlbOrATSg5jwCLcBGAsYHQ\/s320\/IMG_20210317_133858%2B%25282%2529.jpg\" width=\"465\" height=\"262\" border=\"0\" data-original-height=\"1152\" data-original-width=\"2048\"><\/a><\/div>\n<h1>&nbsp;<\/h1>\n<h1>&nbsp;<\/h1>\n<h1><span style=\"color: #008000\" data-keep-original-tag=\"false\" data-original-attrs=\"{&quot;style&quot;:&quot;&quot;}\"><b>CELEBRACI\u00d3N DE CARNAVAL<br \/>\n<\/b><\/span><\/h1>\n<p><b><span style=\"color: #008000\" data-keep-original-tag=\"false\" data-original-attrs=\"{&quot;style&quot;:&quot;&quot;}\">(Semana del 22 al 25 de Febrero de 2021)<\/span><\/b><\/p>\n<p><b><span style=\"color: #008000\" data-keep-original-tag=\"false\" data-original-attrs=\"{&quot;style&quot;:&quot;&quot;}\"><span style=\"color: #000000\" data-keep-original-tag=\"false\" data-original-attrs=\"{&quot;style&quot;:&quot;&quot;}\">Como cada a\u00f1o, \u00abLas Reinas del Carnaval\u00bb<\/span> , <span style=\"color: #000000\" data-keep-original-tag=\"false\" data-original-attrs=\"{&quot;style&quot;:&quot;&quot;}\">nos hicieron llegar un v\u00eddeo, d\u00e1ndonos unas consignas que deber\u00edamos obedecer a lo largo de esa semana:<\/span><\/span><\/b><\/p>\n<p><b><span style=\"color: #008000\" data-keep-original-tag=\"false\" data-original-attrs=\"{&quot;style&quot;:&quot;&quot;}\"><span style=\"color: #000000\" data-keep-original-tag=\"false\" data-original-attrs=\"{&quot;style&quot;:&quot;&quot;}\"><a href=\"https:\/\/www.youtube.com\/watch?v=rLigAzMP_YA\" data-original-attrs=\"{&quot;data-original-href&quot;:&quot;https:\/\/www.youtube.com\/watch?v=rLigAzMP_YA&quot;}\">REINAS DEL CARNAVAL 2021<\/a><\/span><\/span><\/b><\/p>\n<p><b><span style=\"color: #008000\" data-keep-original-tag=\"false\" data-original-attrs=\"{&quot;style&quot;:&quot;&quot;}\"><span style=\"color: #000000\" data-keep-original-tag=\"false\" data-original-attrs=\"{&quot;style&quot;:&quot;&quot;}\">Durante todos esos d\u00edas, fuimos haci\u00e9ndonos fotos, y ahora tenemos en el pasillo del \u00abCole\u00bb, un bonito mural que nos recuerda lo bien que lo pasamos.<\/span><\/span><\/b><\/p>\n<div class=\"separator\" data-original-attrs=\"{&quot;style&quot;:&quot;&quot;}\"><b><span style=\"color: #008000\" data-keep-original-tag=\"false\" data-original-attrs=\"{&quot;style&quot;:&quot;&quot;}\"><a href=\"https:\/\/www.blogger.com\/#\" data-original-attrs=\"{&quot;data-original-href&quot;:&quot;https:\/\/1.bp.blogspot.com\/-hQ7NknoUwdQ\/YKZFrdWOfBI\/AAAAAAAAAMU\/pyXOA5j6BtURsxdkRMQ4AwE7SrYHXeSkACLcBGAsYHQ\/s2048\/Para%2Bweb.jpg&quot;,&quot;style&quot;:&quot;&quot;}\"><img loading=\"lazy\" decoding=\"async\" class=\"aligncenter\" src=\"https:\/\/1.bp.blogspot.com\/-hQ7NknoUwdQ\/YKZFrdWOfBI\/AAAAAAAAAMU\/pyXOA5j6BtURsxdkRMQ4AwE7SrYHXeSkACLcBGAsYHQ\/w400-h223\/Para%2Bweb.jpg\" width=\"400\" height=\"223\" border=\"0\" data-original-height=\"1136\" data-original-width=\"2048\"><\/a><\/span><\/b><\/div>\n<h1><span style=\"color: #008000\" data-keep-original-tag=\"false\" data-original-attrs=\"{&quot;style&quot;:&quot;&quot;}\"><b>CELEBRACI\u00d3N DEL D\u00cdA DE ANDALUC\u00cdA.<\/b><\/span><\/h1>\n<p><b><span style=\"color: #008000\" data-keep-original-tag=\"false\" data-original-attrs=\"{&quot;style&quot;:&quot;&quot;}\">(25 de Febrero de 2021)<\/span><\/b><\/p>\n<p><b><span style=\"color: #008000\" data-keep-original-tag=\"false\" data-original-attrs=\"{&quot;style&quot;:&quot;&quot;}\"><span style=\"color: #000000\" data-keep-original-tag=\"false\" data-original-attrs=\"{&quot;style&quot;:&quot;&quot;}\">Este curso, desde el CEIP \u00abHuerta del Carmen\u00bb hemos querido resaltar la ampl\u00edsima riqueza cultural de nuestra tierra, por ello, aparte de los cl\u00e1sicos trabajos manuales pintados de verde y&nbsp; blanco, y de la interpretaci\u00f3n y audici\u00f3n del HIMNO DE ANDALUC\u00cdA, hemos querido convertir nuestros pasillos en un museo.<\/span><\/span><\/b><\/p>\n<div class=\"separator\" data-original-attrs=\"{&quot;style&quot;:&quot;&quot;}\">\n<div class=\"separator\" data-original-attrs=\"{&quot;style&quot;:&quot;&quot;}\"><b><span style=\"color: #008000\" data-keep-original-tag=\"false\" data-original-attrs=\"{&quot;style&quot;:&quot;&quot;}\"><span style=\"color: #000000\" data-keep-original-tag=\"false\" data-original-attrs=\"{&quot;style&quot;:&quot;&quot;}\"><a href=\"https:\/\/www.blogger.com\/#\" data-original-attrs=\"{&quot;data-original-href&quot;:&quot;https:\/\/1.bp.blogspot.com\/-AGGTbmJTP2Y\/YKY99Vpzd5I\/AAAAAAAAAMI\/YdflxsbaNWMzMwxRqfsDfEcl_tOP3xRVQCLcBGAsYHQ\/s2048\/IMG_20210225_130323.jpg&quot;,&quot;style&quot;:&quot;&quot;}\"><img loading=\"lazy\" decoding=\"async\" class=\"aligncenter\" src=\"https:\/\/1.bp.blogspot.com\/-AGGTbmJTP2Y\/YKY99Vpzd5I\/AAAAAAAAAMI\/YdflxsbaNWMzMwxRqfsDfEcl_tOP3xRVQCLcBGAsYHQ\/s320\/IMG_20210225_130323.jpg\" width=\"403\" height=\"302\" border=\"0\" data-original-height=\"1536\" data-original-width=\"2048\"><\/a><\/span><\/span><\/b><b><span style=\"color: #008000\" data-keep-original-tag=\"false\" data-original-attrs=\"{&quot;style&quot;:&quot;&quot;}\"><span style=\"color: #000000\" data-keep-original-tag=\"false\" data-original-attrs=\"{&quot;style&quot;:&quot;&quot;}\"><br \/>\n<\/span><\/span><\/b><\/div>\n<\/div>\n<p><b><span style=\"color: #008000\" data-keep-original-tag=\"false\" data-original-attrs=\"{&quot;style&quot;:&quot;&quot;}\"><span style=\"color: #000000\" data-keep-original-tag=\"false\" data-original-attrs=\"{&quot;style&quot;:&quot;&quot;}\">Hemos trabajado, desde Infantil, hasta Sexto de Primaria, pasando por el Aula Espec\u00edfica, diferentes pintores cl\u00e1sicos y pintoras contempor\u00e1neas, de todas las provincias, y hemos hecho nuestra propia versi\u00f3n de sus obras.<\/span><\/span><\/b><\/p>\n<p><b><span style=\"color: #008000\" data-keep-original-tag=\"false\" data-original-attrs=\"{&quot;style&quot;:&quot;&quot;}\"><span style=\"color: #000000\" data-keep-original-tag=\"false\" data-original-attrs=\"{&quot;style&quot;:&quot;&quot;}\">Aqu\u00ed os dejamos un enlace para que pod\u00e1is dar un paseo virtual por nuestro museo:&nbsp;<\/span><\/span><\/b><\/p>\n<p><b><span style=\"color: #008000\" data-keep-original-tag=\"false\" data-original-attrs=\"{&quot;style&quot;:&quot;&quot;}\"><span style=\"color: #000000\" data-keep-original-tag=\"false\" data-original-attrs=\"{&quot;style&quot;:&quot;&quot;}\"><a href=\"https:\/\/www.blogger.com\/#\" data-original-attrs=\"{&quot;data-original-href&quot;:&quot;https:\/\/www.youtube.com\/watch?v=a_Yi3i3A2yA&quot;}\">VISITA VIRTUAL AL MUSEO ANDALUZ<\/a><\/span><\/span><\/b><\/p>\n<p><b><span style=\"color: #008000\" data-keep-original-tag=\"false\" data-original-attrs=\"{&quot;style&quot;:&quot;&quot;}\"><span style=\"color: #000000\" data-keep-original-tag=\"false\" data-original-attrs=\"{&quot;style&quot;:&quot;&quot;}\">\u00a1Esperamos que os guste!&nbsp;<\/span><\/span><\/b><\/p>\n<h1><span style=\"color: #008000\"><strong>V\u00cdDEO-CUENTO DE DESPEDIDA.<\/strong><\/span><\/h1>\n<p>(Mi\u00e9rcoles, 1 de Julio de 2020)<\/p>\n<p>Estimadas familias:<\/p>\n<\/div>\n<div data-blogger-escaped-style=\"-webkit-font-smoothing: antialiased; -webkit-text-stroke-width: 0px; background-color: white; border: 0px; color: black; font-family: Calibri, Helvetica, sans-serif; font-size: 12pt; font-stretch: inherit; font-style: normal; font-variant-caps: normal; font-variant-east-asian: inherit; font-variant-ligatures: normal; font-variant-numeric: inherit; font-weight: 400; letter-spacing: normal; line-height: inherit; margin: 0px; orphans: 2; padding: 0px; text-align: start; text-decoration-color: initial; text-decoration-style: initial; text-indent: 0px; text-transform: none; vertical-align: baseline; white-space: normal; widows: 2; word-spacing: 0px;\">\n<p>Las maestras de Infantil hemos querido hacer este v\u00eddeo para despedirnos, tanto de los ni\u00f1os y ni\u00f1as, como de sus familias.<\/p>\n<\/div>\n<div data-blogger-escaped-style=\"-webkit-font-smoothing: antialiased; -webkit-text-stroke-width: 0px; background-color: white; border: 0px; color: black; font-family: Calibri, Helvetica, sans-serif; font-size: 12pt; font-stretch: inherit; font-style: normal; font-variant-caps: normal; font-variant-east-asian: inherit; font-variant-ligatures: normal; font-variant-numeric: inherit; font-weight: 400; letter-spacing: normal; line-height: inherit; margin: 0px; orphans: 2; padding: 0px; text-align: start; text-decoration-color: initial; text-decoration-style: initial; text-indent: 0px; text-transform: none; vertical-align: baseline; white-space: normal; widows: 2; word-spacing: 0px;\">\n<p>\u00a1Feliz Verano!<\/p>\n<\/div>\n<div data-blogger-escaped-style=\"-webkit-font-smoothing: antialiased; -webkit-text-stroke-width: 0px; background-color: white; border: 0px; color: black; font-family: Calibri, Helvetica, sans-serif; font-size: 12pt; font-stretch: inherit; font-style: normal; font-variant-caps: normal; font-variant-east-asian: inherit; font-variant-ligatures: normal; font-variant-numeric: inherit; font-weight: 400; letter-spacing: normal; line-height: inherit; margin: 0px; orphans: 2; padding: 0px; text-align: start; text-decoration-color: initial; text-decoration-style: initial; text-indent: 0px; text-transform: none; vertical-align: baseline; white-space: normal; widows: 2; word-spacing: 0px;\">\n<p>Esperamos que os guste.<\/p>\n<p style=\"text-align: center\"><iframe loading=\"lazy\" src=\"https:\/\/www.youtube.com\/embed\/76hVLEpC91s\" width=\"560\" height=\"315\" frameborder=\"0\"><\/iframe><\/p>\n<\/div>\n<ol>\n<li>&nbsp;<\/li>\n<\/ol>\n<h1><span style=\"color: #808000\">PROYECTO VERDE-ANDO (2019\/2020)<\/span><\/h1>\n<p><a href=\"https:\/\/blogsaverroes.juntadeandalucia.es\/hudeca1\/2020\/01\/28\/verdeando-en-educacion-infantil-asociacion-impulso\/\">https:\/\/blogsaverroes.juntadeandalucia.es\/hudeca1\/2020\/01\/28\/verdeando-en-educacion-infantil-asociacion-impulso\/<\/a><\/p>\n","protected":false},"excerpt":{"rendered":"<p>HORARIO DE LOS 3 PRIMEROS D\u00cdAS NORMAS B\u00c1SICAS DEL CICLO DE ED. INFANTIL ACTITUDES FAVORECEDORAS PARA UNA BUENA ADAPTACI\u00d3N AL ENTORNO ESCOLAR PROPUESTA DE DESAYUNO SEMANAL FERIA (23 de Abril de 2021) Por todos y todas es conocida la aficci\u00f3n que tenemos en este colegio a las celebraciones festivas. Por eso, auqnue se suspendiera la &hellip; <\/p>\n<p class=\"link-more\"><a href=\"https:\/\/blogsaverroes.juntadeandalucia.es\/hudeca3\/educacion-infantil\/\" class=\"more-link\">Continuar leyendo<span class=\"screen-reader-text\"> \u00abEducaci\u00f3n Infantil\u00bb<\/span><\/a><\/p>\n","protected":false},"author":5309,"featured_media":0,"parent":0,"menu_order":0,"comment_status":"closed","ping_status":"closed","template":"","meta":{"ngg_post_thumbnail":0,"footnotes":""},"aioseo_notices":[],"_links":{"self":[{"href":"https:\/\/blogsaverroes.juntadeandalucia.es\/hudeca3\/wp-json\/wp\/v2\/pages\/50"}],"collection":[{"href":"https:\/\/blogsaverroes.juntadeandalucia.es\/hudeca3\/wp-json\/wp\/v2\/pages"}],"about":[{"href":"https:\/\/blogsaverroes.juntadeandalucia.es\/hudeca3\/wp-json\/wp\/v2\/types\/page"}],"author":[{"embeddable":true,"href":"https:\/\/blogsaverroes.juntadeandalucia.es\/hudeca3\/wp-json\/wp\/v2\/users\/5309"}],"replies":[{"embeddable":true,"href":"https:\/\/blogsaverroes.juntadeandalucia.es\/hudeca3\/wp-json\/wp\/v2\/comments?post=50"}],"version-history":[{"count":1,"href":"https:\/\/blogsaverroes.juntadeandalucia.es\/hudeca3\/wp-json\/wp\/v2\/pages\/50\/revisions"}],"predecessor-version":[{"id":1802,"href":"https:\/\/blogsaverroes.juntadeandalucia.es\/hudeca3\/wp-json\/wp\/v2\/pages\/50\/revisions\/1802"}],"wp:attachment":[{"href":"https:\/\/blogsaverroes.juntadeandalucia.es\/hudeca3\/wp-json\/wp\/v2\/media?parent=50"}],"curies":[{"name":"wp","href":"https:\/\/api.w.org\/{rel}","templated":true}]}}