{"id":1604,"date":"2025-10-30T18:27:54","date_gmt":"2025-10-30T17:27:54","guid":{"rendered":"https:\/\/blogsaverroes.juntadeandalucia.es\/ies-arcelacis-santaella\/?page_id=1604"},"modified":"2025-11-11T20:17:40","modified_gmt":"2025-11-11T19:17:40","slug":"ef","status":"publish","type":"page","link":"https:\/\/blogsaverroes.juntadeandalucia.es\/ies-arcelacis-santaella\/ef\/","title":{"rendered":"EF"},"content":{"rendered":"<p>[et_pb_section fb_built=&#8221;1&#8243; admin_label=&#8221;Featured Product&#8221; _builder_version=&#8221;4.21.0&#8243; _module_preset=&#8221;default&#8221; background_color=&#8221;gcid-dc7481a9-d70d-4c29-b152-17b0ba30940e&#8221; custom_padding=&#8221;0px|||||&#8221; locked=&#8221;off&#8221; collapsed=&#8221;on&#8221; global_colors_info=&#8221;{%22gcid-dc7481a9-d70d-4c29-b152-17b0ba30940e%22:%91%22background_color%22%93}&#8221;][et_pb_row column_structure=&#8221;1_2,1_2&#8243; _builder_version=&#8221;4.22.0&#8243; _module_preset=&#8221;default&#8221; global_colors_info=&#8221;{}&#8221;][et_pb_column type=&#8221;1_2&#8243; _builder_version=&#8221;4.21.0&#8243; _module_preset=&#8221;default&#8221; global_colors_info=&#8221;{}&#8221;][et_pb_image src=&#8221;https:\/\/blogsaverroes.juntadeandalucia.es\/ies-arcelacis-santaella\/files\/2025\/10\/educacion-fisica.png&#8221; title_text=&#8221;educacion fisica&#8221; _builder_version=&#8221;4.24.2&#8243; _module_preset=&#8221;default&#8221; transform_rotate=&#8221;0deg|0deg|10deg&#8221; width=&#8221;76.3%&#8221; custom_margin=&#8221;|||0.5%|false|false&#8221; border_radii=&#8221;on|5px|5px|5px|5px&#8221; box_shadow_style=&#8221;preset4&#8243; box_shadow_horizontal=&#8221;20px&#8221; box_shadow_vertical=&#8221;20px&#8221; box_shadow_blur=&#8221;40px&#8221; box_shadow_color=&#8221;rgba(0,0,0,0.2)&#8221; global_colors_info=&#8221;{%22gcid-e428b4a0-8f75-478b-bc91-d4c919946667%22:%91%22background_color%22%93}&#8221;][\/et_pb_image][\/et_pb_column][et_pb_column type=&#8221;1_2&#8243; _builder_version=&#8221;4.21.0&#8243; _module_preset=&#8221;default&#8221; custom_padding=&#8221;60px||||false|false&#8221; custom_padding_tablet=&#8221;0px||||false|false&#8221; custom_padding_phone=&#8221;0px||||false|false&#8221; custom_padding_last_edited=&#8221;on|desktop&#8221; global_colors_info=&#8221;{}&#8221;][et_pb_text _builder_version=&#8221;4.24.2&#8243; _module_preset=&#8221;9e00d634-6b21-4cd2-8685-de6d66d3dae9&#8243; header_4_text_color=&#8221;#FF9263&#8243; custom_margin=&#8221;-12px||0px|-12px|false|false&#8221; custom_padding=&#8221;||0px|||&#8221; global_colors_info=&#8221;{}&#8221;]<\/p>\n<h4>DEPARTAMENTO<\/h4>\n<p>[\/et_pb_text][et_pb_text _builder_version=&#8221;4.24.2&#8243; _module_preset=&#8221;8e17d198-a971-48b8-a2ad-dca2b562aebb&#8221; custom_margin=&#8221;||-4px|-12px|false|false&#8221; custom_padding=&#8221;0px|||||&#8221; global_colors_info=&#8221;{}&#8221;]<\/p>\n<h2>Educaci\u00f3n F\u00edsica<\/h2>\n<p>[\/et_pb_text][et_pb_text _builder_version=&#8221;4.24.2&#8243; _module_preset=&#8221;ab33f623-d41a-4a6d-8f92-b1989bb3f5a6&#8243; custom_margin=&#8221;||22px|||&#8221; custom_padding=&#8221;11px|||41px||&#8221; global_colors_info=&#8221;{}&#8221;]<\/p>\n<p>El <strong>Departamento de Educaci\u00f3n F\u00edsica<\/strong> est\u00e1 compuesto por:<\/p>\n<ul>\n<li>D. Antonio Flores Salda\u00f1a<\/li>\n<li>D\u00f1a. Patricia S\u00e1nchez Carmona<\/li>\n<\/ul>\n<p>[\/et_pb_text][et_pb_text _builder_version=&#8221;4.24.2&#8243; _module_preset=&#8221;default&#8221; background_color=&#8221;#FC9569&#8243; width=&#8221;88.6%&#8221; custom_margin=&#8221;|||-5px||&#8221; custom_padding=&#8221;|3px||4px||&#8221; hover_enabled=&#8221;0&#8243; global_colors_info=&#8221;{}&#8221; sticky_enabled=&#8221;0&#8243;]<\/p>\n<p style=\"text-align: center\">En el siguiente <a href=\"https:\/\/drive.google.com\/drive\/folders\/1ZiuPWYyWxzIFKy6pQGsqiVdt10HBa8p-?usp=drive_link\"><strong>enlace<\/strong><\/a> se encuentran las Programaciones Did\u00e1cticas del Departamento.<\/p>\n<p>[\/et_pb_text][\/et_pb_column][\/et_pb_row][\/et_pb_section]<\/p>\n","protected":false},"excerpt":{"rendered":"<p>DEPARTAMENTOEducaci\u00f3n F\u00edsicaEl Departamento de Educaci\u00f3n F\u00edsica est\u00e1 compuesto por: D. Antonio Flores Salda\u00f1a D\u00f1a. Patricia S\u00e1nchez Carmona En el siguiente enlace se encuentran las Programaciones Did\u00e1cticas del Departamento.<\/p>\n","protected":false},"author":21101,"featured_media":0,"parent":0,"menu_order":0,"comment_status":"closed","ping_status":"closed","template":"","meta":{"_et_pb_use_builder":"on","_et_pb_old_content":"","_et_gb_content_width":"","ngg_post_thumbnail":0,"footnotes":""},"aioseo_notices":[],"_links":{"self":[{"href":"https:\/\/blogsaverroes.juntadeandalucia.es\/ies-arcelacis-santaella\/wp-json\/wp\/v2\/pages\/1604"}],"collection":[{"href":"https:\/\/blogsaverroes.juntadeandalucia.es\/ies-arcelacis-santaella\/wp-json\/wp\/v2\/pages"}],"about":[{"href":"https:\/\/blogsaverroes.juntadeandalucia.es\/ies-arcelacis-santaella\/wp-json\/wp\/v2\/types\/page"}],"author":[{"embeddable":true,"href":"https:\/\/blogsaverroes.juntadeandalucia.es\/ies-arcelacis-santaella\/wp-json\/wp\/v2\/users\/21101"}],"replies":[{"embeddable":true,"href":"https:\/\/blogsaverroes.juntadeandalucia.es\/ies-arcelacis-santaella\/wp-json\/wp\/v2\/comments?post=1604"}],"version-history":[{"count":6,"href":"https:\/\/blogsaverroes.juntadeandalucia.es\/ies-arcelacis-santaella\/wp-json\/wp\/v2\/pages\/1604\/revisions"}],"predecessor-version":[{"id":1851,"href":"https:\/\/blogsaverroes.juntadeandalucia.es\/ies-arcelacis-santaella\/wp-json\/wp\/v2\/pages\/1604\/revisions\/1851"}],"wp:attachment":[{"href":"https:\/\/blogsaverroes.juntadeandalucia.es\/ies-arcelacis-santaella\/wp-json\/wp\/v2\/media?parent=1604"}],"curies":[{"name":"wp","href":"https:\/\/api.w.org\/{rel}","templated":true}]}}