{"id":10023,"date":"2023-03-26T17:18:31","date_gmt":"2023-03-26T16:18:31","guid":{"rendered":"https:\/\/blogsaverroes.juntadeandalucia.es\/ies-murillo\/?page_id=10023"},"modified":"2025-12-17T11:02:30","modified_gmt":"2025-12-17T10:02:30","slug":"erasmus-2-2","status":"publish","type":"page","link":"https:\/\/blogsaverroes.juntadeandalucia.es\/ies-murillo\/erasmus-2-2\/","title":{"rendered":"Erasmus+"},"content":{"rendered":"<div style=\"width: 843px;\" class=\"wp-video\"><!--[if lt IE 9]><script>document.createElement('video');<\/script><![endif]-->\n<video class=\"wp-video-shortcode\" id=\"video-10023-1\" width=\"843\" height=\"474\" loop=\"1\" autoplay=\"1\" muted=\"1\" preload=\"metadata\" controls=\"controls\"><source type=\"video\/mp4\" src=\"https:\/\/blogsaverroes.juntadeandalucia.es\/ies-murillo\/files\/2025\/02\/Copia-de-entrada-web-1.mp4?_=1\" \/><a href=\"https:\/\/blogsaverroes.juntadeandalucia.es\/ies-murillo\/files\/2025\/02\/Copia-de-entrada-web-1.mp4\">https:\/\/blogsaverroes.juntadeandalucia.es\/ies-murillo\/files\/2025\/02\/Copia-de-entrada-web-1.mp4<\/a><\/video><\/div>\n<p>El IES Murillo est\u00e1 comprometido con la internacionalizaci\u00f3n de la educaci\u00f3n y la formaci\u00f3n de su alumnado a trav\u00e9s del programa <span style=\"color: #333333\"><a style=\"color: #333333\" href=\"https:\/\/sites.google.com\/g.educaand.es\/erasmusmurillo\/inicio\"><strong>Erasmus+<\/strong><\/a><\/span>, fomentando experiencias de movilidad internacional para estudiantes y profesorado.<\/p>\n<h2><span style=\"color: #333333\"><strong><a style=\"color: #333333\" href=\"https:\/\/sites.google.com\/g.educaand.es\/erasmusmurillo\/inicio\">Oportunidades de Movilidad \ud83c\udf0e<\/a><\/strong><\/span><\/h2>\n<p style=\"text-align: center\"><span style=\"font-size: 36pt\"><strong><a href=\"https:\/\/sites.google.com\/g.educaand.es\/erasmusmurillo\/inicio\">\ud83d\udce2 \u00a1Entra en la web Erasmus para estar informado de todas las convocatorias y oportunidades!<\/a><\/strong><\/span><\/p>\n<h1><strong>Compromiso del IES Murillo con Erasmus+: Carta ECHE 2021-2027<\/strong><\/h1>\n<p>El IES Murillo reafirma su compromiso con la internacionalizaci\u00f3n y la mejora de la calidad educativa a trav\u00e9s del programa Erasmus+. Gracias a la concesi\u00f3n de la <strong>Carta ECHE (Erasmus Charter for Higher Education) 2021-2027<\/strong>, nuestro centro contin\u00faa impulsando la movilidad de estudiantes y profesores, fomentando el aprendizaje de idiomas, el desarrollo profesional y el intercambio cultural con otros pa\u00edses de la Uni\u00f3n Europea.<\/p>\n<p>&nbsp;<\/p>\n<p><a href=\"https:\/\/blogsaverroes.juntadeandalucia.es\/ies-murillo\/files\/2025\/02\/Carta-ECHE-2021-27-redefinitiva.doc.pdf\"><img loading=\"lazy\" decoding=\"async\" class=\"aligncenter wp-image-12036\" src=\"https:\/\/blogsaverroes.juntadeandalucia.es\/ies-murillo\/files\/2025\/02\/LogoCartaEche-1024x602-1.jpeg\" alt=\"\" width=\"306\" height=\"180\" srcset=\"https:\/\/blogsaverroes.juntadeandalucia.es\/ies-murillo\/files\/2025\/02\/LogoCartaEche-1024x602-1.jpeg 1024w, https:\/\/blogsaverroes.juntadeandalucia.es\/ies-murillo\/files\/2025\/02\/LogoCartaEche-1024x602-1-300x176.jpeg 300w, https:\/\/blogsaverroes.juntadeandalucia.es\/ies-murillo\/files\/2025\/02\/LogoCartaEche-1024x602-1-768x452.jpeg 768w\" sizes=\"(max-width: 306px) 100vw, 306px\" \/><\/a><br \/>\n<div class=\"pt-cv-wrapper\"><div class=\"pt-cv-view pt-cv-grid pt-cv-colsys\" id=\"pt-cv-view-fc8dcec38h\"><div data-id=\"pt-cv-page-1\" class=\"pt-cv-page\" data-cvc=\"2\"><div class=\"col-md-6 col-sm-6 col-xs-12 pt-cv-content-item pt-cv-1-col\" ><div class='pt-cv-ifield'><a href=\"https:\/\/blogsaverroes.juntadeandalucia.es\/ies-murillo\/%f0%9f%8c%b1-viveros-de-paz-2024-2025-un-ano-sembrando-convivencia-solidaridad-y-ciudadania-europea-en-el-ies-murillo\/\" class=\"_self pt-cv-href-thumbnail pt-cv-thumb-default\" target=\"_self\" ><img loading=\"lazy\" decoding=\"async\" width=\"300\" height=\"300\" src=\"https:\/\/blogsaverroes.juntadeandalucia.es\/ies-murillo\/files\/2025\/07\/Erasmus-15-300x300.jpg\" class=\"pt-cv-thumbnail\" alt=\"\" srcset=\"https:\/\/blogsaverroes.juntadeandalucia.es\/ies-murillo\/files\/2025\/07\/Erasmus-15-300x300.jpg 300w, https:\/\/blogsaverroes.juntadeandalucia.es\/ies-murillo\/files\/2025\/07\/Erasmus-15-1024x1024.jpg 1024w, https:\/\/blogsaverroes.juntadeandalucia.es\/ies-murillo\/files\/2025\/07\/Erasmus-15-150x150.jpg 150w, https:\/\/blogsaverroes.juntadeandalucia.es\/ies-murillo\/files\/2025\/07\/Erasmus-15-768x768.jpg 768w, https:\/\/blogsaverroes.juntadeandalucia.es\/ies-murillo\/files\/2025\/07\/Erasmus-15.jpg 1080w\" sizes=\"(max-width: 300px) 100vw, 300px\" \/><\/a>\n<h4 class=\"pt-cv-title\"><a href=\"https:\/\/blogsaverroes.juntadeandalucia.es\/ies-murillo\/%f0%9f%8c%b1-viveros-de-paz-2024-2025-un-ano-sembrando-convivencia-solidaridad-y-ciudadania-europea-en-el-ies-murillo\/\" class=\"_self\" target=\"_self\" >\ud83c\udf31 Viveros de Paz 2024-2025: Un a\u00f1o sembrando convivencia, solidaridad y ciudadan\u00eda europea en el IES Murillo<\/a><\/h4>\n<div class=\"pt-cv-content\">Durante el curso 2024-2025, nuestro centro ha desarrollado con gran entusiasmo el programa Erasmus+ Escolar Viveros de Paz, una iniciativa ...<br \/><div class=\"pt-cv-rmwrap\"><a href=\"https:\/\/blogsaverroes.juntadeandalucia.es\/ies-murillo\/%f0%9f%8c%b1-viveros-de-paz-2024-2025-un-ano-sembrando-convivencia-solidaridad-y-ciudadania-europea-en-el-ies-murillo\/\" class=\"_self pt-cv-readmore btn btn-success\" target=\"_self\">Leer M\u00e1s<\/a><\/div><\/div><\/div><\/div>\n<div class=\"col-md-6 col-sm-6 col-xs-12 pt-cv-content-item pt-cv-1-col\" ><div class='pt-cv-ifield'><a href=\"https:\/\/blogsaverroes.juntadeandalucia.es\/ies-murillo\/jornadas-iniciales-ka122-viveros-de-paz\/\" class=\"_self pt-cv-href-thumbnail pt-cv-thumb-default\" target=\"_self\" ><img loading=\"lazy\" decoding=\"async\" width=\"300\" height=\"225\" src=\"https:\/\/blogsaverroes.juntadeandalucia.es\/ies-murillo\/files\/2024\/10\/IMG_20241003_093950-300x225.jpg\" class=\"pt-cv-thumbnail\" alt=\"\" srcset=\"https:\/\/blogsaverroes.juntadeandalucia.es\/ies-murillo\/files\/2024\/10\/IMG_20241003_093950-300x225.jpg 300w, https:\/\/blogsaverroes.juntadeandalucia.es\/ies-murillo\/files\/2024\/10\/IMG_20241003_093950-1024x768.jpg 1024w, https:\/\/blogsaverroes.juntadeandalucia.es\/ies-murillo\/files\/2024\/10\/IMG_20241003_093950-768x576.jpg 768w, https:\/\/blogsaverroes.juntadeandalucia.es\/ies-murillo\/files\/2024\/10\/IMG_20241003_093950-1536x1152.jpg 1536w, https:\/\/blogsaverroes.juntadeandalucia.es\/ies-murillo\/files\/2024\/10\/IMG_20241003_093950-2048x1536.jpg 2048w\" sizes=\"(max-width: 300px) 100vw, 300px\" \/><\/a>\n<h4 class=\"pt-cv-title\"><a href=\"https:\/\/blogsaverroes.juntadeandalucia.es\/ies-murillo\/jornadas-iniciales-ka122-viveros-de-paz\/\" class=\"_self\" target=\"_self\" >Jornadas Iniciales KA122 Viveros de Paz<\/a><\/h4>\n<div class=\"pt-cv-content\">Se celebran el 3 y 4 de octubre de 2024 las jornadas iniciales para las orientaciones y el buen desarrollo ...<br \/><div class=\"pt-cv-rmwrap\"><a href=\"https:\/\/blogsaverroes.juntadeandalucia.es\/ies-murillo\/jornadas-iniciales-ka122-viveros-de-paz\/\" class=\"_self pt-cv-readmore btn btn-success\" target=\"_self\">Leer M\u00e1s<\/a><\/div><\/div><\/div><\/div>\n<div class=\"col-md-6 col-sm-6 col-xs-12 pt-cv-content-item pt-cv-1-col\" ><div class='pt-cv-ifield'><a href=\"https:\/\/blogsaverroes.juntadeandalucia.es\/ies-murillo\/modificacion-plazo-solicitudes-estancias-larga-duracion-erasmus-viveros-de-paz\/\" class=\"_self pt-cv-href-thumbnail pt-cv-thumb-default\" target=\"_self\" ><img loading=\"lazy\" decoding=\"async\" width=\"300\" height=\"300\" src=\"https:\/\/blogsaverroes.juntadeandalucia.es\/ies-murillo\/files\/2024\/09\/Copia-de-Copia-de-Copia-de-Logotipo-con-circulo-trazado-a-mano-1-1-300x300.png\" class=\"pt-cv-thumbnail\" alt=\"\" srcset=\"https:\/\/blogsaverroes.juntadeandalucia.es\/ies-murillo\/files\/2024\/09\/Copia-de-Copia-de-Copia-de-Logotipo-con-circulo-trazado-a-mano-1-1-300x300.png 300w, https:\/\/blogsaverroes.juntadeandalucia.es\/ies-murillo\/files\/2024\/09\/Copia-de-Copia-de-Copia-de-Logotipo-con-circulo-trazado-a-mano-1-1-150x150.png 150w, https:\/\/blogsaverroes.juntadeandalucia.es\/ies-murillo\/files\/2024\/09\/Copia-de-Copia-de-Copia-de-Logotipo-con-circulo-trazado-a-mano-1-1.png 500w\" sizes=\"(max-width: 300px) 100vw, 300px\" \/><\/a>\n<h4 class=\"pt-cv-title\"><a href=\"https:\/\/blogsaverroes.juntadeandalucia.es\/ies-murillo\/modificacion-plazo-solicitudes-estancias-larga-duracion-erasmus-viveros-de-paz\/\" class=\"_self\" target=\"_self\" >MODIFICACION PLAZO SOLICITUDES ESTANCIAS LARGA DURACI\u00d3N ERASMUS + VIVEROS DE PAZ<\/a><\/h4>\n<div class=\"pt-cv-content\">Ante las dificultades encontradas, primero por acceso al formulario y despu\u00e9s por errores en el mismo, se AMPLIA EL PLAZO ...<br \/><div class=\"pt-cv-rmwrap\"><a href=\"https:\/\/blogsaverroes.juntadeandalucia.es\/ies-murillo\/modificacion-plazo-solicitudes-estancias-larga-duracion-erasmus-viveros-de-paz\/\" class=\"_self pt-cv-readmore btn btn-success\" target=\"_self\">Leer M\u00e1s<\/a><\/div><\/div><\/div><\/div>\n<div class=\"col-md-6 col-sm-6 col-xs-12 pt-cv-content-item pt-cv-1-col\" ><div class='pt-cv-ifield'><a href=\"https:\/\/blogsaverroes.juntadeandalucia.es\/ies-murillo\/convocatoria-erasmus-larga-estancia-1o-de-bachillerato\/\" class=\"_self pt-cv-href-thumbnail pt-cv-thumb-default\" target=\"_self\" ><img loading=\"lazy\" decoding=\"async\" width=\"300\" height=\"300\" src=\"https:\/\/blogsaverroes.juntadeandalucia.es\/ies-murillo\/files\/2024\/09\/Copia-de-Copia-de-Copia-de-Logotipo-con-circulo-trazado-a-mano-2-300x300.png\" class=\"pt-cv-thumbnail\" alt=\"\" srcset=\"https:\/\/blogsaverroes.juntadeandalucia.es\/ies-murillo\/files\/2024\/09\/Copia-de-Copia-de-Copia-de-Logotipo-con-circulo-trazado-a-mano-2-300x300.png 300w, https:\/\/blogsaverroes.juntadeandalucia.es\/ies-murillo\/files\/2024\/09\/Copia-de-Copia-de-Copia-de-Logotipo-con-circulo-trazado-a-mano-2-150x150.png 150w, https:\/\/blogsaverroes.juntadeandalucia.es\/ies-murillo\/files\/2024\/09\/Copia-de-Copia-de-Copia-de-Logotipo-con-circulo-trazado-a-mano-2.png 500w\" sizes=\"(max-width: 300px) 100vw, 300px\" \/><\/a>\n<h4 class=\"pt-cv-title\"><a href=\"https:\/\/blogsaverroes.juntadeandalucia.es\/ies-murillo\/convocatoria-erasmus-larga-estancia-1o-de-bachillerato\/\" class=\"_self\" target=\"_self\" >Convocatoria Erasmus+ Larga Estancia 1\u00ba de Bachillerato<\/a><\/h4>\n<div class=\"pt-cv-content\">Se convocan dos plazas de estancias en Alemania y B\u00e9lgica para el alumnado de 1\u00ba de bachillerato de R\u00e9gimen General ...<br \/><div class=\"pt-cv-rmwrap\"><a href=\"https:\/\/blogsaverroes.juntadeandalucia.es\/ies-murillo\/convocatoria-erasmus-larga-estancia-1o-de-bachillerato\/\" class=\"_self pt-cv-readmore btn btn-success\" target=\"_self\">Leer M\u00e1s<\/a><\/div><\/div><\/div><\/div>\n<div class=\"col-md-6 col-sm-6 col-xs-12 pt-cv-content-item pt-cv-1-col\" ><div class='pt-cv-ifield'><a href=\"https:\/\/blogsaverroes.juntadeandalucia.es\/ies-murillo\/lip-dub-la-tierra-tiene-fiebre\/\" class=\"_self pt-cv-href-thumbnail pt-cv-thumb-default\" target=\"_self\" ><img loading=\"lazy\" decoding=\"async\" width=\"300\" height=\"175\" src=\"https:\/\/blogsaverroes.juntadeandalucia.es\/ies-murillo\/files\/2024\/06\/Screenshot_2024-06-19-20-21-23-139-edit_com.google.android.apps_.docs_-300x175.jpg\" class=\"pt-cv-thumbnail\" alt=\"\" srcset=\"https:\/\/blogsaverroes.juntadeandalucia.es\/ies-murillo\/files\/2024\/06\/Screenshot_2024-06-19-20-21-23-139-edit_com.google.android.apps_.docs_-300x175.jpg 300w, https:\/\/blogsaverroes.juntadeandalucia.es\/ies-murillo\/files\/2024\/06\/Screenshot_2024-06-19-20-21-23-139-edit_com.google.android.apps_.docs_-1024x598.jpg 1024w, https:\/\/blogsaverroes.juntadeandalucia.es\/ies-murillo\/files\/2024\/06\/Screenshot_2024-06-19-20-21-23-139-edit_com.google.android.apps_.docs_-768x449.jpg 768w, https:\/\/blogsaverroes.juntadeandalucia.es\/ies-murillo\/files\/2024\/06\/Screenshot_2024-06-19-20-21-23-139-edit_com.google.android.apps_.docs_.jpg 1080w\" sizes=\"(max-width: 300px) 100vw, 300px\" \/><\/a>\n<h4 class=\"pt-cv-title\"><a href=\"https:\/\/blogsaverroes.juntadeandalucia.es\/ies-murillo\/lip-dub-la-tierra-tiene-fiebre\/\" class=\"_self\" target=\"_self\" >LIP-DUB: \u00abLa Tierra tiene Fiebre\u00bb<\/a><\/h4>\n<div class=\"pt-cv-content\">3\u00baESO-Diver for Sustainable Development Goals Con esta actividad, el alumnado de 3\u00baESO-Diver pretende lanzar un mensaje de concienciaci\u00f3n sobre la ...<br \/><div class=\"pt-cv-rmwrap\"><a href=\"https:\/\/blogsaverroes.juntadeandalucia.es\/ies-murillo\/lip-dub-la-tierra-tiene-fiebre\/\" class=\"_self pt-cv-readmore btn btn-success\" target=\"_self\">Leer M\u00e1s<\/a><\/div><\/div><\/div><\/div>\n<div class=\"col-md-6 col-sm-6 col-xs-12 pt-cv-content-item pt-cv-1-col\" ><div class='pt-cv-ifield'><a href=\"https:\/\/blogsaverroes.juntadeandalucia.es\/ies-murillo\/dia-mundial-del-medio-ambiente\/\" class=\"_self pt-cv-href-thumbnail pt-cv-thumb-default\" target=\"_self\" ><img loading=\"lazy\" decoding=\"async\" width=\"300\" height=\"169\" src=\"https:\/\/blogsaverroes.juntadeandalucia.es\/ies-murillo\/files\/2024\/06\/Captura-desde-2024-06-12-08-25-58-300x169.png\" class=\"pt-cv-thumbnail\" alt=\"\" srcset=\"https:\/\/blogsaverroes.juntadeandalucia.es\/ies-murillo\/files\/2024\/06\/Captura-desde-2024-06-12-08-25-58-300x169.png 300w, https:\/\/blogsaverroes.juntadeandalucia.es\/ies-murillo\/files\/2024\/06\/Captura-desde-2024-06-12-08-25-58.png 360w\" sizes=\"(max-width: 300px) 100vw, 300px\" \/><\/a>\n<h4 class=\"pt-cv-title\"><a href=\"https:\/\/blogsaverroes.juntadeandalucia.es\/ies-murillo\/dia-mundial-del-medio-ambiente\/\" class=\"_self\" target=\"_self\" >D\u00eda Mundial del Medio Ambiente<\/a><\/h4>\n<div class=\"pt-cv-content\">El 5 de Junio, con motivo del D\u00eda Mundial del Medio Ambiente, el alumnado de 3\u00ba ESO-Diver ha representado la ...<br \/><div class=\"pt-cv-rmwrap\"><a href=\"https:\/\/blogsaverroes.juntadeandalucia.es\/ies-murillo\/dia-mundial-del-medio-ambiente\/\" class=\"_self pt-cv-readmore btn btn-success\" target=\"_self\">Leer M\u00e1s<\/a><\/div><\/div><\/div><\/div>\n<div class=\"col-md-6 col-sm-6 col-xs-12 pt-cv-content-item pt-cv-1-col\" ><div class='pt-cv-ifield'><a href=\"https:\/\/blogsaverroes.juntadeandalucia.es\/ies-murillo\/movilidades-erasmus-alumnado\/\" class=\"_self pt-cv-href-thumbnail pt-cv-thumb-default\" target=\"_self\" ><img loading=\"lazy\" decoding=\"async\" width=\"225\" height=\"300\" src=\"https:\/\/blogsaverroes.juntadeandalucia.es\/ies-murillo\/files\/2024\/06\/IMG-20240501-WA0018-225x300.jpg\" class=\"pt-cv-thumbnail\" alt=\"\" srcset=\"https:\/\/blogsaverroes.juntadeandalucia.es\/ies-murillo\/files\/2024\/06\/IMG-20240501-WA0018-225x300.jpg 225w, https:\/\/blogsaverroes.juntadeandalucia.es\/ies-murillo\/files\/2024\/06\/IMG-20240501-WA0018-768x1024.jpg 768w, https:\/\/blogsaverroes.juntadeandalucia.es\/ies-murillo\/files\/2024\/06\/IMG-20240501-WA0018-1152x1536.jpg 1152w, https:\/\/blogsaverroes.juntadeandalucia.es\/ies-murillo\/files\/2024\/06\/IMG-20240501-WA0018.jpg 1500w\" sizes=\"(max-width: 225px) 100vw, 225px\" \/><\/a>\n<h4 class=\"pt-cv-title\"><a href=\"https:\/\/blogsaverroes.juntadeandalucia.es\/ies-murillo\/movilidades-erasmus-alumnado\/\" class=\"_self\" target=\"_self\" >MOVILIDADES ERASMUS ALUMNADO<\/a><\/h4>\n<div class=\"pt-cv-content\">Un curso m\u00e1s se han desarrollado dentro del \u00e1rea de formaci\u00f3n profesional de nuestro centro las movilidades Erasmus. Los alumnos ...<br \/><div class=\"pt-cv-rmwrap\"><a href=\"https:\/\/blogsaverroes.juntadeandalucia.es\/ies-murillo\/movilidades-erasmus-alumnado\/\" class=\"_self pt-cv-readmore btn btn-success\" target=\"_self\">Leer M\u00e1s<\/a><\/div><\/div><\/div><\/div>\n<div class=\"col-md-6 col-sm-6 col-xs-12 pt-cv-content-item pt-cv-1-col\" ><div class='pt-cv-ifield'><a href=\"https:\/\/blogsaverroes.juntadeandalucia.es\/ies-murillo\/movilidades-erasmus-profesorado\/\" class=\"_self pt-cv-href-thumbnail pt-cv-thumb-default\" target=\"_self\" ><img loading=\"lazy\" decoding=\"async\" width=\"300\" height=\"225\" src=\"https:\/\/blogsaverroes.juntadeandalucia.es\/ies-murillo\/files\/2024\/06\/IMG-20240521-WA0021-300x225.jpg\" class=\"pt-cv-thumbnail\" alt=\"\" srcset=\"https:\/\/blogsaverroes.juntadeandalucia.es\/ies-murillo\/files\/2024\/06\/IMG-20240521-WA0021-300x225.jpg 300w, https:\/\/blogsaverroes.juntadeandalucia.es\/ies-murillo\/files\/2024\/06\/IMG-20240521-WA0021-1024x768.jpg 1024w, https:\/\/blogsaverroes.juntadeandalucia.es\/ies-murillo\/files\/2024\/06\/IMG-20240521-WA0021-768x576.jpg 768w, https:\/\/blogsaverroes.juntadeandalucia.es\/ies-murillo\/files\/2024\/06\/IMG-20240521-WA0021-1536x1152.jpg 1536w, https:\/\/blogsaverroes.juntadeandalucia.es\/ies-murillo\/files\/2024\/06\/IMG-20240521-WA0021.jpg 2048w\" sizes=\"(max-width: 300px) 100vw, 300px\" \/><\/a>\n<h4 class=\"pt-cv-title\"><a href=\"https:\/\/blogsaverroes.juntadeandalucia.es\/ies-murillo\/movilidades-erasmus-profesorado\/\" class=\"_self\" target=\"_self\" >MOVILIDADES ERASMUS PROFESORADO<\/a><\/h4>\n<div class=\"pt-cv-content\">El profesorado de Formaci\u00f3n Profesional ha concluido una enriquecedora experiencia a trav\u00e9s de las movilidades Erasmus en el instituto Val ...<br \/><div class=\"pt-cv-rmwrap\"><a href=\"https:\/\/blogsaverroes.juntadeandalucia.es\/ies-murillo\/movilidades-erasmus-profesorado\/\" class=\"_self pt-cv-readmore btn btn-success\" target=\"_self\">Leer M\u00e1s<\/a><\/div><\/div><\/div><\/div>\n<div class=\"col-md-6 col-sm-6 col-xs-12 pt-cv-content-item pt-cv-1-col\" ><div class='pt-cv-ifield'><a href=\"https:\/\/blogsaverroes.juntadeandalucia.es\/ies-murillo\/celebracion-de-la-biblioteca-humana-con-personas-migrantes-y-refugiadas\/\" class=\"_self pt-cv-href-thumbnail pt-cv-thumb-default\" target=\"_self\" ><img loading=\"lazy\" decoding=\"async\" width=\"225\" height=\"300\" src=\"https:\/\/blogsaverroes.juntadeandalucia.es\/ies-murillo\/files\/2024\/05\/Grupo-y-CEAR-225x300.jpg\" class=\"pt-cv-thumbnail\" alt=\"\" srcset=\"https:\/\/blogsaverroes.juntadeandalucia.es\/ies-murillo\/files\/2024\/05\/Grupo-y-CEAR-225x300.jpg 225w, https:\/\/blogsaverroes.juntadeandalucia.es\/ies-murillo\/files\/2024\/05\/Grupo-y-CEAR-768x1024.jpg 768w, https:\/\/blogsaverroes.juntadeandalucia.es\/ies-murillo\/files\/2024\/05\/Grupo-y-CEAR.jpg 1086w\" sizes=\"(max-width: 225px) 100vw, 225px\" \/><\/a>\n<h4 class=\"pt-cv-title\"><a href=\"https:\/\/blogsaverroes.juntadeandalucia.es\/ies-murillo\/celebracion-de-la-biblioteca-humana-con-personas-migrantes-y-refugiadas\/\" class=\"_self\" target=\"_self\" >Celebraci\u00f3n de la biblioteca humana con personas migrantes y refugiadas<\/a><\/h4>\n<div class=\"pt-cv-content\">El pasado mi\u00e9rcoles 29 de mayo de 2024 hemos tenido la oportunidad de conocer la historia de cuatro personas que ...<br \/><div class=\"pt-cv-rmwrap\"><a href=\"https:\/\/blogsaverroes.juntadeandalucia.es\/ies-murillo\/celebracion-de-la-biblioteca-humana-con-personas-migrantes-y-refugiadas\/\" class=\"_self pt-cv-readmore btn btn-success\" target=\"_self\">Leer M\u00e1s<\/a><\/div><\/div><\/div><\/div>\n<div class=\"col-md-6 col-sm-6 col-xs-12 pt-cv-content-item pt-cv-1-col\" ><div class='pt-cv-ifield'><a href=\"https:\/\/blogsaverroes.juntadeandalucia.es\/ies-murillo\/erasmus-jardiners-de-paz-en-el-cafe-viajero-de-la-sepie\/\" class=\"_self pt-cv-href-thumbnail pt-cv-thumb-default\" target=\"_self\" ><img loading=\"lazy\" decoding=\"async\" width=\"249\" height=\"300\" src=\"https:\/\/blogsaverroes.juntadeandalucia.es\/ies-murillo\/files\/2024\/04\/Logo-jardiner@s-Paz-249x300.jpg\" class=\"pt-cv-thumbnail\" alt=\"\" srcset=\"https:\/\/blogsaverroes.juntadeandalucia.es\/ies-murillo\/files\/2024\/04\/Logo-jardiner@s-Paz-249x300.jpg 249w, https:\/\/blogsaverroes.juntadeandalucia.es\/ies-murillo\/files\/2024\/04\/Logo-jardiner@s-Paz.jpg 698w\" sizes=\"(max-width: 249px) 100vw, 249px\" \/><\/a>\n<h4 class=\"pt-cv-title\"><a href=\"https:\/\/blogsaverroes.juntadeandalucia.es\/ies-murillo\/erasmus-jardiners-de-paz-en-el-cafe-viajero-de-la-sepie\/\" class=\"_self\" target=\"_self\" >Erasmus+ \u00abJardiner@s de Paz\u00bb en el Caf\u00e9 viajero de la SEPIE<\/a><\/h4>\n<div class=\"pt-cv-content\">Hemos compartido nuestra experiencia del Erasmus+ Jardineros y jardineras de Paz en el programa \"Caf\u00e9 Viajero\" del \u00e1rea de comunicaci\u00f3n ...<br \/><div class=\"pt-cv-rmwrap\"><a href=\"https:\/\/blogsaverroes.juntadeandalucia.es\/ies-murillo\/erasmus-jardiners-de-paz-en-el-cafe-viajero-de-la-sepie\/\" class=\"_self pt-cv-readmore btn btn-success\" target=\"_self\">Leer M\u00e1s<\/a><\/div><\/div><\/div><\/div><\/div><\/div><\/div><\/p>\n","protected":false},"excerpt":{"rendered":"<p>El IES Murillo est\u00e1 comprometido con la internacionalizaci\u00f3n de la educaci\u00f3n y la formaci\u00f3n de su alumnado a trav\u00e9s del programa Erasmus+, fomentando experiencias de&hellip;<\/p>\n","protected":false},"author":17290,"featured_media":0,"parent":0,"menu_order":0,"comment_status":"closed","ping_status":"closed","template":"","meta":{"ngg_post_thumbnail":0,"footnotes":""},"aioseo_notices":[],"_links":{"self":[{"href":"https:\/\/blogsaverroes.juntadeandalucia.es\/ies-murillo\/wp-json\/wp\/v2\/pages\/10023"}],"collection":[{"href":"https:\/\/blogsaverroes.juntadeandalucia.es\/ies-murillo\/wp-json\/wp\/v2\/pages"}],"about":[{"href":"https:\/\/blogsaverroes.juntadeandalucia.es\/ies-murillo\/wp-json\/wp\/v2\/types\/page"}],"author":[{"embeddable":true,"href":"https:\/\/blogsaverroes.juntadeandalucia.es\/ies-murillo\/wp-json\/wp\/v2\/users\/17290"}],"replies":[{"embeddable":true,"href":"https:\/\/blogsaverroes.juntadeandalucia.es\/ies-murillo\/wp-json\/wp\/v2\/comments?post=10023"}],"version-history":[{"count":15,"href":"https:\/\/blogsaverroes.juntadeandalucia.es\/ies-murillo\/wp-json\/wp\/v2\/pages\/10023\/revisions"}],"predecessor-version":[{"id":12300,"href":"https:\/\/blogsaverroes.juntadeandalucia.es\/ies-murillo\/wp-json\/wp\/v2\/pages\/10023\/revisions\/12300"}],"wp:attachment":[{"href":"https:\/\/blogsaverroes.juntadeandalucia.es\/ies-murillo\/wp-json\/wp\/v2\/media?parent=10023"}],"curies":[{"name":"wp","href":"https:\/\/api.w.org\/{rel}","templated":true}]}}