{"id":2419,"date":"2018-03-02T07:16:12","date_gmt":"2018-03-02T07:16:12","guid":{"rendered":"https:\/\/iesmurillo.com\/?page_id=2419"},"modified":"2024-03-04T14:41:33","modified_gmt":"2024-03-04T13:41:33","slug":"profundiza","status":"publish","type":"page","link":"https:\/\/blogsaverroes.juntadeandalucia.es\/ies-murillo\/profundiza\/","title":{"rendered":"Profundiza\/Investiga y Descubre en el IES Murillo"},"content":{"rendered":"<p><img loading=\"lazy\" decoding=\"async\" class=\"aligncenter wp-image-11343\" src=\"https:\/\/blogsaverroes.juntadeandalucia.es\/ies-murillo\/files\/2024\/03\/investiga-y-descubre-ies-murillo.png\" alt=\"\" width=\"693\" height=\"390\" srcset=\"https:\/\/blogsaverroes.juntadeandalucia.es\/ies-murillo\/files\/2024\/03\/investiga-y-descubre-ies-murillo.png 1920w, https:\/\/blogsaverroes.juntadeandalucia.es\/ies-murillo\/files\/2024\/03\/investiga-y-descubre-ies-murillo-300x169.png 300w, https:\/\/blogsaverroes.juntadeandalucia.es\/ies-murillo\/files\/2024\/03\/investiga-y-descubre-ies-murillo-1024x576.png 1024w, https:\/\/blogsaverroes.juntadeandalucia.es\/ies-murillo\/files\/2024\/03\/investiga-y-descubre-ies-murillo-768x432.png 768w, https:\/\/blogsaverroes.juntadeandalucia.es\/ies-murillo\/files\/2024\/03\/investiga-y-descubre-ies-murillo-1536x864.png 1536w\" sizes=\"(max-width: 693px) 100vw, 693px\" \/><\/p>\n<p><span style=\"font-family: 'trebuchet ms', geneva, sans-serif;font-size: 14pt\">Desde el curso 17\/18 el dpto. de Tecnolog\u00eda e Inform\u00e1tica del IES Murillo, pide el programa \u00abProfundiza\u00bb, desde este curso se llama \u00abInvestiga y descubre\u00bb, como complemento para el alumnado m\u00e1s interesado en temas actuales como la rob\u00f3tica, la programaci\u00f3n, el dise\u00f1o 3d, la impresi\u00f3n 3d, el internet de las cosas IoT, la inteligencia artificial&#8230;<\/span><\/p>\n<h3 style=\"padding-left: 120px\"><span style=\"font-family: 'trebuchet ms', geneva, sans-serif;font-size: 14pt\"><strong><a href=\"https:\/\/sites.google.com\/iesmurillo.es\/jantonioperezweb\/sesiones\">Profundiza Curso 17\/18<\/a><\/strong><\/span><\/h3>\n<h3 style=\"padding-left: 120px\"><span style=\"font-family: 'trebuchet ms', geneva, sans-serif;font-size: 14pt\"><strong><a href=\"https:\/\/sites.google.com\/iesmurillo.es\/profundiza1819\/profundiza-1819-ies-murillo\">Profundiza Curso 18\/19<\/a><\/strong><\/span><\/h3>\n<h3 style=\"padding-left: 120px\"><span style=\"font-family: 'trebuchet ms', geneva, sans-serif;font-size: 14pt\"><strong>Profundiza Curso 20\/21<\/strong><\/span><\/h3>\n<ul>\n<li style=\"list-style-type: none\">\n<ul>\n<li style=\"list-style-type: none\">\n<ul>\n<li style=\"list-style-type: none\">\n<ul>\n<li><span style=\"font-family: 'trebuchet ms', geneva, sans-serif;font-size: 14pt\"><a href=\"https:\/\/sites.google.com\/g.educaand.es\/profundiza20-21\/inicio\">Proyecto 1: Programaci\u00f3n y Rob\u00f3tica<\/a><\/span><\/li>\n<li><span style=\"font-family: 'trebuchet ms', geneva, sans-serif;font-size: 14pt\"><a href=\"https:\/\/sites.google.com\/g.educaand.es\/profundiza2021-2\/inicio\">Proyecto 2: Desarrollo de apps para m\u00f3viles<\/a><\/span><\/li>\n<\/ul>\n<\/li>\n<\/ul>\n<\/li>\n<\/ul>\n<\/li>\n<\/ul>\n<h3 style=\"padding-left: 120px\"><span style=\"font-family: 'trebuchet ms', geneva, sans-serif;font-size: 14pt\"><strong><a href=\"https:\/\/sites.google.com\/g.educaand.es\/profundiza22-23-iesmurillo\/profundiza-22-23-ies-murillo\">Profundiza Curso 22\/23<\/a><\/strong><\/span><\/h3>\n<h3 style=\"padding-left: 120px\"><span style=\"font-family: 'trebuchet ms', geneva, sans-serif;font-size: 14pt\"><strong>Investiga y Descubre 23\/24&nbsp;<\/strong><\/span><\/h3>\n<ul>\n<li style=\"list-style-type: none\">\n<ul>\n<li style=\"list-style-type: none\">\n<ul>\n<li style=\"list-style-type: none\">\n<ul>\n<li><span style=\"font-family: 'trebuchet ms', geneva, sans-serif;font-size: 14pt\"><a href=\"https:\/\/sites.google.com\/g.educaand.es\/investigaydescubre1-23-24\/investiga-y-descubre-23-24\">Proyecto 1: Programaci\u00f3n y pensamiento computacional en el aula<\/a><\/span><\/li>\n<\/ul>\n<\/li>\n<\/ul>\n<\/li>\n<\/ul>\n<\/li>\n<\/ul>\n<p>&nbsp;<\/p>\n","protected":false},"excerpt":{"rendered":"<p>Desde el curso 17\/18 el dpto. de Tecnolog\u00eda e Inform\u00e1tica del IES Murillo, pide el programa \u00abProfundiza\u00bb, desde este curso se llama \u00abInvestiga y descubre\u00bb,&hellip;<\/p>\n","protected":false},"author":17290,"featured_media":7776,"parent":0,"menu_order":0,"comment_status":"closed","ping_status":"closed","template":"","meta":{"ngg_post_thumbnail":0,"footnotes":""},"aioseo_notices":[],"_links":{"self":[{"href":"https:\/\/blogsaverroes.juntadeandalucia.es\/ies-murillo\/wp-json\/wp\/v2\/pages\/2419"}],"collection":[{"href":"https:\/\/blogsaverroes.juntadeandalucia.es\/ies-murillo\/wp-json\/wp\/v2\/pages"}],"about":[{"href":"https:\/\/blogsaverroes.juntadeandalucia.es\/ies-murillo\/wp-json\/wp\/v2\/types\/page"}],"author":[{"embeddable":true,"href":"https:\/\/blogsaverroes.juntadeandalucia.es\/ies-murillo\/wp-json\/wp\/v2\/users\/17290"}],"replies":[{"embeddable":true,"href":"https:\/\/blogsaverroes.juntadeandalucia.es\/ies-murillo\/wp-json\/wp\/v2\/comments?post=2419"}],"version-history":[{"count":9,"href":"https:\/\/blogsaverroes.juntadeandalucia.es\/ies-murillo\/wp-json\/wp\/v2\/pages\/2419\/revisions"}],"predecessor-version":[{"id":11345,"href":"https:\/\/blogsaverroes.juntadeandalucia.es\/ies-murillo\/wp-json\/wp\/v2\/pages\/2419\/revisions\/11345"}],"wp:featuredmedia":[{"embeddable":true,"href":"https:\/\/blogsaverroes.juntadeandalucia.es\/ies-murillo\/wp-json\/wp\/v2\/media\/7776"}],"wp:attachment":[{"href":"https:\/\/blogsaverroes.juntadeandalucia.es\/ies-murillo\/wp-json\/wp\/v2\/media?parent=2419"}],"curies":[{"name":"wp","href":"https:\/\/api.w.org\/{rel}","templated":true}]}}