{"id":319,"date":"2017-03-30T07:24:36","date_gmt":"2017-03-30T07:24:36","guid":{"rendered":"https:\/\/iesmurillo.com\/?page_id=319"},"modified":"2023-03-26T17:57:07","modified_gmt":"2023-03-26T16:57:07","slug":"el-deporte-en-la-escuela","status":"publish","type":"page","link":"https:\/\/blogsaverroes.juntadeandalucia.es\/ies-murillo\/el-deporte-en-la-escuela\/","title":{"rendered":"El Deporte en la Escuela"},"content":{"rendered":"<p><img loading=\"lazy\" decoding=\"async\" class=\"aligncenter size-full wp-image-502\" src=\"https:\/\/blogsaverroes.juntadeandalucia.es\/ies-murillo\/files\/2017\/03\/banner-deporte.jpg\" alt=\"\" width=\"1000\" height=\"256\" srcset=\"https:\/\/blogsaverroes.juntadeandalucia.es\/ies-murillo\/files\/2017\/03\/banner-deporte.jpg 1000w, https:\/\/blogsaverroes.juntadeandalucia.es\/ies-murillo\/files\/2017\/03\/banner-deporte-300x77.jpg 300w, https:\/\/blogsaverroes.juntadeandalucia.es\/ies-murillo\/files\/2017\/03\/banner-deporte-768x197.jpg 768w, https:\/\/blogsaverroes.juntadeandalucia.es\/ies-murillo\/files\/2017\/03\/banner-deporte-980x251.jpg 980w, https:\/\/blogsaverroes.juntadeandalucia.es\/ies-murillo\/files\/2017\/03\/banner-deporte-480x123.jpg 480w\" sizes=\"(max-width: 1000px) 100vw, 1000px\" \/><\/p>\n<p>Programa de la Consejer\u00eda de Educaci\u00f3n dirigido a los alumnos de E.S.O. para fomentar la pr\u00e1ctica deportiva (vida sana), resaltando la participaci\u00f3n, el compa\u00f1erismo y el juego limpio.<\/p>\n<p>&nbsp;<\/p>\n","protected":false},"excerpt":{"rendered":"<p>Programa de la Consejer\u00eda de Educaci\u00f3n dirigido a los alumnos de E.S.O. para fomentar la pr\u00e1ctica deportiva (vida sana), resaltando la participaci\u00f3n, el compa\u00f1erismo y&hellip;<\/p>\n","protected":false},"author":17290,"featured_media":0,"parent":0,"menu_order":0,"comment_status":"closed","ping_status":"closed","template":"","meta":{"ngg_post_thumbnail":0,"footnotes":""},"aioseo_notices":[],"_links":{"self":[{"href":"https:\/\/blogsaverroes.juntadeandalucia.es\/ies-murillo\/wp-json\/wp\/v2\/pages\/319"}],"collection":[{"href":"https:\/\/blogsaverroes.juntadeandalucia.es\/ies-murillo\/wp-json\/wp\/v2\/pages"}],"about":[{"href":"https:\/\/blogsaverroes.juntadeandalucia.es\/ies-murillo\/wp-json\/wp\/v2\/types\/page"}],"author":[{"embeddable":true,"href":"https:\/\/blogsaverroes.juntadeandalucia.es\/ies-murillo\/wp-json\/wp\/v2\/users\/17290"}],"replies":[{"embeddable":true,"href":"https:\/\/blogsaverroes.juntadeandalucia.es\/ies-murillo\/wp-json\/wp\/v2\/comments?post=319"}],"version-history":[{"count":1,"href":"https:\/\/blogsaverroes.juntadeandalucia.es\/ies-murillo\/wp-json\/wp\/v2\/pages\/319\/revisions"}],"predecessor-version":[{"id":9444,"href":"https:\/\/blogsaverroes.juntadeandalucia.es\/ies-murillo\/wp-json\/wp\/v2\/pages\/319\/revisions\/9444"}],"wp:attachment":[{"href":"https:\/\/blogsaverroes.juntadeandalucia.es\/ies-murillo\/wp-json\/wp\/v2\/media?parent=319"}],"curies":[{"name":"wp","href":"https:\/\/api.w.org\/{rel}","templated":true}]}}