{"id":3434,"date":"2018-09-11T06:49:22","date_gmt":"2018-09-11T06:49:22","guid":{"rendered":"https:\/\/iesmurillo.com\/?page_id=3434"},"modified":"2024-09-19T12:37:45","modified_gmt":"2024-09-19T11:37:45","slug":"ampa","status":"publish","type":"page","link":"https:\/\/blogsaverroes.juntadeandalucia.es\/ies-murillo\/el-centro\/ampa\/","title":{"rendered":"AMPA"},"content":{"rendered":"<p>&nbsp;<\/p>\n<p style=\"text-align: center\"><strong><img loading=\"lazy\" decoding=\"async\" class=\"aligncenter wp-image-3377 size-medium\" src=\"https:\/\/blogsaverroes.juntadeandalucia.es\/ies-murillo\/files\/2018\/09\/Logo-SomosMurillo-300x66.jpg\" alt=\"IES Murillo\" width=\"300\" height=\"66\" srcset=\"https:\/\/blogsaverroes.juntadeandalucia.es\/ies-murillo\/files\/2018\/09\/Logo-SomosMurillo-300x66.jpg 300w, https:\/\/blogsaverroes.juntadeandalucia.es\/ies-murillo\/files\/2018\/09\/Logo-SomosMurillo-480x105.jpg 480w, https:\/\/blogsaverroes.juntadeandalucia.es\/ies-murillo\/files\/2018\/09\/Logo-SomosMurillo.jpg 700w\" sizes=\"(max-width: 300px) 100vw, 300px\" \/><span style=\"font-family: verdana, geneva, sans-serif\">ASOCIACI\u00d3N DE MADRES Y PADRES DE ALUMNOS BARTOLOM\u00c9 ESTEBAN MURILLO<\/span><\/strong><\/p>\n<p style=\"text-align: justify\"><span style=\"font-family: verdana, geneva, sans-serif\">Se puede entregar esta hoja de afiliaci\u00f3n en el sobre de matr\u00edcula, en el buz\u00f3n del AMPA que se encuentra en el hall de entrada (enfrente de conserjer\u00eda) o a trav\u00e9s del correo electr\u00f3nico <a href=\"mailto:ampaiesmurillo@gmail.com\">ampaiesmurillo@gmail.com<\/a>. En el caso de ingreso o transferencia, para facilitar la identificaci\u00f3n de los pagos, por favor, poned los apellidos del alumno\/a en el concepto.<\/span><\/p>\n<p>&nbsp;<\/p>\n<p style=\"text-align: center\"><span style=\"font-family: verdana, geneva, sans-serif\"><a href=\"https:\/\/drive.google.com\/file\/d\/1lHBlnDCd90sUhkBII18bitTSzDQeNvK6\/view?usp=drive_link\"><strong>DESCARGAR HOJA DE AFILIACI\u00d3N<\/strong><\/a><\/span><\/p>\n<p>&nbsp;<\/p>\n<p><a href=\"https:\/\/es-es.facebook.com\/pages\/category\/Local-Business\/Ampa-Ies-Murillo-1605237353021458\/\" target=\"_blank\" rel=\"noopener noreferrer\"><img loading=\"lazy\" decoding=\"async\" class=\"aligncenter wp-image-3442 \" src=\"https:\/\/blogsaverroes.juntadeandalucia.es\/ies-murillo\/files\/2018\/09\/Ampa-Facebook.png\" alt=\"\" width=\"324\" height=\"64\" srcset=\"https:\/\/blogsaverroes.juntadeandalucia.es\/ies-murillo\/files\/2018\/09\/Ampa-Facebook.png 506w, https:\/\/blogsaverroes.juntadeandalucia.es\/ies-murillo\/files\/2018\/09\/Ampa-Facebook-300x59.png 300w, https:\/\/blogsaverroes.juntadeandalucia.es\/ies-murillo\/files\/2018\/09\/Ampa-Facebook-480x95.png 480w\" sizes=\"(max-width: 324px) 100vw, 324px\" \/><\/a><\/p>\n<hr>\n<h4><strong>NOTICIAS:<\/strong><\/h4>\n<h4>&nbsp;<br \/>\n<div class=\"pt-cv-wrapper\"><div class=\"pt-cv-view pt-cv-grid pt-cv-colsys\" id=\"pt-cv-view-c6456f2buw\"><div data-id=\"pt-cv-page-1\" class=\"pt-cv-page\" data-cvc=\"2\"><div class=\"col-md-6 col-sm-6 col-xs-12 pt-cv-content-item pt-cv-1-col\" ><div class='pt-cv-ifield'><a href=\"https:\/\/blogsaverroes.juntadeandalucia.es\/ies-murillo\/pruebas-para-la-obtencion-del-titulo-de-bachiller-para-personas-mayores-de-veinte-anos-de-2026\/\" class=\"_self pt-cv-href-thumbnail pt-cv-thumb-default\" target=\"_self\" ><img loading=\"lazy\" decoding=\"async\" width=\"300\" height=\"200\" src=\"https:\/\/blogsaverroes.juntadeandalucia.es\/ies-murillo\/files\/2026\/02\/Cabecera-300x200.png\" class=\"pt-cv-thumbnail\" alt=\"\" srcset=\"https:\/\/blogsaverroes.juntadeandalucia.es\/ies-murillo\/files\/2026\/02\/Cabecera-300x200.png 300w, https:\/\/blogsaverroes.juntadeandalucia.es\/ies-murillo\/files\/2026\/02\/Cabecera-1024x683.png 1024w, https:\/\/blogsaverroes.juntadeandalucia.es\/ies-murillo\/files\/2026\/02\/Cabecera-768x512.png 768w, https:\/\/blogsaverroes.juntadeandalucia.es\/ies-murillo\/files\/2026\/02\/Cabecera.png 1536w\" sizes=\"(max-width: 300px) 100vw, 300px\" \/><\/a>\n<h4 class=\"pt-cv-title\"><a href=\"https:\/\/blogsaverroes.juntadeandalucia.es\/ies-murillo\/pruebas-para-la-obtencion-del-titulo-de-bachiller-para-personas-mayores-de-veinte-anos-de-2026\/\" class=\"_self\" target=\"_self\" >PRUEBAS PARA LA OBTENCI\u00d3N DEL T\u00cdTULO DE BACHILLER PARA PERSONAS MAYORES DE 20 A\u00d1OS-2026<\/a><\/h4>\n<div class=\"pt-cv-content\">Normativa de referencia: Orden de 16 de septiembre de 2019 por la que se regulan las pruebas para la obtenci\u00f3n ...<br \/><div class=\"pt-cv-rmwrap\"><a href=\"https:\/\/blogsaverroes.juntadeandalucia.es\/ies-murillo\/pruebas-para-la-obtencion-del-titulo-de-bachiller-para-personas-mayores-de-veinte-anos-de-2026\/\" class=\"_self pt-cv-readmore btn btn-success\" target=\"_self\">Leer M\u00e1s<\/a><\/div><\/div><\/div><\/div>\n<div class=\"col-md-6 col-sm-6 col-xs-12 pt-cv-content-item pt-cv-1-col\" ><div class='pt-cv-ifield'><a href=\"https:\/\/blogsaverroes.juntadeandalucia.es\/ies-murillo\/ultimo-plazo-para-solicitar-taquilla\/\" class=\"_self pt-cv-href-thumbnail pt-cv-thumb-default\" target=\"_self\" ><img loading=\"lazy\" decoding=\"async\" width=\"300\" height=\"300\" src=\"https:\/\/blogsaverroes.juntadeandalucia.es\/ies-murillo\/files\/2024\/12\/A_realistic_illustration_of_a_high_school_hallway-300x300.jpg\" class=\"pt-cv-thumbnail\" alt=\"\" srcset=\"https:\/\/blogsaverroes.juntadeandalucia.es\/ies-murillo\/files\/2024\/12\/A_realistic_illustration_of_a_high_school_hallway-300x300.jpg 300w, https:\/\/blogsaverroes.juntadeandalucia.es\/ies-murillo\/files\/2024\/12\/A_realistic_illustration_of_a_high_school_hallway-150x150.jpg 150w, https:\/\/blogsaverroes.juntadeandalucia.es\/ies-murillo\/files\/2024\/12\/A_realistic_illustration_of_a_high_school_hallway-768x768.jpg 768w, https:\/\/blogsaverroes.juntadeandalucia.es\/ies-murillo\/files\/2024\/12\/A_realistic_illustration_of_a_high_school_hallway.jpg 1024w\" sizes=\"(max-width: 300px) 100vw, 300px\" \/><\/a>\n<h4 class=\"pt-cv-title\"><a href=\"https:\/\/blogsaverroes.juntadeandalucia.es\/ies-murillo\/ultimo-plazo-para-solicitar-taquilla\/\" class=\"_self\" target=\"_self\" >\u00daltimo plazo para solicitar taquilla<\/a><\/h4>\n<div class=\"pt-cv-content\">Estimada\/o familia\/alumnado: Se abre un nuevo y \u00faltimo plazo para solicitar taquilla para el alumnado del IES Murillo. Dicho plazo ...<br \/><div class=\"pt-cv-rmwrap\"><a href=\"https:\/\/blogsaverroes.juntadeandalucia.es\/ies-murillo\/ultimo-plazo-para-solicitar-taquilla\/\" class=\"_self pt-cv-readmore btn btn-success\" target=\"_self\">Leer M\u00e1s<\/a><\/div><\/div><\/div><\/div>\n<div class=\"col-md-6 col-sm-6 col-xs-12 pt-cv-content-item pt-cv-1-col\" ><div class='pt-cv-ifield'><a href=\"https:\/\/blogsaverroes.juntadeandalucia.es\/ies-murillo\/11775-2\/\" class=\"_self pt-cv-href-thumbnail pt-cv-thumb-default\" target=\"_self\" ><img loading=\"lazy\" decoding=\"async\" width=\"300\" height=\"300\" src=\"https:\/\/blogsaverroes.juntadeandalucia.es\/ies-murillo\/files\/2024\/10\/Copia-de-Copia-de-Copia-de-Logotipo-con-circulo-trazado-a-mano-1-300x300.png\" class=\"pt-cv-thumbnail\" alt=\"\" srcset=\"https:\/\/blogsaverroes.juntadeandalucia.es\/ies-murillo\/files\/2024\/10\/Copia-de-Copia-de-Copia-de-Logotipo-con-circulo-trazado-a-mano-1-300x300.png 300w, https:\/\/blogsaverroes.juntadeandalucia.es\/ies-murillo\/files\/2024\/10\/Copia-de-Copia-de-Copia-de-Logotipo-con-circulo-trazado-a-mano-1-150x150.png 150w, https:\/\/blogsaverroes.juntadeandalucia.es\/ies-murillo\/files\/2024\/10\/Copia-de-Copia-de-Copia-de-Logotipo-con-circulo-trazado-a-mano-1.png 500w\" sizes=\"(max-width: 300px) 100vw, 300px\" \/><\/a>\n<h4 class=\"pt-cv-title\"><a href=\"https:\/\/blogsaverroes.juntadeandalucia.es\/ies-murillo\/11775-2\/\" class=\"_self\" target=\"_self\" >Reuniones de tutores con las familias<\/a><\/h4>\n<div class=\"pt-cv-content\">Estimadas familias: En el siguiente enlace pod\u00e9is comprobar la fecha, la hora y el aula para la reuni\u00f3n con el ...<br \/><div class=\"pt-cv-rmwrap\"><a href=\"https:\/\/blogsaverroes.juntadeandalucia.es\/ies-murillo\/11775-2\/\" class=\"_self pt-cv-readmore btn btn-success\" target=\"_self\">Leer M\u00e1s<\/a><\/div><\/div><\/div><\/div>\n<div class=\"col-md-6 col-sm-6 col-xs-12 pt-cv-content-item pt-cv-1-col\" ><div class='pt-cv-ifield'><a href=\"https:\/\/blogsaverroes.juntadeandalucia.es\/ies-murillo\/informaciones-importantes-ampa-del-ies-murillo\/\" class=\"_self pt-cv-href-thumbnail pt-cv-thumb-default\" target=\"_self\" ><img loading=\"lazy\" decoding=\"async\" width=\"287\" height=\"175\" src=\"https:\/\/blogsaverroes.juntadeandalucia.es\/ies-murillo\/files\/2023\/12\/descarga.jpeg\" class=\"pt-cv-thumbnail\" alt=\"\" \/><\/a>\n<h4 class=\"pt-cv-title\"><a href=\"https:\/\/blogsaverroes.juntadeandalucia.es\/ies-murillo\/informaciones-importantes-ampa-del-ies-murillo\/\" class=\"_self\" target=\"_self\" >INFORMACIONES IMPORTANTES AMPA DEL IES MURILLO<\/a><\/h4>\n<div class=\"pt-cv-content\">Estimadas familias del IES Murillo Nos complace compartir que en la asamblea extraordinaria del 10 de octubre de 2023 se ...<br \/><div class=\"pt-cv-rmwrap\"><a href=\"https:\/\/blogsaverroes.juntadeandalucia.es\/ies-murillo\/informaciones-importantes-ampa-del-ies-murillo\/\" class=\"_self pt-cv-readmore btn btn-success\" target=\"_self\">Leer M\u00e1s<\/a><\/div><\/div><\/div><\/div>\n<div class=\"col-md-6 col-sm-6 col-xs-12 pt-cv-content-item pt-cv-1-col\" ><div class='pt-cv-ifield'><a href=\"https:\/\/blogsaverroes.juntadeandalucia.es\/ies-murillo\/convocatorias-para-solicitud-de-becas-publicadas-en-boja-2\/\" class=\"_self pt-cv-href-thumbnail pt-cv-thumb-default\" target=\"_self\" ><img loading=\"lazy\" decoding=\"async\" width=\"300\" height=\"169\" src=\"https:\/\/blogsaverroes.juntadeandalucia.es\/ies-murillo\/files\/2023\/12\/beca-global-300x169.png\" class=\"pt-cv-thumbnail\" alt=\"\" srcset=\"https:\/\/blogsaverroes.juntadeandalucia.es\/ies-murillo\/files\/2023\/12\/beca-global-300x169.png 300w, https:\/\/blogsaverroes.juntadeandalucia.es\/ies-murillo\/files\/2023\/12\/beca-global-768x432.png 768w, https:\/\/blogsaverroes.juntadeandalucia.es\/ies-murillo\/files\/2023\/12\/beca-global.png 1024w\" sizes=\"(max-width: 300px) 100vw, 300px\" \/><\/a>\n<h4 class=\"pt-cv-title\"><a href=\"https:\/\/blogsaverroes.juntadeandalucia.es\/ies-murillo\/convocatorias-para-solicitud-de-becas-publicadas-en-boja-2\/\" class=\"_self\" target=\"_self\" >Convocatorias para solicitud de becas publicadas en BOJA<\/a><\/h4>\n<div class=\"pt-cv-content\">Con fecha 05\/12\/2023 se han publicado en el BOJA las convocatorias de: Beca Andaluc\u00eda Segunda Oportunidad para el curso escolar ...<br \/><div class=\"pt-cv-rmwrap\"><a href=\"https:\/\/blogsaverroes.juntadeandalucia.es\/ies-murillo\/convocatorias-para-solicitud-de-becas-publicadas-en-boja-2\/\" class=\"_self pt-cv-readmore btn btn-success\" target=\"_self\">Leer M\u00e1s<\/a><\/div><\/div><\/div><\/div><\/div><\/div><\/div><br \/>\n&nbsp;<\/h4>\n","protected":false},"excerpt":{"rendered":"<p>&nbsp; ASOCIACI\u00d3N DE MADRES Y PADRES DE ALUMNOS BARTOLOM\u00c9 ESTEBAN MURILLO Se puede entregar esta hoja de afiliaci\u00f3n en el sobre de matr\u00edcula, en el&hellip;<\/p>\n","protected":false},"author":17290,"featured_media":0,"parent":243,"menu_order":0,"comment_status":"closed","ping_status":"closed","template":"","meta":{"ngg_post_thumbnail":0,"footnotes":""},"aioseo_notices":[],"_links":{"self":[{"href":"https:\/\/blogsaverroes.juntadeandalucia.es\/ies-murillo\/wp-json\/wp\/v2\/pages\/3434"}],"collection":[{"href":"https:\/\/blogsaverroes.juntadeandalucia.es\/ies-murillo\/wp-json\/wp\/v2\/pages"}],"about":[{"href":"https:\/\/blogsaverroes.juntadeandalucia.es\/ies-murillo\/wp-json\/wp\/v2\/types\/page"}],"author":[{"embeddable":true,"href":"https:\/\/blogsaverroes.juntadeandalucia.es\/ies-murillo\/wp-json\/wp\/v2\/users\/17290"}],"replies":[{"embeddable":true,"href":"https:\/\/blogsaverroes.juntadeandalucia.es\/ies-murillo\/wp-json\/wp\/v2\/comments?post=3434"}],"version-history":[{"count":8,"href":"https:\/\/blogsaverroes.juntadeandalucia.es\/ies-murillo\/wp-json\/wp\/v2\/pages\/3434\/revisions"}],"predecessor-version":[{"id":11766,"href":"https:\/\/blogsaverroes.juntadeandalucia.es\/ies-murillo\/wp-json\/wp\/v2\/pages\/3434\/revisions\/11766"}],"up":[{"embeddable":true,"href":"https:\/\/blogsaverroes.juntadeandalucia.es\/ies-murillo\/wp-json\/wp\/v2\/pages\/243"}],"wp:attachment":[{"href":"https:\/\/blogsaverroes.juntadeandalucia.es\/ies-murillo\/wp-json\/wp\/v2\/media?parent=3434"}],"curies":[{"name":"wp","href":"https:\/\/api.w.org\/{rel}","templated":true}]}}