{"id":4011,"date":"2018-12-04T20:06:31","date_gmt":"2018-12-04T20:06:31","guid":{"rendered":"https:\/\/iesmurillo.com\/?page_id=4011"},"modified":"2023-03-27T07:28:16","modified_gmt":"2023-03-27T06:28:16","slug":"reincorporate","status":"publish","type":"page","link":"https:\/\/blogsaverroes.juntadeandalucia.es\/ies-murillo\/reincorporate\/","title":{"rendered":"Proeducar: Reincorp\u00f3rate"},"content":{"rendered":"<p><img loading=\"lazy\" decoding=\"async\" class=\"aligncenter size-full wp-image-4018\" src=\"https:\/\/blogsaverroes.juntadeandalucia.es\/ies-murillo\/files\/2018\/12\/Reincorporate.jpg\" alt=\"\" width=\"700\" height=\"467\" srcset=\"https:\/\/blogsaverroes.juntadeandalucia.es\/ies-murillo\/files\/2018\/12\/Reincorporate.jpg 700w, https:\/\/blogsaverroes.juntadeandalucia.es\/ies-murillo\/files\/2018\/12\/Reincorporate-300x200.jpg 300w, https:\/\/blogsaverroes.juntadeandalucia.es\/ies-murillo\/files\/2018\/12\/Reincorporate-480x320.jpg 480w\" sizes=\"(max-width: 700px) 100vw, 700px\" \/><\/p>\n<p>&nbsp;<\/p>\n<p>En el contexto del programa de cooperaci\u00f3n territorial financiado por el Ministerio de Educaci\u00f3n y Formaci\u00f3n Profesional, el curso 2018-19 nuestro instituto tiene aprobado el <strong><span style=\"color: #000080\">Proyecto \u00abProeducar: Reincorp\u00f3rate\u00bb<\/span> <\/strong>que hemos llamado <a href=\"http:\/\/www.juntadeandalucia.es\/educacion\/portals\/delegate\/content\/416ea042-1ab7-433f-ba90-0c6347245f34\" target=\"_blank\" rel=\"noopener noreferrer\">\u00abAbriendo puertas\u00bb<\/a>.<\/p>\n<p>Este programa se dedica al desarrollo de medidas destinadas a favorecer la reincorporaci\u00f3n al sistema educativo de las personas de entre 18 y 24 a\u00f1os que han abandonado el sistema en los \u00faltimos a\u00f1os sin obtener titulaci\u00f3n de secundaria obligatoria y postobligatoria.<\/p>\n<p><img loading=\"lazy\" decoding=\"async\" class=\"aligncenter wp-image-4026\" src=\"https:\/\/blogsaverroes.juntadeandalucia.es\/ies-murillo\/files\/2018\/12\/MEFP.Gob_-1024x274.gif\" alt=\"\" width=\"403\" height=\"107\" srcset=\"https:\/\/blogsaverroes.juntadeandalucia.es\/ies-murillo\/files\/2018\/12\/MEFP.Gob_-1024x274.gif 1024w, https:\/\/blogsaverroes.juntadeandalucia.es\/ies-murillo\/files\/2018\/12\/MEFP.Gob_-300x80.gif 300w, https:\/\/blogsaverroes.juntadeandalucia.es\/ies-murillo\/files\/2018\/12\/MEFP.Gob_-768x205.gif 768w, https:\/\/blogsaverroes.juntadeandalucia.es\/ies-murillo\/files\/2018\/12\/MEFP.Gob_-1536x410.gif 1536w, https:\/\/blogsaverroes.juntadeandalucia.es\/ies-murillo\/files\/2018\/12\/MEFP.Gob_-2048x547.gif 2048w, https:\/\/blogsaverroes.juntadeandalucia.es\/ies-murillo\/files\/2018\/12\/MEFP.Gob_-1080x289.gif 1080w, https:\/\/blogsaverroes.juntadeandalucia.es\/ies-murillo\/files\/2018\/12\/MEFP.Gob_-1280x342.gif 1280w, https:\/\/blogsaverroes.juntadeandalucia.es\/ies-murillo\/files\/2018\/12\/MEFP.Gob_-980x262.gif 980w, https:\/\/blogsaverroes.juntadeandalucia.es\/ies-murillo\/files\/2018\/12\/MEFP.Gob_-480x128.gif 480w\" sizes=\"(max-width: 403px) 100vw, 403px\" \/><\/p>\n<p><img loading=\"lazy\" decoding=\"async\" class=\"aligncenter wp-image-4025 \" src=\"https:\/\/blogsaverroes.juntadeandalucia.es\/ies-murillo\/files\/2018\/12\/Logo_Consejeria_Exe_fondo_transparente-300x239.png\" alt=\"\" width=\"238\" height=\"188\"><\/p>\n<p>&nbsp;<\/p>\n<p>&nbsp;<\/p>\n","protected":false},"excerpt":{"rendered":"<p>&nbsp; En el contexto del programa de cooperaci\u00f3n territorial financiado por el Ministerio de Educaci\u00f3n y Formaci\u00f3n Profesional, el curso 2018-19 nuestro instituto tiene aprobado&hellip;<\/p>\n","protected":false},"author":17290,"featured_media":0,"parent":0,"menu_order":0,"comment_status":"closed","ping_status":"closed","template":"","meta":{"ngg_post_thumbnail":0,"footnotes":""},"aioseo_notices":[],"_links":{"self":[{"href":"https:\/\/blogsaverroes.juntadeandalucia.es\/ies-murillo\/wp-json\/wp\/v2\/pages\/4011"}],"collection":[{"href":"https:\/\/blogsaverroes.juntadeandalucia.es\/ies-murillo\/wp-json\/wp\/v2\/pages"}],"about":[{"href":"https:\/\/blogsaverroes.juntadeandalucia.es\/ies-murillo\/wp-json\/wp\/v2\/types\/page"}],"author":[{"embeddable":true,"href":"https:\/\/blogsaverroes.juntadeandalucia.es\/ies-murillo\/wp-json\/wp\/v2\/users\/17290"}],"replies":[{"embeddable":true,"href":"https:\/\/blogsaverroes.juntadeandalucia.es\/ies-murillo\/wp-json\/wp\/v2\/comments?post=4011"}],"version-history":[{"count":3,"href":"https:\/\/blogsaverroes.juntadeandalucia.es\/ies-murillo\/wp-json\/wp\/v2\/pages\/4011\/revisions"}],"predecessor-version":[{"id":10030,"href":"https:\/\/blogsaverroes.juntadeandalucia.es\/ies-murillo\/wp-json\/wp\/v2\/pages\/4011\/revisions\/10030"}],"wp:attachment":[{"href":"https:\/\/blogsaverroes.juntadeandalucia.es\/ies-murillo\/wp-json\/wp\/v2\/media?parent=4011"}],"curies":[{"name":"wp","href":"https:\/\/api.w.org\/{rel}","templated":true}]}}