{"id":7794,"date":"2021-06-16T09:25:42","date_gmt":"2021-06-16T08:25:42","guid":{"rendered":"https:\/\/iesmurillo.com\/?page_id=7794"},"modified":"2026-05-06T10:57:24","modified_gmt":"2026-05-06T09:57:24","slug":"admision","status":"publish","type":"page","link":"https:\/\/blogsaverroes.juntadeandalucia.es\/ies-murillo\/admision\/","title":{"rendered":"ADMISI\u00d3N"},"content":{"rendered":"<h1><a href=\"https:\/\/iesmurillo.com\/admision\/proceso-admision\/\" rel=\"attachment wp-att-7799\"><img loading=\"lazy\" decoding=\"async\" class=\"aligncenter wp-image-7799\" src=\"https:\/\/blogsaverroes.juntadeandalucia.es\/ies-murillo\/files\/2021\/06\/proceso-admision.jpg\" alt=\"\" width=\"263\" height=\"102\" srcset=\"https:\/\/blogsaverroes.juntadeandalucia.es\/ies-murillo\/files\/2021\/06\/proceso-admision.jpg 664w, https:\/\/blogsaverroes.juntadeandalucia.es\/ies-murillo\/files\/2021\/06\/proceso-admision-300x117.jpg 300w, https:\/\/blogsaverroes.juntadeandalucia.es\/ies-murillo\/files\/2021\/06\/proceso-admision-480x187.jpg 480w\" sizes=\"(max-width: 263px) 100vw, 263px\" \/><\/a><\/h1>\n<h1 style=\"text-align: center\"><span style=\"font-family: verdana, geneva, sans-serif\">INFORMACI\u00d3N RELATIVA A LOS PROCESOS DE ADMISI\u00d3N EN EL IES MURILLO<\/span><\/h1>\n<h2><span style=\"color: #3366ff;font-family: verdana, geneva, sans-serif\"><b>ADMISI\u00d3N R\u00c9GIMEN GENERAL <\/b><b>&nbsp;<\/b><b>ESO Y BACHILLERATO 26\/27<\/b><\/span><\/h2>\n<h1 class=\"entry-title entry--item h2\" style=\"text-align: center\"><a href=\"https:\/\/www.juntadeandalucia.es\/educacion\/portales\/web\/escolarizacion\" target=\"_blank\" rel=\"noopener\"><span style=\"color: #008000;font-family: verdana, geneva, sans-serif\">ESCOLARIZACI\u00d3N 2026\/27<\/span><\/a><\/h1>\n<h2 style=\"text-align: center\"><span class=\"blinking\" style=\"font-family: verdana, geneva, sans-serif\">DEL 1&nbsp; DE MARZO AL 31 MARZO DE 2026<\/span><\/h2>\n<p style=\"text-align: center\"><span style=\"font-family: verdana, geneva, sans-serif\"><a title=\"HAZ CLIC AQU\u00cd\" href=\"https:\/\/www.juntadeandalucia.es\/educacion\/portales\/web\/escolarizacion\/infantil-a-bachillerato\" target=\"_blank\" rel=\"noopener noreferrer\"><strong>ESO Y BACHILLERATO (R\u00e9gimen general)<\/strong><\/a><a title=\"HAZ CLIC AQU\u00cd\" href=\"https:\/\/www.juntadeandalucia.es\/educacion\/portales\/web\/escolarizacion\/infantil-a-bachillerato\" target=\"_blank\" rel=\"noopener noreferrer\"> (Pincha sobre el texto)<\/a><\/span><\/p>\n<p style=\"text-align: center\"><span style=\"font-family: verdana, geneva, sans-serif\"><a href=\"https:\/\/www.juntadeandalucia.es\/educacion\/portales\/web\/escolarizacion\/infantil-a-bachillerato\/impresos\">Acceso a los impresos <\/a><a title=\"HAZ CLIC AQU\u00cd\" href=\"https:\/\/www.juntadeandalucia.es\/educacion\/portales\/web\/escolarizacion\/infantil-a-bachillerato\" target=\"_blank\" rel=\"noopener noreferrer\"> (Pincha sobre el texto)<\/a><\/span><\/p>\n<p style=\"text-align: center\"><span style=\"font-family: verdana, geneva, sans-serif\"><a title=\"HAZ CLIC AQU\u00cd\" href=\"https:\/\/www.juntadeandalucia.es\/educacion\/secretariavirtual\/accesoTramite\/543\/\" target=\"_blank\" rel=\"noopener noreferrer\"><strong>PRESENTACI\u00d3N TELEM\u00c1TICA DE SOLICITUDES <\/strong><\/a><a title=\"HAZ CLIC AQU\u00cd\" href=\"https:\/\/www.juntadeandalucia.es\/educacion\/portales\/web\/escolarizacion\/infantil-a-bachillerato\" target=\"_blank\" rel=\"noopener noreferrer\"> (Pincha sobre el texto)<\/a><\/span><\/p>\n<p><span style=\"font-family: verdana, geneva, sans-serif\"><strong>PRESENTACI\u00d3N DE SOLICITUDES (POR DUPLICADO) EN EL CENTRO ELEGIDO COMO PRIORITARIO (IES MURILLO)<\/strong><\/span><\/p>\n<p><span style=\"font-family: verdana, geneva, sans-serif\"><strong><span class=\"blinking\">Solicite cita previa<\/span>&nbsp;en el 955623865 o en la conserjer\u00eda del centro.&nbsp;<\/strong><\/span><\/p>\n<p><span style=\"font-family: verdana, geneva, sans-serif\"><b>NORMATIVA<\/b><\/span><\/p>\n<ul>\n<li><span style=\"font-family: verdana, geneva, sans-serif\"><a href=\"https:\/\/www.juntadeandalucia.es\/boja\/2020\/34\/1\" target=\"_blank\" rel=\"noopener noreferrer\">Decreto 21\/2020 de 17 de febrero por el que se regulan los criterios y el procedimiento de admisi\u00f3n del alumnado en los centros docentes p\u00fablicos y privados concertados para cursar las ense\u00f1anzas de segundo ciclo de educaci\u00f3n infantil, educaci\u00f3n primaria, educaci\u00f3n especial, educaci\u00f3n secundaria obligatoria y bachillerato<\/a>.<\/span><\/li>\n<li><span style=\"font-family: verdana, geneva, sans-serif\"><a href=\"https:\/\/www.juntadeandalucia.es\/boja\/2020\/503\/1\" target=\"_blank\" rel=\"noopener noreferrer\">Orden de 20 de febrero de 2020, por el que se desarrolla el procedimiento de admisi\u00f3n del alumnado, en los centros docentes p\u00fablicos y privados concertados para cursar las ense\u00f1anzas de segundo ciclo de educaci\u00f3n infantil, educaci\u00f3n primaria, educaci\u00f3n especial<\/a>.<\/span><\/li>\n<li><span style=\"font-family: verdana, geneva, sans-serif\"><a href=\"https:\/\/www.juntadeandalucia.es\/educacion\/portales\/web\/escolarizacion\/w\/decreto-ley-2\/2021-de-2-de-febrero-por-el-que-se-modifican-con-caracter-urgente-la-normativa-de-admision-del-alumnado-en-los-centros-docentes-publicos-y-privados-concertados-y-otras-disposiciones-normativas-y-se-regulan-los-estudios-con-finalidad-de-diagn?redirect=%2Feducacion%2Fportales%2Fweb%2Fescolarizacion%2Finfantil-a-bachillerato%2Fnormativa\">Decreto-ley 2\/2021, de 2 de febrero, por el que se modifican, con car\u00e1cter urgente, la normativa de admisi\u00f3n del alumnado en los centros docentes p\u00fablicos y privados concertados de la Comunidad Aut\u00f3noma de Andaluc\u00eda y otras disposiciones normativas, y se regulan los estudios con finalidad de diagn\u00f3stico precoz o de detecci\u00f3n de casos de infecci\u00f3n activa (cribados) dentro de la Comunidad Aut\u00f3noma de Andaluc\u00eda. (BOJA Extraordinario 14, de 5\/02\/2021)<\/a><\/span><\/li>\n<\/ul>\n<p>&nbsp;<\/p>\n<h2 style=\"text-align: center\"><a href=\"https:\/\/youtu.be\/Y4wkwtMteVY?si=bJzoPW1IgOXsDScJ\">VIDEO EXPLICATIVO DEL PROCESO&nbsp;&nbsp;<\/a><\/h2>\n<h2>&nbsp;<\/h2>\n<h2><span style=\"font-family: verdana, geneva, sans-serif\"><b><span style=\"color: #3366ff\">ADMISI\u00d3N ADULTOS CURSO 26\/27<\/span><br \/>\n<\/b><\/span><\/h2>\n<h2 style=\"padding-left: 40px\"><span style=\"font-family: verdana, geneva, sans-serif\"><a href=\"https:\/\/www.juntadeandalucia.es\/educacion\/portals\/web\/educacion-permanente\/eso\/adjudicacion\"><strong><span style=\"color: #008000\">Toda la informaci\u00f3n en el siguiente enlace <\/span><\/strong><\/a><a title=\"HAZ CLIC AQU\u00cd\" href=\"https:\/\/www.juntadeandalucia.es\/educacion\/portales\/web\/escolarizacion\/infantil-a-bachillerato\" target=\"_blank\" rel=\"noopener noreferrer\">(Pincha sobre el texto)<\/a><\/span><\/h2>\n<p><span style=\"font-family: verdana, geneva, sans-serif\"><b>EL ALUMNADO ADMITIDO DEBE FORMALIZAR LA MATR\u00cdCULA DEL 1 AL 10 DE JULIO<\/b><\/span><\/p>\n<div class=\"inner-item novedad\">\n<div class=\"contenido_titulo\">\n<ul>\n<li><span style=\"color: #008000;font-family: verdana, geneva, sans-serif\"><strong><a style=\"color: #008000\" title=\"Abierto el plazo para solicitar admisi\u00f3n en Bachillerato para personas adultas. Modalidad presencial, semipresencial y a distancia.\" href=\"https:\/\/www.juntadeandalucia.es\/educacion\/portals\/web\/educacion-permanente\/bachillerato\/tramitacion\" target=\"_blank\" rel=\"noopener noreferrer\">Abierto el plazo para solicitar admisi\u00f3n en Bachillerato para personas adultas. Modalidad presencial, semipresencial.<\/a><\/strong><\/span><\/li>\n<\/ul>\n<\/div>\n<\/div>\n<div class=\"inner-item novedad\">\n<div class=\"contenido_titulo\">\n<ul>\n<li><span style=\"color: #008000;font-family: verdana, geneva, sans-serif\"><strong><a style=\"color: #008000\" title=\"Abierto el plazo para solicitar admisi\u00f3n en ESO para personas adultas. Modalidad presencial, semipresencial y distancia.\" href=\"https:\/\/www.juntadeandalucia.es\/educacion\/portals\/web\/educacion-permanente\/eso\/tramitacion\" target=\"_blank\" rel=\"noopener noreferrer\">Abierto el plazo para solicitar admisi\u00f3n en ESO para personas adultas. Modalidad presencial, semipresencial.<\/a><\/strong><\/span><\/li>\n<\/ul>\n<\/div>\n<\/div>\n<div class=\"inner-item novedad\">\n<div class=\"resumen\">\n<h2>&nbsp;<\/h2>\n<h2><span style=\"color: #3366ff;font-family: verdana, geneva, sans-serif\"><a style=\"color: #3366ff\" href=\"https:\/\/www.juntadeandalucia.es\/educacion\/portales\/web\/escolarizacion\/fp\"><b>ADMISI\u00d3N CICLOS FORMATIVOS DE GRADO SUPERIOR CURSO 26\/27 <\/b><\/a><a title=\"HAZ CLIC AQU\u00cd\" href=\"https:\/\/www.juntadeandalucia.es\/educacion\/portales\/web\/escolarizacion\/infantil-a-bachillerato\" target=\"_blank\" rel=\"noopener noreferrer\">(Pincha sobre el texto)<\/a><\/span><\/h2>\n<ul>\n<li><span style=\"font-family: verdana, geneva, sans-serif\"><a href=\"https:\/\/portales.ced.junta-andalucia.es\/educacion\/portales\/web\/escolarizacion\/formacion-profesional\" target=\"_blank\" rel=\"noopener\">TODA LA INFORMACI\u00d3N AQU\u00cd<\/a><\/span><\/li>\n<li><span style=\"font-family: verdana, geneva, sans-serif\"><a href=\"https:\/\/portales.ced.junta-andalucia.es\/educacion\/portales\/web\/escolarizacion\/formacion-profesional\/calendario-general-fp\" target=\"_blank\" rel=\"noopener\">CALENDARIO<\/a><\/span><\/li>\n<li><span style=\"font-family: verdana, geneva, sans-serif\"><a href=\"https:\/\/www.juntadeandalucia.es\/educacion\/secretariavirtual\/?redirect=\/educacion\/portales\/web\/escolarizacion\/fp\">SECRETAR\u00cdA VIRTUAL<\/a><\/span><\/li>\n<\/ul>\n<p><span style=\"font-family: verdana, geneva, sans-serif\">ACLARACIONES:<\/span><\/p>\n<p style=\"padding-left: 40px\"><span style=\"font-family: verdana, geneva, sans-serif\">* En este centro solamente ofertamos ciclos de grado superior<\/span><\/p>\n<p style=\"padding-left: 40px\"><span style=\"font-family: verdana, geneva, sans-serif\">* La oferta parcial diferenciada es para el ciclo de grado superior de \u00abGu\u00eda, informaci\u00f3n y asistencias tur\u00edsticas\u00bb a distancia.<\/span><\/p>\n<\/div>\n<\/div>\n<p style=\"text-align: center\">&nbsp;<\/p>\n<p style=\"text-align: center\">&nbsp;<\/p>\n","protected":false},"excerpt":{"rendered":"<p>INFORMACI\u00d3N RELATIVA A LOS PROCESOS DE ADMISI\u00d3N EN EL IES MURILLO ADMISI\u00d3N R\u00c9GIMEN GENERAL &nbsp;ESO Y BACHILLERATO 26\/27 ESCOLARIZACI\u00d3N 2026\/27 DEL 1&nbsp; DE MARZO AL&hellip;<\/p>\n","protected":false},"author":17290,"featured_media":7799,"parent":0,"menu_order":0,"comment_status":"closed","ping_status":"closed","template":"","meta":{"ngg_post_thumbnail":0,"footnotes":""},"aioseo_notices":[],"_links":{"self":[{"href":"https:\/\/blogsaverroes.juntadeandalucia.es\/ies-murillo\/wp-json\/wp\/v2\/pages\/7794"}],"collection":[{"href":"https:\/\/blogsaverroes.juntadeandalucia.es\/ies-murillo\/wp-json\/wp\/v2\/pages"}],"about":[{"href":"https:\/\/blogsaverroes.juntadeandalucia.es\/ies-murillo\/wp-json\/wp\/v2\/types\/page"}],"author":[{"embeddable":true,"href":"https:\/\/blogsaverroes.juntadeandalucia.es\/ies-murillo\/wp-json\/wp\/v2\/users\/17290"}],"replies":[{"embeddable":true,"href":"https:\/\/blogsaverroes.juntadeandalucia.es\/ies-murillo\/wp-json\/wp\/v2\/comments?post=7794"}],"version-history":[{"count":25,"href":"https:\/\/blogsaverroes.juntadeandalucia.es\/ies-murillo\/wp-json\/wp\/v2\/pages\/7794\/revisions"}],"predecessor-version":[{"id":12328,"href":"https:\/\/blogsaverroes.juntadeandalucia.es\/ies-murillo\/wp-json\/wp\/v2\/pages\/7794\/revisions\/12328"}],"wp:featuredmedia":[{"embeddable":true,"href":"https:\/\/blogsaverroes.juntadeandalucia.es\/ies-murillo\/wp-json\/wp\/v2\/media\/7799"}],"wp:attachment":[{"href":"https:\/\/blogsaverroes.juntadeandalucia.es\/ies-murillo\/wp-json\/wp\/v2\/media?parent=7794"}],"curies":[{"name":"wp","href":"https:\/\/api.w.org\/{rel}","templated":true}]}}