{"id":878,"date":"2017-06-06T14:44:37","date_gmt":"2017-06-06T14:44:37","guid":{"rendered":"https:\/\/iesmurillo.com\/?page_id=878"},"modified":"2025-04-07T13:15:42","modified_gmt":"2025-04-07T12:15:42","slug":"bilinguismo-auxiliares-de-conversacion","status":"publish","type":"page","link":"https:\/\/blogsaverroes.juntadeandalucia.es\/ies-murillo\/bilinguismo\/bilinguismo-auxiliares-de-conversacion\/","title":{"rendered":"Pluriling\u00fcismo &#8211;  Auxiliares de conversaci\u00f3n"},"content":{"rendered":"<h3><img loading=\"lazy\" decoding=\"async\" class=\"aligncenter size-large wp-image-12161\" src=\"https:\/\/blogsaverroes.juntadeandalucia.es\/ies-murillo\/files\/2025\/04\/3-1024x576.jpg\" alt=\"\" width=\"843\" height=\"474\" srcset=\"https:\/\/blogsaverroes.juntadeandalucia.es\/ies-murillo\/files\/2025\/04\/3-1024x576.jpg 1024w, https:\/\/blogsaverroes.juntadeandalucia.es\/ies-murillo\/files\/2025\/04\/3-300x169.jpg 300w, https:\/\/blogsaverroes.juntadeandalucia.es\/ies-murillo\/files\/2025\/04\/3-768x432.jpg 768w, https:\/\/blogsaverroes.juntadeandalucia.es\/ies-murillo\/files\/2025\/04\/3-1536x864.jpg 1536w, https:\/\/blogsaverroes.juntadeandalucia.es\/ies-murillo\/files\/2025\/04\/3.jpg 1920w\" sizes=\"(max-width: 843px) 100vw, 843px\" \/><\/h3>\n<h2 class=\"\" data-start=\"89\" data-end=\"139\">\ud83c\udf0d <strong data-start=\"95\" data-end=\"137\">Internacionalizaci\u00f3n en el IES Murillo<\/strong><\/h2>\n<h3 class=\"\" data-start=\"140\" data-end=\"187\">\u00a1Gracias, Cole! \u00a1Bienvenidos, Malka y Elie!<\/h3>\n<p class=\"\" data-start=\"189\" data-end=\"605\">El pasado <strong data-start=\"199\" data-end=\"223\">mi\u00e9rcoles 30 de mayo<\/strong>, despedimos con cari\u00f1o a nuestro auxiliar de conversaci\u00f3n <strong data-start=\"282\" data-end=\"298\">Cole Solomon<\/strong>. Ha sido un verdadero placer compartir contigo este curso escolar. Tu entusiasmo, cercan\u00eda y compromiso han dejado una huella imborrable en nuestro alumnado y profesorado.<br data-start=\"470\" data-end=\"473\">\ud83d\udc99 <strong data-start=\"476\" data-end=\"497\">We will miss you!<\/strong> \ud83d\udc99<br data-start=\"500\" data-end=\"503\">Te deseamos lo mejor en tus pr\u00f3ximos proyectos, Cole. \u00a1Gracias por formar parte de la familia Murillo!<\/p>\n<p data-start=\"189\" data-end=\"605\"><img loading=\"lazy\" decoding=\"async\" class=\"aligncenter size-large wp-image-12163\" src=\"https:\/\/blogsaverroes.juntadeandalucia.es\/ies-murillo\/files\/2025\/04\/65-1024x1024.jpg\" alt=\"\" width=\"843\" height=\"843\" srcset=\"https:\/\/blogsaverroes.juntadeandalucia.es\/ies-murillo\/files\/2025\/04\/65-1024x1024.jpg 1024w, https:\/\/blogsaverroes.juntadeandalucia.es\/ies-murillo\/files\/2025\/04\/65-300x300.jpg 300w, https:\/\/blogsaverroes.juntadeandalucia.es\/ies-murillo\/files\/2025\/04\/65-150x150.jpg 150w, https:\/\/blogsaverroes.juntadeandalucia.es\/ies-murillo\/files\/2025\/04\/65-768x768.jpg 768w, https:\/\/blogsaverroes.juntadeandalucia.es\/ies-murillo\/files\/2025\/04\/65.jpg 1080w\" sizes=\"(max-width: 843px) 100vw, 843px\" \/><\/p>\n<hr class=\"\" data-start=\"607\" data-end=\"610\">\n<h3 class=\"\" data-start=\"612\" data-end=\"662\">Curso 2024-2025: Auxiliares que dejan huella<\/h3>\n<p class=\"\" data-start=\"663\" data-end=\"981\">Este curso hemos tenido la suerte de contar con <strong data-start=\"711\" data-end=\"730\">Malka Steinberg<\/strong> (Estados Unidos) y <strong data-start=\"750\" data-end=\"773\">Elie Gabriel Boudou<\/strong> (Francia) como auxiliares de conversaci\u00f3n. Se han integrado plenamente en la vida del centro, colaborando activamente en las aulas y participando en las actividades culturales y acad\u00e9micas del IES Murillo.<\/p>\n<p class=\"\" data-start=\"983\" data-end=\"1265\">Desde clases de idiomas hasta eventos especiales como <strong data-start=\"1037\" data-end=\"1050\">Halloween<\/strong> o din\u00e1micas en <strong data-start=\"1066\" data-end=\"1086\">Educaci\u00f3n F\u00edsica<\/strong>, su presencia ha enriquecido el aprendizaje y fomentado la apertura intercultural de nuestro alumnado.<br data-start=\"1189\" data-end=\"1192\">\u00a1Gracias por compartir con nosotros vuestra lengua, cultura y entusiasmo!<\/p>\n<p data-start=\"983\" data-end=\"1265\"><img loading=\"lazy\" decoding=\"async\" class=\"aligncenter size-large wp-image-12165\" src=\"https:\/\/blogsaverroes.juntadeandalucia.es\/ies-murillo\/files\/2025\/04\/67-1024x1024.jpg\" alt=\"\" width=\"843\" height=\"843\" srcset=\"https:\/\/blogsaverroes.juntadeandalucia.es\/ies-murillo\/files\/2025\/04\/67-1024x1024.jpg 1024w, https:\/\/blogsaverroes.juntadeandalucia.es\/ies-murillo\/files\/2025\/04\/67-300x300.jpg 300w, https:\/\/blogsaverroes.juntadeandalucia.es\/ies-murillo\/files\/2025\/04\/67-150x150.jpg 150w, https:\/\/blogsaverroes.juntadeandalucia.es\/ies-murillo\/files\/2025\/04\/67-768x768.jpg 768w, https:\/\/blogsaverroes.juntadeandalucia.es\/ies-murillo\/files\/2025\/04\/67.jpg 1080w\" sizes=\"(max-width: 843px) 100vw, 843px\" \/> <img loading=\"lazy\" decoding=\"async\" class=\"aligncenter size-large wp-image-12164\" src=\"https:\/\/blogsaverroes.juntadeandalucia.es\/ies-murillo\/files\/2025\/04\/66-1024x1024.jpg\" alt=\"\" width=\"843\" height=\"843\" srcset=\"https:\/\/blogsaverroes.juntadeandalucia.es\/ies-murillo\/files\/2025\/04\/66-1024x1024.jpg 1024w, https:\/\/blogsaverroes.juntadeandalucia.es\/ies-murillo\/files\/2025\/04\/66-300x300.jpg 300w, https:\/\/blogsaverroes.juntadeandalucia.es\/ies-murillo\/files\/2025\/04\/66-150x150.jpg 150w, https:\/\/blogsaverroes.juntadeandalucia.es\/ies-murillo\/files\/2025\/04\/66-768x768.jpg 768w, https:\/\/blogsaverroes.juntadeandalucia.es\/ies-murillo\/files\/2025\/04\/66.jpg 1080w\" sizes=\"(max-width: 843px) 100vw, 843px\" \/><\/p>\n<hr class=\"\" data-start=\"1267\" data-end=\"1270\">\n<h3 class=\"\" data-start=\"1272\" data-end=\"1349\">\u00bfQuieres vivir una experiencia inolvidable como auxiliar de conversaci\u00f3n?<\/h3>\n<p class=\"\" data-start=\"1351\" data-end=\"1514\">Si est\u00e1s pensando en formar parte de una comunidad educativa din\u00e1mica, internacional y comprometida con la educaci\u00f3n pluriling\u00fce, <strong data-start=\"1481\" data-end=\"1511\">el IES Murillo es tu sitio<\/strong>.<\/p>\n<p class=\"\" data-start=\"1516\" data-end=\"1750\">\ud83d\udccc Toda la informaci\u00f3n sobre el programa en la p\u00e1gina oficial de la Delegaci\u00f3n Territorial de Educaci\u00f3n en Sevilla:<br data-start=\"1631\" data-end=\"1634\">\ud83d\udc49 <a class=\"\" href=\"https:\/\/blogsaverroes.juntadeandalucia.es\/auxiliaresconversacionsevilla\/\" target=\"_new\" rel=\"noopener\" data-start=\"1637\" data-end=\"1750\">Auxiliares de Conversaci\u00f3n en Sevilla<\/a><\/p>\n<h3 class=\"\" data-start=\"1851\" data-end=\"1910\">\u2139\ufe0f Informaci\u00f3n para futuros Auxiliares de Conversaci\u00f3n:<\/h3>\n<p class=\"\" data-start=\"1912\" data-end=\"2008\">\ud83d\udcc4 <a class=\"\" href=\"#\" rel=\"noopener\" data-start=\"1915\" data-end=\"1960\">English \u2013 Information sheet for LA 25.26<\/a><br data-start=\"1960\" data-end=\"1963\">\ud83d\udcc4 <a class=\"\" href=\"#\" rel=\"noopener\" data-start=\"1966\" data-end=\"2008\">Fran\u00e7ais \u2013 Fiche informative AL 25.26<\/a><\/p>\n<p>&nbsp;<\/p>\n","protected":false},"excerpt":{"rendered":"<p>\ud83c\udf0d Internacionalizaci\u00f3n en el IES Murillo \u00a1Gracias, Cole! \u00a1Bienvenidos, Malka y Elie! El pasado mi\u00e9rcoles 30 de mayo, despedimos con cari\u00f1o a nuestro auxiliar de&hellip;<\/p>\n","protected":false},"author":17290,"featured_media":0,"parent":306,"menu_order":0,"comment_status":"closed","ping_status":"closed","template":"","meta":{"ngg_post_thumbnail":0,"footnotes":""},"aioseo_notices":[],"_links":{"self":[{"href":"https:\/\/blogsaverroes.juntadeandalucia.es\/ies-murillo\/wp-json\/wp\/v2\/pages\/878"}],"collection":[{"href":"https:\/\/blogsaverroes.juntadeandalucia.es\/ies-murillo\/wp-json\/wp\/v2\/pages"}],"about":[{"href":"https:\/\/blogsaverroes.juntadeandalucia.es\/ies-murillo\/wp-json\/wp\/v2\/types\/page"}],"author":[{"embeddable":true,"href":"https:\/\/blogsaverroes.juntadeandalucia.es\/ies-murillo\/wp-json\/wp\/v2\/users\/17290"}],"replies":[{"embeddable":true,"href":"https:\/\/blogsaverroes.juntadeandalucia.es\/ies-murillo\/wp-json\/wp\/v2\/comments?post=878"}],"version-history":[{"count":13,"href":"https:\/\/blogsaverroes.juntadeandalucia.es\/ies-murillo\/wp-json\/wp\/v2\/pages\/878\/revisions"}],"predecessor-version":[{"id":12179,"href":"https:\/\/blogsaverroes.juntadeandalucia.es\/ies-murillo\/wp-json\/wp\/v2\/pages\/878\/revisions\/12179"}],"up":[{"embeddable":true,"href":"https:\/\/blogsaverroes.juntadeandalucia.es\/ies-murillo\/wp-json\/wp\/v2\/pages\/306"}],"wp:attachment":[{"href":"https:\/\/blogsaverroes.juntadeandalucia.es\/ies-murillo\/wp-json\/wp\/v2\/media?parent=878"}],"curies":[{"name":"wp","href":"https:\/\/api.w.org\/{rel}","templated":true}]}}