{"id":8906,"date":"2017-06-06T14:35:04","date_gmt":"2017-06-06T14:35:04","guid":{"rendered":"https:\/\/iesmurillo.com\/?page_id=874"},"modified":"2025-04-07T13:16:37","modified_gmt":"2025-04-07T12:16:37","slug":"bilinguismo-legislacion","status":"publish","type":"page","link":"https:\/\/blogsaverroes.juntadeandalucia.es\/ies-murillo\/bilinguismo\/bilinguismo-legislacion\/","title":{"rendered":"Pluriling\u00fcismo &#8211; Legislaci\u00f3n"},"content":{"rendered":"<p><img loading=\"lazy\" decoding=\"async\" class=\"aligncenter size-large wp-image-12158\" src=\"https:\/\/blogsaverroes.juntadeandalucia.es\/ies-murillo\/files\/2025\/04\/1-1024x576.jpg\" alt=\"\" width=\"843\" height=\"474\" srcset=\"https:\/\/blogsaverroes.juntadeandalucia.es\/ies-murillo\/files\/2025\/04\/1-1024x576.jpg 1024w, https:\/\/blogsaverroes.juntadeandalucia.es\/ies-murillo\/files\/2025\/04\/1-300x169.jpg 300w, https:\/\/blogsaverroes.juntadeandalucia.es\/ies-murillo\/files\/2025\/04\/1-768x432.jpg 768w, https:\/\/blogsaverroes.juntadeandalucia.es\/ies-murillo\/files\/2025\/04\/1-1536x864.jpg 1536w, https:\/\/blogsaverroes.juntadeandalucia.es\/ies-murillo\/files\/2025\/04\/1.jpg 1920w\" sizes=\"(max-width: 843px) 100vw, 843px\" \/><\/p>\n<p class=\"\" data-start=\"0\" data-end=\"82\"><strong data-start=\"0\" data-end=\"80\">\ud83c\udf0d KIT DE SUPERVIVENCIA BILING\u00dcE: TU GU\u00cdA ESENCIAL PARA EL PROGRAMA BILING\u00dcE<\/strong><\/p>\n<p class=\"\" data-start=\"84\" data-end=\"351\">Si eres Auxiliar de Conversaci\u00f3n o formas parte del profesorado implicado en el Programa Biling\u00fce, este blog es para ti. Aqu\u00ed encontrar\u00e1s toda la informaci\u00f3n clave: normativa actualizada, recursos \u00fatiles y consejos pr\u00e1cticos para desenvolverte con \u00e9xito en el aula.<\/p>\n<p class=\"\" data-start=\"353\" data-end=\"483\">\ud83d\udcdc <strong data-start=\"356\" data-end=\"379\">Legislaci\u00f3n vigente<\/strong><br data-start=\"379\" data-end=\"382\">\ud83d\udcda <strong data-start=\"385\" data-end=\"431\">Materiales y estrategias para la ense\u00f1anza<\/strong><br data-start=\"431\" data-end=\"434\" data-is-only-node=\"\">\ud83d\udd0e <strong data-start=\"437\" data-end=\"481\">Informaci\u00f3n de inter\u00e9s para tu d\u00eda a d\u00eda<\/strong><\/p>\n<p class=\"\" data-start=\"485\" data-end=\"705\">Accede ahora y prep\u00e1rate para una experiencia biling\u00fce enriquecedora \ud83d\udc49<a href=\"https:\/\/blogsaverroes.juntadeandalucia.es\/centrosbilinguessevilla\/kit-de-supervivencia-bilingue\/\"> KIT DE SUPERVIVENCIA BILING\u00dcE<\/a><\/p>\n<p class=\"\" data-start=\"485\" data-end=\"705\"><b>MARCO NORMATIVO<\/b><\/p>\n<ul>\n<li style=\"font-weight: 400\"><i><span style=\"font-weight: 400\">Orden de 28 de junio de 2011, por la que se regula la ense\u00f1anza biling\u00fce en los centros docentes de la Comunidad Aut\u00f3noma de Andaluc\u00eda.<\/span><\/i><\/li>\n<\/ul>\n<ul>\n<li style=\"font-weight: 400\"><i><span style=\"font-weight: 400\">Orden de 18 de febrero de 2013, por la que se modifican la de 28 de junio de 2011 y la de 29 de junio de 2011 (BOJA n\u00ba 44 de 5 de abril de 2013).<\/span><\/i><\/li>\n<\/ul>\n<ul>\n<li style=\"font-weight: 400\"><i><span style=\"font-weight: 400\">Orden de 1 de agosto de 2016, por la que se regula la ense\u00f1anza biling\u00fce en los centros docentes de la Comunidad Aut\u00f3noma de Andaluc\u00eda.<\/span><\/i><\/li>\n<\/ul>\n<ul>\n<li style=\"font-weight: 400\"><i><span style=\"font-weight: 400\">Instrucciones de 28 de noviembre de 2023, de la Direcci\u00f3n General de Tecnolog\u00edas Avanzadas y Transformaci\u00f3n Educativa, sobre la organizaci\u00f3n y funcionamiento de la ense\u00f1anza biling\u00fce en los centros andaluces.&nbsp;<\/span><\/i><\/li>\n<\/ul>\n<ul>\n<li style=\"font-weight: 400\"><i><span style=\"font-weight: 400\">Instrucciones de 26 de julio de 2024, de la Direcci\u00f3n General de Tecnolog\u00edas Avanzadas y Transformaci\u00f3n Educativa, sobre auxiliares de conversaci\u00f3n\/asistentes ling\u00fc\u00edsticos para el curso escolar 2024\/2025.<\/span><\/i><\/li>\n<\/ul>\n<p>&nbsp;<\/p>\n","protected":false},"excerpt":{"rendered":"<p>\ud83c\udf0d KIT DE SUPERVIVENCIA BILING\u00dcE: TU GU\u00cdA ESENCIAL PARA EL PROGRAMA BILING\u00dcE Si eres Auxiliar de Conversaci\u00f3n o formas parte del profesorado implicado en el&hellip;<\/p>\n","protected":false},"author":17290,"featured_media":0,"parent":306,"menu_order":0,"comment_status":"closed","ping_status":"closed","template":"","meta":{"ngg_post_thumbnail":0,"footnotes":""},"aioseo_notices":[],"_links":{"self":[{"href":"https:\/\/blogsaverroes.juntadeandalucia.es\/ies-murillo\/wp-json\/wp\/v2\/pages\/8906"}],"collection":[{"href":"https:\/\/blogsaverroes.juntadeandalucia.es\/ies-murillo\/wp-json\/wp\/v2\/pages"}],"about":[{"href":"https:\/\/blogsaverroes.juntadeandalucia.es\/ies-murillo\/wp-json\/wp\/v2\/types\/page"}],"author":[{"embeddable":true,"href":"https:\/\/blogsaverroes.juntadeandalucia.es\/ies-murillo\/wp-json\/wp\/v2\/users\/17290"}],"replies":[{"embeddable":true,"href":"https:\/\/blogsaverroes.juntadeandalucia.es\/ies-murillo\/wp-json\/wp\/v2\/comments?post=8906"}],"version-history":[{"count":7,"href":"https:\/\/blogsaverroes.juntadeandalucia.es\/ies-murillo\/wp-json\/wp\/v2\/pages\/8906\/revisions"}],"predecessor-version":[{"id":12181,"href":"https:\/\/blogsaverroes.juntadeandalucia.es\/ies-murillo\/wp-json\/wp\/v2\/pages\/8906\/revisions\/12181"}],"up":[{"embeddable":true,"href":"https:\/\/blogsaverroes.juntadeandalucia.es\/ies-murillo\/wp-json\/wp\/v2\/pages\/306"}],"wp:attachment":[{"href":"https:\/\/blogsaverroes.juntadeandalucia.es\/ies-murillo\/wp-json\/wp\/v2\/media?parent=8906"}],"curies":[{"name":"wp","href":"https:\/\/api.w.org\/{rel}","templated":true}]}}