{"id":920,"date":"2017-06-20T07:24:24","date_gmt":"2017-06-20T07:24:24","guid":{"rendered":"https:\/\/iesmurillo.com\/?page_id=920"},"modified":"2026-05-07T09:29:56","modified_gmt":"2026-05-07T08:29:56","slug":"secretaria","status":"publish","type":"page","link":"https:\/\/blogsaverroes.juntadeandalucia.es\/ies-murillo\/secretaria\/","title":{"rendered":"Secretar\u00eda"},"content":{"rendered":"<table style=\"border-collapse: collapse;width: 100%;height: 208px\">\n<tbody>\n<tr style=\"height: 208px\">\n<td style=\"width: 50%;height: 208px\">\n<div class=\"mceTemp\">&nbsp;<\/div>\n<p><a href=\"https:\/\/blogsaverroes.juntadeandalucia.es\/ies-murillo\/admision\/\"><img loading=\"lazy\" decoding=\"async\" class=\"wp-image-12212 aligncenter\" src=\"https:\/\/blogsaverroes.juntadeandalucia.es\/ies-murillo\/files\/2025\/06\/ChatGPT-Image-17-jun-2025-20_05_53-1024x683.png\" alt=\"\" width=\"388\" height=\"259\" srcset=\"https:\/\/blogsaverroes.juntadeandalucia.es\/ies-murillo\/files\/2025\/06\/ChatGPT-Image-17-jun-2025-20_05_53-1024x683.png 1024w, https:\/\/blogsaverroes.juntadeandalucia.es\/ies-murillo\/files\/2025\/06\/ChatGPT-Image-17-jun-2025-20_05_53-300x200.png 300w, https:\/\/blogsaverroes.juntadeandalucia.es\/ies-murillo\/files\/2025\/06\/ChatGPT-Image-17-jun-2025-20_05_53-768x512.png 768w, https:\/\/blogsaverroes.juntadeandalucia.es\/ies-murillo\/files\/2025\/06\/ChatGPT-Image-17-jun-2025-20_05_53.png 1536w\" sizes=\"(max-width: 388px) 100vw, 388px\" \/><\/a><\/td>\n<td style=\"width: 50%;text-align: right;height: 208px\">\n<p style=\"text-align: left\"><a href=\"https:\/\/blogsaverroes.juntadeandalucia.es\/ies-murillo\/matriculacion-2025_26\/\"><img loading=\"lazy\" decoding=\"async\" class=\"aligncenter wp-image-12209\" src=\"https:\/\/blogsaverroes.juntadeandalucia.es\/ies-murillo\/files\/2025\/06\/ChatGPT-Image-17-jun-2025-19_58_48-1024x683.png\" alt=\"\" width=\"403\" height=\"269\" srcset=\"https:\/\/blogsaverroes.juntadeandalucia.es\/ies-murillo\/files\/2025\/06\/ChatGPT-Image-17-jun-2025-19_58_48-1024x683.png 1024w, https:\/\/blogsaverroes.juntadeandalucia.es\/ies-murillo\/files\/2025\/06\/ChatGPT-Image-17-jun-2025-19_58_48-300x200.png 300w, https:\/\/blogsaverroes.juntadeandalucia.es\/ies-murillo\/files\/2025\/06\/ChatGPT-Image-17-jun-2025-19_58_48-768x512.png 768w, https:\/\/blogsaverroes.juntadeandalucia.es\/ies-murillo\/files\/2025\/06\/ChatGPT-Image-17-jun-2025-19_58_48.png 1536w\" sizes=\"(max-width: 403px) 100vw, 403px\" \/><\/a><\/p>\n<\/td>\n<\/tr>\n<\/tbody>\n<\/table>\n<p style=\"text-align: center\"><span style=\"font-size: 14pt\"><strong><a href=\"https:\/\/eu.accounts.ricoh.com\/portal\/login.html?url=%2Ftop.html\" target=\"_blank\" rel=\"noopener\">ACCESO AL SERVICIO DE IMPRESI\u00d3N TRIBUNALES DE OPOSICI\u00d3N<\/a><\/strong><\/span><\/p>\n<h1 style=\"text-align: center\"><span style=\"color: #000000;font-family: georgia, palatino, serif\"><b>&nbsp;HORARIO DE SECRETAR\u00cdA<\/b><\/span><\/h1>\n<p style=\"text-align: left\"><span style=\"font-family: georgia, palatino, serif\"><span style=\"font-weight: 400\">A partir del 9 de septiembre <\/span><span style=\"font-weight: 400\">el horario de atenci\u00f3n al p\u00fablico ser\u00e1:<\/span><\/span><\/p>\n<ul>\n<li style=\"list-style-type: none\">\n<ul>\n<li><span style=\"font-weight: 400;font-family: georgia, palatino, serif\"><img loading=\"lazy\" decoding=\"async\" class=\"wp-image-7385 alignright\" src=\"https:\/\/blogsaverroes.juntadeandalucia.es\/ies-murillo\/files\/2020\/09\/horario-secre.jpg\" alt=\"\" width=\"261\" height=\"98\" srcset=\"https:\/\/blogsaverroes.juntadeandalucia.es\/ies-murillo\/files\/2020\/09\/horario-secre.jpg 512w, https:\/\/blogsaverroes.juntadeandalucia.es\/ies-murillo\/files\/2020\/09\/horario-secre-300x113.jpg 300w, https:\/\/blogsaverroes.juntadeandalucia.es\/ies-murillo\/files\/2020\/09\/horario-secre-510x192.jpg 510w, https:\/\/blogsaverroes.juntadeandalucia.es\/ies-murillo\/files\/2020\/09\/horario-secre-480x180.jpg 480w\" sizes=\"(max-width: 261px) 100vw, 261px\" \/><strong>De lunes a viernes de 09:30 a 11:00 horas.&nbsp;<\/strong><\/span><\/li>\n<li><span style=\"font-weight: 400;font-family: georgia, palatino, serif\"><strong>De lunes a viernes de 11:00 a 11:30 horas. (Para alumnos del centro)<\/strong><\/span><\/li>\n<\/ul>\n<\/li>\n<\/ul>\n<p style=\"text-align: left\">&nbsp;<\/p>\n<p style=\"text-align: left\"><span style=\"font-family: georgia, palatino, serif\"><span style=\"font-weight: 400\">&nbsp;Para cualquier tipo de CONSULTA a trav\u00e9s del <\/span><b>correo electr\u00f3nico:<\/b><\/span><\/p>\n<p style=\"text-align: left\"><span style=\"font-family: georgia, palatino, serif\"><a href=\"mailto:41006936.edu@juntadeandalucia.es\"><b>41006936.edu@juntadeandalucia.es<\/b><\/a><\/span><\/p>\n<p>O&nbsp; al tel\u00e9fono <strong>697952011<\/strong><\/p>\n<hr>\n<table style=\"border-collapse: collapse;width: 91.3822%;height: 260px\">\n<tbody>\n<tr style=\"height: 267px\">\n<td style=\"width: 100%;height: 267px\">\n<h1 style=\"text-align: center\"><span style=\"color: #000000;font-family: georgia, palatino, serif\"><span style=\"font-family: georgia, palatino, serif\"><a href=\"https:\/\/blogsaverroes.juntadeandalucia.es\/ies-murillo\/files\/2025\/02\/Preguntas-frecuentes-Secretaria.pdf\"><img loading=\"lazy\" decoding=\"async\" class=\"wp-image-12050\" src=\"https:\/\/blogsaverroes.juntadeandalucia.es\/ies-murillo\/files\/2025\/02\/20944375-1024x683.jpg\" alt=\"\" width=\"242\" height=\"161\" srcset=\"https:\/\/blogsaverroes.juntadeandalucia.es\/ies-murillo\/files\/2025\/02\/20944375-1024x683.jpg 1024w, https:\/\/blogsaverroes.juntadeandalucia.es\/ies-murillo\/files\/2025\/02\/20944375-300x200.jpg 300w, https:\/\/blogsaverroes.juntadeandalucia.es\/ies-murillo\/files\/2025\/02\/20944375-768x512.jpg 768w, https:\/\/blogsaverroes.juntadeandalucia.es\/ies-murillo\/files\/2025\/02\/20944375-1536x1024.jpg 1536w, https:\/\/blogsaverroes.juntadeandalucia.es\/ies-murillo\/files\/2025\/02\/20944375-2048x1365.jpg 2048w\" sizes=\"(max-width: 242px) 100vw, 242px\" \/><\/a><\/span><\/span><\/h1>\n<h1 style=\"text-align: center\"><span style=\"color: #000000;font-family: georgia, palatino, serif;font-size: 18pt\">FAQ<\/span><\/h1>\n<\/td>\n<\/tr>\n<\/tbody>\n<\/table>\n<p><span style=\"font-family: georgia, palatino, serif\">En este apartado encontrar\u00e1s respuestas a las dudas m\u00e1s comunes relacionadas con los tr\u00e1mites administrativos del centro. Nuestro objetivo es facilitarte la informaci\u00f3n de forma clara y r\u00e1pida.<br \/>\n<\/span><\/p>\n<p><span style=\"font-family: georgia, palatino, serif\">Haz clic en <strong>\u00abPreguntas Frecuentes\u00bb<\/strong> para consultar temas como:<\/span><br \/>\n<span style=\"font-family: georgia, palatino, serif\">\u2705 Proceso de admisi\u00f3n y matriculaci\u00f3n.<\/span><br \/>\n<span style=\"font-family: georgia, palatino, serif\">\u2705 Solicitud de certificados y t\u00edtulos.<\/span><br \/>\n<span style=\"font-family: georgia, palatino, serif\">\u2705 Convalidaciones y tr\u00e1mites acad\u00e9micos.<\/span><br \/>\n<span style=\"font-family: georgia, palatino, serif\">\u2705 Horarios y contacto con Secretar\u00eda.<\/span><\/p>\n<p><span style=\"font-family: georgia, palatino, serif\">Si no encuentras la informaci\u00f3n que necesitas, puedes ponerte en contacto con la Secretar\u00eda del centro a trav\u00e9s de los canales habilitados. \u00a1Estamos aqu\u00ed para ayudarte! \ud83d\ude0a<\/span><\/p>\n<hr>\n<h1 style=\"text-align: center\"><span style=\"font-family: georgia, palatino, serif\"><b>SOLICITUD EXPEDICI\u00d3N DE T\u00cdTULOS<\/b><\/span><\/h1>\n<p style=\"text-align: justify\"><span style=\"font-family: georgia, palatino, serif\">La expedici\u00f3n del t\u00edtulo del alumnado que finaliza 4\u00ba de ESO y ESPA II es solicitada <i>de oficio<\/i> por el centro, es decir, no hay que realizar ning\u00fan tr\u00e1mite.<\/span><\/p>\n<p style=\"text-align: justify\"><span style=\"font-family: georgia, palatino, serif\">El alumnado que finaliza 2\u00ba de bachillerato o 2\u00ba de FPIGS debe solicitar la expedici\u00f3n del t\u00edtulo correspondiente. Esta puede hacerse:<\/span><\/p>\n<ol style=\"text-align: justify\">\n<li><span style=\"font-family: georgia, palatino, serif\">A trav\u00e9s de la <a href=\"https:\/\/www.juntadeandalucia.es\/educacion\/secretariavirtual\/accesoTramite\/302\/\" target=\"_blank\" rel=\"noopener noreferrer\">secretar\u00eda virtual<\/a>.<\/span><\/li>\n<li><span style=\"font-family: georgia, palatino, serif\">Entregando la documentaci\u00f3n en la secretar\u00eda del centro (solicitud por duplicado).<\/span><\/li>\n<\/ol>\n<div class=\"et_pb_column et_pb_column_4_4 et_pb_column_0\">\n<div class=\"et_pb_text et_pb_module et_pb_bg_layout_light et_pb_text_align_left et_pb_text_0\">\n<p style=\"text-align: center\"><span style=\"font-family: georgia, palatino, serif\">Aqu\u00ed encontrar\u00e1s el impreso para solicitar tu t\u00edtulo de FP o de Bachillerato.<\/span><\/p>\n<p style=\"text-align: center\"><span style=\"font-family: georgia, palatino, serif\">Solicitud de t\u00edtulo de Formaci\u00f3n Profesional:<\/span><\/p>\n<p style=\"text-align: center\"><span style=\"font-family: georgia, palatino, serif\"><a href=\"https:\/\/drive.google.com\/file\/d\/1GvQm3fB1uI7rmn1P0AEDx1N3gy2OCvoF\/view?usp=sharing\" target=\"_blank\" rel=\"noopener noreferrer\"><strong>T\u00edtulo FP<\/strong><\/a><\/span><\/p>\n<p style=\"text-align: center\"><span style=\"font-family: georgia, palatino, serif\">Solicitud de t\u00edtulo de Bachillerato:<\/span><\/p>\n<p style=\"text-align: center\"><span style=\"font-family: georgia, palatino, serif\"><a href=\"https:\/\/drive.google.com\/file\/d\/1YrRWxnUbXuOaTrbbt3P77sKY0-wXpj3-\/view?usp=sharing\" target=\"_blank\" rel=\"noopener noreferrer\"><strong>T\u00edtulo Bachillerato<\/strong><\/a><a href=\"https:\/\/iesmurillo.com\/solicitudes-de-titulos-de-fp-y-de-bachillerato\/\"><strong><br \/>\n<\/strong><\/a><\/span><\/p>\n<\/div>\n<\/div>\n<p style=\"text-align: justify\"><span style=\"font-family: georgia, palatino, serif\">El pago del 046 puede hacerse en una entidad bancaria<a href=\"https:\/\/www.juntadeandalucia.es\/temas\/administracion\/impuestos\/tramite.html\"><strong> o de forma telem\u00e1tica<\/strong><\/a>; en este \u00faltimo caso est\u00e1 sujeto a un descuento. Es requisito <strong>imprescindible<\/strong> que la <strong>fecha de abono<\/strong> del 046 sea <strong>posterior a la fecha de la evaluaci\u00f3n<\/strong> en la que se obtiene el t\u00edtulo (convocatoria ordinaria o extraordinaria); en caso contrario habr\u00e1 que hacer un nuevo abono.<\/span><\/p>\n<p style=\"text-align: justify\"><span style=\"font-family: georgia, palatino, serif\">No es necesario indicar la nota media pues se genera a trav\u00e9s de S\u00e9neca.<\/span><\/p>\n<p style=\"text-align: justify\"><span style=\"font-family: georgia, palatino, serif\">La solicitud de expedici\u00f3n de t\u00edtulo <strong>no tiene plazo<\/strong> pero se debe tener en cuenta que la demora para recibirlos en el centro no suele ser menor de dos a\u00f1os desde el momento en que se tramitan.<\/span><\/p>\n<h2 style=\"text-align: center\"><span style=\"font-family: georgia, palatino, serif\"><b>CERTIFICACI\u00d3N ACAD\u00c9MICA DEL EXPEDIENTE O DE ENSE\u00d1ANZA BILING\u00dcE<\/b><\/span><\/h2>\n<h3 style=\"text-align: justify\"><strong><span style=\"font-family: georgia, palatino, serif\">Pueden solicitarse en secretar\u00eda<\/span><\/strong><\/h3>\n<h2 style=\"text-align: center\"><span style=\"font-family: georgia, palatino, serif\">CONVALIDACIONES PARA FP<\/span><\/h2>\n<p style=\"text-align: justify\"><span style=\"font-family: georgia, palatino, serif\"><a href=\"https:\/\/sites.google.com\/g.educaand.es\/iesmurillo-fpdistancia\/inicio?pli=1&amp;authuser=0\"><span style=\"color: #000000\"><i>En <strong><span style=\"color: #339966\">el siguiente enlace se accede al Real Decreto que regula las convalidaciones<\/span><\/strong> de m\u00f3dulos profesionales. En \u00e9l se pueden consultar todos los documentos a anexar y qu\u00e9 m\u00f3dulos se pueden convalidar o no. La solicitud de convalidaciones debe realizarse a la mayor brevedad posible tras la matriculaci\u00f3n. El alumnado que solicita convalidaci\u00f3n tiene la obligaci\u00f3n de asistir a clase hasta que reciba de la secretar\u00eda del centro resoluci\u00f3n favorable a la convalidaci\u00f3n.<\/i><\/span><\/a><\/span><\/p>\n<hr>\n<hr>\n<h1 style=\"text-align: center\"><span style=\"font-family: georgia, palatino, serif\"><a href=\"https:\/\/blogsaverroes.juntadeandalucia.es\/ies-murillo\/el-centro\/oferta-educativa\/\"><strong>OFERTA EDUCATIVA<\/strong><\/a><\/span><\/h1>\n<hr>\n<hr>\n<h2 style=\"text-align: center\"><span style=\"font-family: georgia, palatino, serif\"><strong>NOVEDADES SECRETAR\u00cdA<\/strong><\/span><\/h2>\n<p style=\"text-align: center\"><span style=\"font-family: georgia, palatino, serif\"><div class=\"pt-cv-wrapper\"><div class=\"pt-cv-view pt-cv-grid pt-cv-colsys\" id=\"pt-cv-view-415adf2a4m\"><div data-id=\"pt-cv-page-1\" class=\"pt-cv-page\" data-cvc=\"2\"><div class=\"col-md-6 col-sm-6 col-xs-12 pt-cv-content-item pt-cv-1-col\" ><div class='pt-cv-ifield'><a href=\"https:\/\/blogsaverroes.juntadeandalucia.es\/ies-murillo\/pruebas-para-la-obtencion-del-titulo-de-bachiller-para-personas-mayores-de-veinte-anos-de-2026\/\" class=\"_self pt-cv-href-thumbnail pt-cv-thumb-default\" target=\"_self\" ><img loading=\"lazy\" decoding=\"async\" width=\"150\" height=\"150\" src=\"https:\/\/blogsaverroes.juntadeandalucia.es\/ies-murillo\/files\/2026\/02\/Cabecera-150x150.png\" class=\"pt-cv-thumbnail\" alt=\"\" \/><\/a>\n<h4 class=\"pt-cv-title\"><a href=\"https:\/\/blogsaverroes.juntadeandalucia.es\/ies-murillo\/pruebas-para-la-obtencion-del-titulo-de-bachiller-para-personas-mayores-de-veinte-anos-de-2026\/\" class=\"_self\" target=\"_self\" >PRUEBAS PARA LA OBTENCI\u00d3N DEL T\u00cdTULO DE BACHILLER PARA PERSONAS MAYORES DE 20 A\u00d1OS-2026<\/a><\/h4>\n<div class=\"pt-cv-content\">Normativa de referencia: Orden de 16 de septiembre de 2019 por la que se regulan las pruebas para la obtenci\u00f3n ...<br \/><div class=\"pt-cv-rmwrap\"><a href=\"https:\/\/blogsaverroes.juntadeandalucia.es\/ies-murillo\/pruebas-para-la-obtencion-del-titulo-de-bachiller-para-personas-mayores-de-veinte-anos-de-2026\/\" class=\"_self pt-cv-readmore btn btn-success\" target=\"_self\">Leer M\u00e1s<\/a><\/div><\/div><\/div><\/div>\n<div class=\"col-md-6 col-sm-6 col-xs-12 pt-cv-content-item pt-cv-1-col\" ><div class='pt-cv-ifield'><a href=\"https:\/\/blogsaverroes.juntadeandalucia.es\/ies-murillo\/plan-de-centro-25-26-ies-murillo\/\" class=\"_self pt-cv-href-thumbnail pt-cv-thumb-default\" target=\"_self\" ><img loading=\"lazy\" decoding=\"async\" width=\"150\" height=\"150\" src=\"https:\/\/blogsaverroes.juntadeandalucia.es\/ies-murillo\/files\/2023\/12\/Copia-de-Logotipo-con-circulo-trazado-a-mano-150x150.jpg\" class=\"pt-cv-thumbnail\" alt=\"\" srcset=\"https:\/\/blogsaverroes.juntadeandalucia.es\/ies-murillo\/files\/2023\/12\/Copia-de-Logotipo-con-circulo-trazado-a-mano-150x150.jpg 150w, https:\/\/blogsaverroes.juntadeandalucia.es\/ies-murillo\/files\/2023\/12\/Copia-de-Logotipo-con-circulo-trazado-a-mano-300x300.jpg 300w, https:\/\/blogsaverroes.juntadeandalucia.es\/ies-murillo\/files\/2023\/12\/Copia-de-Logotipo-con-circulo-trazado-a-mano.jpg 500w\" sizes=\"(max-width: 150px) 100vw, 150px\" \/><\/a>\n<h4 class=\"pt-cv-title\"><a href=\"https:\/\/blogsaverroes.juntadeandalucia.es\/ies-murillo\/plan-de-centro-25-26-ies-murillo\/\" class=\"_self\" target=\"_self\" >PLAN DE CENTRO 25\/26 IES MURILLO<\/a><\/h4>\n<div class=\"pt-cv-content\">Aprobado el plan de centro para el curso 25\/26. Pincha en este enlace si quieres verlo o en este otro ...<br \/><div class=\"pt-cv-rmwrap\"><a href=\"https:\/\/blogsaverroes.juntadeandalucia.es\/ies-murillo\/plan-de-centro-25-26-ies-murillo\/\" class=\"_self pt-cv-readmore btn btn-success\" target=\"_self\">Leer M\u00e1s<\/a><\/div><\/div><\/div><\/div>\n<div class=\"col-md-6 col-sm-6 col-xs-12 pt-cv-content-item pt-cv-1-col\" ><div class='pt-cv-ifield'><a href=\"https:\/\/blogsaverroes.juntadeandalucia.es\/ies-murillo\/reagrupacion-de-hermanos-para-el-curso-escolar-2025-26\/\" class=\"_self pt-cv-href-thumbnail pt-cv-thumb-default\" target=\"_self\" ><img loading=\"lazy\" decoding=\"async\" width=\"150\" height=\"150\" src=\"https:\/\/blogsaverroes.juntadeandalucia.es\/ies-murillo\/files\/2025\/05\/reagrupacion-hermanos-150x150.png\" class=\"pt-cv-thumbnail\" alt=\"\" \/><\/a>\n<h4 class=\"pt-cv-title\"><a href=\"https:\/\/blogsaverroes.juntadeandalucia.es\/ies-murillo\/reagrupacion-de-hermanos-para-el-curso-escolar-2025-26\/\" class=\"_self\" target=\"_self\" >REAGRUPACI\u00d3N DE HERMANOS PARA EL CURSO ESCOLAR 2025\/26<\/a><\/h4>\n<div class=\"pt-cv-content\">Para el pr\u00f3ximo curso escolar 2025\/26 la reagrupaci\u00f3n de hermanos no se solicita por ANEXO IX. La familia deber\u00e1 presentar ...<br \/><div class=\"pt-cv-rmwrap\"><a href=\"https:\/\/blogsaverroes.juntadeandalucia.es\/ies-murillo\/reagrupacion-de-hermanos-para-el-curso-escolar-2025-26\/\" class=\"_self pt-cv-readmore btn btn-success\" target=\"_self\">Leer M\u00e1s<\/a><\/div><\/div><\/div><\/div>\n<div class=\"col-md-6 col-sm-6 col-xs-12 pt-cv-content-item pt-cv-1-col\" ><div class='pt-cv-ifield'><a href=\"https:\/\/blogsaverroes.juntadeandalucia.es\/ies-murillo\/ultimo-plazo-para-solicitar-taquilla\/\" class=\"_self pt-cv-href-thumbnail pt-cv-thumb-default\" target=\"_self\" ><img loading=\"lazy\" decoding=\"async\" width=\"150\" height=\"150\" src=\"https:\/\/blogsaverroes.juntadeandalucia.es\/ies-murillo\/files\/2024\/12\/A_realistic_illustration_of_a_high_school_hallway-150x150.jpg\" class=\"pt-cv-thumbnail\" alt=\"\" srcset=\"https:\/\/blogsaverroes.juntadeandalucia.es\/ies-murillo\/files\/2024\/12\/A_realistic_illustration_of_a_high_school_hallway-150x150.jpg 150w, https:\/\/blogsaverroes.juntadeandalucia.es\/ies-murillo\/files\/2024\/12\/A_realistic_illustration_of_a_high_school_hallway-300x300.jpg 300w, https:\/\/blogsaverroes.juntadeandalucia.es\/ies-murillo\/files\/2024\/12\/A_realistic_illustration_of_a_high_school_hallway-768x768.jpg 768w, https:\/\/blogsaverroes.juntadeandalucia.es\/ies-murillo\/files\/2024\/12\/A_realistic_illustration_of_a_high_school_hallway.jpg 1024w\" sizes=\"(max-width: 150px) 100vw, 150px\" \/><\/a>\n<h4 class=\"pt-cv-title\"><a href=\"https:\/\/blogsaverroes.juntadeandalucia.es\/ies-murillo\/ultimo-plazo-para-solicitar-taquilla\/\" class=\"_self\" target=\"_self\" >\u00daltimo plazo para solicitar taquilla<\/a><\/h4>\n<div class=\"pt-cv-content\">Estimada\/o familia\/alumnado: Se abre un nuevo y \u00faltimo plazo para solicitar taquilla para el alumnado del IES Murillo. Dicho plazo ...<br \/><div class=\"pt-cv-rmwrap\"><a href=\"https:\/\/blogsaverroes.juntadeandalucia.es\/ies-murillo\/ultimo-plazo-para-solicitar-taquilla\/\" class=\"_self pt-cv-readmore btn btn-success\" target=\"_self\">Leer M\u00e1s<\/a><\/div><\/div><\/div><\/div>\n<div class=\"col-md-6 col-sm-6 col-xs-12 pt-cv-content-item pt-cv-1-col\" ><div class='pt-cv-ifield'><a href=\"https:\/\/blogsaverroes.juntadeandalucia.es\/ies-murillo\/11775-2\/\" class=\"_self pt-cv-href-thumbnail pt-cv-thumb-default\" target=\"_self\" ><img loading=\"lazy\" decoding=\"async\" width=\"150\" height=\"150\" src=\"https:\/\/blogsaverroes.juntadeandalucia.es\/ies-murillo\/files\/2024\/10\/Copia-de-Copia-de-Copia-de-Logotipo-con-circulo-trazado-a-mano-1-150x150.png\" class=\"pt-cv-thumbnail\" alt=\"\" srcset=\"https:\/\/blogsaverroes.juntadeandalucia.es\/ies-murillo\/files\/2024\/10\/Copia-de-Copia-de-Copia-de-Logotipo-con-circulo-trazado-a-mano-1-150x150.png 150w, https:\/\/blogsaverroes.juntadeandalucia.es\/ies-murillo\/files\/2024\/10\/Copia-de-Copia-de-Copia-de-Logotipo-con-circulo-trazado-a-mano-1-300x300.png 300w, https:\/\/blogsaverroes.juntadeandalucia.es\/ies-murillo\/files\/2024\/10\/Copia-de-Copia-de-Copia-de-Logotipo-con-circulo-trazado-a-mano-1.png 500w\" sizes=\"(max-width: 150px) 100vw, 150px\" \/><\/a>\n<h4 class=\"pt-cv-title\"><a href=\"https:\/\/blogsaverroes.juntadeandalucia.es\/ies-murillo\/11775-2\/\" class=\"_self\" target=\"_self\" >Reuniones de tutores con las familias<\/a><\/h4>\n<div class=\"pt-cv-content\">Estimadas familias: En el siguiente enlace pod\u00e9is comprobar la fecha, la hora y el aula para la reuni\u00f3n con el ...<br \/><div class=\"pt-cv-rmwrap\"><a href=\"https:\/\/blogsaverroes.juntadeandalucia.es\/ies-murillo\/11775-2\/\" class=\"_self pt-cv-readmore btn btn-success\" target=\"_self\">Leer M\u00e1s<\/a><\/div><\/div><\/div><\/div>\n<div class=\"col-md-6 col-sm-6 col-xs-12 pt-cv-content-item pt-cv-1-col\" ><div class='pt-cv-ifield'><a href=\"https:\/\/blogsaverroes.juntadeandalucia.es\/ies-murillo\/modificacion-plazo-solicitudes-estancias-larga-duracion-erasmus-viveros-de-paz\/\" class=\"_self pt-cv-href-thumbnail pt-cv-thumb-default\" target=\"_self\" ><img loading=\"lazy\" decoding=\"async\" width=\"150\" height=\"150\" src=\"https:\/\/blogsaverroes.juntadeandalucia.es\/ies-murillo\/files\/2024\/09\/Copia-de-Copia-de-Copia-de-Logotipo-con-circulo-trazado-a-mano-1-1-150x150.png\" class=\"pt-cv-thumbnail\" alt=\"\" srcset=\"https:\/\/blogsaverroes.juntadeandalucia.es\/ies-murillo\/files\/2024\/09\/Copia-de-Copia-de-Copia-de-Logotipo-con-circulo-trazado-a-mano-1-1-150x150.png 150w, https:\/\/blogsaverroes.juntadeandalucia.es\/ies-murillo\/files\/2024\/09\/Copia-de-Copia-de-Copia-de-Logotipo-con-circulo-trazado-a-mano-1-1-300x300.png 300w, https:\/\/blogsaverroes.juntadeandalucia.es\/ies-murillo\/files\/2024\/09\/Copia-de-Copia-de-Copia-de-Logotipo-con-circulo-trazado-a-mano-1-1.png 500w\" sizes=\"(max-width: 150px) 100vw, 150px\" \/><\/a>\n<h4 class=\"pt-cv-title\"><a href=\"https:\/\/blogsaverroes.juntadeandalucia.es\/ies-murillo\/modificacion-plazo-solicitudes-estancias-larga-duracion-erasmus-viveros-de-paz\/\" class=\"_self\" target=\"_self\" >MODIFICACION PLAZO SOLICITUDES ESTANCIAS LARGA DURACI\u00d3N ERASMUS + VIVEROS DE PAZ<\/a><\/h4>\n<div class=\"pt-cv-content\">Ante las dificultades encontradas, primero por acceso al formulario y despu\u00e9s por errores en el mismo, se AMPLIA EL PLAZO ...<br \/><div class=\"pt-cv-rmwrap\"><a href=\"https:\/\/blogsaverroes.juntadeandalucia.es\/ies-murillo\/modificacion-plazo-solicitudes-estancias-larga-duracion-erasmus-viveros-de-paz\/\" class=\"_self pt-cv-readmore btn btn-success\" target=\"_self\">Leer M\u00e1s<\/a><\/div><\/div><\/div><\/div>\n<div class=\"col-md-6 col-sm-6 col-xs-12 pt-cv-content-item pt-cv-1-col\" ><div class='pt-cv-ifield'><a href=\"https:\/\/blogsaverroes.juntadeandalucia.es\/ies-murillo\/convalidaciones-para-fp\/\" class=\"_self pt-cv-href-thumbnail pt-cv-thumb-default\" target=\"_self\" ><img loading=\"lazy\" decoding=\"async\" width=\"150\" height=\"150\" src=\"https:\/\/blogsaverroes.juntadeandalucia.es\/ies-murillo\/files\/2024\/09\/Copia-de-Copia-de-Logotipo-con-circulo-trazado-a-mano-150x150.png\" class=\"pt-cv-thumbnail\" alt=\"\" srcset=\"https:\/\/blogsaverroes.juntadeandalucia.es\/ies-murillo\/files\/2024\/09\/Copia-de-Copia-de-Logotipo-con-circulo-trazado-a-mano-150x150.png 150w, https:\/\/blogsaverroes.juntadeandalucia.es\/ies-murillo\/files\/2024\/09\/Copia-de-Copia-de-Logotipo-con-circulo-trazado-a-mano-300x300.png 300w, https:\/\/blogsaverroes.juntadeandalucia.es\/ies-murillo\/files\/2024\/09\/Copia-de-Copia-de-Logotipo-con-circulo-trazado-a-mano.png 500w\" sizes=\"(max-width: 150px) 100vw, 150px\" \/><\/a>\n<h4 class=\"pt-cv-title\"><a href=\"https:\/\/blogsaverroes.juntadeandalucia.es\/ies-murillo\/convalidaciones-para-fp\/\" class=\"_self\" target=\"_self\" >CONVALIDACIONES PARA FP<\/a><\/h4>\n<div class=\"pt-cv-content\">CONVALIDACIONES PARA FP En el siguiente enlace se accede al Real Decreto que regula las convalidaciones de m\u00f3dulos profesionales. En ...<br \/><div class=\"pt-cv-rmwrap\"><a href=\"https:\/\/blogsaverroes.juntadeandalucia.es\/ies-murillo\/convalidaciones-para-fp\/\" class=\"_self pt-cv-readmore btn btn-success\" target=\"_self\">Leer M\u00e1s<\/a><\/div><\/div><\/div><\/div>\n<div class=\"col-md-6 col-sm-6 col-xs-12 pt-cv-content-item pt-cv-1-col\" ><div class='pt-cv-ifield'><a href=\"https:\/\/blogsaverroes.juntadeandalucia.es\/ies-murillo\/matriculacion-curso-24-25\/\" class=\"_self pt-cv-href-thumbnail pt-cv-thumb-default\" target=\"_self\" ><img loading=\"lazy\" decoding=\"async\" width=\"150\" height=\"150\" src=\"https:\/\/blogsaverroes.juntadeandalucia.es\/ies-murillo\/files\/2023\/06\/matricula-150x150.jpg\" class=\"pt-cv-thumbnail\" alt=\"\" \/><\/a>\n<h4 class=\"pt-cv-title\"><a href=\"https:\/\/blogsaverroes.juntadeandalucia.es\/ies-murillo\/matriculacion-curso-24-25\/\" class=\"_self\" target=\"_self\" >MATRICULACI\u00d3N CURSO 24\/25<\/a><\/h4>\n<div class=\"pt-cv-content\">Estimadas familias Les recordamos que el d\u00eda 10 de julio finaliza el plazo de matriculaci\u00f3n del alumnado en los centros ...<br \/><div class=\"pt-cv-rmwrap\"><a href=\"https:\/\/blogsaverroes.juntadeandalucia.es\/ies-murillo\/matriculacion-curso-24-25\/\" class=\"_self pt-cv-readmore btn btn-success\" target=\"_self\">Leer M\u00e1s<\/a><\/div><\/div><\/div><\/div><\/div><\/div><\/div><\/span><\/p>\n<hr>\n<hr>\n<p style=\"text-align: center\"><span style=\"font-family: georgia, palatino, serif\"><strong>Direcci\u00f3n:<\/strong>&nbsp;Calle Jos\u00e9 Mar\u00eda Recuerda Rubio, 6. 41018. Sevilla.<\/span><\/p>\n<p style=\"text-align: center\"><span style=\"font-family: georgia, palatino, serif\"><strong>Tel\u00e9fonos:<\/strong>&nbsp;955623865\/66<\/span><\/p>\n<p style=\"text-align: center\"><span style=\"font-family: georgia, palatino, serif\"><strong>Fax:<\/strong>&nbsp;955623871<\/span><\/p>\n<p style=\"text-align: center\"><span style=\"font-family: verdana, geneva, sans-serif\"><span style=\"font-family: georgia, palatino, serif\"><strong>Correo electr\u00f3nico<\/strong>:&nbsp;4100693<\/span>6.edu@juntadeandalucia.es<\/span><\/p>\n","protected":false},"excerpt":{"rendered":"<p>&nbsp; ACCESO AL SERVICIO DE IMPRESI\u00d3N TRIBUNALES DE OPOSICI\u00d3N &nbsp;HORARIO DE SECRETAR\u00cdA A partir del 9 de septiembre el horario de atenci\u00f3n al p\u00fablico ser\u00e1:&hellip;<\/p>\n","protected":false},"author":17290,"featured_media":0,"parent":0,"menu_order":0,"comment_status":"closed","ping_status":"closed","template":"","meta":{"ngg_post_thumbnail":0,"footnotes":""},"aioseo_notices":[],"_links":{"self":[{"href":"https:\/\/blogsaverroes.juntadeandalucia.es\/ies-murillo\/wp-json\/wp\/v2\/pages\/920"}],"collection":[{"href":"https:\/\/blogsaverroes.juntadeandalucia.es\/ies-murillo\/wp-json\/wp\/v2\/pages"}],"about":[{"href":"https:\/\/blogsaverroes.juntadeandalucia.es\/ies-murillo\/wp-json\/wp\/v2\/types\/page"}],"author":[{"embeddable":true,"href":"https:\/\/blogsaverroes.juntadeandalucia.es\/ies-murillo\/wp-json\/wp\/v2\/users\/17290"}],"replies":[{"embeddable":true,"href":"https:\/\/blogsaverroes.juntadeandalucia.es\/ies-murillo\/wp-json\/wp\/v2\/comments?post=920"}],"version-history":[{"count":45,"href":"https:\/\/blogsaverroes.juntadeandalucia.es\/ies-murillo\/wp-json\/wp\/v2\/pages\/920\/revisions"}],"predecessor-version":[{"id":12330,"href":"https:\/\/blogsaverroes.juntadeandalucia.es\/ies-murillo\/wp-json\/wp\/v2\/pages\/920\/revisions\/12330"}],"wp:attachment":[{"href":"https:\/\/blogsaverroes.juntadeandalucia.es\/ies-murillo\/wp-json\/wp\/v2\/media?parent=920"}],"curies":[{"name":"wp","href":"https:\/\/api.w.org\/{rel}","templated":true}]}}