{"id":636,"date":"2023-10-13T17:11:19","date_gmt":"2023-10-13T16:11:19","guid":{"rendered":"https:\/\/blogsaverroes.juntadeandalucia.es\/ies-sierra-luna\/?page_id=636"},"modified":"2025-07-21T22:03:12","modified_gmt":"2025-07-21T21:03:12","slug":"el-centro","status":"publish","type":"page","link":"https:\/\/blogsaverroes.juntadeandalucia.es\/ies-sierra-luna\/el-centro\/","title":{"rendered":"Los Barrios"},"content":{"rendered":"<p>El I.E.S. Sierra Luna est\u00e1 situado en la villa de Los Barrios, municipio espa\u00f1ol situado en la provincia de C\u00e1diz. Actualmente cuenta con una poblaci\u00f3n de 23.277 hab. (Datos de 2020) aproximadamente. Se encuentra enmarcado en la comarca del Campo de Gibraltar (Imagen 1) siendo uno de los municipios de \u00e9sta con mayor extensi\u00f3n (332 km<sup>2<\/sup>) y tiene una densidad de 70,8 hab\/km<sup>2<\/sup>. Est\u00e1 a 100 km de la capital de la provincia, C\u00e1diz, a 9 kil\u00f3metros de Algeciras y en confluencia del r\u00edo Palmones.<\/p>\n<p>La&nbsp; posici\u00f3n de este municipio es estrat\u00e9gica, junto al Estrecho de Gibraltar, por ello, estuvo poblado desde la prehistoria y han sido varios los pueblos y culturas que han dejado su huella en el territorio: romanos, \u00e1rabes, cristianos\u2026 sin embargo, si hay un hecho que marca la historia de la villa y as\u00ed su fundaci\u00f3n fue la toma de Gibraltar en 1704. Desde este momento adquirir\u00e1 entidad propia siendo uno de los lugares en los que se refugi\u00f3 poblaci\u00f3n del Pe\u00f1\u00f3n estableciendo el germen del actual municipio.<\/p>\n<p>Desde los a\u00f1os 70 del siglo XX y en el marco de un plan de reindustrializaci\u00f3n comarcal, el municipio alberga un pol\u00edgono industrial siendo Acerinox una de las industrias con mayor peso econ\u00f3mico. A\u00f1os m\u00e1s tarde se instal\u00f3 la central t\u00e9rmica, actualmente en desmantelamiento, y a ra\u00edz de ah\u00ed fueron varias las empresas que eligieron esta zona para instalarse: Endesa, Adiqu\u00edmica, Indorama\u2026<\/p>\n<p>En los \u00faltimos a\u00f1os, la actividad econ\u00f3mica principal del municipio no es solo industrial, adem\u00e1s de ser una poblaci\u00f3n dormitorio, se ha promovido el Parque Comercial Las Marismas, siendo uno de los m\u00e1s importantes de Andaluc\u00eda. Es el \u00fanico de este tipo en la comarca y adem\u00e1s de destacar por la oferta comercial y de ocio, es uno de los motores econ\u00f3micos del municipio y la comarca con operadores como Carrefour, Leroy Merlin, Decathlon, Media Markt, Lidl, McDonald\u00b4s o Norauto entre otros. Adem\u00e1s, se re\u00fane un nutrido grupo de peque\u00f1as y medianas empresas. Para terminar sobre la situaci\u00f3n econ\u00f3mica, complementando la oferta industrial y comercial indicada, las principales actividades son el comercio al por mayor y al por menor, la reparaci\u00f3n de veh\u00edculos y la hosteler\u00eda.<\/p>\n<p>Los datos de paro se mantienen en valores altos con respecto a la media nacional, actualmente es del 29,13% en el municipio siendo del 16,2% en Espa\u00f1a. Este es uno de los indicadores m\u00e1s negativos desde el punto de vista social y el paro ha incidido m\u00e1s en las personas con menor nivel de formaci\u00f3n<a href=\"#_ftn1\" name=\"_ftnref1\">[1]<\/a>. A esto sumamos que los datos de paro juvenil no son tampoco nada positivos, siendo \u00e9stos poblaci\u00f3n diana en las actividades de formaci\u00f3n permanente y de aprendizaje a lo largo de la vida para poder mejorar en el mercado laboral. Por ello, la apuesta por mejorar y optimizar las ense\u00f1anzas de Formaci\u00f3n Profesional en el centro educativo siendo necesario para ello dar importancia a la orientaci\u00f3n y asesoramiento para la elecci\u00f3n del mejor itinerario formativo-profesional adecuado para cada persona.<\/p>\n<p><a href=\"#_ftnref1\" name=\"_ftn1\">[1]<\/a> &nbsp;Datos del Ministerio de Educaci\u00f3n, 2011: <a href=\"https:\/\/www.todofp.es\/dam\/jcr:59fdc3f5-71d4-4068-bd55-fec917884202\/20111018-mapafp-pdf.pdf\">https:\/\/www.todofp.es\/dam\/jcr:59fdc3f5-71d4-4068-bd55-fec917884202\/20111018-mapafp-pdf.pdf<\/a><\/p>\n<p>&nbsp;<\/p>\n","protected":false},"excerpt":{"rendered":"<p>El I.E.S. Sierra Luna est\u00e1 situado en la villa de Los Barrios, municipio espa\u00f1ol situado en la provincia de C\u00e1diz. Actualmente cuenta con una poblaci\u00f3n de 23.277 hab. (Datos de 2020) aproximadamente. Se encuentra enmarcado en la comarca del Campo de Gibraltar (Imagen 1) siendo uno de los municipios de \u00e9sta con mayor extensi\u00f3n (332 [&hellip;]<\/p>\n","protected":false},"author":13544,"featured_media":0,"parent":0,"menu_order":0,"comment_status":"closed","ping_status":"closed","template":"","meta":{"_et_pb_use_builder":"off","_et_pb_old_content":"","_et_gb_content_width":"","ngg_post_thumbnail":0,"footnotes":""},"aioseo_notices":[],"_links":{"self":[{"href":"https:\/\/blogsaverroes.juntadeandalucia.es\/ies-sierra-luna\/wp-json\/wp\/v2\/pages\/636"}],"collection":[{"href":"https:\/\/blogsaverroes.juntadeandalucia.es\/ies-sierra-luna\/wp-json\/wp\/v2\/pages"}],"about":[{"href":"https:\/\/blogsaverroes.juntadeandalucia.es\/ies-sierra-luna\/wp-json\/wp\/v2\/types\/page"}],"author":[{"embeddable":true,"href":"https:\/\/blogsaverroes.juntadeandalucia.es\/ies-sierra-luna\/wp-json\/wp\/v2\/users\/13544"}],"replies":[{"embeddable":true,"href":"https:\/\/blogsaverroes.juntadeandalucia.es\/ies-sierra-luna\/wp-json\/wp\/v2\/comments?post=636"}],"version-history":[{"count":5,"href":"https:\/\/blogsaverroes.juntadeandalucia.es\/ies-sierra-luna\/wp-json\/wp\/v2\/pages\/636\/revisions"}],"predecessor-version":[{"id":855,"href":"https:\/\/blogsaverroes.juntadeandalucia.es\/ies-sierra-luna\/wp-json\/wp\/v2\/pages\/636\/revisions\/855"}],"wp:attachment":[{"href":"https:\/\/blogsaverroes.juntadeandalucia.es\/ies-sierra-luna\/wp-json\/wp\/v2\/media?parent=636"}],"curies":[{"name":"wp","href":"https:\/\/api.w.org\/{rel}","templated":true}]}}