{"id":932,"date":"2025-09-30T20:53:11","date_gmt":"2025-09-30T19:53:11","guid":{"rendered":"https:\/\/blogsaverroes.juntadeandalucia.es\/ies-sierra-luna\/?page_id=932"},"modified":"2025-12-10T17:27:55","modified_gmt":"2025-12-10T16:27:55","slug":"documentos-del-plan-de-centro","status":"publish","type":"page","link":"https:\/\/blogsaverroes.juntadeandalucia.es\/ies-sierra-luna\/documentos-del-plan-de-centro\/","title":{"rendered":"Documentos del Plan de centro"},"content":{"rendered":"<p><strong>PLAN DE CENTRO 2025-2026&nbsp;<\/strong><\/p>\n<p><strong>PROYECTO DE GESTI\u00d3N<\/strong><\/p>\n<p><a href=\"https:\/\/drive.google.com\/file\/d\/17pZkpL1kdGSvYqS1QBAuRpiI5PB4Bt9m\/view?usp=sharing\">Proyecto de Gesti\u00f3n.<\/a><\/p>\n<p><strong>ROF<\/strong><\/p>\n<p><a href=\"https:\/\/drive.google.com\/file\/d\/1eD6APf1t-iDHKGZQ8NqSNWBwLCUVoUc4\/view?usp=sharing\">ROF<\/a><\/p>\n<p><strong>PROYECTO EDUCATIVO<\/strong><\/p>\n<p><a href=\"https:\/\/drive.google.com\/file\/d\/126NMI7QXxJR7WBMIbrO24P0QNgJelDzY\/view?usp=sharing\">Introducci\u00f3n: contexto, finalidades educativas y normativa<\/a>.<\/p>\n<ol>\n<li><a href=\"https:\/\/drive.google.com\/file\/d\/1j2aA7mHQ7g81-jH1dxB0UWyq52fGfJnr\/view?usp=sharing\">Objetivos para la mejora del rendimiento escolar y la continuidad del alumnado en el sistema educativo.<\/a><\/li>\n<li><a href=\"https:\/\/drive.google.com\/file\/d\/1mE5YdDhsTXFOYANFYrvEjowSar9kqnTe\/view?usp=sharing\">L\u00edneas generales de actuaci\u00f3n pedag\u00f3gica.<\/a><\/li>\n<li><a href=\"https:\/\/drive.google.com\/file\/d\/1AZLpi8ZehNR7Hi-aPp02qx4Kp_kr_W-O\/view?usp=sharing\">Coordinaci\u00f3n y concreci\u00f3n de contenidos<\/a>.<\/li>\n<li><a href=\"https:\/\/drive.google.com\/file\/d\/1XmDP5vTsFtw0gbccLLBCheYNrcrsH-RN\/view?usp=sharing\">Criterios pedag\u00f3gicos para la determinaci\u00f3n de los \u00f3rganos de coordinaci\u00f3n docente del centro y del horario de dedicaci\u00f3n.<\/a><\/li>\n<li><a href=\"https:\/\/drive.google.com\/file\/d\/1Ko58El2baTTCXMFdg0KJMdlTeCYzyunm\/view?usp=sharing\">Procedimientos y criterios de evaluaci\u00f3n, promoci\u00f3n y titulaci\u00f3n del alumnado.<\/a><\/li>\n<li><a href=\"https:\/\/drive.google.com\/file\/d\/1E1rsEJBnZ8pZNsvn45xfK_qKN4dSd5OC\/view?usp=sharing\">Atenci\u00f3n a la Diversidad<\/a>.<\/li>\n<li><a href=\"https:\/\/drive.google.com\/file\/d\/1s4GGhdKbR2ro66Jpa8tcD3K9_0MhiV31\/view?usp=sharing\">Plan de Orientaci\u00f3n y Acci\u00f3n tutorial.<\/a><\/li>\n<li><a href=\"https:\/\/drive.google.com\/file\/d\/16nqNBD7j48vHFed6cW6yO10fPHlbGYnw\/view?usp=sharing\">Procesos de mejora: memoria de autoevaluaci\u00f3n y plan de mejora<\/a>.<\/li>\n<li><a href=\"https:\/\/drive.google.com\/file\/d\/10pKNbyOVKZIKkI3io0PiJMDaX_fNFUu4\/view?usp=sharing\">Procedimientos para suscribir compromisos educativos y de convivencia.<\/a><\/li>\n<li><a href=\"https:\/\/drive.google.com\/file\/d\/1MEu4OnMjoMA87nIGqg8apcQ-1my9QPIG\/view?usp=sharing\">Plan de Formaci\u00f3n del profesorado<\/a>.<\/li>\n<li><a href=\"https:\/\/drive.google.com\/file\/d\/15GdEzzMkZZti-alIsTS_GyUg2qUxHjRB\/view?usp=sharing\">Plan de convivencia.&nbsp;<\/a><\/li>\n<li>Servicios ofertados: Transporte Escolar (en proyecto)<\/li>\n<li><a href=\"https:\/\/drive.google.com\/file\/d\/1KOYsTE58UHjJ0vtExZxK98QIJx1BYnQw\/view?usp=sharing\">Criterios para establecer agrupamiento del alumnado y asignar tutor\u00edas en los departamentos.<\/a><\/li>\n<li><a href=\"https:\/\/drive.google.com\/file\/d\/1K1F-hpgvgE2EEDyGfjLXNhnPTLJa1ZsZ\/view?usp=sharing\">Criterios generales para la elaboraci\u00f3n de las Programaciones Did\u00e1cticas en todas las ense\u00f1anzas<\/a>.<\/li>\n<li><a href=\"https:\/\/drive.google.com\/file\/d\/1IpWEpV9yXL7leIbSQ80QtfsIiy5lYxyA\/view?usp=sharing\">Atenci\u00f3n Educativa y Religi\u00f3n<\/a>.<\/li>\n<li>Criterios para la elaboraci\u00f3n de horarios en todas las ense\u00f1anzas (en proyecto)<\/li>\n<li><a href=\"https:\/\/drive.google.com\/file\/d\/1TeaVwhLDC4kb5kbxxXQPNhb62KSKeUvY\/view?usp=sharing\">Protocolo de actuaci\u00f3n tras las evaluaciones<\/a>.<\/li>\n<li>Protocolo de aclaraci\u00f3n, revisi\u00f3n y reclamaci\u00f3n (en proyecto)<\/li>\n<li>Regulaci\u00f3n y organizaci\u00f3n de Planes y Programas (en proyecto)<\/li>\n<li>Organizaci\u00f3n de las actividades de recuperaci\u00f3n para el alumnado con materias pendientes de evaluaci\u00f3n positiva (en proyecto)<\/li>\n<li><a href=\"https:\/\/drive.google.com\/file\/d\/1-TAHvy-oJH8vZ4SLuOapsvyMsiMA2lxV\/view?usp=sharing\">Instrucciones para tutores\/as en el Programa de gratuidad de libros de texto<\/a>.<\/li>\n<li>Aplicaci\u00f3n de la Evaluaci\u00f3n Continua en Formaci\u00f3n Profesional (en proyecto)<\/li>\n<\/ol>\n<p><strong>Anexos al Plan de centro:<\/strong><\/p>\n<ol>\n<li><a href=\"https:\/\/drive.google.com\/file\/d\/16mFofIVBxj57pDydUDfWzbvPpjKfyHah\/view?usp=sharing\">Plan de Igualdad.<\/a><\/li>\n<li><a href=\"https:\/\/drive.google.com\/file\/d\/1zv64u_EZcAcPZLvwkHqDrtClJLGN3VG2\/view?usp=sharing\">Plan de actuaci\u00f3n de Escuela Espacio de Paz.<\/a><\/li>\n<li>Plan de actuaci\u00f3n de la Biblioteca Escolar.<\/li>\n<li><a href=\"https:\/\/drive.google.com\/file\/d\/1miXFkJhX4G2EHYWN3H7NOj_pQYn7MmVi\/view?usp=sharing\">Plan de Autoprotecci\u00f3n.<\/a><\/li>\n<li><a href=\"https:\/\/drive.google.com\/file\/d\/1mu0Zo4-Ilu4cvJXO1CLcNPcfPs6E7iCZ\/view?usp=sharing\">Plan de Actuaci\u00f3n Digital.<\/a><\/li>\n<li><a href=\"https:\/\/drive.google.com\/file\/d\/1x_1vDzKsoXoFq3ytIf-GFYIrM0hwpao8\/view?usp=sharing\">Plan de actuaci\u00f3n ComunicA<\/a><\/li>\n<li><a href=\"https:\/\/drive.google.com\/file\/d\/1MEwBpKsaTzGorjlRn0r5jgVqzqXTevus\/view?usp=sharing\">Programa de AACCEE<\/a>.<\/li>\n<li><a href=\"https:\/\/drive.google.com\/file\/d\/1toHZcLEcNM9-mLWKWOjjaTKdvagIfI1D\/view?usp=sharing\">Plan de fomento de la lectura.<\/a><\/li>\n<li>Plan de razonamiento matem\u00e1tico.<\/li>\n<li><a href=\"https:\/\/drive.google.com\/file\/d\/1Qtwd55nyQ6zkVyX-GsXSkMQ2bu5XAA_B\/view?usp=sharing\">Plan de actuaci\u00f3n Investiga y Descubre.<\/a><\/li>\n<li><a href=\"https:\/\/drive.google.com\/file\/d\/12LOM-hL1jkNeI5ESavvgMNidku3G49dW\/view?usp=sharing\">Programa H\u00e1bitos de Vida Saludable<\/a><\/li>\n<li><a href=\"https:\/\/drive.google.com\/file\/d\/11V8i7zUqnLCtNHv9lrHUfyuz8u9sm2h4\/view?usp=sharing\">Gu\u00eda de simulacro y evaluaci\u00f3n (25-26)<\/a><\/li>\n<li><a href=\"https:\/\/drive.google.com\/file\/d\/1_58IQm13U2lhQgFDC0k3tvZ_JcJCdg2h\/view?usp=sharing\">Plan de actuaci\u00f3n de Bienestar Emocional<\/a><\/li>\n<li><a href=\"https:\/\/drive.google.com\/file\/d\/1KWVqN2d9JIX_K61R5gFJw54n4VsPbm_P\/view?usp=sharing\">Plan de actuaci\u00f3n ALDEA<\/a><\/li>\n<\/ol>\n<p><strong>Otros documentos del Plan de centro:<\/strong><\/p>\n<ol>\n<li><a href=\"https:\/\/drive.google.com\/drive\/folders\/1QSUn7I2HkqtIFJlvOCKaMdKxvz0kfwqK?usp=sharing\">Programaciones DID\u00c1CTICAS de ESO.<\/a><\/li>\n<li><a href=\"https:\/\/drive.google.com\/drive\/folders\/1TlhlUTL5ZBmaIPWYwxsdDbEoDOEh9-5l?usp=sharing\">Programaciones DID\u00c1CTICAS de BACHILLERATO.<\/a><\/li>\n<li><a href=\"https:\/\/drive.google.com\/drive\/folders\/1aScO4dxPzBYF-cEk7-9CZGQ9Dh2ouqSk?usp=sharing\">Programaciones DID\u00c1CTICAS de FORMACI\u00d3N PROFESIONAL.<\/a><\/li>\n<li><a href=\"https:\/\/drive.google.com\/drive\/folders\/1KJ4SSSUohE3P30Qp3JxBXiBV2Ix_JrRb?usp=sharing\">Programaciones DID\u00c1CTICAS de Educaci\u00f3n Permanente<\/a>.&nbsp;<\/li>\n<li><a href=\"https:\/\/drive.google.com\/drive\/folders\/1NqGkbqvh3Rh3-5uyrBocJhRv-X5d2Ci7?usp=sharing\">Plan de actuaci\u00f3n del Dpto. de Orientaci\u00f3n<\/a>.<\/li>\n<\/ol>\n<p>&nbsp;<\/p>\n","protected":false},"excerpt":{"rendered":"<p>PLAN DE CENTRO 2025-2026&nbsp; PROYECTO DE GESTI\u00d3N Proyecto de Gesti\u00f3n. ROF ROF PROYECTO EDUCATIVO Introducci\u00f3n: contexto, finalidades educativas y normativa. Objetivos para la mejora del rendimiento escolar y la continuidad del alumnado en el sistema educativo. L\u00edneas generales de actuaci\u00f3n pedag\u00f3gica. Coordinaci\u00f3n y concreci\u00f3n de contenidos. Criterios pedag\u00f3gicos para la determinaci\u00f3n de los \u00f3rganos de [&hellip;]<\/p>\n","protected":false},"author":13544,"featured_media":0,"parent":0,"menu_order":0,"comment_status":"closed","ping_status":"closed","template":"","meta":{"_et_pb_use_builder":"","_et_pb_old_content":"","_et_gb_content_width":"","ngg_post_thumbnail":0,"footnotes":""},"aioseo_notices":[],"_links":{"self":[{"href":"https:\/\/blogsaverroes.juntadeandalucia.es\/ies-sierra-luna\/wp-json\/wp\/v2\/pages\/932"}],"collection":[{"href":"https:\/\/blogsaverroes.juntadeandalucia.es\/ies-sierra-luna\/wp-json\/wp\/v2\/pages"}],"about":[{"href":"https:\/\/blogsaverroes.juntadeandalucia.es\/ies-sierra-luna\/wp-json\/wp\/v2\/types\/page"}],"author":[{"embeddable":true,"href":"https:\/\/blogsaverroes.juntadeandalucia.es\/ies-sierra-luna\/wp-json\/wp\/v2\/users\/13544"}],"replies":[{"embeddable":true,"href":"https:\/\/blogsaverroes.juntadeandalucia.es\/ies-sierra-luna\/wp-json\/wp\/v2\/comments?post=932"}],"version-history":[{"count":45,"href":"https:\/\/blogsaverroes.juntadeandalucia.es\/ies-sierra-luna\/wp-json\/wp\/v2\/pages\/932\/revisions"}],"predecessor-version":[{"id":979,"href":"https:\/\/blogsaverroes.juntadeandalucia.es\/ies-sierra-luna\/wp-json\/wp\/v2\/pages\/932\/revisions\/979"}],"wp:attachment":[{"href":"https:\/\/blogsaverroes.juntadeandalucia.es\/ies-sierra-luna\/wp-json\/wp\/v2\/media?parent=932"}],"curies":[{"name":"wp","href":"https:\/\/api.w.org\/{rel}","templated":true}]}}