{"id":1180,"date":"2025-05-15T10:15:04","date_gmt":"2025-05-15T08:15:04","guid":{"rendered":"https:\/\/blogsaverroes.juntadeandalucia.es\/iesaccabe\/?page_id=1180"},"modified":"2025-05-29T10:20:08","modified_gmt":"2025-05-29T08:20:08","slug":"programa-de-centro-bilingue","status":"publish","type":"page","link":"https:\/\/blogsaverroes.juntadeandalucia.es\/iesaccabe\/programa-de-centro-bilingue\/","title":{"rendered":"Programa de centro Biling\u00fce"},"content":{"rendered":"<p>[et_pb_section fb_built=&#8221;1&#8243; _builder_version=&#8221;4.16&#8243; global_colors_info=&#8221;{}&#8221;][et_pb_row _builder_version=&#8221;4.16&#8243; custom_margin=&#8221;-20px|||&#8221; z_index_tablet=&#8221;500&#8243; box_shadow_horizontal_tablet=&#8221;0px&#8221; box_shadow_vertical_tablet=&#8221;0px&#8221; box_shadow_blur_tablet=&#8221;40px&#8221; box_shadow_spread_tablet=&#8221;0px&#8221; global_colors_info=&#8221;{}&#8221;][et_pb_column type=&#8221;4_4&#8243; _builder_version=&#8221;4.16&#8243; custom_padding=&#8221;|||&#8221; global_colors_info=&#8221;{}&#8221; custom_padding__hover=&#8221;|||&#8221;][et_pb_image src=&#8221;https:\/\/blogsaverroes.juntadeandalucia.es\/iesaccabe\/files\/2025\/05\/5-sin-titulo_20250515102337.png&#8221; title_text=&#8221;5 sin t\u00edtulo_20250515102337&#8243; admin_label=&#8221;Imagen de la portada&#8221; _builder_version=&#8221;4.24.2&#8243; vertical_offset_tablet=&#8221;0&#8243; horizontal_offset_tablet=&#8221;0&#8243; z_index_tablet=&#8221;500&#8243; box_shadow_horizontal_tablet=&#8221;0px&#8221; box_shadow_vertical_tablet=&#8221;0px&#8221; box_shadow_blur_tablet=&#8221;40px&#8221; box_shadow_spread_tablet=&#8221;0px&#8221; global_colors_info=&#8221;{}&#8221;][\/et_pb_image][\/et_pb_column][\/et_pb_row][et_pb_row _builder_version=&#8221;4.24.2&#8243; _module_preset=&#8221;default&#8221; global_colors_info=&#8221;{}&#8221;][et_pb_column type=&#8221;4_4&#8243; _builder_version=&#8221;4.24.2&#8243; _module_preset=&#8221;default&#8221; global_colors_info=&#8221;{}&#8221;][et_pb_heading title=&#8221;Programa de centro Biling\u00fce&#8221; _builder_version=&#8221;4.24.2&#8243; _module_preset=&#8221;default&#8221; title_font=&#8221;|700|||||||&#8221; title_text_align=&#8221;center&#8221; title_font_size=&#8221;40px&#8221; border_width_bottom=&#8221;2px&#8221; border_color_bottom=&#8221;#aaaaaa&#8221; global_colors_info=&#8221;{}&#8221;][\/et_pb_heading][\/et_pb_column][\/et_pb_row][et_pb_row _builder_version=&#8221;4.24.2&#8243; _module_preset=&#8221;default&#8221; global_colors_info=&#8221;{}&#8221;][et_pb_column type=&#8221;4_4&#8243; _builder_version=&#8221;4.24.2&#8243; _module_preset=&#8221;default&#8221; global_colors_info=&#8221;{}&#8221;][et_pb_tabs active_tab_background_color=&#8221;#d3adff&#8221; inactive_tab_background_color=&#8221;rgba(211,173,255,0.57)&#8221; _builder_version=&#8221;4.24.2&#8243; _module_preset=&#8221;default&#8221; custom_padding=&#8221;|||18px||&#8221; custom_css_free_form=&#8221;table, th, td {||    border: 1px solid #777 !important; \/* Gris oscuro *\/||    border-collapse: collapse;||}||||th, td {||    padding: 10px;||}&#8221; border_width_all=&#8221;2px&#8221; border_color_all=&#8221;#b7b7b7&#8243; locked=&#8221;off&#8221; global_colors_info=&#8221;{}&#8221;][et_pb_tab title=&#8221;Informaci\u00f3n&#8221; _builder_version=&#8221;4.24.2&#8243; _module_preset=&#8221;default&#8221; global_colors_info=&#8221;{}&#8221;]<\/p>\n<p>Desde los \u00faltimos a\u00f1os del siglo pasado hasta nuestros d\u00edas el proceso de ense\u00f1anza-aprendizaje de las lenguas extranjeras ha experimentado en nuestra comunidad aut\u00f3noma una serie de significativas\u00a0 modificaciones no s\u00f3lo en el \u00e1mbito<br \/>metodol\u00f3gico, sino tambi\u00e9n en la pr\u00e1ctica docente diaria. Estos cambios surgen de la necesidad de dar una respuesta actualizada a los retos que planteaba, y sigue planteando, la nueva realidad europea y la nueva realidad social<br \/>espa\u00f1ola y andaluza.<\/p>\n<p>As\u00ed pues, el biling\u00fcismo es crucial en los centros de secundaria andaluces, no solo para mejorar la competencia ling\u00fc\u00edstica de los estudiantes en una segunda lengua, sino tambi\u00e9n para potenciar el desarrollo cognitivo y las habilidades de comunicaci\u00f3n intercultural. El biling\u00fcismo proporciona a los estudiantes herramientas para un futuro globalizado, al tiempo que enriquece su comprensi\u00f3n del mundo y su capacidad de empat\u00eda.<\/p>\n<p>[\/et_pb_tab][et_pb_tab title=&#8221;Coordinador&#8221; _builder_version=&#8221;4.24.2&#8243; _module_preset=&#8221;default&#8221; global_colors_info=&#8221;{}&#8221;]<\/p>\n<p><strong>Coordinadores:<\/strong><\/p>\n<ul>\n<li>Jimenez Rosa, Manuela (<em>mjimros562@g.educaand.es<\/em>)<\/li>\n<\/ul>\n<p>[\/et_pb_tab][et_pb_tab title=&#8221;Materiales did\u00e1cticos&#8221; _builder_version=&#8221;4.24.2&#8243; _module_preset=&#8221;default&#8221; global_colors_info=&#8221;{}&#8221;]<\/p>\n<p>Your content goes here. Edit or remove this text inline or in the module Content settings. You can also style every aspect of this content in the module Design settings and even apply custom CSS to this text in the module Advanced settings.<\/p>\n<p>[\/et_pb_tab][\/et_pb_tabs][\/et_pb_column][\/et_pb_row][et_pb_row _builder_version=&#8221;4.24.2&#8243; _module_preset=&#8221;default&#8221; global_colors_info=&#8221;{}&#8221;][et_pb_column type=&#8221;4_4&#8243; _builder_version=&#8221;4.24.2&#8243; _module_preset=&#8221;default&#8221; global_colors_info=&#8221;{}&#8221;][et_pb_heading title=&#8221;Noticias &#8221; module_class=&#8221;Borde&#8221; _builder_version=&#8221;4.24.2&#8243; _module_preset=&#8221;default&#8221; title_font=&#8221;|700|||||||&#8221; title_text_align=&#8221;center&#8221; background_color=&#8221;#b4aaef&#8221; custom_margin=&#8221;-23px|||||&#8221; custom_padding=&#8221;9px|||||&#8221; custom_css_free_form=&#8221;.Borde{||  border-radius:20px;||}&#8221; locked=&#8221;off&#8221; global_colors_info=&#8221;{}&#8221;][\/et_pb_heading][\/et_pb_column][\/et_pb_row][et_pb_row _builder_version=&#8221;4.24.2&#8243; _module_preset=&#8221;default&#8221; global_colors_info=&#8221;{}&#8221;][et_pb_column type=&#8221;4_4&#8243; _builder_version=&#8221;4.24.2&#8243; _module_preset=&#8221;default&#8221; global_colors_info=&#8221;{}&#8221;][et_pb_blog fullwidth=&#8221;off&#8221; include_categories=&#8221;24&#8243; _builder_version=&#8221;4.24.2&#8243; _module_preset=&#8221;default&#8221; hover_enabled=&#8221;0&#8243; locked=&#8221;off&#8221; global_colors_info=&#8221;{}&#8221; excerpt_length=&#8221;0&#8243; sticky_enabled=&#8221;0&#8243;][\/et_pb_blog][\/et_pb_column][\/et_pb_row][\/et_pb_section]<\/p>\n","protected":false},"excerpt":{"rendered":"<p>Desde los \u00faltimos a\u00f1os del siglo pasado hasta nuestros d\u00edas el proceso de ense\u00f1anza-aprendizaje de las lenguas extranjeras ha experimentado en nuestra comunidad aut\u00f3noma una serie de significativas\u00a0 modificaciones no s\u00f3lo en el \u00e1mbitometodol\u00f3gico, sino tambi\u00e9n en la pr\u00e1ctica docente diaria. Estos cambios surgen de la necesidad de dar una respuesta actualizada a los retos [&hellip;]<\/p>\n","protected":false},"author":16836,"featured_media":0,"parent":0,"menu_order":0,"comment_status":"closed","ping_status":"closed","template":"","meta":{"_et_pb_use_builder":"on","_et_pb_old_content":"","_et_gb_content_width":"","ngg_post_thumbnail":0,"footnotes":""},"aioseo_notices":[],"_links":{"self":[{"href":"https:\/\/blogsaverroes.juntadeandalucia.es\/iesaccabe\/wp-json\/wp\/v2\/pages\/1180"}],"collection":[{"href":"https:\/\/blogsaverroes.juntadeandalucia.es\/iesaccabe\/wp-json\/wp\/v2\/pages"}],"about":[{"href":"https:\/\/blogsaverroes.juntadeandalucia.es\/iesaccabe\/wp-json\/wp\/v2\/types\/page"}],"author":[{"embeddable":true,"href":"https:\/\/blogsaverroes.juntadeandalucia.es\/iesaccabe\/wp-json\/wp\/v2\/users\/16836"}],"replies":[{"embeddable":true,"href":"https:\/\/blogsaverroes.juntadeandalucia.es\/iesaccabe\/wp-json\/wp\/v2\/comments?post=1180"}],"version-history":[{"count":6,"href":"https:\/\/blogsaverroes.juntadeandalucia.es\/iesaccabe\/wp-json\/wp\/v2\/pages\/1180\/revisions"}],"predecessor-version":[{"id":1632,"href":"https:\/\/blogsaverroes.juntadeandalucia.es\/iesaccabe\/wp-json\/wp\/v2\/pages\/1180\/revisions\/1632"}],"wp:attachment":[{"href":"https:\/\/blogsaverroes.juntadeandalucia.es\/iesaccabe\/wp-json\/wp\/v2\/media?parent=1180"}],"curies":[{"name":"wp","href":"https:\/\/api.w.org\/{rel}","templated":true}]}}