{"id":1183,"date":"2025-05-15T10:15:05","date_gmt":"2025-05-15T08:15:05","guid":{"rendered":"https:\/\/blogsaverroes.juntadeandalucia.es\/iesaccabe\/?page_id=1183"},"modified":"2025-05-29T10:23:06","modified_gmt":"2025-05-29T08:23:06","slug":"plan-de-escuela-espacio-de-paz","status":"publish","type":"page","link":"https:\/\/blogsaverroes.juntadeandalucia.es\/iesaccabe\/plan-de-escuela-espacio-de-paz\/","title":{"rendered":"Plan de Escuela, Espacio de Paz"},"content":{"rendered":"<p>[et_pb_section fb_built=&#8221;1&#8243; _builder_version=&#8221;4.16&#8243; global_colors_info=&#8221;{}&#8221;][et_pb_row _builder_version=&#8221;4.16&#8243; custom_margin=&#8221;-20px|||&#8221; z_index_tablet=&#8221;500&#8243; box_shadow_horizontal_tablet=&#8221;0px&#8221; box_shadow_vertical_tablet=&#8221;0px&#8221; box_shadow_blur_tablet=&#8221;40px&#8221; box_shadow_spread_tablet=&#8221;0px&#8221; global_colors_info=&#8221;{}&#8221;][et_pb_column type=&#8221;4_4&#8243; _builder_version=&#8221;4.16&#8243; custom_padding=&#8221;|||&#8221; global_colors_info=&#8221;{}&#8221; custom_padding__hover=&#8221;|||&#8221;][et_pb_image src=&#8221;https:\/\/blogsaverroes.juntadeandalucia.es\/iesaccabe\/files\/2025\/05\/5-sin-titulo_20250515102337.png&#8221; title_text=&#8221;5 sin t\u00edtulo_20250515102337&#8243; admin_label=&#8221;Imagen de la portada&#8221; _builder_version=&#8221;4.24.2&#8243; vertical_offset_tablet=&#8221;0&#8243; horizontal_offset_tablet=&#8221;0&#8243; z_index_tablet=&#8221;500&#8243; box_shadow_horizontal_tablet=&#8221;0px&#8221; box_shadow_vertical_tablet=&#8221;0px&#8221; box_shadow_blur_tablet=&#8221;40px&#8221; box_shadow_spread_tablet=&#8221;0px&#8221; global_colors_info=&#8221;{}&#8221;][\/et_pb_image][\/et_pb_column][\/et_pb_row][et_pb_row _builder_version=&#8221;4.24.2&#8243; _module_preset=&#8221;default&#8221; global_colors_info=&#8221;{}&#8221;][et_pb_column type=&#8221;4_4&#8243; _builder_version=&#8221;4.24.2&#8243; _module_preset=&#8221;default&#8221; global_colors_info=&#8221;{}&#8221;][et_pb_heading title=&#8221;Plan Red Andaluza Escuela Espacio de Paz&#8221; title_tablet=&#8221;Plan Red Andaluza Escuela Espacio de Paz&#8221; title_phone=&#8221;Plan Red Andaluza Escuela Espacio de Paz&#8221; title_last_edited=&#8221;on|desktop&#8221; _builder_version=&#8221;4.24.2&#8243; _module_preset=&#8221;default&#8221; title_font=&#8221;|700|||||||&#8221; title_text_align=&#8221;center&#8221; title_font_size=&#8221;40px&#8221; border_width_bottom=&#8221;2px&#8221; border_color_bottom=&#8221;#aaaaaa&#8221; global_colors_info=&#8221;{}&#8221;][\/et_pb_heading][\/et_pb_column][\/et_pb_row][et_pb_row _builder_version=&#8221;4.24.2&#8243; _module_preset=&#8221;default&#8221; global_colors_info=&#8221;{}&#8221;][et_pb_column type=&#8221;4_4&#8243; _builder_version=&#8221;4.24.2&#8243; _module_preset=&#8221;default&#8221; global_colors_info=&#8221;{}&#8221;][et_pb_tabs active_tab_background_color=&#8221;#d3adff&#8221; inactive_tab_background_color=&#8221;rgba(211,173,255,0.57)&#8221; _builder_version=&#8221;4.24.2&#8243; _module_preset=&#8221;default&#8221; custom_padding=&#8221;|||18px||&#8221; custom_css_free_form=&#8221;table, th, td {||    border: 1px solid #777 !important; \/* Gris oscuro *\/||    border-collapse: collapse;||}||||th, td {||    padding: 10px;||}&#8221; border_width_all=&#8221;2px&#8221; border_color_all=&#8221;#b7b7b7&#8243; locked=&#8221;off&#8221; global_colors_info=&#8221;{}&#8221;][et_pb_tab title=&#8221;Informaci\u00f3n&#8221; _builder_version=&#8221;4.24.2&#8243; _module_preset=&#8221;default&#8221; global_colors_info=&#8221;{}&#8221;]<\/p>\n<p>La Red Andaluza \u00abEscuela: Espacio de Paz\u00bb es una red de centros interesados en compartir iniciativas, recursos y experiencias para la mejora de la convivencia escolar y la difusi\u00f3n de la Cultura de Paz, contrayendo un compromiso de profundizaci\u00f3n en aspectos concretos de su Plan de Convivencia. La normativa que regula el funcionamiento de la Red pone el acento en la cultura de la evaluaci\u00f3n, en la necesidad de visibilizar las buenas pr\u00e1cticas desarrolladas en los centros y en la voluntad de trabajar en red compartiendo propuestas, estrategias y recursos con toda la<br \/>comunidad educativa.<\/p>\n<p>Entre las se\u00f1as de identidad de los centros que integran la Red Andaluza \u00abEscuela: Espacio de Paz\u00bb destacan la promoci\u00f3n de los valores propios de una sociedad democr\u00e1tica, el respeto mutuo, la igualdad, el di\u00e1logo, la solidaridad y la resoluci\u00f3n pac\u00edfica de los conflictos, contando con la participaci\u00f3n de toda la comunidad educativa en la vida de los centros y la vinculaci\u00f3n e implicaci\u00f3n con su entorno.<\/p>\n<p>[\/et_pb_tab][et_pb_tab title=&#8221;Coordinador&#8221; _builder_version=&#8221;4.24.2&#8243; _module_preset=&#8221;default&#8221; global_colors_info=&#8221;{}&#8221;]<\/p>\n<p><strong>Coordinadores:<\/strong><\/p>\n<ul>\n<li>Jimenesz Rosa, Manuela\u00a0(<em>mjimros562@g.educaand.es<\/em>)<\/li>\n<\/ul>\n<p><strong><\/strong><\/p>\n<p>[\/et_pb_tab][et_pb_tab title=&#8221;Materiales did\u00e1cticos&#8221; _builder_version=&#8221;4.24.2&#8243; _module_preset=&#8221;default&#8221; global_colors_info=&#8221;{}&#8221;][\/et_pb_tab][\/et_pb_tabs][\/et_pb_column][\/et_pb_row][et_pb_row _builder_version=&#8221;4.24.2&#8243; _module_preset=&#8221;default&#8221; locked=&#8221;off&#8221; global_colors_info=&#8221;{}&#8221;][et_pb_column type=&#8221;4_4&#8243; _builder_version=&#8221;4.24.2&#8243; _module_preset=&#8221;default&#8221; global_colors_info=&#8221;{}&#8221;][et_pb_heading title=&#8221;Contenido&#8221; module_class=&#8221;Borde&#8221; _builder_version=&#8221;4.24.2&#8243; _module_preset=&#8221;default&#8221; title_font=&#8221;|700|||||||&#8221; title_text_align=&#8221;center&#8221; background_color=&#8221;#b4aaef&#8221; custom_margin=&#8221;-23px|||||&#8221; custom_padding=&#8221;9px|||||&#8221; custom_css_free_form=&#8221;.Borde{||  border-radius:20px;||}&#8221; locked=&#8221;off&#8221; global_colors_info=&#8221;{}&#8221;][\/et_pb_heading][\/et_pb_column][\/et_pb_row][et_pb_row _builder_version=&#8221;4.24.2&#8243; _module_preset=&#8221;default&#8221; global_colors_info=&#8221;{}&#8221;][et_pb_column type=&#8221;4_4&#8243; _builder_version=&#8221;4.24.2&#8243; _module_preset=&#8221;default&#8221; global_colors_info=&#8221;{}&#8221;][et_pb_slider use_bg_overlay=&#8221;off&#8221; module_class=&#8221;border&#8221; _builder_version=&#8221;4.24.2&#8243; _module_preset=&#8221;default&#8221; header_font=&#8221;|700|||||||&#8221; custom_padding=&#8221;||141px|||&#8221; custom_css_free_form=&#8221;.border{||  border-radius:20px;||}&#8221; global_colors_info=&#8221;{}&#8221;][et_pb_slide heading=&#8221;D\u00eda de la Salud Mental:&#8221; image=&#8221;https:\/\/blogsaverroes.juntadeandalucia.es\/iesaccabe\/files\/2025\/05\/Captura-de-pantalla-51.png&#8221; _builder_version=&#8221;4.24.2&#8243; _module_preset=&#8221;default&#8221; global_colors_info=&#8221;{}&#8221; sticky_transition=&#8221;on&#8221;]<\/p>\n<p>Nuestro alumnado ha dejado mensajes de \u00e1nimo a sus compa\u00f1eros.<\/p>\n<h6 style=\"text-align: center\"><em>-D\u00eda 10 de octubre-<\/em><\/h6>\n<p>[\/et_pb_slide][et_pb_slide heading=&#8221;D\u00eda Escolar de la No Violencia y la Paz:&#8221; image=&#8221;https:\/\/blogsaverroes.juntadeandalucia.es\/iesaccabe\/files\/2025\/05\/Captura-de-pantalla-52.png&#8221; _builder_version=&#8221;4.24.2&#8243; _module_preset=&#8221;default&#8221; global_colors_info=&#8221;{}&#8221; sticky_transition=&#8221;on&#8221;]<\/p>\n<p>Se ha realizado un concurso de marcap\u00e1ginas con esl\u00f3ganes sobre la paz.<\/p>\n<h5 style=\"text-align: center\"><em>-30 de enero-<\/em><\/h5>\n<p>[\/et_pb_slide][et_pb_slide heading=&#8221;D\u00eda de la Mujer:&#8221; image=&#8221;https:\/\/blogsaverroes.juntadeandalucia.es\/iesaccabe\/files\/2025\/05\/Captura-de-pantalla-53.png&#8221; _builder_version=&#8221;4.24.2&#8243; _module_preset=&#8221;default&#8221; global_colors_info=&#8221;{}&#8221; sticky_transition=&#8221;on&#8221;]<\/p>\n<p>Nuestro alumnado ha buscado informaci\u00f3n sobre aquellas mujeres que fueron pioneras en diferentes disciplinas y han elaborado un mural.<\/p>\n<h5 style=\"text-align: center\"><em>-8 de marzo-<\/em><\/h5>\n<p>[\/et_pb_slide][et_pb_slide heading=&#8221;D\u00eda Internacional del Deporte para el Desarrollo y la Paz&#8221; image=&#8221;https:\/\/blogsaverroes.juntadeandalucia.es\/iesaccabe\/files\/2025\/05\/Captura-de-pantalla-54.png&#8221; _builder_version=&#8221;4.24.2&#8243; _module_preset=&#8221;default&#8221; global_colors_info=&#8221;{}&#8221; sticky_transition=&#8221;on&#8221;]<\/p>\n<h5 style=\"text-align: center\"><em>-6 de abril-<\/em><\/h5>\n<p>[\/et_pb_slide][\/et_pb_slider][\/et_pb_column][\/et_pb_row][et_pb_row _builder_version=&#8221;4.24.2&#8243; _module_preset=&#8221;default&#8221; global_colors_info=&#8221;{}&#8221;][et_pb_column type=&#8221;4_4&#8243; _builder_version=&#8221;4.24.2&#8243; _module_preset=&#8221;default&#8221; global_colors_info=&#8221;{}&#8221;][et_pb_heading title=&#8221;Noticias &#8221; module_class=&#8221;Borde&#8221; _builder_version=&#8221;4.24.2&#8243; _module_preset=&#8221;default&#8221; title_font=&#8221;|700|||||||&#8221; title_text_align=&#8221;center&#8221; background_color=&#8221;#b4aaef&#8221; custom_margin=&#8221;-23px|||||&#8221; custom_padding=&#8221;9px|||||&#8221; custom_css_free_form=&#8221;.Borde{||  border-radius:20px;||}&#8221; locked=&#8221;off&#8221; global_colors_info=&#8221;{}&#8221;][\/et_pb_heading][\/et_pb_column][\/et_pb_row][et_pb_row _builder_version=&#8221;4.24.2&#8243; _module_preset=&#8221;default&#8221; global_colors_info=&#8221;{}&#8221;][et_pb_column type=&#8221;4_4&#8243; _builder_version=&#8221;4.24.2&#8243; _module_preset=&#8221;default&#8221; global_colors_info=&#8221;{}&#8221;][et_pb_blog fullwidth=&#8221;off&#8221; include_categories=&#8221;28&#8243; _builder_version=&#8221;4.24.2&#8243; _module_preset=&#8221;default&#8221; hover_enabled=&#8221;0&#8243; locked=&#8221;off&#8221; global_colors_info=&#8221;{}&#8221; excerpt_length=&#8221;0&#8243; sticky_enabled=&#8221;0&#8243;][\/et_pb_blog][\/et_pb_column][\/et_pb_row][\/et_pb_section]<\/p>\n","protected":false},"excerpt":{"rendered":"<p>La Red Andaluza \u00abEscuela: Espacio de Paz\u00bb es una red de centros interesados en compartir iniciativas, recursos y experiencias para la mejora de la convivencia escolar y la difusi\u00f3n de la Cultura de Paz, contrayendo un compromiso de profundizaci\u00f3n en aspectos concretos de su Plan de Convivencia. La normativa que regula el funcionamiento de la [&hellip;]<\/p>\n","protected":false},"author":16836,"featured_media":0,"parent":0,"menu_order":0,"comment_status":"closed","ping_status":"closed","template":"","meta":{"_et_pb_use_builder":"on","_et_pb_old_content":"","_et_gb_content_width":"","ngg_post_thumbnail":0,"footnotes":""},"aioseo_notices":[],"_links":{"self":[{"href":"https:\/\/blogsaverroes.juntadeandalucia.es\/iesaccabe\/wp-json\/wp\/v2\/pages\/1183"}],"collection":[{"href":"https:\/\/blogsaverroes.juntadeandalucia.es\/iesaccabe\/wp-json\/wp\/v2\/pages"}],"about":[{"href":"https:\/\/blogsaverroes.juntadeandalucia.es\/iesaccabe\/wp-json\/wp\/v2\/types\/page"}],"author":[{"embeddable":true,"href":"https:\/\/blogsaverroes.juntadeandalucia.es\/iesaccabe\/wp-json\/wp\/v2\/users\/16836"}],"replies":[{"embeddable":true,"href":"https:\/\/blogsaverroes.juntadeandalucia.es\/iesaccabe\/wp-json\/wp\/v2\/comments?post=1183"}],"version-history":[{"count":7,"href":"https:\/\/blogsaverroes.juntadeandalucia.es\/iesaccabe\/wp-json\/wp\/v2\/pages\/1183\/revisions"}],"predecessor-version":[{"id":1635,"href":"https:\/\/blogsaverroes.juntadeandalucia.es\/iesaccabe\/wp-json\/wp\/v2\/pages\/1183\/revisions\/1635"}],"wp:attachment":[{"href":"https:\/\/blogsaverroes.juntadeandalucia.es\/iesaccabe\/wp-json\/wp\/v2\/media?parent=1183"}],"curies":[{"name":"wp","href":"https:\/\/api.w.org\/{rel}","templated":true}]}}