{"id":1185,"date":"2025-05-15T10:15:05","date_gmt":"2025-05-15T08:15:05","guid":{"rendered":"https:\/\/blogsaverroes.juntadeandalucia.es\/iesaccabe\/?page_id=1185"},"modified":"2025-05-29T10:17:31","modified_gmt":"2025-05-29T08:17:31","slug":"programa-cima","status":"publish","type":"page","link":"https:\/\/blogsaverroes.juntadeandalucia.es\/iesaccabe\/programa-cima\/","title":{"rendered":"Programa CIMA"},"content":{"rendered":"<p>[et_pb_section fb_built=&#8221;1&#8243; _builder_version=&#8221;4.16&#8243; global_colors_info=&#8221;{}&#8221;][et_pb_row _builder_version=&#8221;4.16&#8243; custom_margin=&#8221;-20px|||&#8221; z_index_tablet=&#8221;500&#8243; box_shadow_horizontal_tablet=&#8221;0px&#8221; box_shadow_vertical_tablet=&#8221;0px&#8221; box_shadow_blur_tablet=&#8221;40px&#8221; box_shadow_spread_tablet=&#8221;0px&#8221; global_colors_info=&#8221;{}&#8221;][et_pb_column type=&#8221;4_4&#8243; _builder_version=&#8221;4.16&#8243; custom_padding=&#8221;|||&#8221; global_colors_info=&#8221;{}&#8221; custom_padding__hover=&#8221;|||&#8221;][et_pb_image src=&#8221;https:\/\/blogsaverroes.juntadeandalucia.es\/iesaccabe\/files\/2025\/05\/5-sin-titulo_20250515102337.png&#8221; title_text=&#8221;5 sin t\u00edtulo_20250515102337&#8243; admin_label=&#8221;Imagen de la portada&#8221; _builder_version=&#8221;4.24.2&#8243; vertical_offset_tablet=&#8221;0&#8243; horizontal_offset_tablet=&#8221;0&#8243; z_index_tablet=&#8221;500&#8243; box_shadow_horizontal_tablet=&#8221;0px&#8221; box_shadow_vertical_tablet=&#8221;0px&#8221; box_shadow_blur_tablet=&#8221;40px&#8221; box_shadow_spread_tablet=&#8221;0px&#8221; global_colors_info=&#8221;{}&#8221;][\/et_pb_image][\/et_pb_column][\/et_pb_row][et_pb_row _builder_version=&#8221;4.24.2&#8243; _module_preset=&#8221;default&#8221; global_colors_info=&#8221;{}&#8221;][et_pb_column type=&#8221;4_4&#8243; _builder_version=&#8221;4.24.2&#8243; _module_preset=&#8221;default&#8221; global_colors_info=&#8221;{}&#8221;][et_pb_heading title=&#8221;Programa CIMA&#8221; _builder_version=&#8221;4.24.2&#8243; _module_preset=&#8221;default&#8221; title_font=&#8221;|700|||||||&#8221; title_text_align=&#8221;center&#8221; title_font_size=&#8221;40px&#8221; border_width_bottom=&#8221;2px&#8221; border_color_bottom=&#8221;#aaaaaa&#8221; global_colors_info=&#8221;{}&#8221;][\/et_pb_heading][\/et_pb_column][\/et_pb_row][et_pb_row _builder_version=&#8221;4.24.2&#8243; _module_preset=&#8221;default&#8221; global_colors_info=&#8221;{}&#8221;][et_pb_column type=&#8221;4_4&#8243; _builder_version=&#8221;4.24.2&#8243; _module_preset=&#8221;default&#8221; global_colors_info=&#8221;{}&#8221;][et_pb_tabs active_tab_background_color=&#8221;#d3adff&#8221; inactive_tab_background_color=&#8221;rgba(211,173,255,0.57)&#8221; _builder_version=&#8221;4.24.2&#8243; _module_preset=&#8221;default&#8221; custom_padding=&#8221;|||18px||&#8221; custom_css_free_form=&#8221;table, th, td {||    border: 1px solid #777 !important; \/* Gris oscuro *\/||    border-collapse: collapse;||}||||th, td {||    padding: 10px;||}&#8221; border_width_all=&#8221;2px&#8221; border_color_all=&#8221;#b7b7b7&#8243; locked=&#8221;off&#8221; global_colors_info=&#8221;{}&#8221;][et_pb_tab title=&#8221;Informaci\u00f3n&#8221; _builder_version=&#8221;4.24.2&#8243; _module_preset=&#8221;default&#8221; global_colors_info=&#8221;{}&#8221;]<\/p>\n<h3><strong>El programa CIMA<\/strong><\/h3>\n<p>El Programa CIMA (Compromiso con el Impulso y la Mejora del Aprendizaje) es una iniciativa promovida por la Consejer\u00eda de Desarrollo Educativo y Formaci\u00f3n Profesional de la Junta de Andaluc\u00eda, que busca fomentar la innovaci\u00f3n educativa, el trabajo colaborativo y la mejora continua de los centros docentes andaluces a trav\u00e9s del desarrollo de actuaciones integradas en torno a \u00e1mbitos estrat\u00e9gicos. Este programa tiene como objetivo principal potenciar las competencias clave del alumnado y reforzar la cohesi\u00f3n del claustro en torno a proyectos comunes que impacten positivamente en la vida escolar, el entorno social y el crecimiento personal del alumnado.<\/p>\n<h3><strong>El CIMA en el I.E.S. Accabe<\/strong><\/h3>\n<p>Desde el curso 2024-2025, el I.E.S. Accabe de Bedmar se ha incorporado activamente al Programa CIMA, alineando su Proyecto Educativo con las l\u00edneas prioritarias que marca esta estrategia de mejora. La coordinaci\u00f3n general del programa en el centro est\u00e1 a cargo del profesor Manuel Morillas S\u00e1nchez, quien trabaja en estrecha colaboraci\u00f3n con los docentes responsables de cada \u00e1mbito, as\u00ed como con el Equipo Directivo y el conjunto del profesorado implicado.<\/p>\n<p>[\/et_pb_tab][et_pb_tab title=&#8221;Coordinador&#8221; _builder_version=&#8221;4.24.2&#8243; _module_preset=&#8221;default&#8221; global_colors_info=&#8221;{}&#8221;]<\/p>\n<p><strong>Coordinadores:<\/strong><\/p>\n<p><strong><\/strong><\/p>\n<p>[\/et_pb_tab][et_pb_tab title=&#8221;Materiales did\u00e1cticos&#8221; _builder_version=&#8221;4.24.2&#8243; _module_preset=&#8221;default&#8221; global_colors_info=&#8221;{}&#8221;]<\/p>\n<p style=\"text-align: center\"><strong>\u00c1mbitos<\/strong><\/p>\n<p><strong>H\u00e1bitos de Vida Saludable<\/strong><br \/>Responsable: Carla Loubet Mart\u00ednez<br \/>Se promueven actividades relacionadas con la alimentaci\u00f3n equilibrada, la actividad f\u00edsica, la salud mental y emocional, as\u00ed como la prevenci\u00f3n de conductas adictivas. Este \u00e1mbito busca sensibilizar al alumnado sobre la importancia del autocuidado y la salud integral desde un enfoque educativo y participativo.<\/p>\n<p><strong>Educaci\u00f3n Ambiental<\/strong><br \/>Responsable: Antonio Alc\u00e1ntara Ruiz<br \/>A trav\u00e9s de campa\u00f1as de concienciaci\u00f3n, talleres y proyectos ecol\u00f3gicos, se fomenta en el alumnado una actitud responsable y activa hacia el medioambiente. El reciclaje, la eficiencia energ\u00e9tica, el respeto por la biodiversidad y el contacto con el entorno natural son ejes fundamentales de este \u00e1mbito.<\/p>\n<p><strong>STEAM (Ciencia, Tecnolog\u00eda, Ingenier\u00eda, Arte y Matem\u00e1ticas)<\/strong><br \/>Responsable: Juan Francisco Galiano Fern\u00e1ndez<br \/>Este \u00e1mbito impulsa el aprendizaje interdisciplinar mediante proyectos que combinan creatividad, resoluci\u00f3n de problemas y pensamiento cr\u00edtico. Se desarrollan actividades vinculadas a la rob\u00f3tica, la programaci\u00f3n, la impresi\u00f3n 3D, el dise\u00f1o digital y el trabajo experimental en el laboratorio.<\/p>\n<p><strong>Arte, Cultura y Creatividad<\/strong><\/p>\n<p>Responsable: Carmen Mar\u00eda Quesada Quesada<br \/>Se potencia la sensibilidad art\u00edstica y cultural del alumnado mediante actividades pl\u00e1sticas, esc\u00e9nicas y literarias. Este \u00e1mbito tiene como finalidad enriquecer la formaci\u00f3n integral del alumnado a trav\u00e9s de experiencias expresivas, fomentando el pensamiento divergente, el aprecio por el patrimonio y la participaci\u00f3n cultural.<\/p>\n<p style=\"text-align: center\"><strong>\u00a0Implicaci\u00f3n del Claustro y el Equipo Directivo<\/strong><\/p>\n<p>La participaci\u00f3n del profesorado en el desarrollo del Programa CIMA ha sido notable. Un elevado n\u00famero de docentes est\u00e1 implicado en la planificaci\u00f3n y ejecuci\u00f3n de actividades transversales, colaborativas y motivadoras, que enriquecen la vida del centro y promueven la participaci\u00f3n activa del alumnado. Asimismo, cabe destacar la implicaci\u00f3n total del Equipo Directivo, que ha respaldado desde el inicio la implementaci\u00f3n del programa, facilitando espacios de coordinaci\u00f3n,<br \/>recursos materiales y la integraci\u00f3n de las actuaciones en los distintos documentos de planificaci\u00f3n del centro.<\/p>\n<p style=\"text-align: center\"><strong>El futuro pr\u00f3ximo<\/strong><\/p>\n<p>Con la experiencia y los resultados positivos obtenidos en el presente curso, ya se est\u00e1n dise\u00f1ando nuevas actuaciones y l\u00edneas de trabajo para el curso 2025-2026. Estas estar\u00e1n orientadas a ampliar la participaci\u00f3n del alumnado, reforzar la evaluaci\u00f3n de impacto y consolidar la identidad del I.E.S. Accabe como un centro comprometido con la mejora<br \/>continua y la innovaci\u00f3n educativa.<br \/>El Programa CIMA representa una oportunidad transformadora para el I.E.S. Accabe, al integrar de manera coherente distintas l\u00edneas estrat\u00e9gicas que dan respuesta a los retos educativos actuales. Gracias al compromiso del profesorado y al liderazgo compartido, se est\u00e1n sembrando las bases de una escuela m\u00e1s inclusiva, saludable, creativa y conectada con su entorno.<\/p>\n<p>&nbsp;<\/p>\n<p>[\/et_pb_tab][\/et_pb_tabs][\/et_pb_column][\/et_pb_row][et_pb_row _builder_version=&#8221;4.24.2&#8243; _module_preset=&#8221;default&#8221; global_colors_info=&#8221;{}&#8221;][et_pb_column type=&#8221;4_4&#8243; _builder_version=&#8221;4.24.2&#8243; _module_preset=&#8221;default&#8221; global_colors_info=&#8221;{}&#8221;][et_pb_heading title=&#8221;Contenido&#8221; module_class=&#8221;Borde&#8221; _builder_version=&#8221;4.24.2&#8243; _module_preset=&#8221;default&#8221; title_font=&#8221;|700|||||||&#8221; title_text_align=&#8221;center&#8221; background_color=&#8221;#b4aaef&#8221; custom_margin=&#8221;-23px|||||&#8221; custom_padding=&#8221;9px|||||&#8221; custom_css_free_form=&#8221;.Borde{||  border-radius:20px;||}&#8221; locked=&#8221;off&#8221; global_colors_info=&#8221;{}&#8221;][\/et_pb_heading][\/et_pb_column][\/et_pb_row][et_pb_row _builder_version=&#8221;4.24.2&#8243; _module_preset=&#8221;default&#8221; global_colors_info=&#8221;{}&#8221;][et_pb_column type=&#8221;4_4&#8243; _builder_version=&#8221;4.24.2&#8243; _module_preset=&#8221;default&#8221; global_colors_info=&#8221;{}&#8221;][et_pb_slider module_class=&#8221;Border&#8221; _builder_version=&#8221;4.24.2&#8243; _module_preset=&#8221;default&#8221; custom_padding=&#8221;|44px||64px||&#8221; custom_css_free_form=&#8221;.border{||  border-radius:20px;||}&#8221; global_colors_info=&#8221;{}&#8221;][et_pb_slide heading=&#8221;Proyecto CIMA&#8221; image=&#8221;https:\/\/blogsaverroes.juntadeandalucia.es\/iesaccabe\/files\/2025\/05\/PHOTO-2025-05-23-12-07-19.jpg&#8221; _builder_version=&#8221;4.24.2&#8243; _module_preset=&#8221;default&#8221; global_colors_info=&#8221;{}&#8221; sticky_transition=&#8221;on&#8221;][\/et_pb_slide][\/et_pb_slider][\/et_pb_column][\/et_pb_row][et_pb_row _builder_version=&#8221;4.24.2&#8243; _module_preset=&#8221;default&#8221; global_colors_info=&#8221;{}&#8221;][et_pb_column type=&#8221;4_4&#8243; _builder_version=&#8221;4.24.2&#8243; _module_preset=&#8221;default&#8221; global_colors_info=&#8221;{}&#8221;][et_pb_heading title=&#8221;Noticias &#8221; module_class=&#8221;Borde&#8221; _builder_version=&#8221;4.24.2&#8243; _module_preset=&#8221;default&#8221; title_font=&#8221;|700|||||||&#8221; title_text_align=&#8221;center&#8221; background_color=&#8221;#b4aaef&#8221; custom_margin=&#8221;-23px|||||&#8221; custom_padding=&#8221;9px|||||&#8221; custom_css_free_form=&#8221;.Borde{||  border-radius:20px;||}&#8221; locked=&#8221;off&#8221; global_colors_info=&#8221;{}&#8221;][\/et_pb_heading][\/et_pb_column][\/et_pb_row][et_pb_row _builder_version=&#8221;4.24.2&#8243; _module_preset=&#8221;default&#8221; global_colors_info=&#8221;{}&#8221;][et_pb_column type=&#8221;4_4&#8243; _builder_version=&#8221;4.24.2&#8243; _module_preset=&#8221;default&#8221; global_colors_info=&#8221;{}&#8221;][et_pb_blog fullwidth=&#8221;off&#8221; include_categories=&#8221;21&#8243; _builder_version=&#8221;4.24.2&#8243; _module_preset=&#8221;default&#8221; hover_enabled=&#8221;0&#8243; locked=&#8221;off&#8221; global_colors_info=&#8221;{}&#8221; excerpt_length=&#8221;0&#8243; sticky_enabled=&#8221;0&#8243;][\/et_pb_blog][\/et_pb_column][\/et_pb_row][\/et_pb_section]<\/p>\n","protected":false},"excerpt":{"rendered":"<p>El programa CIMA El Programa CIMA (Compromiso con el Impulso y la Mejora del Aprendizaje) es una iniciativa promovida por la Consejer\u00eda de Desarrollo Educativo y Formaci\u00f3n Profesional de la Junta de Andaluc\u00eda, que busca fomentar la innovaci\u00f3n educativa, el trabajo colaborativo y la mejora continua de los centros docentes andaluces a trav\u00e9s del desarrollo [&hellip;]<\/p>\n","protected":false},"author":16836,"featured_media":0,"parent":0,"menu_order":0,"comment_status":"closed","ping_status":"closed","template":"","meta":{"_et_pb_use_builder":"on","_et_pb_old_content":"","_et_gb_content_width":"","ngg_post_thumbnail":0,"footnotes":""},"aioseo_notices":[],"_links":{"self":[{"href":"https:\/\/blogsaverroes.juntadeandalucia.es\/iesaccabe\/wp-json\/wp\/v2\/pages\/1185"}],"collection":[{"href":"https:\/\/blogsaverroes.juntadeandalucia.es\/iesaccabe\/wp-json\/wp\/v2\/pages"}],"about":[{"href":"https:\/\/blogsaverroes.juntadeandalucia.es\/iesaccabe\/wp-json\/wp\/v2\/types\/page"}],"author":[{"embeddable":true,"href":"https:\/\/blogsaverroes.juntadeandalucia.es\/iesaccabe\/wp-json\/wp\/v2\/users\/16836"}],"replies":[{"embeddable":true,"href":"https:\/\/blogsaverroes.juntadeandalucia.es\/iesaccabe\/wp-json\/wp\/v2\/comments?post=1185"}],"version-history":[{"count":10,"href":"https:\/\/blogsaverroes.juntadeandalucia.es\/iesaccabe\/wp-json\/wp\/v2\/pages\/1185\/revisions"}],"predecessor-version":[{"id":1629,"href":"https:\/\/blogsaverroes.juntadeandalucia.es\/iesaccabe\/wp-json\/wp\/v2\/pages\/1185\/revisions\/1629"}],"wp:attachment":[{"href":"https:\/\/blogsaverroes.juntadeandalucia.es\/iesaccabe\/wp-json\/wp\/v2\/media?parent=1185"}],"curies":[{"name":"wp","href":"https:\/\/api.w.org\/{rel}","templated":true}]}}