{"id":1291,"date":"2025-05-19T08:32:35","date_gmt":"2025-05-19T06:32:35","guid":{"rendered":"https:\/\/blogsaverroes.juntadeandalucia.es\/iesaccabe\/?page_id=1291"},"modified":"2025-05-27T11:57:18","modified_gmt":"2025-05-27T09:57:18","slug":"informacion-de-centro","status":"publish","type":"page","link":"https:\/\/blogsaverroes.juntadeandalucia.es\/iesaccabe\/informacion-de-centro\/","title":{"rendered":"Informaci\u00f3n de centro"},"content":{"rendered":"<p>[et_pb_section fb_built=&#8221;1&#8243; _builder_version=&#8221;4.16&#8243; custom_padding=&#8221;0px||0px|&#8221; z_index_tablet=&#8221;500&#8243; box_shadow_horizontal_tablet=&#8221;0px&#8221; box_shadow_vertical_tablet=&#8221;0px&#8221; box_shadow_blur_tablet=&#8221;40px&#8221; box_shadow_spread_tablet=&#8221;0px&#8221; global_colors_info=&#8221;{}&#8221;][et_pb_row _builder_version=&#8221;4.16&#8243; background_size=&#8221;initial&#8221; background_position=&#8221;top_left&#8221; background_repeat=&#8221;repeat&#8221; global_colors_info=&#8221;{}&#8221;][et_pb_column type=&#8221;4_4&#8243; _builder_version=&#8221;4.16&#8243; custom_padding=&#8221;|||&#8221; global_colors_info=&#8221;{}&#8221; custom_padding__hover=&#8221;|||&#8221;][et_pb_image src=&#8221;https:\/\/blogsaverroes.juntadeandalucia.es\/iesaccabe\/files\/2025\/04\/el-centro.png&#8221; title_text=&#8221;el centro&#8221; admin_label=&#8221;Imagen de la portada&#8221; _builder_version=&#8221;4.24.2&#8243; vertical_offset_tablet=&#8221;0&#8243; horizontal_offset_tablet=&#8221;0&#8243; z_index_tablet=&#8221;500&#8243; box_shadow_horizontal_tablet=&#8221;0px&#8221; box_shadow_vertical_tablet=&#8221;0px&#8221; box_shadow_blur_tablet=&#8221;40px&#8221; box_shadow_spread_tablet=&#8221;0px&#8221; global_colors_info=&#8221;{}&#8221;][\/et_pb_image][\/et_pb_column][\/et_pb_row][et_pb_row _builder_version=&#8221;4.24.2&#8243; _module_preset=&#8221;default&#8221; global_colors_info=&#8221;{}&#8221;][et_pb_column type=&#8221;4_4&#8243; _builder_version=&#8221;4.24.2&#8243; _module_preset=&#8221;default&#8221; global_colors_info=&#8221;{}&#8221;][et_pb_heading title=&#8221;Informaci\u00f3n del centro&#8221; _builder_version=&#8221;4.24.2&#8243; _module_preset=&#8221;default&#8221; title_font=&#8221;|800|||||||&#8221; title_text_align=&#8221;center&#8221; title_font_size=&#8221;40px&#8221; border_width_bottom=&#8221;2px&#8221; border_color_bottom=&#8221;#aaaaaa&#8221; global_colors_info=&#8221;{}&#8221;][\/et_pb_heading][\/et_pb_column][\/et_pb_row][et_pb_row _builder_version=&#8221;4.24.2&#8243; _module_preset=&#8221;default&#8221; global_colors_info=&#8221;{}&#8221;][et_pb_column type=&#8221;4_4&#8243; _builder_version=&#8221;4.24.2&#8243; _module_preset=&#8221;default&#8221; global_colors_info=&#8221;{}&#8221;][et_pb_tabs active_tab_background_color=&#8221;#c1c1c1&#8243; inactive_tab_background_color=&#8221;#ededed&#8221; _builder_version=&#8221;4.24.2&#8243; _module_preset=&#8221;default&#8221; hover_enabled=&#8221;0&#8243; global_colors_info=&#8221;{}&#8221; sticky_enabled=&#8221;0&#8243;][et_pb_tab title=&#8221;Consejo escolar&#8221; _builder_version=&#8221;4.24.2&#8243; _module_preset=&#8221;default&#8221; global_colors_info=&#8221;{}&#8221;]<\/p>\n<ul>\n<li><strong>Profesorado<\/strong><br \/>-. Fernadez Roa, Lina Mar\u00eda<br \/>-. Jim\u00e9nez Rosa, Manuela<br \/>-. Medina Podadera, Mar\u00eda del Carmen<\/li>\n<\/ul>\n<div>\n<p>\u00a0 \u00a0 -. <span>Quesada Quesada, Carmen Mar\u00eda<\/span><br \/>\u00a0 \u00a0 -. Valenzuela Maga\u00f1a, Mar\u00eda Jes\u00fas<br \/>\u00a0 \u00a0 -. Viedma Ruiz, Ana<\/p>\n<ul>\n<li><strong>Madres\/Padres\/Tutores<\/strong><br \/>-.Chamorro Fernadez, Inmaculada<br \/>-. Fresno Navarrete Mar\u00eda Jos\u00e9<br \/>-. Vega Rodriguez, Juan Miguel<\/li>\n<\/ul>\n<\/div>\n<div><\/div>\n<div>\n<ul>\n<li><strong>Alumnado<\/strong><br \/>-. Amezcua Chamorro, Iv\u00e1n<br \/>-. Carreras Romero, Adriana<br \/>-. Chamorro Salazar, Rosel<\/li>\n<\/ul>\n<ul>\n<li><strong>Personal Administraci\u00f3n y servicios<\/strong><br \/>-. Callejas Mar\u00edn, Carlos<\/li>\n<\/ul>\n<ul>\n<li><strong>Representante del Ayuntamiento<\/strong><\/li>\n<\/ul>\n<\/div>\n<div>\u00a0 -.\u00a0<span>V\u00edlchez\u00a0Amezcua,\u00a0Mar\u00eda\u00a0del\u00a0Mar<\/span><\/div>\n<p>[\/et_pb_tab][et_pb_tab title=&#8221;Equipo directivo&#8221; _builder_version=&#8221;4.24.2&#8243; _module_preset=&#8221;default&#8221; hover_enabled=&#8221;0&#8243; custom_css_free_form=&#8221;table, th, td {||    border: 1px solid #777 !important; \/* Gris oscuro *\/||    border-collapse: collapse;||}||||th, td {||    padding: 10px;||}&#8221; global_colors_info=&#8221;{}&#8221; sticky_enabled=&#8221;0&#8243;]<\/p>\n<h2><strong>Personal:<\/strong><\/h2>\n<ul>\n<li><strong>Directora<\/strong>: L\u00f3pez Oya, Ana Antonia( <em><a href=\"mailto:aantlop372@g.educaand.es\">aantlop372@g.educaand.es<\/a><\/em>)<\/li>\n<li><strong>Jefe de estudios<\/strong>: Galiano Fernandez, Juan Francisco(<em> <a href=\"mailto:jgalfer960@g.educaand.es\">jgalfer960@g.educaand.es<\/a><\/em>)<\/li>\n<li><span><strong>Secretar\u00eda<\/strong>: <\/span>Rodr\u00edguez Ruiz, Carmen Secretar\u00eda( <em><a href=\"mailto:crodrui037@g.educaand.es\">crodrui037@g.educaand.es<\/a><\/em>)<\/li>\n<\/ul>\n<p>[\/et_pb_tab][\/et_pb_tabs][\/et_pb_column][\/et_pb_row][\/et_pb_section]<\/p>\n","protected":false},"excerpt":{"rendered":"<p>Profesorado-. Fernadez Roa, Lina Mar\u00eda-. Jim\u00e9nez Rosa, Manuela-. Medina Podadera, Mar\u00eda del Carmen \u00a0 \u00a0 -. Quesada Quesada, Carmen Mar\u00eda\u00a0 \u00a0 -. Valenzuela Maga\u00f1a, Mar\u00eda Jes\u00fas\u00a0 \u00a0 -. Viedma Ruiz, Ana Madres\/Padres\/Tutores-.Chamorro Fernadez, Inmaculada-. Fresno Navarrete Mar\u00eda Jos\u00e9-. Vega Rodriguez, Juan Miguel Alumnado-. Amezcua Chamorro, Iv\u00e1n-. Carreras Romero, Adriana-. Chamorro Salazar, Rosel Personal Administraci\u00f3n y [&hellip;]<\/p>\n","protected":false},"author":16836,"featured_media":0,"parent":0,"menu_order":0,"comment_status":"closed","ping_status":"closed","template":"","meta":{"_et_pb_use_builder":"on","_et_pb_old_content":"","_et_gb_content_width":"","ngg_post_thumbnail":0,"footnotes":""},"aioseo_notices":[],"_links":{"self":[{"href":"https:\/\/blogsaverroes.juntadeandalucia.es\/iesaccabe\/wp-json\/wp\/v2\/pages\/1291"}],"collection":[{"href":"https:\/\/blogsaverroes.juntadeandalucia.es\/iesaccabe\/wp-json\/wp\/v2\/pages"}],"about":[{"href":"https:\/\/blogsaverroes.juntadeandalucia.es\/iesaccabe\/wp-json\/wp\/v2\/types\/page"}],"author":[{"embeddable":true,"href":"https:\/\/blogsaverroes.juntadeandalucia.es\/iesaccabe\/wp-json\/wp\/v2\/users\/16836"}],"replies":[{"embeddable":true,"href":"https:\/\/blogsaverroes.juntadeandalucia.es\/iesaccabe\/wp-json\/wp\/v2\/comments?post=1291"}],"version-history":[{"count":7,"href":"https:\/\/blogsaverroes.juntadeandalucia.es\/iesaccabe\/wp-json\/wp\/v2\/pages\/1291\/revisions"}],"predecessor-version":[{"id":1605,"href":"https:\/\/blogsaverroes.juntadeandalucia.es\/iesaccabe\/wp-json\/wp\/v2\/pages\/1291\/revisions\/1605"}],"wp:attachment":[{"href":"https:\/\/blogsaverroes.juntadeandalucia.es\/iesaccabe\/wp-json\/wp\/v2\/media?parent=1291"}],"curies":[{"name":"wp","href":"https:\/\/api.w.org\/{rel}","templated":true}]}}