{"id":1453,"date":"2025-05-22T11:25:18","date_gmt":"2025-05-22T09:25:18","guid":{"rendered":"https:\/\/blogsaverroes.juntadeandalucia.es\/iesaccabe\/?page_id=1453"},"modified":"2025-05-29T10:25:36","modified_gmt":"2025-05-29T08:25:36","slug":"steam-2","status":"publish","type":"page","link":"https:\/\/blogsaverroes.juntadeandalucia.es\/iesaccabe\/steam-2\/","title":{"rendered":"STEAM"},"content":{"rendered":"<p>[et_pb_section fb_built=&#8221;1&#8243; _builder_version=&#8221;4.16&#8243; custom_padding=&#8221;0px||0px|&#8221; z_index_tablet=&#8221;500&#8243; box_shadow_horizontal_tablet=&#8221;0px&#8221; box_shadow_vertical_tablet=&#8221;0px&#8221; box_shadow_blur_tablet=&#8221;40px&#8221; box_shadow_spread_tablet=&#8221;0px&#8221; global_colors_info=&#8221;{}&#8221;][et_pb_row _builder_version=&#8221;4.16&#8243; background_size=&#8221;initial&#8221; background_position=&#8221;top_left&#8221; background_repeat=&#8221;repeat&#8221; global_colors_info=&#8221;{}&#8221;][et_pb_column type=&#8221;4_4&#8243; _builder_version=&#8221;4.16&#8243; custom_padding=&#8221;|||&#8221; global_colors_info=&#8221;{}&#8221; custom_padding__hover=&#8221;|||&#8221;][et_pb_image src=&#8221;https:\/\/blogsaverroes.juntadeandalucia.es\/iesaccabe\/files\/2025\/05\/5-sin-titulo_20250515102337.png&#8221; title_text=&#8221;5 sin t\u00edtulo_20250515102337&#8243; admin_label=&#8221;Imagen de la portada&#8221; _builder_version=&#8221;4.24.2&#8243; vertical_offset_tablet=&#8221;0&#8243; horizontal_offset_tablet=&#8221;0&#8243; z_index_tablet=&#8221;500&#8243; box_shadow_horizontal_tablet=&#8221;0px&#8221; box_shadow_vertical_tablet=&#8221;0px&#8221; box_shadow_blur_tablet=&#8221;40px&#8221; box_shadow_spread_tablet=&#8221;0px&#8221; global_colors_info=&#8221;{}&#8221;][\/et_pb_image][et_pb_heading title=&#8221;STEAM&#8221; _builder_version=&#8221;4.24.2&#8243; _module_preset=&#8221;default&#8221; title_font=&#8221;|800|||||||&#8221; title_text_align=&#8221;center&#8221; title_font_size=&#8221;40px&#8221; border_width_bottom=&#8221;1px&#8221; global_colors_info=&#8221;{}&#8221;][\/et_pb_heading][\/et_pb_column][\/et_pb_row][et_pb_row _builder_version=&#8221;4.24.2&#8243; _module_preset=&#8221;default&#8221; global_colors_info=&#8221;{}&#8221;][et_pb_column type=&#8221;4_4&#8243; _builder_version=&#8221;4.24.2&#8243; _module_preset=&#8221;default&#8221; global_colors_info=&#8221;{}&#8221;][et_pb_tabs active_tab_background_color=&#8221;#d3adff&#8221; inactive_tab_background_color=&#8221;rgba(211,173,255,0.57)&#8221; _builder_version=&#8221;4.24.2&#8243; _module_preset=&#8221;default&#8221; custom_padding=&#8221;|||18px||&#8221; custom_css_free_form=&#8221;table, th, td {||    border: 1px solid #777 !important; \/* Gris oscuro *\/||    border-collapse: collapse;||}||||th, td {||    padding: 10px;||}&#8221; border_width_all=&#8221;2px&#8221; border_color_all=&#8221;#b7b7b7&#8243; locked=&#8221;off&#8221; global_colors_info=&#8221;{}&#8221;][et_pb_tab title=&#8221;Informaci\u00f3n&#8221; _builder_version=&#8221;4.24.2&#8243; _module_preset=&#8221;default&#8221; global_colors_info=&#8221;{}&#8221;]<\/p>\n<p><span>El \u00ab<\/span><b>Proyecto STEAM: Rob\u00f3tica aplicada al aula<\/b><span>\u00bb tiene como objetivo fundamental acercar al profesorado y al alumnado de los centros docentes sostenidos con fondos p\u00fablicos andaluces al estudio de la rob\u00f3tica como herramienta a la hora de elaborar un proyecto STEAM. Se promueve as\u00ed la participaci\u00f3n del alumnado en proyectos que integren la ciencia, la tecnolog\u00eda, la ingenier\u00eda y las matem\u00e1ticas en conexi\u00f3n con las artes y las humanidades, de forma que despierten su inquietud por el conocimiento dentro de un \u00e1mbito STEAM. La participaci\u00f3n en este programa permitir\u00e1 al alumnado y al profesorado realizar actividades y proyectos, orientados a aplicar lo aprendido, enfrentarse a retos y problemas reales mediante una metodolog\u00eda de trabajo cooperativo y de Aprendizaje Basado en Proyectos (ABP), donde tienen que poner a prueba las habilidades y competencias b\u00e1sicas adquiridas en el desarrollo del curr\u00edculo, en el contexto del uso de la rob\u00f3tica como herramienta, persiguiendo que el proyecto STEAM acabe formando parte del Proyecto Educativo de Centro.<\/span><\/p>\n<p>Son objetivos espec\u00edficos de esta convocatoria:<\/p>\n<div><strong>a)<\/strong> Facilitar la formaci\u00f3n del profesorado y el alumnado en el estudio de la rob\u00f3tica, la impresi\u00f3n 3D y el pensamiento computacional.<\/div>\n<div><strong>b)<\/strong> Favorecer la integraci\u00f3n de tareas y actividades STEAM en el curr\u00edculo de las materias y en el proyecto de centro.<\/div>\n<div><strong>c)<\/strong> Fomentar las vocaciones STEAM en el alumnado, contribuyendo a la igualdad de oportunidades.<\/div>\n<div><strong>d)<\/strong> Impulsar un cambio metodol\u00f3gico en las materias STEAM hacia metodolog\u00edas activas e inclusivas.<\/div>\n<div><strong>e)<\/strong> Favorecer la actualizaci\u00f3n cient\u00edfica del profesorado en el \u00e1mbito STEAM.<\/div>\n<div><strong>f) <\/strong>Participar en proyectos de fomento y acercamiento al alumnado de las disciplinas STEAM, poniendo el foco en la incorporaci\u00f3n de la mujer a las profesiones de este \u00e1mbito<\/div>\n<p>[\/et_pb_tab][et_pb_tab title=&#8221;Coordinador&#8221; _builder_version=&#8221;4.24.2&#8243; _module_preset=&#8221;default&#8221; global_colors_info=&#8221;{}&#8221;]<\/p>\n<h2><strong>Coordinadores<\/strong><\/h2>\n<p>Galiano Fernandez, Juan Francisco (<em><a href=\"mailto:jgalfer960@g.educaand.es\">jgalfer960@g.educaand.es<\/a><\/em>)<\/p>\n<p>[\/et_pb_tab][et_pb_tab title=&#8221;Materiales did\u00e1cticos&#8221; _builder_version=&#8221;4.24.2&#8243; _module_preset=&#8221;default&#8221; global_colors_info=&#8221;{}&#8221;]<\/p>\n<p>Your content goes here. Edit or remove this text inline or in the module Content settings. You can also style every aspect of this content in the module Design settings and even apply custom CSS to this text in the module Advanced settings.<\/p>\n<p>[\/et_pb_tab][\/et_pb_tabs][\/et_pb_column][\/et_pb_row][et_pb_row _builder_version=&#8221;4.24.2&#8243; _module_preset=&#8221;default&#8221; global_colors_info=&#8221;{}&#8221;][et_pb_column type=&#8221;4_4&#8243; _builder_version=&#8221;4.24.2&#8243; _module_preset=&#8221;default&#8221; global_colors_info=&#8221;{}&#8221;][et_pb_heading title=&#8221;Noticias &#8221; module_class=&#8221;Borde&#8221; _builder_version=&#8221;4.24.2&#8243; _module_preset=&#8221;default&#8221; title_font=&#8221;|700|||||||&#8221; title_text_align=&#8221;center&#8221; background_color=&#8221;#b4aaef&#8221; custom_margin=&#8221;-23px|||||&#8221; custom_padding=&#8221;9px|||||&#8221; custom_css_free_form=&#8221;.Borde{||  border-radius:20px;||}&#8221; global_colors_info=&#8221;{}&#8221;][\/et_pb_heading][\/et_pb_column][\/et_pb_row][et_pb_row _builder_version=&#8221;4.24.2&#8243; _module_preset=&#8221;default&#8221; global_colors_info=&#8221;{}&#8221;][et_pb_column type=&#8221;4_4&#8243; _builder_version=&#8221;4.24.2&#8243; _module_preset=&#8221;default&#8221; global_colors_info=&#8221;{}&#8221;][et_pb_blog fullwidth=&#8221;off&#8221; include_categories=&#8221;6&#8243; _builder_version=&#8221;4.24.2&#8243; _module_preset=&#8221;default&#8221; hover_enabled=&#8221;0&#8243; global_colors_info=&#8221;{}&#8221; excerpt_length=&#8221;0&#8243; sticky_enabled=&#8221;0&#8243;][\/et_pb_blog][\/et_pb_column][\/et_pb_row][\/et_pb_section]<\/p>\n","protected":false},"excerpt":{"rendered":"<p>El \u00abProyecto STEAM: Rob\u00f3tica aplicada al aula\u00bb tiene como objetivo fundamental acercar al profesorado y al alumnado de los centros docentes sostenidos con fondos p\u00fablicos andaluces al estudio de la rob\u00f3tica como herramienta a la hora de elaborar un proyecto STEAM. Se promueve as\u00ed la participaci\u00f3n del alumnado en proyectos que integren la ciencia, la [&hellip;]<\/p>\n","protected":false},"author":16836,"featured_media":0,"parent":0,"menu_order":0,"comment_status":"closed","ping_status":"closed","template":"","meta":{"_et_pb_use_builder":"on","_et_pb_old_content":"","_et_gb_content_width":"","ngg_post_thumbnail":0,"footnotes":""},"aioseo_notices":[],"_links":{"self":[{"href":"https:\/\/blogsaverroes.juntadeandalucia.es\/iesaccabe\/wp-json\/wp\/v2\/pages\/1453"}],"collection":[{"href":"https:\/\/blogsaverroes.juntadeandalucia.es\/iesaccabe\/wp-json\/wp\/v2\/pages"}],"about":[{"href":"https:\/\/blogsaverroes.juntadeandalucia.es\/iesaccabe\/wp-json\/wp\/v2\/types\/page"}],"author":[{"embeddable":true,"href":"https:\/\/blogsaverroes.juntadeandalucia.es\/iesaccabe\/wp-json\/wp\/v2\/users\/16836"}],"replies":[{"embeddable":true,"href":"https:\/\/blogsaverroes.juntadeandalucia.es\/iesaccabe\/wp-json\/wp\/v2\/comments?post=1453"}],"version-history":[{"count":11,"href":"https:\/\/blogsaverroes.juntadeandalucia.es\/iesaccabe\/wp-json\/wp\/v2\/pages\/1453\/revisions"}],"predecessor-version":[{"id":1636,"href":"https:\/\/blogsaverroes.juntadeandalucia.es\/iesaccabe\/wp-json\/wp\/v2\/pages\/1453\/revisions\/1636"}],"wp:attachment":[{"href":"https:\/\/blogsaverroes.juntadeandalucia.es\/iesaccabe\/wp-json\/wp\/v2\/media?parent=1453"}],"curies":[{"name":"wp","href":"https:\/\/api.w.org\/{rel}","templated":true}]}}