{"id":1657,"date":"2025-11-06T12:15:26","date_gmt":"2025-11-06T11:15:26","guid":{"rendered":"https:\/\/blogsaverroes.juntadeandalucia.es\/iesaccabe\/?page_id=1657"},"modified":"2025-11-06T12:20:40","modified_gmt":"2025-11-06T11:20:40","slug":"programa-rice","status":"publish","type":"page","link":"https:\/\/blogsaverroes.juntadeandalucia.es\/iesaccabe\/programa-rice\/","title":{"rendered":"Programa RICE"},"content":{"rendered":"<div class=\"Y3BBE\" data-sfc-cp=\"\" data-hveid=\"CAEQAA\" data-processed=\"true\">El&nbsp;<strong class=\"Yjhzub\">Programa RICE<\/strong>&nbsp;de la Junta de Andaluc\u00eda es la&nbsp;<strong class=\"Yjhzub\">Red Internacional de Centros Educativos<\/strong>, una iniciativa de la Consejer\u00eda de Desarrollo Educativo y Formaci\u00f3n Profesional que tiene como objetivo principal ayudar a los centros educativos de Andaluc\u00eda a encontrar socios para colaborar en proyectos educativos internacionales.<span class=\"uJ19be notranslate\" data-wiz-uids=\"ubBL5c_j,ubBL5c_k\"><span class=\"vKEkVd\" data-animation-atomic=\"\">&nbsp;<\/span><\/span><\/div>\n<div class=\"Y3BBE\" data-sfc-cp=\"\" data-hveid=\"CAIQAA\" data-processed=\"true\">Este programa busca:<\/div>\n<ul class=\"W4TX6e\" data-sfc-cp=\"\" data-processed=\"true\">\n<li data-processed=\"true\"><span class=\"ymCSIb\" data-hveid=\"CAMQAA\" data-processed=\"true\"><span class=\"dsyJjd\" data-processed=\"true\"><span class=\"T286Pc\" data-sfc-cp=\"\" data-processed=\"true\">Fomentar la internacionalizaci\u00f3n<\/span><\/span>&nbsp;de los centros andaluces.<span class=\"uJ19be notranslate\" data-wiz-uids=\"ubBL5c_t,ubBL5c_u\" data-processed=\"true\"><span class=\"vKEkVd\" data-animation-atomic=\"\" data-processed=\"true\">&nbsp;<\/span><\/span><\/span><\/li>\n<li data-processed=\"true\"><span class=\"ymCSIb\" data-hveid=\"CAMQAg\" data-processed=\"true\"><span class=\"dsyJjd\" data-processed=\"true\"><span class=\"T286Pc\" data-sfc-cp=\"\" data-processed=\"true\">Promover la colaboraci\u00f3n<\/span><\/span>&nbsp;entre colegios e institutos de la comunidad y de otros pa\u00edses.<span class=\"uJ19be notranslate\" data-wiz-uids=\"ubBL5c_x,ubBL5c_y\" data-processed=\"true\"><span class=\"vKEkVd\" data-animation-atomic=\"\" data-processed=\"true\">&nbsp;<\/span><\/span><\/span><\/li>\n<li data-processed=\"true\"><span class=\"ymCSIb\" data-hveid=\"CAMQBA\" data-processed=\"true\"><span class=\"dsyJjd\" data-processed=\"true\"><span class=\"T286Pc\" data-sfc-cp=\"\" data-processed=\"true\">Facilitar la b\u00fasqueda de socios<\/span><\/span>&nbsp;para la realizaci\u00f3n de proyectos educativos internacionales.<\/span><\/li>\n<\/ul>\n<p>&nbsp;<\/p>\n<p>&#8211;&gt; <a href=\"https:\/\/drive.google.com\/file\/d\/1EJj4BZyZjGKV7yJ0XU0fbvQEpqoDYwnW\/view?usp=sharing\" target=\"_blank\" rel=\"noopener\">Ficha informativa de centro: Solicitud de colaboraci\u00f3n<\/a> &lt;&#8211;<\/p>\n<p>&nbsp;<\/p>\n","protected":false},"excerpt":{"rendered":"<p>El&nbsp;Programa RICE&nbsp;de la Junta de Andaluc\u00eda es la&nbsp;Red Internacional de Centros Educativos, una iniciativa de la Consejer\u00eda de Desarrollo Educativo y Formaci\u00f3n Profesional que tiene como objetivo principal ayudar a los centros educativos de Andaluc\u00eda a encontrar socios para colaborar en proyectos educativos internacionales.&nbsp; Este programa busca: Fomentar la internacionalizaci\u00f3n&nbsp;de los centros andaluces.&nbsp; Promover la [&hellip;]<\/p>\n","protected":false},"author":16836,"featured_media":0,"parent":0,"menu_order":0,"comment_status":"closed","ping_status":"closed","template":"","meta":{"_et_pb_use_builder":"","_et_pb_old_content":"","_et_gb_content_width":"","ngg_post_thumbnail":0,"footnotes":""},"aioseo_notices":[],"_links":{"self":[{"href":"https:\/\/blogsaverroes.juntadeandalucia.es\/iesaccabe\/wp-json\/wp\/v2\/pages\/1657"}],"collection":[{"href":"https:\/\/blogsaverroes.juntadeandalucia.es\/iesaccabe\/wp-json\/wp\/v2\/pages"}],"about":[{"href":"https:\/\/blogsaverroes.juntadeandalucia.es\/iesaccabe\/wp-json\/wp\/v2\/types\/page"}],"author":[{"embeddable":true,"href":"https:\/\/blogsaverroes.juntadeandalucia.es\/iesaccabe\/wp-json\/wp\/v2\/users\/16836"}],"replies":[{"embeddable":true,"href":"https:\/\/blogsaverroes.juntadeandalucia.es\/iesaccabe\/wp-json\/wp\/v2\/comments?post=1657"}],"version-history":[{"count":3,"href":"https:\/\/blogsaverroes.juntadeandalucia.es\/iesaccabe\/wp-json\/wp\/v2\/pages\/1657\/revisions"}],"predecessor-version":[{"id":1661,"href":"https:\/\/blogsaverroes.juntadeandalucia.es\/iesaccabe\/wp-json\/wp\/v2\/pages\/1657\/revisions\/1661"}],"wp:attachment":[{"href":"https:\/\/blogsaverroes.juntadeandalucia.es\/iesaccabe\/wp-json\/wp\/v2\/media?parent=1657"}],"curies":[{"name":"wp","href":"https:\/\/api.w.org\/{rel}","templated":true}]}}