{"id":761,"date":"2025-04-29T14:17:00","date_gmt":"2025-04-29T12:17:00","guid":{"rendered":"https:\/\/blogsaverroes.juntadeandalucia.es\/iesaccabe\/?page_id=761"},"modified":"2025-11-15T19:58:41","modified_gmt":"2025-11-15T18:58:41","slug":"tecnologia-e-informatica","status":"publish","type":"page","link":"https:\/\/blogsaverroes.juntadeandalucia.es\/iesaccabe\/tecnologia-e-informatica\/","title":{"rendered":"Tecnolog\u00eda e inform\u00e1tica"},"content":{"rendered":"<p>[et_pb_section fb_built=&#8221;1&#8243; _builder_version=&#8221;4.16&#8243; custom_padding=&#8221;0px|19px|0px|||&#8221; z_index_tablet=&#8221;500&#8243; box_shadow_horizontal_tablet=&#8221;0px&#8221; box_shadow_vertical_tablet=&#8221;0px&#8221; box_shadow_blur_tablet=&#8221;40px&#8221; box_shadow_spread_tablet=&#8221;0px&#8221; global_colors_info=&#8221;{}&#8221;][et_pb_row _builder_version=&#8221;4.16&#8243; background_size=&#8221;initial&#8221; background_position=&#8221;top_left&#8221; background_repeat=&#8221;repeat&#8221; global_colors_info=&#8221;{}&#8221;][et_pb_column type=&#8221;4_4&#8243; _builder_version=&#8221;4.16&#8243; custom_padding=&#8221;|||&#8221; global_colors_info=&#8221;{}&#8221; custom_padding__hover=&#8221;|||&#8221;][et_pb_image src=&#8221;https:\/\/blogsaverroes.juntadeandalucia.es\/iesaccabe\/files\/2025\/05\/departamentos.png&#8221; title_text=&#8221;departamentos&#8221; admin_label=&#8221;Imagen de la portada&#8221; _builder_version=&#8221;4.24.2&#8243; vertical_offset_tablet=&#8221;0&#8243; horizontal_offset_tablet=&#8221;0&#8243; z_index_tablet=&#8221;500&#8243; box_shadow_horizontal_tablet=&#8221;0px&#8221; box_shadow_vertical_tablet=&#8221;0px&#8221; box_shadow_blur_tablet=&#8221;40px&#8221; box_shadow_spread_tablet=&#8221;0px&#8221; global_colors_info=&#8221;{}&#8221;][\/et_pb_image][et_pb_heading title=&#8221;Tecnolog\u00eda e Inform\u00e1tica&#8221; _builder_version=&#8221;4.24.2&#8243; _module_preset=&#8221;default&#8221; title_font=&#8221;|800|||||||&#8221; title_text_align=&#8221;center&#8221; title_font_size=&#8221;40px&#8221; border_width_bottom=&#8221;1px&#8221; global_colors_info=&#8221;{}&#8221;][\/et_pb_heading][\/et_pb_column][\/et_pb_row][et_pb_row _builder_version=&#8221;4.24.2&#8243; _module_preset=&#8221;default&#8221; global_colors_info=&#8221;{}&#8221;][et_pb_column type=&#8221;4_4&#8243; _builder_version=&#8221;4.24.2&#8243; _module_preset=&#8221;default&#8221; global_colors_info=&#8221;{}&#8221;][et_pb_tabs active_tab_background_color=&#8221;#edef83&#8243; inactive_tab_background_color=&#8221;#eeefb1&#8243; _builder_version=&#8221;4.24.2&#8243; _module_preset=&#8221;default&#8221; hover_enabled=&#8221;0&#8243; border_width_all=&#8221;2px&#8221; border_color_all=&#8221;#b7b7b7&#8243; locked=&#8221;off&#8221; global_colors_info=&#8221;{}&#8221; sticky_enabled=&#8221;0&#8243;][et_pb_tab title=&#8221;Informaci\u00f3n&#8221; _builder_version=&#8221;4.24.2&#8243; _module_preset=&#8221;default&#8221; hover_enabled=&#8221;0&#8243; global_colors_info=&#8221;{}&#8221; sticky_enabled=&#8221;0&#8243;]<\/p>\n<p><strong>Asignaturas impartidas:<\/strong><\/p>\n<ul>\n<li style=\"list-style-type: none\">\n<ul>\n<li style=\"list-style-type: none\">\n<ul>\n<li style=\"list-style-type: none\">\n<ul>\n<li>Tecnolog\u00eda<\/li>\n<li>Tecnolog\u00eda y Digitalizaci\u00f3n<\/li>\n<li>Digitalizaci\u00f3n<\/li>\n<li>Computaci\u00f3n y rob\u00f3tica<\/li>\n<\/ul>\n<\/li>\n<\/ul>\n<\/li>\n<\/ul>\n<\/li>\n<\/ul>\n<p>&nbsp;<\/p>\n<p>[\/et_pb_tab][et_pb_tab title=&#8221;Personal&#8221; _builder_version=&#8221;4.24.2&#8243; _module_preset=&#8221;default&#8221; custom_css_free_form=&#8221;table, th, td {||    border: 1px solid #777 !important; \/* Gris oscuro *\/||    border-collapse: collapse;||}||||th, td {||    padding: 10px;||}&#8221; global_colors_info=&#8221;{}&#8221;]<\/p>\n<h2><strong>Profesores:<\/strong><\/h2>\n<ul>\n<li><strong>Jefa de departamento: <\/strong>L\u00f3pez Oya, Ana Antonia ( <em><a href=\"mailto:aantlop372@g.educaand.es\">aantlop372@g.educaand.es<\/a><\/em>)<\/li>\n<li>Galiano Fern\u00e1ndez, Juan Francisco (<em> <a href=\"mailto:jgalfer960@g.educaand.es\">jgalfer960@g.educaand.es<\/a><\/em>)<\/li>\n<li>Mart\u00ednez Jim\u00e9nez, Mar\u00eda Isabel (mmarjim368w@g.educaand.es<em><\/em>)<\/li>\n<\/ul>\n<p>[\/et_pb_tab][et_pb_tab title=&#8221;Materiales did\u00e1cticos&#8221; _builder_version=&#8221;4.24.2&#8243; _module_preset=&#8221;default&#8221; global_colors_info=&#8221;{}&#8221;]<\/p>\n<p>Your content goes here. Edit or remove this text inline or in the module Content settings. You can also style every aspect of this content in the module Design settings and even apply custom CSS to this text in the module Advanced settings.<\/p>\n<p>[\/et_pb_tab][et_pb_tab title=&#8221;Programaci\u00f3n&#8221; _builder_version=&#8221;4.24.2&#8243; _module_preset=&#8221;default&#8221; hover_enabled=&#8221;0&#8243; sticky_enabled=&#8221;0&#8243;]<\/p>\n<ul>\n<li><a href=\"https:\/\/drive.google.com\/open?id=1qG8c_iD5dVOC4ILz4gB9G8xlpDA5vnR2&amp;usp=drive_fs\" target=\"_blank\" rel=\"noopener\" title=\"Programaci\u00f3n Tecnolog\u00eda de 4\u00ba de ESO.\">Programaci\u00f3n Tecnolog\u00eda de 4\u00ba de ESO.<\/a><\/li>\n<li><a href=\"https:\/\/drive.google.com\/open?id=1jAG5yFtx3redz7Kq_7Rtyw60yKefujbl&amp;usp=drive_fs\" target=\"_blank\" rel=\"noopener\" title=\"Programaci\u00f3n Tecnolog\u00eda y Digitalizaci\u00f3n de 2\u00ba y 3\u00ba de ESO.\">Programaci\u00f3n Tecnolog\u00eda y Digitalizaci\u00f3n de 2\u00ba y 3\u00ba de ESO.<\/a><\/li>\n<li><a href=\"https:\/\/drive.google.com\/open?id=10YXtcLPV96Ki_6gSOpbmPtyhPS1-ZHAh&amp;usp=drive_fs\" target=\"_blank\" rel=\"noopener\" title=\"Programaci\u00f3n Digitalizaci\u00f3n de 4\u00ba de ESO.\">Programaci\u00f3n Digitalizaci\u00f3n de 4\u00ba de ESO.<\/a><\/li>\n<li><a href=\"https:\/\/drive.google.com\/open?id=1IhLZVv46nLziBylC6JqbLReuVIdhxw7W&amp;usp=drive_fs\" target=\"_blank\" rel=\"noopener\" title=\"Programaci\u00f3n Computaci\u00f3n y Rob\u00f3tica de 1\u00ba, 2\u00ba y 3\u00ba de ESO.\">Programaci\u00f3n Computaci\u00f3n y Rob\u00f3tica de 1\u00ba, 2\u00ba y 3\u00ba de ESO.<\/a><\/li>\n<\/ul>\n<p>[\/et_pb_tab][\/et_pb_tabs][\/et_pb_column][\/et_pb_row][\/et_pb_section]<\/p>\n","protected":false},"excerpt":{"rendered":"<p>Asignaturas impartidas: Tecnolog\u00eda Tecnolog\u00eda y Digitalizaci\u00f3n Digitalizaci\u00f3n Computaci\u00f3n y rob\u00f3tica &nbsp;Profesores: Jefa de departamento: L\u00f3pez Oya, Ana Antonia ( aantlop372@g.educaand.es) Galiano Fern\u00e1ndez, Juan Francisco ( jgalfer960@g.educaand.es) Mart\u00ednez Jim\u00e9nez, Mar\u00eda Isabel (mmarjim368w@g.educaand.es) Your content goes here. Edit or remove this text inline or in the module Content settings. You can also style every aspect of this [&hellip;]<\/p>\n","protected":false},"author":16836,"featured_media":0,"parent":0,"menu_order":0,"comment_status":"closed","ping_status":"closed","template":"","meta":{"_et_pb_use_builder":"on","_et_pb_old_content":"","_et_gb_content_width":"","ngg_post_thumbnail":0,"footnotes":""},"aioseo_notices":[],"_links":{"self":[{"href":"https:\/\/blogsaverroes.juntadeandalucia.es\/iesaccabe\/wp-json\/wp\/v2\/pages\/761"}],"collection":[{"href":"https:\/\/blogsaverroes.juntadeandalucia.es\/iesaccabe\/wp-json\/wp\/v2\/pages"}],"about":[{"href":"https:\/\/blogsaverroes.juntadeandalucia.es\/iesaccabe\/wp-json\/wp\/v2\/types\/page"}],"author":[{"embeddable":true,"href":"https:\/\/blogsaverroes.juntadeandalucia.es\/iesaccabe\/wp-json\/wp\/v2\/users\/16836"}],"replies":[{"embeddable":true,"href":"https:\/\/blogsaverroes.juntadeandalucia.es\/iesaccabe\/wp-json\/wp\/v2\/comments?post=761"}],"version-history":[{"count":15,"href":"https:\/\/blogsaverroes.juntadeandalucia.es\/iesaccabe\/wp-json\/wp\/v2\/pages\/761\/revisions"}],"predecessor-version":[{"id":1713,"href":"https:\/\/blogsaverroes.juntadeandalucia.es\/iesaccabe\/wp-json\/wp\/v2\/pages\/761\/revisions\/1713"}],"wp:attachment":[{"href":"https:\/\/blogsaverroes.juntadeandalucia.es\/iesaccabe\/wp-json\/wp\/v2\/media?parent=761"}],"curies":[{"name":"wp","href":"https:\/\/api.w.org\/{rel}","templated":true}]}}