{"id":784,"date":"2025-04-29T14:33:30","date_gmt":"2025-04-29T12:33:30","guid":{"rendered":"https:\/\/blogsaverroes.juntadeandalucia.es\/iesaccabe\/?page_id=784"},"modified":"2025-05-13T08:29:08","modified_gmt":"2025-05-13T06:29:08","slug":"ampa","status":"publish","type":"page","link":"https:\/\/blogsaverroes.juntadeandalucia.es\/iesaccabe\/ampa\/","title":{"rendered":"A.M.P.A"},"content":{"rendered":"<p>[et_pb_section fb_built=&#8221;1&#8243; _builder_version=&#8221;4.16&#8243; custom_padding=&#8221;0px|2px|0px|||&#8221; z_index_tablet=&#8221;500&#8243; box_shadow_horizontal_tablet=&#8221;0px&#8221; box_shadow_vertical_tablet=&#8221;0px&#8221; box_shadow_blur_tablet=&#8221;40px&#8221; box_shadow_spread_tablet=&#8221;0px&#8221; global_colors_info=&#8221;{}&#8221;][et_pb_row _builder_version=&#8221;4.16&#8243; custom_margin=&#8221;-10px|||&#8221; z_index_tablet=&#8221;500&#8243; box_shadow_horizontal_tablet=&#8221;0px&#8221; box_shadow_vertical_tablet=&#8221;0px&#8221; box_shadow_blur_tablet=&#8221;40px&#8221; box_shadow_spread_tablet=&#8221;0px&#8221; global_colors_info=&#8221;{}&#8221;][et_pb_column type=&#8221;4_4&#8243; _builder_version=&#8221;4.16&#8243; custom_padding=&#8221;|||&#8221; global_colors_info=&#8221;{}&#8221; custom_padding__hover=&#8221;|||&#8221;][et_pb_image src=&#8221;https:\/\/blogsaverroes.juntadeandalucia.es\/iesaccabe\/files\/2025\/04\/5-sin-titulo_20250430120452.png&#8221; title_text=&#8221;5 sin t\u00edtulo_20250430120452&#8243; admin_label=&#8221;Imagen de la portada&#8221; _builder_version=&#8221;4.24.2&#8243; vertical_offset_tablet=&#8221;0&#8243; horizontal_offset_tablet=&#8221;0&#8243; hover_enabled=&#8221;0&#8243; z_index_tablet=&#8221;500&#8243; box_shadow_horizontal_tablet=&#8221;0px&#8221; box_shadow_vertical_tablet=&#8221;0px&#8221; box_shadow_blur_tablet=&#8221;40px&#8221; box_shadow_spread_tablet=&#8221;0px&#8221; global_colors_info=&#8221;{}&#8221; sticky_enabled=&#8221;0&#8243;][\/et_pb_image][\/et_pb_column][\/et_pb_row][et_pb_row _builder_version=&#8221;4.24.2&#8243; _module_preset=&#8221;default&#8221; custom_padding=&#8221;31px|||||&#8221; global_colors_info=&#8221;{}&#8221;][et_pb_column type=&#8221;4_4&#8243; _builder_version=&#8221;4.24.2&#8243; _module_preset=&#8221;default&#8221; global_colors_info=&#8221;{}&#8221;][et_pb_heading title=&#8221;A.M.P.A&#8221; _builder_version=&#8221;4.24.2&#8243; _module_preset=&#8221;default&#8221; title_font=&#8221;|800|||||||&#8221; title_text_align=&#8221;center&#8221; title_font_size=&#8221;40px&#8221; module_alignment=&#8221;center&#8221; border_color_all=&#8221;#aaaaaa&#8221; border_width_bottom=&#8221;2px&#8221; global_colors_info=&#8221;{}&#8221;][\/et_pb_heading][\/et_pb_column][\/et_pb_row][et_pb_row column_structure=&#8221;1_2,1_2&#8243; module_class=&#8221;columna-con-borde&#8221; _builder_version=&#8221;4.24.2&#8243; _module_preset=&#8221;default&#8221; custom_margin=&#8221;|125px||auto||&#8221; custom_css_free_form=&#8221;.columna-con-borde {||  border-right: 1px solid #ccc; \/* l\u00ednea divisoria *\/||  padding-right: 20px;          \/* espacio entre borde y contenido *\/||}||||@media (max-width: 767px) {||  .columna-con-borde {||    border-right: none;         \/* quita la l\u00ednea en m\u00f3vil si quieres *\/||    padding-right: 0;||  }||}&#8221; global_colors_info=&#8221;{}&#8221;][et_pb_column type=&#8221;1_2&#8243; _builder_version=&#8221;4.24.2&#8243; _module_preset=&#8221;default&#8221; global_colors_info=&#8221;{}&#8221;][et_pb_text module_class=&#8221;mi-texto&#8221; _builder_version=&#8221;4.24.2&#8243; _module_preset=&#8221;default&#8221; custom_margin=&#8221;|-18px|||false|false&#8221; animation_style=&#8221;bounce&#8221; animation_duration=&#8221;950ms&#8221; custom_css_free_form=&#8221;.mi-texto {||  background-color: #b0e0e6;||  padding: 20px;||  border-radius: 15px||}&#8221; border_width_right=&#8221;2px&#8221; border_color_right=&#8221;#565656&#8243; global_colors_info=&#8221;{}&#8221;]<\/p>\n<ul>\n<li style=\"list-style-type: none\">\n<ul>\n<li data-start=\"65\" data-end=\"390\">El <strong>AMPA<\/strong> (<em>Asociaci\u00f3n de Madres y Padres de Alumnos<\/em>) es una organizaci\u00f3n que representa a las familias dentro del centro educativo. Colabora con el colegio para mejorar la calidad de la educaci\u00f3n, organiza actividades, y trabaja para que nuestras hijas e hijos tengan un entorno escolar m\u00e1s enriquecedor. Te invitamos a conocer m\u00e1s viendo este video que hemos preparado. \u00a1No te lo pierdas!<\/li>\n<\/ul>\n<\/li>\n<\/ul>\n<p>[\/et_pb_text][\/et_pb_column][et_pb_column type=&#8221;1_2&#8243; _builder_version=&#8221;4.24.2&#8243; _module_preset=&#8221;default&#8221; global_colors_info=&#8221;{}&#8221;][et_pb_video src=&#8221;https:\/\/youtu.be\/LILS21SDwIA?feature=shared&#8221; module_class=&#8221;mi-video&#8221; _builder_version=&#8221;4.24.2&#8243; _module_preset=&#8221;default&#8221; animation_style=&#8221;fade&#8221; global_colors_info=&#8221;{}&#8221;][\/et_pb_video][\/et_pb_column][\/et_pb_row][\/et_pb_section]<\/p>\n","protected":false},"excerpt":{"rendered":"<p>El AMPA (Asociaci\u00f3n de Madres y Padres de Alumnos) es una organizaci\u00f3n que representa a las familias dentro del centro educativo. Colabora con el colegio para mejorar la calidad de la educaci\u00f3n, organiza actividades, y trabaja para que nuestras hijas e hijos tengan un entorno escolar m\u00e1s enriquecedor. Te invitamos a conocer m\u00e1s viendo este [&hellip;]<\/p>\n","protected":false},"author":16836,"featured_media":0,"parent":0,"menu_order":0,"comment_status":"closed","ping_status":"closed","template":"","meta":{"_et_pb_use_builder":"on","_et_pb_old_content":"","_et_gb_content_width":"","ngg_post_thumbnail":0,"footnotes":""},"aioseo_notices":[],"_links":{"self":[{"href":"https:\/\/blogsaverroes.juntadeandalucia.es\/iesaccabe\/wp-json\/wp\/v2\/pages\/784"}],"collection":[{"href":"https:\/\/blogsaverroes.juntadeandalucia.es\/iesaccabe\/wp-json\/wp\/v2\/pages"}],"about":[{"href":"https:\/\/blogsaverroes.juntadeandalucia.es\/iesaccabe\/wp-json\/wp\/v2\/types\/page"}],"author":[{"embeddable":true,"href":"https:\/\/blogsaverroes.juntadeandalucia.es\/iesaccabe\/wp-json\/wp\/v2\/users\/16836"}],"replies":[{"embeddable":true,"href":"https:\/\/blogsaverroes.juntadeandalucia.es\/iesaccabe\/wp-json\/wp\/v2\/comments?post=784"}],"version-history":[{"count":10,"href":"https:\/\/blogsaverroes.juntadeandalucia.es\/iesaccabe\/wp-json\/wp\/v2\/pages\/784\/revisions"}],"predecessor-version":[{"id":872,"href":"https:\/\/blogsaverroes.juntadeandalucia.es\/iesaccabe\/wp-json\/wp\/v2\/pages\/784\/revisions\/872"}],"wp:attachment":[{"href":"https:\/\/blogsaverroes.juntadeandalucia.es\/iesaccabe\/wp-json\/wp\/v2\/media?parent=784"}],"curies":[{"name":"wp","href":"https:\/\/api.w.org\/{rel}","templated":true}]}}