{"id":919,"date":"2025-05-07T09:48:55","date_gmt":"2025-05-07T07:48:55","guid":{"rendered":"https:\/\/blogsaverroes.juntadeandalucia.es\/iesaccabe\/?page_id=919"},"modified":"2025-11-15T19:40:02","modified_gmt":"2025-11-15T18:40:02","slug":"frances-2","status":"publish","type":"page","link":"https:\/\/blogsaverroes.juntadeandalucia.es\/iesaccabe\/frances-2\/","title":{"rendered":"Franc\u00e9s"},"content":{"rendered":"<p>[et_pb_section fb_built=&#8221;1&#8243; _builder_version=&#8221;4.16&#8243; custom_padding=&#8221;0px||0px|&#8221; z_index_tablet=&#8221;500&#8243; box_shadow_horizontal_tablet=&#8221;0px&#8221; box_shadow_vertical_tablet=&#8221;0px&#8221; box_shadow_blur_tablet=&#8221;40px&#8221; box_shadow_spread_tablet=&#8221;0px&#8221; global_colors_info=&#8221;{}&#8221;][et_pb_row _builder_version=&#8221;4.16&#8243; background_size=&#8221;initial&#8221; background_position=&#8221;top_left&#8221; background_repeat=&#8221;repeat&#8221; global_colors_info=&#8221;{}&#8221;][et_pb_column type=&#8221;4_4&#8243; _builder_version=&#8221;4.16&#8243; custom_padding=&#8221;|||&#8221; global_colors_info=&#8221;{}&#8221; custom_padding__hover=&#8221;|||&#8221;][et_pb_image src=&#8221;https:\/\/blogsaverroes.juntadeandalucia.es\/iesaccabe\/files\/2025\/05\/departamentos.png&#8221; title_text=&#8221;departamentos&#8221; admin_label=&#8221;Imagen de la portada&#8221; _builder_version=&#8221;4.24.2&#8243; vertical_offset_tablet=&#8221;0&#8243; horizontal_offset_tablet=&#8221;0&#8243; z_index_tablet=&#8221;500&#8243; box_shadow_horizontal_tablet=&#8221;0px&#8221; box_shadow_vertical_tablet=&#8221;0px&#8221; box_shadow_blur_tablet=&#8221;40px&#8221; box_shadow_spread_tablet=&#8221;0px&#8221; global_colors_info=&#8221;{}&#8221;][\/et_pb_image][et_pb_heading title=&#8221;Franc\u00e9s&#8221; _builder_version=&#8221;4.24.2&#8243; _module_preset=&#8221;default&#8221; title_font=&#8221;|800|||||||&#8221; title_text_align=&#8221;center&#8221; title_font_size=&#8221;40px&#8221; border_width_bottom=&#8221;1px&#8221; global_colors_info=&#8221;{}&#8221;][\/et_pb_heading][\/et_pb_column][\/et_pb_row][et_pb_row _builder_version=&#8221;4.24.2&#8243; _module_preset=&#8221;default&#8221; global_colors_info=&#8221;{}&#8221;][et_pb_column type=&#8221;4_4&#8243; _builder_version=&#8221;4.24.2&#8243; _module_preset=&#8221;default&#8221; global_colors_info=&#8221;{}&#8221;][et_pb_tabs active_tab_background_color=&#8221;#e0a09d&#8221; inactive_tab_background_color=&#8221;rgba(224,160,157,0.59)&#8221; _builder_version=&#8221;4.24.2&#8243; _module_preset=&#8221;default&#8221; hover_enabled=&#8221;0&#8243; border_width_all=&#8221;2px&#8221; border_color_all=&#8221;#b7b7b7&#8243; global_colors_info=&#8221;{}&#8221; sticky_enabled=&#8221;0&#8243;][et_pb_tab title=&#8221;Informaci\u00f3n&#8221; _builder_version=&#8221;4.24.2&#8243; _module_preset=&#8221;default&#8221; global_colors_info=&#8221;{}&#8221;]<\/p>\n<p><strong>Asignaturas impartidas:<\/strong><\/p>\n<ul>\n<li style=\"list-style-type: none\">\n<ul>\n<li style=\"list-style-type: none\">\n<ul>\n<li style=\"list-style-type: none\">\n<ul>\n<li style=\"list-style-type: none\">\n<ul>\n<li style=\"list-style-type: none\">\n<ul>\n<li>Franc\u00e9s \u00a0<\/li>\n<\/ul>\n<\/li>\n<\/ul>\n<\/li>\n<\/ul>\n<\/li>\n<\/ul>\n<\/li>\n<\/ul>\n<\/li>\n<\/ul>\n<p>[\/et_pb_tab][et_pb_tab title=&#8221;Personal&#8221; _builder_version=&#8221;4.24.2&#8243; _module_preset=&#8221;default&#8221; custom_css_free_form=&#8221;table, th, td {||    border: 1px solid #777 !important; \/* Gris oscuro *\/||    border-collapse: collapse;||}||||th, td {||    padding: 10px;||}&#8221; global_colors_info=&#8221;{}&#8221;]<\/p>\n<h2><strong>Profesores:<\/strong><\/h2>\n<ul>\n<li><strong>Jefa de departamento: <\/strong>S\u00e1ez Jurado, Susana (<em><a href=\"mailto:fgartor979@g.educaand.es\">ssaejur495@g.educaand.es<\/a><\/em>)<\/li>\n<\/ul>\n<p>[\/et_pb_tab][et_pb_tab title=&#8221;Materiales did\u00e1cticos&#8221; _builder_version=&#8221;4.24.2&#8243; _module_preset=&#8221;default&#8221; global_colors_info=&#8221;{}&#8221;][\/et_pb_tab][et_pb_tab title=&#8221;Programaci\u00f3n&#8221; _builder_version=&#8221;4.24.2&#8243; _module_preset=&#8221;default&#8221; hover_enabled=&#8221;0&#8243; sticky_enabled=&#8221;0&#8243;]<\/p>\n<ul>\n<li><a href=\"https:\/\/drive.google.com\/open?id=1nP2jq-1pCcyloO7DDU1o9EClyp85-me0&amp;usp=drive_fs\" target=\"_blank\" rel=\"noopener\" title=\"Programaci\u00f3n Franc\u00e9s 1\u00ba, 2\u00ba, 3\u00ba y 4\u00ba de ESO.\">Programaci\u00f3n Franc\u00e9s 1\u00ba, 2\u00ba, 3\u00ba y 4\u00ba de ESO.<\/a><\/li>\n<\/ul>\n<p>[\/et_pb_tab][\/et_pb_tabs][\/et_pb_column][\/et_pb_row][\/et_pb_section]<\/p>\n","protected":false},"excerpt":{"rendered":"<p>Asignaturas impartidas: Franc\u00e9s \u00a0 Profesores: Jefa de departamento: S\u00e1ez Jurado, Susana (ssaejur495@g.educaand.es) Programaci\u00f3n Franc\u00e9s 1\u00ba, 2\u00ba, 3\u00ba y 4\u00ba de ESO.<\/p>\n","protected":false},"author":16836,"featured_media":0,"parent":0,"menu_order":0,"comment_status":"closed","ping_status":"closed","template":"","meta":{"_et_pb_use_builder":"on","_et_pb_old_content":"","_et_gb_content_width":"","ngg_post_thumbnail":0,"footnotes":""},"aioseo_notices":[],"_links":{"self":[{"href":"https:\/\/blogsaverroes.juntadeandalucia.es\/iesaccabe\/wp-json\/wp\/v2\/pages\/919"}],"collection":[{"href":"https:\/\/blogsaverroes.juntadeandalucia.es\/iesaccabe\/wp-json\/wp\/v2\/pages"}],"about":[{"href":"https:\/\/blogsaverroes.juntadeandalucia.es\/iesaccabe\/wp-json\/wp\/v2\/types\/page"}],"author":[{"embeddable":true,"href":"https:\/\/blogsaverroes.juntadeandalucia.es\/iesaccabe\/wp-json\/wp\/v2\/users\/16836"}],"replies":[{"embeddable":true,"href":"https:\/\/blogsaverroes.juntadeandalucia.es\/iesaccabe\/wp-json\/wp\/v2\/comments?post=919"}],"version-history":[{"count":15,"href":"https:\/\/blogsaverroes.juntadeandalucia.es\/iesaccabe\/wp-json\/wp\/v2\/pages\/919\/revisions"}],"predecessor-version":[{"id":1706,"href":"https:\/\/blogsaverroes.juntadeandalucia.es\/iesaccabe\/wp-json\/wp\/v2\/pages\/919\/revisions\/1706"}],"wp:attachment":[{"href":"https:\/\/blogsaverroes.juntadeandalucia.es\/iesaccabe\/wp-json\/wp\/v2\/media?parent=919"}],"curies":[{"name":"wp","href":"https:\/\/api.w.org\/{rel}","templated":true}]}}