{"id":147,"date":"2015-03-17T07:46:52","date_gmt":"2015-03-17T07:46:52","guid":{"rendered":"http:\/\/blogsaverroes.juntadeandalucia.es\/pre\/ceip\/?page_id=147"},"modified":"2021-11-10T10:58:29","modified_gmt":"2021-11-10T10:58:29","slug":"clasicas","status":"publish","type":"page","link":"https:\/\/blogsaverroes.juntadeandalucia.es\/iesacci\/clasicas\/","title":{"rendered":"Econom\u00eda"},"content":{"rendered":"<div><img loading=\"lazy\" decoding=\"async\" class=\"aligncenter size-medium wp-image-2035\" src=\"http:\/\/blogsaverroes.juntadeandalucia.es\/iesacci\/files\/2015\/03\/economia-300x212.jpg\" alt=\"economia\" width=\"300\" height=\"212\" srcset=\"https:\/\/blogsaverroes.juntadeandalucia.es\/iesacci\/files\/2015\/03\/economia-300x212.jpg 300w, https:\/\/blogsaverroes.juntadeandalucia.es\/iesacci\/files\/2015\/03\/economia.jpg 640w\" sizes=\"(max-width: 300px) 100vw, 300px\" \/><\/div>\n<p>LOS COMPONENTES QUE VAN A DAR ECONOM\u00cdA SON:<\/p>\n<p>MAR\u00cdA JOS\u00c9 GARC\u00cdA L\u00d3PEZ<\/p>\n<p>Julita Garc\u00eda Morillas<\/p>\n<p>LAS GU\u00cdAS DE ECONOM\u00cdA PARA EL PRESENTE CURSO&nbsp; SER\u00c1N:<\/p>\n<table style=\"width: 93.9918%\">\n<tbody>\n<tr>\n<td style=\"width: 31.1412%\"><a href=\"https:\/\/blogsaverroes.juntadeandalucia.es\/iesacci\/files\/2021\/11\/ECO-2BACH2122.pdf\">ECO-2BACH2122<\/a><\/td>\n<td style=\"width: 34.236%\"><a href=\"https:\/\/blogsaverroes.juntadeandalucia.es\/iesacci\/files\/2021\/11\/ECO-4ESO2122.pdf\">ECO-4ESO2122<\/a><\/td>\n<td style=\"width: 32.882%\">&nbsp;<\/td>\n<\/tr>\n<tr>\n<td style=\"width: 31.1412%\">&nbsp;<\/td>\n<td style=\"width: 34.236%\">&nbsp;<\/td>\n<td style=\"width: 32.882%\">&nbsp;<\/td>\n<\/tr>\n<tr>\n<td style=\"width: 31.1412%\">&nbsp;<\/td>\n<td style=\"width: 34.236%\">&nbsp;<\/td>\n<td style=\"width: 32.882%\">&nbsp;<\/td>\n<\/tr>\n<\/tbody>\n<\/table>\n<p><strong><span style=\"font-family: Arial,sans-serif\"><span style=\"font-size: medium\">Econom\u00eda<\/span><\/span><\/strong><\/p>\n<p><span style=\"font-family: Arial,sans-serif\">El estudio y la formaci\u00f3n en econom\u00eda se hacen absolutamente necesarios en un contexto muy globalizado, en el que las relaciones econ\u00f3micas son cada vez m\u00e1s complejas. La econom\u00eda est\u00e1 presente en todos los aspectos de nuestra vida cotidiana, cualquier ciudadano necesita conocer las reglas b\u00e1sicas que explican los acontecimientos econ\u00f3micos y el lenguaje espec\u00edfico que es utilizado por los economistas y los medios de comunicaci\u00f3n para analizar esos hechos. La realidad no puede entenderse correctamente sin considerar el comportamiento econ\u00f3mico, individual y colectivo, de las personas en la b\u00fasqueda de la satisfacci\u00f3n de sus necesidades, as\u00ed como la producci\u00f3n y organizaci\u00f3n de los bienes y servicios que se necesitan para ello, y la distribuci\u00f3n de los recursos escasos.<\/span><\/p>\n<p>&nbsp;<\/p>\n<p><strong><span style=\"font-family: Arial,sans-serif\">Econom\u00eda de la Empresa<\/span><\/strong><\/p>\n<p><span style=\"font-family: Arial,sans-serif\">La Econom\u00eda de la Empresa estudia y analiza respuestas para los problemas econ\u00f3micos que se plantean en el seno de la empresa; su objetivo es avanzar en el an\u00e1lisis de la moderna organizaci\u00f3n y administraci\u00f3n de empresas, con un enfoque completo y actualizado.<\/span><\/p>\n","protected":false},"excerpt":{"rendered":"<p>LOS COMPONENTES QUE VAN A DAR ECONOM\u00cdA SON: MAR\u00cdA JOS\u00c9 GARC\u00cdA L\u00d3PEZ Julita Garc\u00eda Morillas LAS GU\u00cdAS DE ECONOM\u00cdA PARA EL PRESENTE CURSO&nbsp; SER\u00c1N: ECO-2BACH2122 ECO-4ESO2122 &nbsp; &nbsp; &nbsp; &nbsp; &nbsp; &nbsp; &nbsp; Econom\u00eda&#46;&#46;&#46;<\/p>\n","protected":false},"author":1,"featured_media":0,"parent":0,"menu_order":0,"comment_status":"closed","ping_status":"closed","template":"","meta":{"ngg_post_thumbnail":0,"footnotes":"","_mc_calendar":[]},"aioseo_notices":[],"_links":{"self":[{"href":"https:\/\/blogsaverroes.juntadeandalucia.es\/iesacci\/wp-json\/wp\/v2\/pages\/147"}],"collection":[{"href":"https:\/\/blogsaverroes.juntadeandalucia.es\/iesacci\/wp-json\/wp\/v2\/pages"}],"about":[{"href":"https:\/\/blogsaverroes.juntadeandalucia.es\/iesacci\/wp-json\/wp\/v2\/types\/page"}],"author":[{"embeddable":true,"href":"https:\/\/blogsaverroes.juntadeandalucia.es\/iesacci\/wp-json\/wp\/v2\/users\/1"}],"replies":[{"embeddable":true,"href":"https:\/\/blogsaverroes.juntadeandalucia.es\/iesacci\/wp-json\/wp\/v2\/comments?post=147"}],"version-history":[{"count":20,"href":"https:\/\/blogsaverroes.juntadeandalucia.es\/iesacci\/wp-json\/wp\/v2\/pages\/147\/revisions"}],"predecessor-version":[{"id":5753,"href":"https:\/\/blogsaverroes.juntadeandalucia.es\/iesacci\/wp-json\/wp\/v2\/pages\/147\/revisions\/5753"}],"wp:attachment":[{"href":"https:\/\/blogsaverroes.juntadeandalucia.es\/iesacci\/wp-json\/wp\/v2\/media?parent=147"}],"curies":[{"name":"wp","href":"https:\/\/api.w.org\/{rel}","templated":true}]}}