{"id":155,"date":"2015-03-17T07:49:21","date_gmt":"2015-03-17T07:49:21","guid":{"rendered":"http:\/\/blogsaverroes.juntadeandalucia.es\/pre\/ceip\/?page_id=155"},"modified":"2024-10-24T08:45:31","modified_gmt":"2024-10-24T08:45:31","slug":"ingles","status":"publish","type":"page","link":"https:\/\/blogsaverroes.juntadeandalucia.es\/iesacci\/ingles\/","title":{"rendered":"Lengua Castellana"},"content":{"rendered":"<p>El Departamento de Lengua Castellana &nbsp;cuenta durante el presente curso con los siguientes docentes:<\/p>\n<p><a href=\"https:\/\/blogsaverroes.juntadeandalucia.es\/iesacci\/files\/2020\/03\/PROGRAMACI\u00d3N-lengua-2019-2020..pdf\">PROGRAMACI\u00d3N lengua <\/a><\/p>\n<p>Francisco Avil\u00e9s Martos (DACE)<\/p>\n<p>Inmaculada Gallego Lorca<\/p>\n<p>Laura Garc\u00eda Castro<\/p>\n<p>Nazira Cheli Hitos<\/p>\n<p>Lidia Carrillo Sol\u00eds<\/p>\n<p>Jos\u00e9 Garc\u00eda Cabrera ( JD)<\/p>\n<p>&nbsp;<\/p>\n<table>\n<tbody>\n<tr style=\"height: 25px\">\n<td style=\"height: 25px\">&nbsp;<\/td>\n<td style=\"height: 25px\">&nbsp;<\/td>\n<td style=\"height: 25px\">&nbsp;<\/td>\n<td style=\"height: 25px\">&nbsp;<\/td>\n<\/tr>\n<tr style=\"height: 25px\">\n<td style=\"height: 25px\">&nbsp;<\/td>\n<td style=\"height: 25px\">&nbsp;<\/td>\n<td style=\"height: 25px\">&nbsp;<\/td>\n<td style=\"height: 25px\">&nbsp;<\/td>\n<\/tr>\n<\/tbody>\n<\/table>\n<p>&nbsp; &nbsp; &nbsp; &nbsp;<\/p>\n<p><img loading=\"lazy\" decoding=\"async\" class=\"aligncenter size-medium wp-image-2126\" src=\"http:\/\/blogsaverroes.juntadeandalucia.es\/iesacci\/files\/2015\/03\/lengua-300x200.jpg\" alt=\"lengua\" width=\"300\" height=\"200\" srcset=\"https:\/\/blogsaverroes.juntadeandalucia.es\/iesacci\/files\/2015\/03\/lengua-300x200.jpg 300w, https:\/\/blogsaverroes.juntadeandalucia.es\/iesacci\/files\/2015\/03\/lengua.jpg 640w\" sizes=\"(max-width: 300px) 100vw, 300px\" \/><\/p>\n<p><strong><span style=\"font-family: sans-serif\"><span style=\"font-size: medium\">Lengua Castellana y Literatura <\/span><\/span><\/strong><\/p>\n<p><span style=\"font-family: sans-serif\"><span style=\"font-size: medium\">La materia Lengua Castellana y Literatura tiene como objetivo el desarrollo de la competencia comunicativa del alumnado, entendida en todas sus vertientes: pragm\u00e1tica, ling\u00fc\u00edstica, socioling\u00fc\u00edstica y literaria. Debe tambi\u00e9n aportar las herramientas y los conocimientos necesarios para desenvolverse satisfactoriamente en cualquier situaci\u00f3n comunicativa de la vida familiar, social y profesional. Esos conocimientos son los que articulan los procesos de comprensi\u00f3n y expresi\u00f3n oral por un lado, y de comprensi\u00f3n y expresi\u00f3n escrita por otro. La estructuraci\u00f3n del pensamiento del ser humano se hace a trav\u00e9s del lenguaje, de ah\u00ed que esa capacidad de comprender y de expresarse sea el mejor y el m\u00e1s eficaz instrumento de aprendizaje.<\/span><\/span><\/p>\n","protected":false},"excerpt":{"rendered":"<p>El Departamento de Lengua Castellana &nbsp;cuenta durante el presente curso con los siguientes docentes: PROGRAMACI\u00d3N lengua Francisco Avil\u00e9s Martos (DACE) Inmaculada Gallego Lorca Laura Garc\u00eda Castro Nazira Cheli Hitos Lidia Carrillo Sol\u00eds Jos\u00e9 Garc\u00eda&#46;&#46;&#46;<\/p>\n","protected":false},"author":1,"featured_media":0,"parent":0,"menu_order":0,"comment_status":"closed","ping_status":"open","template":"","meta":{"ngg_post_thumbnail":0,"footnotes":"","_mc_calendar":[]},"aioseo_notices":[],"_links":{"self":[{"href":"https:\/\/blogsaverroes.juntadeandalucia.es\/iesacci\/wp-json\/wp\/v2\/pages\/155"}],"collection":[{"href":"https:\/\/blogsaverroes.juntadeandalucia.es\/iesacci\/wp-json\/wp\/v2\/pages"}],"about":[{"href":"https:\/\/blogsaverroes.juntadeandalucia.es\/iesacci\/wp-json\/wp\/v2\/types\/page"}],"author":[{"embeddable":true,"href":"https:\/\/blogsaverroes.juntadeandalucia.es\/iesacci\/wp-json\/wp\/v2\/users\/1"}],"replies":[{"embeddable":true,"href":"https:\/\/blogsaverroes.juntadeandalucia.es\/iesacci\/wp-json\/wp\/v2\/comments?post=155"}],"version-history":[{"count":18,"href":"https:\/\/blogsaverroes.juntadeandalucia.es\/iesacci\/wp-json\/wp\/v2\/pages\/155\/revisions"}],"predecessor-version":[{"id":6092,"href":"https:\/\/blogsaverroes.juntadeandalucia.es\/iesacci\/wp-json\/wp\/v2\/pages\/155\/revisions\/6092"}],"wp:attachment":[{"href":"https:\/\/blogsaverroes.juntadeandalucia.es\/iesacci\/wp-json\/wp\/v2\/media?parent=155"}],"curies":[{"name":"wp","href":"https:\/\/api.w.org\/{rel}","templated":true}]}}