{"id":162,"date":"2015-03-17T07:51:10","date_gmt":"2015-03-17T07:51:10","guid":{"rendered":"http:\/\/blogsaverroes.juntadeandalucia.es\/pre\/ceip\/?page_id=162"},"modified":"2024-10-24T09:04:40","modified_gmt":"2024-10-24T09:04:40","slug":"tecnologia","status":"publish","type":"page","link":"https:\/\/blogsaverroes.juntadeandalucia.es\/iesacci\/tecnologia\/","title":{"rendered":"Tecnolog\u00eda"},"content":{"rendered":"<p>El <a href=\"http:\/\/accitec.byethost8.com\/?ckattempt=1\" target=\"_blank\" rel=\"noopener noreferrer\">Departamento de &nbsp;Tecnolog\u00eda<\/a> cuenta durante el curso&nbsp; con los siguientes docentes:<\/p>\n<p>Francisco Jos\u00e9 Maldonado Amaya ( Coordinado Tic). <a href=\"http:\/\/accitec.byethost8.com\">P\u00e1gina Web:&nbsp; https:\/\/sites.google.com\/iesacci.org\/tde<\/a><\/p>\n<p>\u00d6scar Arag\u00f3n Pulido<\/p>\n<p>Encarnaci\u00f3n Requena Carrascosa ( JD)<\/p>\n<table style=\"width: 55.9542%\">\n<tbody>\n<tr>\n<td style=\"width: 44.1935%\">&nbsp;<\/td>\n<td style=\"width: 47.0968%\">&nbsp;<\/td>\n<td style=\"width: 3.22581%\">&nbsp;<\/td>\n<td style=\"width: 2.58065%\">&nbsp;<\/td>\n<\/tr>\n<tr>\n<td style=\"width: 44.1935%\">&nbsp;<\/td>\n<td style=\"width: 47.0968%\">&nbsp;<\/td>\n<td style=\"width: 3.22581%\">&nbsp;<\/td>\n<td style=\"width: 2.58065%\">&nbsp;<\/td>\n<\/tr>\n<tr>\n<td style=\"width: 44.1935%\">&nbsp;<\/td>\n<td style=\"width: 47.0968%\">&nbsp;<\/td>\n<td style=\"width: 3.22581%\">&nbsp;<\/td>\n<td style=\"width: 2.58065%\">&nbsp;<\/td>\n<\/tr>\n<\/tbody>\n<\/table>\n<p>&nbsp;<\/p>\n<p><img loading=\"lazy\" decoding=\"async\" class=\"aligncenter size-medium wp-image-2163\" src=\"http:\/\/blogsaverroes.juntadeandalucia.es\/iesacci\/files\/2015\/03\/tecnologia-300x225.jpg\" alt=\"tecnologia\" width=\"300\" height=\"225\" srcset=\"https:\/\/blogsaverroes.juntadeandalucia.es\/iesacci\/files\/2015\/03\/tecnologia-300x225.jpg 300w, https:\/\/blogsaverroes.juntadeandalucia.es\/iesacci\/files\/2015\/03\/tecnologia.jpg 640w\" sizes=\"(max-width: 300px) 100vw, 300px\" \/><\/p>\n<p><strong><span style=\"font-family: sans-serif\"><span style=\"font-size: medium\">Tecnolog\u00eda <\/span><\/span><\/strong><\/p>\n<p><span style=\"font-family: sans-serif\"><span style=\"font-size: medium\">El desarrollo tecnol\u00f3gico configura el mundo actual que conocemos. En muchas ocasiones la tecnolog\u00eda interact\u00faa en nuestra vida, aunque pasa desapercibida por lo habituados que estamos a ella. Este contexto hace necesaria la formaci\u00f3n de ciudadanos en la toma de decisiones relacionadas con procesos tecnol\u00f3gicos, con sentido cr\u00edtico, con capacidad de resolver problemas relacionados con ellos y, en definitiva, para utilizar y conocer materiales, procesos y objetos tecnol\u00f3gicos que facilitan la capacidad de actuar en un entorno tecnificado que mejora la calidad de vida. <\/span><\/span><\/p>\n<p><span style=\"font-family: sans-serif\"><span style=\"font-size: medium\">A lo largo de los siglos, el desarrollo tecnol\u00f3gico se ha visto motivado por las necesidades que la sociedad de cada \u00e9poca ha demandado, por sus tradiciones y su cultura, sin olvidar aspectos econ\u00f3micos y de mercado. La innovaci\u00f3n y b\u00fasqueda de soluciones alternativas han facilitado avances y la necesidad de cambio ha estado ligada siempre al ser humano. Por este motivo, la sociedad en la que vivimos necesita una educaci\u00f3n tecnol\u00f3gica amplia que facilite el conocimiento de las diversas tecnolog\u00edas, as\u00ed como las t\u00e9cnicas y los conocimientos cient\u00edficos que los sustentan. El desarrollo tecnol\u00f3gico se fundamenta en principios elementales y m\u00e1quinas simples que, sumados convenientemente, crean nuevas m\u00e1quinas y generan la realidad que nos rodea. <\/span><\/span><\/p>\n","protected":false},"excerpt":{"rendered":"<p>El Departamento de &nbsp;Tecnolog\u00eda cuenta durante el curso&nbsp; con los siguientes docentes: Francisco Jos\u00e9 Maldonado Amaya ( Coordinado Tic). P\u00e1gina Web:&nbsp; https:\/\/sites.google.com\/iesacci.org\/tde \u00d6scar Arag\u00f3n Pulido Encarnaci\u00f3n Requena Carrascosa ( JD) &nbsp; &nbsp; &nbsp; &nbsp;&#46;&#46;&#46;<\/p>\n","protected":false},"author":1,"featured_media":0,"parent":0,"menu_order":0,"comment_status":"closed","ping_status":"open","template":"","meta":{"ngg_post_thumbnail":0,"footnotes":"","_mc_calendar":[]},"aioseo_notices":[],"_links":{"self":[{"href":"https:\/\/blogsaverroes.juntadeandalucia.es\/iesacci\/wp-json\/wp\/v2\/pages\/162"}],"collection":[{"href":"https:\/\/blogsaverroes.juntadeandalucia.es\/iesacci\/wp-json\/wp\/v2\/pages"}],"about":[{"href":"https:\/\/blogsaverroes.juntadeandalucia.es\/iesacci\/wp-json\/wp\/v2\/types\/page"}],"author":[{"embeddable":true,"href":"https:\/\/blogsaverroes.juntadeandalucia.es\/iesacci\/wp-json\/wp\/v2\/users\/1"}],"replies":[{"embeddable":true,"href":"https:\/\/blogsaverroes.juntadeandalucia.es\/iesacci\/wp-json\/wp\/v2\/comments?post=162"}],"version-history":[{"count":16,"href":"https:\/\/blogsaverroes.juntadeandalucia.es\/iesacci\/wp-json\/wp\/v2\/pages\/162\/revisions"}],"predecessor-version":[{"id":6099,"href":"https:\/\/blogsaverroes.juntadeandalucia.es\/iesacci\/wp-json\/wp\/v2\/pages\/162\/revisions\/6099"}],"wp:attachment":[{"href":"https:\/\/blogsaverroes.juntadeandalucia.es\/iesacci\/wp-json\/wp\/v2\/media?parent=162"}],"curies":[{"name":"wp","href":"https:\/\/api.w.org\/{rel}","templated":true}]}}