{"id":2352,"date":"2015-11-19T10:32:35","date_gmt":"2015-11-19T10:32:35","guid":{"rendered":"http:\/\/blogsaverroes.juntadeandalucia.es\/iesacci\/?page_id=2352"},"modified":"2024-12-12T12:45:39","modified_gmt":"2024-12-12T12:45:39","slug":"imagen-personal","status":"publish","type":"page","link":"https:\/\/blogsaverroes.juntadeandalucia.es\/iesacci\/imagen-personal\/","title":{"rendered":"Imagen Personal"},"content":{"rendered":"<p>El <a href=\"https:\/\/sites.google.com\/site\/peluqueriaacci\/\" target=\"_blank\" rel=\"noopener noreferrer\">Departmento de Imagen Personal<\/a> ofrece los siguientes ciclos formativos:<\/p>\n<p><strong>Ciclo Formativo de Grado de Medio de Imagen Personal<\/strong><\/p>\n<p><strong>Formaci\u00f3n Profesional Grado B\u00e1sico de Peluquer\u00eda<\/strong><\/p>\n<p>Durante este curso cuenta con el siguiente profesorado:<\/p>\n<p>Mar\u00eda del Carmen Florent\u00edn Hern\u00e1ndez (J.D.)<\/p>\n<p>Yolanda Garc\u00eda Fuentes ( A, BIL)<\/p>\n<p>Leticia Espigares Ortiz<\/p>\n<p>Macarena Rivas Villada<\/p>\n<p>Mar\u00eda Llopis Valdivia<\/p>\n<h2 style=\"text-align: center\"><span style=\"color: #0000ff\">PROYECTO DEL AULA BILING\u00dcE EN DUBL\u00cdN<\/span><\/h2>\n<table style=\"border-collapse: collapse;width: 100%\">\n<tbody>\n<tr>\n<td style=\"width: 33.3333%\"><div style=\"width: 480px;\" class=\"wp-video\"><!--[if lt IE 9]><script>document.createElement('video');<\/script><![endif]-->\n<video class=\"wp-video-shortcode\" id=\"video-2352-1\" width=\"480\" height=\"848\" preload=\"metadata\" controls=\"controls\"><source type=\"video\/mp4\" src=\"https:\/\/blogsaverroes.juntadeandalucia.es\/iesacci\/files\/2024\/12\/VIDEO-1.mp4?_=1\" \/><a href=\"https:\/\/blogsaverroes.juntadeandalucia.es\/iesacci\/files\/2024\/12\/VIDEO-1.mp4\">https:\/\/blogsaverroes.juntadeandalucia.es\/iesacci\/files\/2024\/12\/VIDEO-1.mp4<\/a><\/video><\/div><\/td>\n<td style=\"width: 33.3333%\"><div style=\"width: 480px;\" class=\"wp-video\"><video class=\"wp-video-shortcode\" id=\"video-2352-2\" width=\"480\" height=\"848\" preload=\"metadata\" controls=\"controls\"><source type=\"video\/mp4\" src=\"https:\/\/blogsaverroes.juntadeandalucia.es\/iesacci\/files\/2024\/12\/VIDEO-2.mp4?_=2\" \/><a href=\"https:\/\/blogsaverroes.juntadeandalucia.es\/iesacci\/files\/2024\/12\/VIDEO-2.mp4\">https:\/\/blogsaverroes.juntadeandalucia.es\/iesacci\/files\/2024\/12\/VIDEO-2.mp4<\/a><\/video><\/div><\/td>\n<td style=\"width: 33.3333%\"><div style=\"width: 480px;\" class=\"wp-video\"><video class=\"wp-video-shortcode\" id=\"video-2352-3\" width=\"480\" height=\"848\" preload=\"metadata\" controls=\"controls\"><source type=\"video\/mp4\" src=\"https:\/\/blogsaverroes.juntadeandalucia.es\/iesacci\/files\/2024\/12\/VIDEO-3.mp4?_=3\" \/><a href=\"https:\/\/blogsaverroes.juntadeandalucia.es\/iesacci\/files\/2024\/12\/VIDEO-3.mp4\">https:\/\/blogsaverroes.juntadeandalucia.es\/iesacci\/files\/2024\/12\/VIDEO-3.mp4<\/a><\/video><\/div><\/td>\n<\/tr>\n<\/tbody>\n<\/table>\n<table style=\"border-collapse: collapse;width: 100%\">\n<tbody>\n<tr>\n<td style=\"width: 50%\"><div style=\"width: 480px;\" class=\"wp-video\"><video class=\"wp-video-shortcode\" id=\"video-2352-4\" width=\"480\" height=\"848\" preload=\"metadata\" controls=\"controls\"><source type=\"video\/mp4\" src=\"https:\/\/blogsaverroes.juntadeandalucia.es\/iesacci\/files\/2024\/12\/video-1.mp4?_=4\" \/><a href=\"https:\/\/blogsaverroes.juntadeandalucia.es\/iesacci\/files\/2024\/12\/video-1.mp4\">https:\/\/blogsaverroes.juntadeandalucia.es\/iesacci\/files\/2024\/12\/video-1.mp4<\/a><\/video><\/div><\/p>\n<p><div style=\"width: 480px;\" class=\"wp-video\"><video class=\"wp-video-shortcode\" id=\"video-2352-5\" width=\"480\" height=\"784\" preload=\"metadata\" controls=\"controls\"><source type=\"video\/mp4\" src=\"https:\/\/blogsaverroes.juntadeandalucia.es\/iesacci\/files\/2024\/12\/video-2.mp4?_=5\" \/><a href=\"https:\/\/blogsaverroes.juntadeandalucia.es\/iesacci\/files\/2024\/12\/video-2.mp4\">https:\/\/blogsaverroes.juntadeandalucia.es\/iesacci\/files\/2024\/12\/video-2.mp4<\/a><\/video><\/div><\/td>\n<td style=\"width: 50%\"><div style=\"width: 480px;\" class=\"wp-video\"><video class=\"wp-video-shortcode\" id=\"video-2352-6\" width=\"480\" height=\"848\" preload=\"metadata\" controls=\"controls\"><source type=\"video\/mp4\" src=\"https:\/\/blogsaverroes.juntadeandalucia.es\/iesacci\/files\/2024\/12\/video-5.mp4?_=6\" \/><a href=\"https:\/\/blogsaverroes.juntadeandalucia.es\/iesacci\/files\/2024\/12\/video-5.mp4\">https:\/\/blogsaverroes.juntadeandalucia.es\/iesacci\/files\/2024\/12\/video-5.mp4<\/a><\/video><\/div><\/td>\n<\/tr>\n<tr>\n<td style=\"width: 50%\"><div style=\"width: 480px;\" class=\"wp-video\"><video class=\"wp-video-shortcode\" id=\"video-2352-7\" width=\"480\" height=\"848\" preload=\"metadata\" controls=\"controls\"><source type=\"video\/mp4\" src=\"https:\/\/blogsaverroes.juntadeandalucia.es\/iesacci\/files\/2024\/12\/video-3.mp4?_=7\" \/><a href=\"https:\/\/blogsaverroes.juntadeandalucia.es\/iesacci\/files\/2024\/12\/video-3.mp4\">https:\/\/blogsaverroes.juntadeandalucia.es\/iesacci\/files\/2024\/12\/video-3.mp4<\/a><\/video><\/div><\/td>\n<td style=\"width: 50%\"><div style=\"width: 480px;\" class=\"wp-video\"><video class=\"wp-video-shortcode\" id=\"video-2352-8\" width=\"480\" height=\"848\" preload=\"metadata\" controls=\"controls\"><source type=\"video\/mp4\" src=\"https:\/\/blogsaverroes.juntadeandalucia.es\/iesacci\/files\/2024\/12\/video-4.mp4?_=8\" \/><a href=\"https:\/\/blogsaverroes.juntadeandalucia.es\/iesacci\/files\/2024\/12\/video-4.mp4\">https:\/\/blogsaverroes.juntadeandalucia.es\/iesacci\/files\/2024\/12\/video-4.mp4<\/a><\/video><\/div><\/td>\n<\/tr>\n<\/tbody>\n<\/table>\n<table style=\"width: 83.8054%;height: 200px\">\n<tbody>\n<tr style=\"height: 19px\">\n<td style=\"height: 19px;width: 82.167%\">&nbsp;<\/td>\n<td style=\"height: 19px;width: 14.447%\">&nbsp;<\/td>\n<td style=\"height: 19px;width: 6.32055%\">&nbsp;<\/td>\n<\/tr>\n<tr style=\"height: 46px\">\n<td style=\"height: 46px;width: 82.167%\">&nbsp;<\/td>\n<td style=\"height: 46px;width: 14.447%\">&nbsp;<\/td>\n<td style=\"height: 46px;width: 6.32055%\">&nbsp;<\/td>\n<\/tr>\n<tr style=\"height: 24px\">\n<td style=\"height: 24px;width: 82.167%\">&nbsp;<\/td>\n<td style=\"height: 24px;width: 14.447%\">&nbsp;<\/td>\n<td style=\"height: 24px;width: 6.32055%\">&nbsp;<\/td>\n<\/tr>\n<tr style=\"height: 24px\">\n<td style=\"height: 24px;width: 82.167%\">&nbsp;<\/td>\n<td style=\"height: 24px;width: 14.447%\">&nbsp;<\/td>\n<td style=\"height: 24px;width: 6.32055%\">&nbsp;<\/td>\n<\/tr>\n<tr style=\"height: 24px\">\n<td style=\"height: 24px;width: 82.167%\">&nbsp;<\/td>\n<td style=\"height: 24px;width: 14.447%\">&nbsp;<\/td>\n<td style=\"height: 24px;width: 6.32055%\">&nbsp;<\/td>\n<\/tr>\n<tr style=\"height: 14px\">\n<td style=\"height: 14px;width: 82.167%\">&nbsp;<\/td>\n<td style=\"height: 14px;width: 14.447%\">&nbsp;<\/td>\n<td style=\"height: 14px;width: 6.32055%\">&nbsp;<\/td>\n<\/tr>\n<tr style=\"height: 49px\">\n<td style=\"height: 49px;width: 82.167%\">&nbsp;<\/td>\n<td style=\"height: 49px;width: 14.447%\">&nbsp;<\/td>\n<td style=\"height: 49px;width: 6.32055%\">&nbsp;<\/td>\n<\/tr>\n<\/tbody>\n<\/table>\n<p>&nbsp;<\/p>\n<p>&nbsp;<\/p>\n","protected":false},"excerpt":{"rendered":"<p>El Departmento de Imagen Personal ofrece los siguientes ciclos formativos: Ciclo Formativo de Grado de Medio de Imagen Personal Formaci\u00f3n Profesional Grado B\u00e1sico de Peluquer\u00eda Durante este curso cuenta con el siguiente profesorado: Mar\u00eda&#46;&#46;&#46;<\/p>\n","protected":false},"author":2104,"featured_media":0,"parent":0,"menu_order":0,"comment_status":"open","ping_status":"open","template":"","meta":{"ngg_post_thumbnail":0,"footnotes":"","_mc_calendar":[]},"aioseo_notices":[],"_links":{"self":[{"href":"https:\/\/blogsaverroes.juntadeandalucia.es\/iesacci\/wp-json\/wp\/v2\/pages\/2352"}],"collection":[{"href":"https:\/\/blogsaverroes.juntadeandalucia.es\/iesacci\/wp-json\/wp\/v2\/pages"}],"about":[{"href":"https:\/\/blogsaverroes.juntadeandalucia.es\/iesacci\/wp-json\/wp\/v2\/types\/page"}],"author":[{"embeddable":true,"href":"https:\/\/blogsaverroes.juntadeandalucia.es\/iesacci\/wp-json\/wp\/v2\/users\/2104"}],"replies":[{"embeddable":true,"href":"https:\/\/blogsaverroes.juntadeandalucia.es\/iesacci\/wp-json\/wp\/v2\/comments?post=2352"}],"version-history":[{"count":18,"href":"https:\/\/blogsaverroes.juntadeandalucia.es\/iesacci\/wp-json\/wp\/v2\/pages\/2352\/revisions"}],"predecessor-version":[{"id":6152,"href":"https:\/\/blogsaverroes.juntadeandalucia.es\/iesacci\/wp-json\/wp\/v2\/pages\/2352\/revisions\/6152"}],"wp:attachment":[{"href":"https:\/\/blogsaverroes.juntadeandalucia.es\/iesacci\/wp-json\/wp\/v2\/media?parent=2352"}],"curies":[{"name":"wp","href":"https:\/\/api.w.org\/{rel}","templated":true}]}}