{"id":2379,"date":"2015-11-19T13:18:09","date_gmt":"2015-11-19T13:18:09","guid":{"rendered":"http:\/\/blogsaverroes.juntadeandalucia.es\/iesacci\/?page_id=2379"},"modified":"2015-11-19T13:18:09","modified_gmt":"2015-11-19T13:18:09","slug":"historia-del-centro","status":"publish","type":"page","link":"https:\/\/blogsaverroes.juntadeandalucia.es\/iesacci\/historia-del-centro\/","title":{"rendered":"Historia del Centro"},"content":{"rendered":"<h2 class=\"naranja\"><\/h2>\n<p class=\"parrafoNivel2\">Para atender el vac\u00edo existente en la Ense\u00f1anza de la Formaci\u00f3n Profesional en la Comarca de Guadix, se cre\u00f3 este Centro que inici\u00f3 su funcionamiento en el Curso 73-74 , anteriormente s\u00f3lo exist\u00edan los Institutos Padre Poveda y Pedro Antonio de Alarc\u00f3n que impart\u00edan ense\u00f1anzas de Bachillerato.<\/p>\n<p class=\"parrafoNivel2\">En sus or\u00edgenes fue una Secci\u00f3n Delegada del Instituto Padre Poveda, funcionando en las instalaciones de este Centro e impartiendo las ramas de Administrativo, Electricidad y Metal, siendo el primer Delegado Don Francisco Anti\u00f1olo Mart\u00ednez.<\/p>\n<p class=\"parrafoNivel2\">El BOE del 12\/12\/1978 Real Decreto 2.284\/78 de 27 de Octubre, en su art\u00edculo 3\u00ba transform\u00f3 la Secci\u00f3n en Instituto Nacional de Primer y Segundo Grado de Formaci\u00f3n Profesional, siendo Director Don Juan Caballero Casas y en Noviembre de 1.979 se dot\u00f3 con las actuales instalaciones en la Avenida Buenos Aires, 68.<\/p>\n<p class=\"parrafoNivel2\">Durante esos a\u00f1os se han formado numerosos j\u00f3venes en las distintas ramas profesionales de Administrativo, Electricidad, Inform\u00e1tica, Metal y Peluquer\u00eda, siendo Directores:<\/p>\n<ul class=\"listaNormal\">\n<li>Juan Caballero Casas<\/li>\n<li>Mill\u00e1n Santos Bos<\/li>\n<li>Rafael Guzm\u00e1n Tirado<\/li>\n<li>Carmen Garc\u00eda Raya<\/li>\n<li>Leovigildo Garc\u00eda G\u00f3mez<\/li>\n<\/ul>\n<p class=\"parrafoNivel2\">Posteriormente el Instituto se transform\u00f3 en Instituto de Ense\u00f1anza Secundaria impartiendo ense\u00f1anzas de ESO, Bachilleratos, Ciclos de Grado Medio y Grado Superior y Programas de Garant\u00eda Social.<\/p>\n<p class=\"parrafoNivel2\">El Instituto ACCI se caracteriza por su continua transformaci\u00f3n y adaptaci\u00f3n a las nuevas ense\u00f1anzas y demandas de esta sociedad, ha ido evolucionando desde la antigua F.P., hasta adaptar la nueva F.P. impartiendo en la actualidad 5 Ciclos de Grado Medio, 2 Ciclos de Grado Superior, Bachilleratos de Ciencias Sociales y Humanidades y Tecnol\u00f3gico. Atiende a alumnos discapacitados y con deficiencias por ser un Centro de Integraci\u00f3n. Es ya un Centro TIC, es decir que tiene informatizada toda la gesti\u00f3n administrativa, y adem\u00e1s se ha incorporado la Tecnolog\u00eda de la Informaci\u00f3n a la pr\u00e1ctica docente, para ello tiene dotadas 19 aulas con equipos inform\u00e1ticos fijos, 3 carritos de port\u00e1tiles y 6 aulas con rincones de trabajo, todos, conectados en red y a Internet para que sean utilizadas por el alumnado durante las clases. As\u00ed mismo todos los despachos y Departamentos se encuentran informatizados.<\/p>\n<p class=\"parrafoNivel2\">El centro es bil\u00edng\u00fce en Ingl\u00e9s. Durante el presente curso se imparte as\u00ed el ciclo de Grado Superior de Administraci\u00f3n y Finanzas en sus dos cursos y los cursos de 1\u00ba y 2\u00ba de ESO.<\/p>\n<p class=\"parrafoNivel2\">Tiene adem\u00e1s aprobados y funcionando otros proyectos educativos: Compensaci\u00f3n educativa, Escuela Espacio de Paz, Proyecto Lector, Coeducaci\u00f3n y Deporte en la Escuela.<\/p>\n<p class=\"parrafoNivel2\">La poblaci\u00f3n de la Comarca ha ido depositando su confianza en este nuestro Centro, confi\u00e1ndole la formaci\u00f3n de sus j\u00f3venes de manera mayoritaria y en el presente curso, contamos con 920 alumnos, 37 grupos de comunes atendidos por 85 profesores y profesoras, 1 monitora, 2 administrativos, 3 ordenanzas y 4 personas dedicadas a la limpieza.<\/p>\n","protected":false},"excerpt":{"rendered":"<p>Para atender el vac\u00edo existente en la Ense\u00f1anza de la Formaci\u00f3n Profesional en la Comarca de Guadix, se cre\u00f3 este Centro que inici\u00f3 su funcionamiento en el Curso 73-74 , anteriormente s\u00f3lo exist\u00edan los&#46;&#46;&#46;<\/p>\n","protected":false},"author":2055,"featured_media":0,"parent":0,"menu_order":0,"comment_status":"open","ping_status":"open","template":"","meta":{"ngg_post_thumbnail":0,"footnotes":"","_mc_calendar":[]},"aioseo_notices":[],"_links":{"self":[{"href":"https:\/\/blogsaverroes.juntadeandalucia.es\/iesacci\/wp-json\/wp\/v2\/pages\/2379"}],"collection":[{"href":"https:\/\/blogsaverroes.juntadeandalucia.es\/iesacci\/wp-json\/wp\/v2\/pages"}],"about":[{"href":"https:\/\/blogsaverroes.juntadeandalucia.es\/iesacci\/wp-json\/wp\/v2\/types\/page"}],"author":[{"embeddable":true,"href":"https:\/\/blogsaverroes.juntadeandalucia.es\/iesacci\/wp-json\/wp\/v2\/users\/2055"}],"replies":[{"embeddable":true,"href":"https:\/\/blogsaverroes.juntadeandalucia.es\/iesacci\/wp-json\/wp\/v2\/comments?post=2379"}],"version-history":[{"count":1,"href":"https:\/\/blogsaverroes.juntadeandalucia.es\/iesacci\/wp-json\/wp\/v2\/pages\/2379\/revisions"}],"predecessor-version":[{"id":2384,"href":"https:\/\/blogsaverroes.juntadeandalucia.es\/iesacci\/wp-json\/wp\/v2\/pages\/2379\/revisions\/2384"}],"wp:attachment":[{"href":"https:\/\/blogsaverroes.juntadeandalucia.es\/iesacci\/wp-json\/wp\/v2\/media?parent=2379"}],"curies":[{"name":"wp","href":"https:\/\/api.w.org\/{rel}","templated":true}]}}