{"id":2400,"date":"2015-11-24T11:17:14","date_gmt":"2015-11-24T11:17:14","guid":{"rendered":"http:\/\/blogsaverroes.juntadeandalucia.es\/iesacci\/?page_id=2400"},"modified":"2024-10-24T08:20:27","modified_gmt":"2024-10-24T08:20:27","slug":"formacion-y-orientacion-laboral","status":"publish","type":"page","link":"https:\/\/blogsaverroes.juntadeandalucia.es\/iesacci\/formacion-y-orientacion-laboral\/","title":{"rendered":"Formaci\u00f3n y Orientaci\u00f3n Laboral"},"content":{"rendered":"<p>El <a href=\"https:\/\/sites.google.com\/site\/accifol\/home\" target=\"_blank\" rel=\"noopener noreferrer\">Departamento de Formaci\u00f3n y Orientaci\u00f3n Laboral (F.O.L.)<\/a> cuenta con los siguientes miembros durante el presente curso:<\/p>\n<p>Mar\u00eda del Valme Morales Mart\u00edn ( JEFA DEPARTAMENTO)<\/p>\n<p><a href=\"http:\/\/elprofedefol.wikispaces.com\/\" target=\"_blank\" rel=\"noopener noreferrer\">Isaac Exp\u00f3sito Fern\u00e1ndez (DIRECTOR <\/a>)<\/p>\n<p>Ana Mar\u00eda Garc\u00eda Rienda<\/p>\n<p>Isabel Porto Rodr\u00edguez<\/p>\n<p>Mar\u00eda Isabel S\u00e1ez Calvo<\/p>\n<p>Mar\u00eda Broncano Garc\u00eda<\/p>\n<p>Puedes consultar la gu\u00eda de la asignatura en el siguiente enlace:<\/p>\n<table style=\"width: 80.3101%;height: 181px\">\n<tbody>\n<tr style=\"height: 24px\">\n<td style=\"width: 365px;height: 24px\">&nbsp;<\/td>\n<td style=\"width: 278px;height: 24px\">&nbsp;<\/td>\n<\/tr>\n<tr style=\"height: 24px\">\n<td style=\"width: 365px;height: 24px\">&nbsp;<\/td>\n<td style=\"width: 278px;height: 24px\">&nbsp;<\/td>\n<\/tr>\n<tr style=\"height: 18px\">\n<td style=\"width: 365px;height: 18px\">&nbsp;<\/td>\n<td style=\"width: 278px;height: 18px\">&nbsp;<\/td>\n<\/tr>\n<tr style=\"height: 23px\">\n<td style=\"width: 365px;height: 23px\">&nbsp;<\/td>\n<td style=\"width: 278px;height: 23px\">&nbsp;<\/td>\n<\/tr>\n<tr style=\"height: 23px\">\n<td style=\"width: 365px;height: 23px\">&nbsp;<\/td>\n<td style=\"width: 278px;height: 23px\">&nbsp;<\/td>\n<\/tr>\n<tr style=\"height: 23px\">\n<td style=\"width: 365px;height: 23px\">&nbsp;<\/td>\n<td style=\"width: 278px;height: 23px\">&nbsp;<\/td>\n<\/tr>\n<tr style=\"height: 23px\">\n<td style=\"width: 365px;height: 23px\">&nbsp;<\/td>\n<td style=\"width: 278px;height: 23px\">&nbsp;<\/td>\n<\/tr>\n<tr style=\"height: 23px\">\n<td style=\"width: 365px;height: 23px\">&nbsp;<\/td>\n<td style=\"width: 278px;height: 23px\">&nbsp;<\/td>\n<\/tr>\n<\/tbody>\n<\/table>\n<p>&nbsp; &nbsp; &nbsp; &nbsp; &nbsp;&nbsp;<\/p>\n","protected":false},"excerpt":{"rendered":"<p>El Departamento de Formaci\u00f3n y Orientaci\u00f3n Laboral (F.O.L.) cuenta con los siguientes miembros durante el presente curso: Mar\u00eda del Valme Morales Mart\u00edn ( JEFA DEPARTAMENTO) Isaac Exp\u00f3sito Fern\u00e1ndez (DIRECTOR ) Ana Mar\u00eda Garc\u00eda Rienda&#46;&#46;&#46;<\/p>\n","protected":false},"author":2055,"featured_media":0,"parent":0,"menu_order":0,"comment_status":"closed","ping_status":"closed","template":"","meta":{"ngg_post_thumbnail":0,"footnotes":"","_mc_calendar":[]},"aioseo_notices":[],"_links":{"self":[{"href":"https:\/\/blogsaverroes.juntadeandalucia.es\/iesacci\/wp-json\/wp\/v2\/pages\/2400"}],"collection":[{"href":"https:\/\/blogsaverroes.juntadeandalucia.es\/iesacci\/wp-json\/wp\/v2\/pages"}],"about":[{"href":"https:\/\/blogsaverroes.juntadeandalucia.es\/iesacci\/wp-json\/wp\/v2\/types\/page"}],"author":[{"embeddable":true,"href":"https:\/\/blogsaverroes.juntadeandalucia.es\/iesacci\/wp-json\/wp\/v2\/users\/2055"}],"replies":[{"embeddable":true,"href":"https:\/\/blogsaverroes.juntadeandalucia.es\/iesacci\/wp-json\/wp\/v2\/comments?post=2400"}],"version-history":[{"count":15,"href":"https:\/\/blogsaverroes.juntadeandalucia.es\/iesacci\/wp-json\/wp\/v2\/pages\/2400\/revisions"}],"predecessor-version":[{"id":6086,"href":"https:\/\/blogsaverroes.juntadeandalucia.es\/iesacci\/wp-json\/wp\/v2\/pages\/2400\/revisions\/6086"}],"wp:attachment":[{"href":"https:\/\/blogsaverroes.juntadeandalucia.es\/iesacci\/wp-json\/wp\/v2\/media?parent=2400"}],"curies":[{"name":"wp","href":"https:\/\/api.w.org\/{rel}","templated":true}]}}