{"id":2406,"date":"2015-11-24T11:29:37","date_gmt":"2015-11-24T11:29:37","guid":{"rendered":"http:\/\/blogsaverroes.juntadeandalucia.es\/iesacci\/?page_id=2406"},"modified":"2024-10-24T08:16:28","modified_gmt":"2024-10-24T08:16:28","slug":"electricidad","status":"publish","type":"page","link":"https:\/\/blogsaverroes.juntadeandalucia.es\/iesacci\/electricidad\/","title":{"rendered":"Electricidad"},"content":{"rendered":"<p>El Departamento de Electricidad oferta los siguientes ciclos:<\/p>\n<p><strong>Ciclo Formativo de Grado Medio de&nbsp;Instalaciones El\u00e9ctricas &nbsp;y Autom\u00e1ticas.<\/strong><\/p>\n<p><strong>Ciclo Formativo de Grado Superior&nbsp;de Sistemas Electrot\u00e9cnicos y Automatizados.<\/strong><\/p>\n<p><strong>Ciclo Formativo Grado Suoerior de Energ\u00edas Renovables.<\/strong><\/p>\n<p>Durante el presente curso, cuenta con el siguiente profesorado:<\/p>\n<p>Francisco Postigo Serrano<\/p>\n<p>Esmeralda Carmona Rodr\u00edguez<\/p>\n<p>Jos\u00e9 Par\u00eds Yebra<\/p>\n<p>Guillermo Bailina P\u00e9rez ( JD)<\/p>\n<p>Jorge L\u00f3pez L\u00f3pez<\/p>\n<p>Francisco P\u00e9rez Membrilla<\/p>\n<p>Jamal Mimun Addelkader-chaouki<\/p>\n<p>Jos\u00e9 Garc\u00eda S\u00e1nchez<\/p>\n<p>Julio Salas Quirante (JD,, Coord. DUAL)<\/p>\n<p>javier Blasco Merch\u00e1n<\/p>\n<table style=\"width: 586px\">\n<tbody>\n<tr style=\"height: 23px\">\n<td style=\"width: 273.672px;height: 23px\">&nbsp;<\/td>\n<td style=\"width: 269.328px;height: 23px\">&nbsp;<\/td>\n<\/tr>\n<tr style=\"height: 23px\">\n<td style=\"width: 564px;height: 23px\" colspan=\"2\">&nbsp;<\/td>\n<\/tr>\n<\/tbody>\n<\/table>\n<table style=\"width: 100%;height: 214px\">\n<tbody>\n<tr style=\"height: 24px\">\n<td style=\"height: 24px;width: 32.9091%\">&nbsp;<\/td>\n<td style=\"height: 24px;width: 32.9091%\">&nbsp;<\/td>\n<td style=\"height: 24px;width: 32.5455%\">&nbsp;<\/td>\n<\/tr>\n<tr style=\"height: 24px\">\n<td style=\"height: 24px;width: 32.9091%\">&nbsp;<\/td>\n<td style=\"height: 24px;width: 32.9091%\">&nbsp;<\/td>\n<td style=\"height: 24px;width: 32.5455%\">&nbsp;<\/td>\n<\/tr>\n<tr style=\"height: 24px\">\n<td style=\"height: 24px;width: 32.9091%\">&nbsp;<\/td>\n<td style=\"height: 24px;width: 32.9091%\">&nbsp;<\/td>\n<td style=\"height: 24px;width: 32.5455%\">&nbsp;<\/td>\n<\/tr>\n<tr style=\"height: 48px\">\n<td style=\"height: 48px;width: 32.9091%\">&nbsp;<\/td>\n<td style=\"height: 48px;width: 32.9091%\">&nbsp;<\/td>\n<td style=\"height: 48px;width: 32.5455%\">&nbsp;<\/td>\n<\/tr>\n<tr style=\"height: 24px\">\n<td style=\"height: 24px;width: 32.9091%\">&nbsp;<\/td>\n<td style=\"height: 24px;width: 32.9091%\">&nbsp;<\/td>\n<td style=\"height: 24px;width: 32.5455%\">&nbsp;<\/td>\n<\/tr>\n<tr style=\"height: 24px\">\n<td style=\"height: 24px;width: 32.9091%\">&nbsp;<\/td>\n<td style=\"height: 24px;width: 32.9091%\">&nbsp;<\/td>\n<td style=\"height: 24px;width: 32.5455%\">&nbsp;<\/td>\n<\/tr>\n<tr style=\"height: 24px\">\n<td style=\"height: 24px;width: 32.9091%\">&nbsp;<\/td>\n<td style=\"height: 24px;width: 32.9091%\">&nbsp;<\/td>\n<td style=\"height: 24px;width: 32.5455%\">&nbsp;<\/td>\n<\/tr>\n<tr style=\"height: 22px\">\n<td style=\"width: 32.9091%;height: 22px\">&nbsp;<\/td>\n<td style=\"width: 32.9091%;height: 22px\">&nbsp;<\/td>\n<td style=\"width: 32.5455%;height: 22px\">&nbsp;<\/td>\n<\/tr>\n<\/tbody>\n<\/table>\n<p>&nbsp; &nbsp;&nbsp;&nbsp;<\/p>\n<p>Puedes consultar la gu\u00eda de las asignaturas aqu\u00ed.<\/p>\n","protected":false},"excerpt":{"rendered":"<p>El Departamento de Electricidad oferta los siguientes ciclos: Ciclo Formativo de Grado Medio de&nbsp;Instalaciones El\u00e9ctricas &nbsp;y Autom\u00e1ticas. Ciclo Formativo de Grado Superior&nbsp;de Sistemas Electrot\u00e9cnicos y Automatizados. Ciclo Formativo Grado Suoerior de Energ\u00edas Renovables. Durante&#46;&#46;&#46;<\/p>\n","protected":false},"author":2055,"featured_media":0,"parent":0,"menu_order":0,"comment_status":"closed","ping_status":"closed","template":"","meta":{"ngg_post_thumbnail":0,"footnotes":"","_mc_calendar":[]},"aioseo_notices":[],"_links":{"self":[{"href":"https:\/\/blogsaverroes.juntadeandalucia.es\/iesacci\/wp-json\/wp\/v2\/pages\/2406"}],"collection":[{"href":"https:\/\/blogsaverroes.juntadeandalucia.es\/iesacci\/wp-json\/wp\/v2\/pages"}],"about":[{"href":"https:\/\/blogsaverroes.juntadeandalucia.es\/iesacci\/wp-json\/wp\/v2\/types\/page"}],"author":[{"embeddable":true,"href":"https:\/\/blogsaverroes.juntadeandalucia.es\/iesacci\/wp-json\/wp\/v2\/users\/2055"}],"replies":[{"embeddable":true,"href":"https:\/\/blogsaverroes.juntadeandalucia.es\/iesacci\/wp-json\/wp\/v2\/comments?post=2406"}],"version-history":[{"count":19,"href":"https:\/\/blogsaverroes.juntadeandalucia.es\/iesacci\/wp-json\/wp\/v2\/pages\/2406\/revisions"}],"predecessor-version":[{"id":6084,"href":"https:\/\/blogsaverroes.juntadeandalucia.es\/iesacci\/wp-json\/wp\/v2\/pages\/2406\/revisions\/6084"}],"wp:attachment":[{"href":"https:\/\/blogsaverroes.juntadeandalucia.es\/iesacci\/wp-json\/wp\/v2\/media?parent=2406"}],"curies":[{"name":"wp","href":"https:\/\/api.w.org\/{rel}","templated":true}]}}