{"id":2499,"date":"2015-11-25T11:34:09","date_gmt":"2015-11-25T11:34:09","guid":{"rendered":"http:\/\/blogsaverroes.juntadeandalucia.es\/iesacci\/?page_id=2499"},"modified":"2015-12-11T11:36:14","modified_gmt":"2015-12-11T11:36:14","slug":"consorcio-fct-erasmus-ix","status":"publish","type":"page","link":"https:\/\/blogsaverroes.juntadeandalucia.es\/iesacci\/consorcio-fct-erasmus-ix\/","title":{"rendered":"Consorcio FCT Erasmus +IX"},"content":{"rendered":"<p>IES Acci, como centro poseedor de la Carta Erasmus ECHE, ha pasado a formar parte del <strong><a href=\"http:\/\/portals.ced.junta-andalucia.es\/educacion\/portals\/web\/formacion-profesional-andaluza\/docente\/formacion-y-empresa\/erasmus-plus\/grado-superior\/proyecto-consorcio\" target=\"_blank\">Consorcio FCT Erasmus+ IX<\/a><\/strong>\u00a0promovido por la Direcci\u00f3n General\u00a0de Formaci\u00f3n Profesional Inicial y Educaci\u00f3n Permanente de la Consejer\u00eda de Educaci\u00f3n, la cual presenta anualmente un proyecto de consorcio dentro de la acci\u00f3n KA1(108 y 103) destinado a un n\u00famero determinado de alumnos que suele oscilar, como t\u00e9rmino medio, entre 100 alumnos de ciclos formativos de Grado Superior procedentes de centros que ostentan la Carta Erasmus de Educaci\u00f3n Superior (ECHE), denominado \u00abFCT-ERASMUS\u00bb. En la actualidad se est\u00e1 desarrollando la IX edici\u00f3n.<\/p>\n<p>Los objetivos perseguidos son:<\/p>\n<ul>\n<li>Completar la formaci\u00f3n te\u00f3rica de los participantes con la experiencia pr\u00e1ctica en empresas europeas del perfil profesional de los participantes.<\/li>\n<li>Obtener la acreditaci\u00f3n de las competencias profesionales con la obtenci\u00f3n del t\u00edtulo de T\u00e9cnico Superior y el documento de Movilidad <em>Europass<\/em>.<\/li>\n<li>Adquirir y mejorar las competencias ling\u00fc\u00edsticas y las transversales (versatilidad, capacidad de adptaci\u00f3n y comunicaci\u00f3n, autonom\u00eda personal, toma de decisiones, \u2026).<\/li>\n<li>Contribuir al desarrollo profesional, personal y social de los participantes como ciudadanos europeos.<\/li>\n<li>Ayudar a aumentar las posibilidades de inserci\u00f3n profesional de los participantes.<\/li>\n<\/ul>\n","protected":false},"excerpt":{"rendered":"<p>IES Acci, como centro poseedor de la Carta Erasmus ECHE, ha pasado a formar parte del Consorcio FCT Erasmus+ IX\u00a0promovido por la Direcci\u00f3n General\u00a0de Formaci\u00f3n Profesional Inicial y Educaci\u00f3n Permanente de la Consejer\u00eda de&#46;&#46;&#46;<\/p>\n","protected":false},"author":2055,"featured_media":2606,"parent":0,"menu_order":0,"comment_status":"closed","ping_status":"closed","template":"","meta":{"ngg_post_thumbnail":0,"footnotes":"","_mc_calendar":[]},"aioseo_notices":[],"_links":{"self":[{"href":"https:\/\/blogsaverroes.juntadeandalucia.es\/iesacci\/wp-json\/wp\/v2\/pages\/2499"}],"collection":[{"href":"https:\/\/blogsaverroes.juntadeandalucia.es\/iesacci\/wp-json\/wp\/v2\/pages"}],"about":[{"href":"https:\/\/blogsaverroes.juntadeandalucia.es\/iesacci\/wp-json\/wp\/v2\/types\/page"}],"author":[{"embeddable":true,"href":"https:\/\/blogsaverroes.juntadeandalucia.es\/iesacci\/wp-json\/wp\/v2\/users\/2055"}],"replies":[{"embeddable":true,"href":"https:\/\/blogsaverroes.juntadeandalucia.es\/iesacci\/wp-json\/wp\/v2\/comments?post=2499"}],"version-history":[{"count":3,"href":"https:\/\/blogsaverroes.juntadeandalucia.es\/iesacci\/wp-json\/wp\/v2\/pages\/2499\/revisions"}],"predecessor-version":[{"id":2607,"href":"https:\/\/blogsaverroes.juntadeandalucia.es\/iesacci\/wp-json\/wp\/v2\/pages\/2499\/revisions\/2607"}],"wp:featuredmedia":[{"embeddable":true,"href":"https:\/\/blogsaverroes.juntadeandalucia.es\/iesacci\/wp-json\/wp\/v2\/media\/2606"}],"wp:attachment":[{"href":"https:\/\/blogsaverroes.juntadeandalucia.es\/iesacci\/wp-json\/wp\/v2\/media?parent=2499"}],"curies":[{"name":"wp","href":"https:\/\/api.w.org\/{rel}","templated":true}]}}