{"id":3074,"date":"2017-10-20T16:12:29","date_gmt":"2017-10-20T16:12:29","guid":{"rendered":"http:\/\/blogsaverroes.juntadeandalucia.es\/iesacci\/?page_id=3074"},"modified":"2019-06-12T08:39:10","modified_gmt":"2019-06-12T08:39:10","slug":"ciclos-formativos","status":"publish","type":"page","link":"https:\/\/blogsaverroes.juntadeandalucia.es\/iesacci\/ciclos-formativos\/","title":{"rendered":"CICLOS FORMATIVOS"},"content":{"rendered":"<p>PLAZO DE SOLICITUD DE MATR\u00cdCULA DEL 15 DE JUNIO AL 1 DE JULIO. 1\u00aa ADJUDICACI\u00d3N A PARTIR DEL 11 DE JULIO. M\u00c1S INFORMACI\u00d3N. <a href=\"http:\/\/portals.ced.junta-andalucia.es\/educacion\/portals\/web\/escolarizacion\/fp\">PINCHA EL ENLACE<\/a><\/p>\n<p>NUESTROS CICLOS FORMATIVOS&nbsp; SON:<\/p>\n<table style=\"background-color: #4daac9\">\n<tbody>\n<tr style=\"border-color: #000000;background-color: #d62f2f;height: 24px\">\n<td style=\"width: 437px;height: 24px\"><span style=\"color: #000000\">DEPARTAMENTO<\/span><\/td>\n<td style=\"width: 437px;height: 24px\"><span style=\"color: #000000\">1\u00ba Y 2\u00ba F.P.I.G.M.<\/span><\/td>\n<td style=\"width: 437px;height: 24px\"><span style=\"color: #000000\">1\u00ba Y 2\u00ba DE F.P.I.G.S.<\/span><\/td>\n<\/tr>\n<tr style=\"height: 24px\">\n<td style=\"width: 437px;height: 24px\"><span style=\"color: #000000\">ADMINISTRATIVO<\/span><\/td>\n<td style=\"width: 437px;height: 24px\"><span style=\"color: #000000\">GESTI\u00d3N ADMINISTRATIVA<\/span><\/td>\n<td style=\"width: 437px;height: 24px\"><strong><span style=\"color: #000000\">ADMINISTRACI\u00d3N Y FINANZAS&nbsp;<a href=\"https:\/\/blogsaverroes.juntadeandalucia.es\/iesacci\/files\/2017\/10\/TR\u00cdPTICO-DUAL-AMD-ER-ANVERSO-19.pdf\">TR\u00cdPTICO DUAL AMD-ER ANVERSO 19<\/a><\/span><\/strong><\/td>\n<\/tr>\n<tr style=\"height: 24px\">\n<td style=\"width: 437px;height: 24px\"><span style=\"color: #000000\">ELECTRICIDAD<\/span><\/td>\n<td style=\"width: 437px;height: 24px\"><span style=\"color: #000000\">INSTALACIONES EL\u00c9CTRICAS Y AUTOMATISMOS<\/span><\/td>\n<td style=\"width: 437px;height: 24px\"><strong><span style=\"color: #000000\">SISTEMAS ELECTROT\u00c9CNICOS Y AUTOMATIZADOS<\/span><\/strong><\/td>\n<\/tr>\n<tr style=\"height: 48px\">\n<td style=\"width: 437px;height: 48px\"><span style=\"color: #000000\">SOCIOSANITARIA<\/span><\/td>\n<td style=\"width: 437px;height: 48px\"><span style=\"color: #000000\">ATENCI\u00d3N A PERSONAS EN SITUACI\u00d3N DE DEPENDENCIA<\/span><\/td>\n<td style=\"width: 437px;height: 48px\"><strong><span style=\"color: #000000\">&nbsp;ENERG\u00cdAS RENOVABLES<\/span><\/strong><\/td>\n<\/tr>\n<tr style=\"height: 24px\">\n<td style=\"width: 437px;height: 24px\"><span style=\"color: #000000\">PELUQUER\u00cdA<\/span><\/td>\n<td style=\"width: 437px;height: 24px\"><span style=\"color: #000000\">PELUQUER\u00cdA Y COSM\u00c9TICA CAPILAR<\/span><\/td>\n<td style=\"width: 437px;height: 24px\"><strong><span style=\"color: #000000\">&nbsp;<\/span><\/strong><\/td>\n<\/tr>\n<tr>\n<td style=\"width: 437px\"><span style=\"color: #000000\">SOLDADURA<\/span><\/td>\n<td style=\"width: 437px\"><span style=\"color: #000000\">SOLDADURA Y CALDERER\u00cdA<\/span><\/td>\n<td style=\"width: 437px\"><strong><span style=\"color: #000000\">&nbsp;<\/span><\/strong><\/td>\n<\/tr>\n<tr>\n<td style=\"width: 437px\">\n<h4><span style=\"color: #000000\"><strong><a href=\"https:\/\/blogsaverroes.juntadeandalucia.es\/iesacci\/files\/2017\/10\/TRIPTICO-REVERSO-CICLOS-19.pdf\">TR\u00cdPTICO REVERSO CICLOS 19<\/a><\/strong><\/span><\/h4>\n<\/td>\n<td style=\"width: 437px\">\n<h4><strong><span style=\"color: #000000\"><a href=\"https:\/\/blogsaverroes.juntadeandalucia.es\/iesacci\/files\/2017\/10\/TRIPTICO-CICLOS-ANVERSO-19.pdf\">TR\u00cdPTICO CICLOS ANVERSO 19<\/a><\/span><\/strong><\/h4>\n<\/td>\n<td style=\"width: 437px\">\n<h4><span style=\"color: #0000ff\"><strong><a href=\"https:\/\/blogsaverroes.juntadeandalucia.es\/iesacci\/files\/2017\/10\/Triptico-grado-superior-DUAL-18.doc\">Tr\u00edptico grado superior DUAL 18<\/a><\/strong><\/span><\/h4>\n<\/td>\n<\/tr>\n<\/tbody>\n<\/table>\n","protected":false},"excerpt":{"rendered":"<p>PLAZO DE SOLICITUD DE MATR\u00cdCULA DEL 15 DE JUNIO AL 1 DE JULIO. 1\u00aa ADJUDICACI\u00d3N A PARTIR DEL 11 DE JULIO. M\u00c1S INFORMACI\u00d3N. PINCHA EL ENLACE NUESTROS CICLOS FORMATIVOS&nbsp; SON: DEPARTAMENTO 1\u00ba Y 2\u00ba&#46;&#46;&#46;<\/p>\n","protected":false},"author":2064,"featured_media":3544,"parent":0,"menu_order":0,"comment_status":"closed","ping_status":"closed","template":"","meta":{"ngg_post_thumbnail":0,"footnotes":"","_mc_calendar":[]},"aioseo_notices":[],"_links":{"self":[{"href":"https:\/\/blogsaverroes.juntadeandalucia.es\/iesacci\/wp-json\/wp\/v2\/pages\/3074"}],"collection":[{"href":"https:\/\/blogsaverroes.juntadeandalucia.es\/iesacci\/wp-json\/wp\/v2\/pages"}],"about":[{"href":"https:\/\/blogsaverroes.juntadeandalucia.es\/iesacci\/wp-json\/wp\/v2\/types\/page"}],"author":[{"embeddable":true,"href":"https:\/\/blogsaverroes.juntadeandalucia.es\/iesacci\/wp-json\/wp\/v2\/users\/2064"}],"replies":[{"embeddable":true,"href":"https:\/\/blogsaverroes.juntadeandalucia.es\/iesacci\/wp-json\/wp\/v2\/comments?post=3074"}],"version-history":[{"count":14,"href":"https:\/\/blogsaverroes.juntadeandalucia.es\/iesacci\/wp-json\/wp\/v2\/pages\/3074\/revisions"}],"predecessor-version":[{"id":4010,"href":"https:\/\/blogsaverroes.juntadeandalucia.es\/iesacci\/wp-json\/wp\/v2\/pages\/3074\/revisions\/4010"}],"wp:featuredmedia":[{"embeddable":true,"href":"https:\/\/blogsaverroes.juntadeandalucia.es\/iesacci\/wp-json\/wp\/v2\/media\/3544"}],"wp:attachment":[{"href":"https:\/\/blogsaverroes.juntadeandalucia.es\/iesacci\/wp-json\/wp\/v2\/media?parent=3074"}],"curies":[{"name":"wp","href":"https:\/\/api.w.org\/{rel}","templated":true}]}}