{"id":35,"date":"2015-03-13T08:21:43","date_gmt":"2015-03-13T08:21:43","guid":{"rendered":"http:\/\/blogsaverroes.juntadeandalucia.es\/pre\/ceip\/?page_id=35"},"modified":"2015-11-19T12:44:49","modified_gmt":"2015-11-19T12:44:49","slug":"el-centro-2","status":"publish","type":"page","link":"https:\/\/blogsaverroes.juntadeandalucia.es\/iesacci\/el-centro-2\/","title":{"rendered":"Datos del centro"},"content":{"rendered":"<h4>Datos de contacto<\/h4>\n<p>Instituto de Ense\u00f1anza Secundaria I.E.S. Acci<\/p>\n<p><strong>Direcci\u00f3n:<\/strong>\u00a0Avenida de Buenos Aires 68, 18.500 Guadix, Granada<br \/>\n<strong>Tel\u00e9fono \/ FAX:<\/strong> 958 69 99 12<br \/>\n<strong>Email:<\/strong> 18009213.edu@juntadeandalucia.es<\/p>\n<h4><strong>Horarios<\/strong><\/h4>\n<p>Horario de clases: de lunes a viernes, de 08:15 a 14:45h<\/p>\n<p>[googlemaps https:\/\/www.google.com\/maps\/embed?pb=!1m18!1m12!1m3!1d1976.2357575014785!2d-3.130786851946519!3d37.30909379392433!2m3!1f0!2f0!3f0!3m2!1i1024!2i768!4f13.1!3m3!1m2!1s0xd6e2b057f328cf9%3A0x8e620cb7e31ce09d!2sIES+ACCI!5e1!3m2!1ses!2ses!4v1447934546443&amp;w=600&amp;h=450]<\/p>\n<h4><\/h4>\n<h4><strong>Oferta educativa<\/strong><\/h4>\n<p>IES Acci ofrece ense\u00f1anza biling\u00fce en espa\u00f1ol e ingl\u00e9s en Ense\u00f1anza Secundaria Obligatoria, Bachillerato y ciclos formativos medio de Administrativo (biling\u00fce) Imagen Personal, Atenci\u00f3n a Personas en Situaci\u00f3n de Dependencia, Fabricaci\u00f3n Mec\u00e1nica e Instalaciones El\u00e9ctricas \u00a0y Autom\u00e1ticas, adem\u00e1s de los ciclos de grado superior de Administraci\u00f3n y Finanzas (biling\u00fce) y de Sistemas Electrot\u00e9cnicos y Automatizados.<\/p>\n<h4><\/h4>\n<p>&nbsp;<\/p>\n","protected":false},"excerpt":{"rendered":"<p>Datos de contacto Instituto de Ense\u00f1anza Secundaria I.E.S. Acci Direcci\u00f3n:\u00a0Avenida de Buenos Aires 68, 18.500 Guadix, Granada Tel\u00e9fono \/ FAX: 958 69 99 12 Email: 18009213.edu@juntadeandalucia.es Horarios Horario de clases: de lunes a viernes,&#46;&#46;&#46;<\/p>\n","protected":false},"author":1,"featured_media":0,"parent":0,"menu_order":0,"comment_status":"closed","ping_status":"open","template":"template-full-width.php","meta":{"ngg_post_thumbnail":0,"footnotes":"","_mc_calendar":[]},"aioseo_notices":[],"_links":{"self":[{"href":"https:\/\/blogsaverroes.juntadeandalucia.es\/iesacci\/wp-json\/wp\/v2\/pages\/35"}],"collection":[{"href":"https:\/\/blogsaverroes.juntadeandalucia.es\/iesacci\/wp-json\/wp\/v2\/pages"}],"about":[{"href":"https:\/\/blogsaverroes.juntadeandalucia.es\/iesacci\/wp-json\/wp\/v2\/types\/page"}],"author":[{"embeddable":true,"href":"https:\/\/blogsaverroes.juntadeandalucia.es\/iesacci\/wp-json\/wp\/v2\/users\/1"}],"replies":[{"embeddable":true,"href":"https:\/\/blogsaverroes.juntadeandalucia.es\/iesacci\/wp-json\/wp\/v2\/comments?post=35"}],"version-history":[{"count":21,"href":"https:\/\/blogsaverroes.juntadeandalucia.es\/iesacci\/wp-json\/wp\/v2\/pages\/35\/revisions"}],"predecessor-version":[{"id":2370,"href":"https:\/\/blogsaverroes.juntadeandalucia.es\/iesacci\/wp-json\/wp\/v2\/pages\/35\/revisions\/2370"}],"wp:attachment":[{"href":"https:\/\/blogsaverroes.juntadeandalucia.es\/iesacci\/wp-json\/wp\/v2\/media?parent=35"}],"curies":[{"name":"wp","href":"https:\/\/api.w.org\/{rel}","templated":true}]}}