{"id":3532,"date":"2017-12-19T11:44:00","date_gmt":"2017-12-19T11:44:00","guid":{"rendered":"http:\/\/blogsaverroes.juntadeandalucia.es\/iesacci\/?page_id=3532"},"modified":"2017-12-19T11:44:00","modified_gmt":"2017-12-19T11:44:00","slug":"servicio-de-informacion","status":"publish","type":"page","link":"https:\/\/blogsaverroes.juntadeandalucia.es\/iesacci\/servicio-de-informacion\/","title":{"rendered":"Servicio de informaci\u00f3n"},"content":{"rendered":"<p style=\"text-align: center\">En esta secci\u00f3n podr\u00e1n encontrar nuestros horarios de atenci\u00f3n as\u00ed como los datos de contacto y ubicaci\u00f3n.<\/p>\n<p style=\"text-align: center\"><strong>Tel\u00e9fono \/ FAX:<\/strong>&nbsp;958 69 99 12<br \/>\n<strong>Email:<\/strong>&nbsp;18009213.edu@juntadeandalucia.es<\/p>\n<blockquote>\n<p style=\"text-align: center\"><a href=\"http:\/\/blogsaverroes.juntadeandalucia.es\/iesacci\/el-centro-2\/\">Para m\u00e1s informaci\u00f3n, pulse aqu\u00ed<\/a><\/p>\n<\/blockquote>\n","protected":false},"excerpt":{"rendered":"<p>En esta secci\u00f3n podr\u00e1n encontrar nuestros horarios de atenci\u00f3n as\u00ed como los datos de contacto y ubicaci\u00f3n. Tel\u00e9fono \/ FAX:&nbsp;958 69 99 12 Email:&nbsp;18009213.edu@juntadeandalucia.es Para m\u00e1s informaci\u00f3n, pulse aqu\u00ed<\/p>\n","protected":false},"author":2064,"featured_media":3533,"parent":0,"menu_order":0,"comment_status":"closed","ping_status":"closed","template":"","meta":{"ngg_post_thumbnail":0,"footnotes":"","_mc_calendar":[]},"aioseo_notices":[],"_links":{"self":[{"href":"https:\/\/blogsaverroes.juntadeandalucia.es\/iesacci\/wp-json\/wp\/v2\/pages\/3532"}],"collection":[{"href":"https:\/\/blogsaverroes.juntadeandalucia.es\/iesacci\/wp-json\/wp\/v2\/pages"}],"about":[{"href":"https:\/\/blogsaverroes.juntadeandalucia.es\/iesacci\/wp-json\/wp\/v2\/types\/page"}],"author":[{"embeddable":true,"href":"https:\/\/blogsaverroes.juntadeandalucia.es\/iesacci\/wp-json\/wp\/v2\/users\/2064"}],"replies":[{"embeddable":true,"href":"https:\/\/blogsaverroes.juntadeandalucia.es\/iesacci\/wp-json\/wp\/v2\/comments?post=3532"}],"version-history":[{"count":1,"href":"https:\/\/blogsaverroes.juntadeandalucia.es\/iesacci\/wp-json\/wp\/v2\/pages\/3532\/revisions"}],"predecessor-version":[{"id":3534,"href":"https:\/\/blogsaverroes.juntadeandalucia.es\/iesacci\/wp-json\/wp\/v2\/pages\/3532\/revisions\/3534"}],"wp:featuredmedia":[{"embeddable":true,"href":"https:\/\/blogsaverroes.juntadeandalucia.es\/iesacci\/wp-json\/wp\/v2\/media\/3533"}],"wp:attachment":[{"href":"https:\/\/blogsaverroes.juntadeandalucia.es\/iesacci\/wp-json\/wp\/v2\/media?parent=3532"}],"curies":[{"name":"wp","href":"https:\/\/api.w.org\/{rel}","templated":true}]}}