{"id":3641,"date":"2018-03-13T10:38:08","date_gmt":"2018-03-13T10:38:08","guid":{"rendered":"http:\/\/blogsaverroes.juntadeandalucia.es\/iesacci\/?page_id=3641"},"modified":"2020-11-21T19:12:30","modified_gmt":"2020-11-21T19:12:30","slug":"pedagogia-terapeutica-2","status":"publish","type":"page","link":"https:\/\/blogsaverroes.juntadeandalucia.es\/iesacci\/pedagogia-terapeutica-2\/","title":{"rendered":"PEDAGOG\u00cdA TERAP\u00c9UTICA"},"content":{"rendered":"<h6><b><i>J.A.M.<\/i><\/b>, ESPECIALISTA EN PEDAGOG\u00cdA TERAP\u00c9UTICA DEL IES ACCI.&nbsp; <a href=\"https:\/\/blogsaverroes.juntadeandalucia.es\/iesacci\/files\/2020\/11\/PROGRAMA-DE-PEDAGOGIA-TERAP\u00c9UTICA.pdf\">PROGRAMA DE PEDAGOGIA TERAP\u00c9UTICA<\/a><\/h6>\n<h6>ENLACE DE PAGINA WEB CON DIVERSOS <strong><a href=\"http:\/\/lujosester.blogspot.com.es\/p\/programas-educativos-personalizados-pep.html\">PROGRAMAS ESPEC\u00cdFICOS<\/a><\/strong><\/h6>\n<h6>PLANTILLA DEL DOCUMENTO QUE HAY QUE RELLENAR POR MATERIA&nbsp; QUE PRESENTE ACS..<span style=\"color: #3366ff\">&nbsp;<span style=\"color: #ff00ff\"><strong><a href=\"https:\/\/blogsaverroes.juntadeandalucia.es\/iesacci\/files\/2018\/03\/PLANTILLA-DE-ACS.docx\">PLANTILLA DE ACS<\/a><\/strong><\/span><\/span><\/h6>\n<h6><span style=\"color: #ff00ff\"><strong>CURSO DE&nbsp; MEDIACI\u00d3N: MATERIAL APORTADO POR PACO URE\u00d1A-<\/strong><\/span><\/h6>\n<h6><span style=\"color: #00ffff\"><a href=\"https:\/\/blogsaverroes.juntadeandalucia.es\/iesacci\/files\/2018\/03\/00-El-Conflicto.pdf\">00 El Conflicto<\/a>&nbsp; &nbsp;&nbsp;<a href=\"https:\/\/blogsaverroes.juntadeandalucia.es\/iesacci\/files\/2018\/03\/01.-Ejemplos-\u00e1mbito-educativo.pdf\">01. Ejemplos \u00e1mbito educativo<\/a>&nbsp; &nbsp; &nbsp; &nbsp;<a href=\"https:\/\/blogsaverroes.juntadeandalucia.es\/iesacci\/files\/2018\/03\/La-Viga-de-Ohanes.pdf\">La Viga de Ohanes<\/a>.<\/span><\/h6>\n<h6><span style=\"color: #ff6600\">ENLACE PARA HACER <strong>INTERVENCIONES EDUCATIVAS<\/strong> ( PROGRAMAS ESPEC\u00cdFICOS) Y SUS RESPECTIVOS<em><strong> INFORMES<\/strong><\/em><\/span>.&nbsp; &nbsp; i<a href=\"https:\/\/blogsaverroes.juntadeandalucia.es\/iesacci\/files\/2015\/03\/Informes-Pepe.xlsm\"><span style=\"color: #3366ff\">nformes Pepe<\/span>&nbsp;&nbsp;<\/a><\/h6>\n<h6><span style=\"color: #808000\"><em><strong>BOLETINES INFORMATIVOS:<\/strong><\/em><\/span><\/h6>\n<p>&nbsp;<\/p>\n<table>\n<tbody>\n<tr>\n<td><span style=\"color: #0000ff\"><a href=\"https:\/\/blogsaverroes.juntadeandalucia.es\/iesacci\/files\/2018\/03\/BOLETIN-INFORMATIVO-LENGUA.docx\"><strong><span style=\"color: #ff0000\">BOLETIN<\/span><\/strong> INFORMATIVO <strong><span style=\"color: #0000ff\">LENGUA<\/span><\/strong><\/a><\/span><\/td>\n<td><span style=\"color: #0000ff\"><a href=\"https:\/\/blogsaverroes.juntadeandalucia.es\/iesacci\/files\/2018\/03\/BOLETIN-INFORMATIVO-MATEMATICAS.docx\"><strong><span style=\"color: #ff0000\">BOLETIN<\/span><\/strong> INFORMATIVO <strong><span style=\"color: #0000ff\">MATEMATICAS<\/span><\/strong><\/a><\/span><\/td>\n<td><span style=\"color: #0000ff\"><a href=\"https:\/\/blogsaverroes.juntadeandalucia.es\/iesacci\/files\/2018\/03\/BOLETIN-SEGUIMIENTO-DE-HHSS-.doc\"><strong><span style=\"color: #ff0000\">BOLETIN<\/span><\/strong> SEGUIMIENTO DE <strong><span style=\"color: #0000ff\">HHSS<\/span><\/strong><\/a><\/span><\/td>\n<\/tr>\n<tr>\n<td><span style=\"color: #0000ff\"><a href=\"https:\/\/blogsaverroes.juntadeandalucia.es\/iesacci\/files\/2018\/03\/BOLETIN-SEGUIMIENTO-ATENCION-Y-MEMORIA.doc\"><strong><span style=\"color: #ff0000\">BOLETIN<\/span><\/strong> SEGUIMIENTO <strong><span style=\"color: #0000ff\">ATENCION<\/span><\/strong> Y <strong><span style=\"color: #0000ff\">MEMORIA<\/span><\/strong><\/a><\/span><\/td>\n<td><span style=\"color: #0000ff\"><a href=\"https:\/\/blogsaverroes.juntadeandalucia.es\/iesacci\/files\/2018\/03\/BOLETIN-SEGUIMIENTO-RAZONAMIENTO-.doc\"><strong><span style=\"color: #ff0000\">BOLETIN<\/span><\/strong> SEGUIMIENTO <strong><span style=\"color: #0000ff\">RAZONAMIENTO<\/span><\/strong><\/a><\/span><\/td>\n<td><span style=\"color: #0000ff\"><a href=\"https:\/\/blogsaverroes.juntadeandalucia.es\/iesacci\/files\/2018\/03\/BOLETIN-SEGUIMIENTO-EXPRESION-COMPRENSION.doc\"><strong><span style=\"color: #ff0000\">BOLETIN<\/span><\/strong> SEGUIMIENTO EXPRESION <strong><span style=\"color: #0000ff\">COMPRENSION<\/span><\/strong><\/a><\/span><\/td>\n<\/tr>\n<\/tbody>\n<\/table>\n<p><em><strong>INTERVENCI\u00d3N ESPECIFICA:<\/strong><\/em><\/p>\n<table style=\"width: 1377px\">\n<tbody>\n<tr>\n<td style=\"width: 322px\"><strong><span style=\"color: #99cc00\">PROGRAMA<\/span><\/strong> DE <span style=\"color: #0000ff\"><strong>TECNICAS DE ESTUDIO<\/strong><\/span><a href=\"https:\/\/blogsaverroes.juntadeandalucia.es\/iesacci\/files\/2020\/10\/PROGRAMA-DE-TECNICAS-DE-ESTUDIO.docx\">PROGRAMA-DE-TECNICAS-DE-ESTUDIO<\/a><\/td>\n<td style=\"width: 322px\"><a href=\"https:\/\/blogsaverroes.juntadeandalucia.es\/iesacci\/files\/2018\/03\/PROGRAMA-ESPECIFICO-DE-ATENCI\u00d3N.doc\"><strong><span style=\"color: #99cc00\">PROGRAMA<\/span><\/strong> ESPECIFICO DE <strong><span style=\"color: #0000ff\">ATENCI\u00d3N<\/span><\/strong><\/a><strong><a href=\"https:\/\/blogsaverroes.juntadeandalucia.es\/iesacci\/files\/2020\/10\/PROGRAMA-ESPECIFICO-DE-ATENCI\u00d3N.doc\">PROGRAMA-ESPECIFICO-DE-ATENCI\u00d3N<\/a><\/strong><\/td>\n<td style=\"width: 322px\"><a href=\"https:\/\/blogsaverroes.juntadeandalucia.es\/iesacci\/files\/2018\/03\/PROGRAMA-ESPECIFICO-DE-MEJORA-DE-LA-MEMORIA.docx\"><strong><span style=\"color: #99cc00\">PROGRAMA<\/span><\/strong> ESPECIFICO DE MEJORA DE LA <strong><span style=\"color: #0000ff\">MEMORIA<\/span><\/strong><\/a><strong><a href=\"https:\/\/blogsaverroes.juntadeandalucia.es\/iesacci\/files\/2020\/10\/PROGRAMA-ESPECIFICO-DE-MEJORA-DE-LA-MEMORIA.docx\">PROGRAMA-ESPECIFICO-DE-MEJORA-DE-LA-MEMORIA<\/a><\/strong><\/td>\n<td style=\"width: 323px\"><a href=\"https:\/\/blogsaverroes.juntadeandalucia.es\/iesacci\/files\/2018\/03\/PROGRAMA-ESPECIFICO-DE-EXPRESION-ORAL.docx\"><strong><span style=\"color: #99cc00\">PROGRAMA<\/span><\/strong> ESPECIFICO DE <span style=\"color: #0000ff\"><strong>EXPRESION ORAL<\/strong><\/span><\/a><\/td>\n<\/tr>\n<tr>\n<td style=\"width: 322px\"><a href=\"https:\/\/blogsaverroes.juntadeandalucia.es\/iesacci\/files\/2018\/03\/PROGRAMA-ESPECIFICO-DE-HABILIDADS-SOCIALES-HHSS.doc\"><span style=\"color: #99cc00\"><strong>PROGRAMA<\/strong><\/span> ESPECIFICO DE HABILIDADS SOCIALES <strong><span style=\"color: #0000ff\">HHSS<\/span><\/strong><\/a><\/td>\n<td style=\"width: 322px\"><a href=\"https:\/\/blogsaverroes.juntadeandalucia.es\/iesacci\/files\/2018\/03\/PROGRAMA-ESPECIFICO-DE-RAZONAMIENTO.docx\"><strong><span style=\"color: #99cc00\">PROGRAMA<\/span><\/strong> ESPECIFICO DE <strong><span style=\"color: #0000ff\">RAZONAMIENTO<\/span><\/strong><\/a><strong><a href=\"https:\/\/blogsaverroes.juntadeandalucia.es\/iesacci\/files\/2020\/10\/PROGRAMA-ESPECIFICO-DE-RAZONAMIENTO.docx\">PROGRAMA-ESPECIFICO-DE-RAZONAMIENTO<\/a><\/strong><\/td>\n<td style=\"width: 322px\"><a href=\"https:\/\/blogsaverroes.juntadeandalucia.es\/iesacci\/files\/2018\/03\/PROGRAMA-ESPECIFICO-DE-REDACCION.doc\"><strong><span style=\"color: #99cc00\">PROGRAMA<\/span><\/strong> ESPECIFICO DE <strong><span style=\"color: #0000ff\">REDACCION<\/span><\/strong><\/a><strong><a href=\"https:\/\/blogsaverroes.juntadeandalucia.es\/iesacci\/files\/2020\/10\/PROGRAMA-ESPECIFICO-DE-REDACCION.doc\">PROGRAMA-ESPECIFICO-DE-REDACCION<\/a><\/strong><\/td>\n<td style=\"width: 323px\"><a href=\"https:\/\/blogsaverroes.juntadeandalucia.es\/iesacci\/files\/2018\/03\/PROGRAMA-ESPECIFICO-HABILIDADES-SOCIALES.doc\"><strong><span style=\"color: #99cc00\">PROGRAMA<\/span><\/strong> ESPECIFICO <span style=\"color: #0000ff\"><strong>HABILIDADES SOCIALES<\/strong><\/span><\/a><strong><a href=\"https:\/\/blogsaverroes.juntadeandalucia.es\/iesacci\/files\/2020\/10\/PROGRAMA-ESPECIFICO-DE-HABILIDADS-SOCIALES-HHSS.doc\">PROGRAMA-ESPECIFICO-DE-HABILIDADS-SOCIALES-HHSS<\/a><\/strong><\/td>\n<\/tr>\n<\/tbody>\n<\/table>\n","protected":false},"excerpt":{"rendered":"<p>J.A.M., ESPECIALISTA EN PEDAGOG\u00cdA TERAP\u00c9UTICA DEL IES ACCI.&nbsp; PROGRAMA DE PEDAGOGIA TERAP\u00c9UTICA ENLACE DE PAGINA WEB CON DIVERSOS PROGRAMAS ESPEC\u00cdFICOS PLANTILLA DEL DOCUMENTO QUE HAY QUE RELLENAR POR MATERIA&nbsp; QUE PRESENTE ACS..&nbsp;PLANTILLA DE ACS&#46;&#46;&#46;<\/p>\n","protected":false},"author":2064,"featured_media":0,"parent":0,"menu_order":0,"comment_status":"closed","ping_status":"closed","template":"","meta":{"ngg_post_thumbnail":0,"footnotes":"","_mc_calendar":[]},"aioseo_notices":[],"_links":{"self":[{"href":"https:\/\/blogsaverroes.juntadeandalucia.es\/iesacci\/wp-json\/wp\/v2\/pages\/3641"}],"collection":[{"href":"https:\/\/blogsaverroes.juntadeandalucia.es\/iesacci\/wp-json\/wp\/v2\/pages"}],"about":[{"href":"https:\/\/blogsaverroes.juntadeandalucia.es\/iesacci\/wp-json\/wp\/v2\/types\/page"}],"author":[{"embeddable":true,"href":"https:\/\/blogsaverroes.juntadeandalucia.es\/iesacci\/wp-json\/wp\/v2\/users\/2064"}],"replies":[{"embeddable":true,"href":"https:\/\/blogsaverroes.juntadeandalucia.es\/iesacci\/wp-json\/wp\/v2\/comments?post=3641"}],"version-history":[{"count":20,"href":"https:\/\/blogsaverroes.juntadeandalucia.es\/iesacci\/wp-json\/wp\/v2\/pages\/3641\/revisions"}],"predecessor-version":[{"id":5042,"href":"https:\/\/blogsaverroes.juntadeandalucia.es\/iesacci\/wp-json\/wp\/v2\/pages\/3641\/revisions\/5042"}],"wp:attachment":[{"href":"https:\/\/blogsaverroes.juntadeandalucia.es\/iesacci\/wp-json\/wp\/v2\/media?parent=3641"}],"curies":[{"name":"wp","href":"https:\/\/api.w.org\/{rel}","templated":true}]}}