{"id":3706,"date":"2018-07-05T09:52:58","date_gmt":"2018-07-05T09:52:58","guid":{"rendered":"http:\/\/blogsaverroes.juntadeandalucia.es\/iesacci\/?page_id=3706"},"modified":"2019-04-11T09:29:55","modified_gmt":"2019-04-11T09:29:55","slug":"evaluacion","status":"publish","type":"page","link":"https:\/\/blogsaverroes.juntadeandalucia.es\/iesacci\/evaluacion\/","title":{"rendered":"EVALUACI\u00d3N"},"content":{"rendered":"<h2>&nbsp;<\/h2>\n<h2><span style=\"color: #ff9900\"><a href=\"https:\/\/blogsaverroes.juntadeandalucia.es\/iesacci\/files\/2018\/07\/CONVOCATORIAS-EVALUACIONES-WEB.docx\">CONVOCATORIAS EVALUACIONES WEB<\/a><\/span><\/h2>\n<h2><span style=\"color: #0000ff\">EVALUACI\u00d3N POR COMPETENCIAS:<\/span><\/h2>\n<h1><span style=\"color: #0000ff\"><a href=\"https:\/\/blogsaverroes.juntadeandalucia.es\/iesacci\/files\/2018\/07\/Evaluaci\u00f3n-Formacion-Profesional.xlsx\">Evaluaci\u00f3n Formacion Profesional<\/a><\/span><\/h1>\n<h1><a href=\"https:\/\/blogsaverroes.juntadeandalucia.es\/iesacci\/files\/2018\/07\/Evaluaci\u00f3n-Formacion-Profesional-1.xlsx\">Evaluaci\u00f3n Formacion Profesional-1<\/a><\/h1>\n<h1><a href=\"https:\/\/blogsaverroes.juntadeandalucia.es\/iesacci\/files\/2018\/07\/Evaluaci\u00f3n-Secundaria-Bachillerato-1.xlsx\">Evaluaci\u00f3n Secundaria-Bachillerato-1<\/a><\/h1>\n<h1><a href=\"https:\/\/blogsaverroes.juntadeandalucia.es\/iesacci\/files\/2018\/07\/Evaluaci\u00f3n-Secundaria-Bachillerato-2.xlsx\">Evaluaci\u00f3n Secundaria-Bachillerato-2<\/a><\/h1>\n<p>&nbsp;<\/p>\n","protected":false},"excerpt":{"rendered":"<p>&nbsp; CONVOCATORIAS EVALUACIONES WEB EVALUACI\u00d3N POR COMPETENCIAS: Evaluaci\u00f3n Formacion Profesional Evaluaci\u00f3n Formacion Profesional-1 Evaluaci\u00f3n Secundaria-Bachillerato-1 Evaluaci\u00f3n Secundaria-Bachillerato-2 &nbsp;<\/p>\n","protected":false},"author":2064,"featured_media":0,"parent":0,"menu_order":0,"comment_status":"closed","ping_status":"closed","template":"","meta":{"ngg_post_thumbnail":0,"footnotes":"","_mc_calendar":[]},"aioseo_notices":[],"_links":{"self":[{"href":"https:\/\/blogsaverroes.juntadeandalucia.es\/iesacci\/wp-json\/wp\/v2\/pages\/3706"}],"collection":[{"href":"https:\/\/blogsaverroes.juntadeandalucia.es\/iesacci\/wp-json\/wp\/v2\/pages"}],"about":[{"href":"https:\/\/blogsaverroes.juntadeandalucia.es\/iesacci\/wp-json\/wp\/v2\/types\/page"}],"author":[{"embeddable":true,"href":"https:\/\/blogsaverroes.juntadeandalucia.es\/iesacci\/wp-json\/wp\/v2\/users\/2064"}],"replies":[{"embeddable":true,"href":"https:\/\/blogsaverroes.juntadeandalucia.es\/iesacci\/wp-json\/wp\/v2\/comments?post=3706"}],"version-history":[{"count":4,"href":"https:\/\/blogsaverroes.juntadeandalucia.es\/iesacci\/wp-json\/wp\/v2\/pages\/3706\/revisions"}],"predecessor-version":[{"id":3968,"href":"https:\/\/blogsaverroes.juntadeandalucia.es\/iesacci\/wp-json\/wp\/v2\/pages\/3706\/revisions\/3968"}],"wp:attachment":[{"href":"https:\/\/blogsaverroes.juntadeandalucia.es\/iesacci\/wp-json\/wp\/v2\/media?parent=3706"}],"curies":[{"name":"wp","href":"https:\/\/api.w.org\/{rel}","templated":true}]}}