{"id":4062,"date":"2019-10-16T10:37:13","date_gmt":"2019-10-16T10:37:13","guid":{"rendered":"https:\/\/blogsaverroes.juntadeandalucia.es\/iesacci\/?page_id=4062"},"modified":"2021-11-09T12:41:43","modified_gmt":"2021-11-09T12:41:43","slug":"energias-renovables","status":"publish","type":"page","link":"https:\/\/blogsaverroes.juntadeandalucia.es\/iesacci\/energias-renovables\/","title":{"rendered":"ENERG\u00cdAS RENOVABLES"},"content":{"rendered":"<p>este ciclo superior est\u00e1 compuesto por el siguiente equipo educativo.<\/p>\n<p>&nbsp;Julio Salas Quirante(J.D.)<\/p>\n<p>Jos\u00e9 Garc\u00eda S\u00e1nchez<\/p>\n<p>&nbsp;<\/p>\n<table style=\"width: 92.9095%;height: 229px\">\n<tbody>\n<tr>\n<td style=\"width: 49.7065%\">&nbsp; &nbsp; &nbsp; <a href=\"https:\/\/blogsaverroes.juntadeandalucia.es\/iesacci\/files\/2021\/11\/GMISF-PROGR.-FP-21-22.docx\">GMISF PROGR. FP 21-22<\/a><\/td>\n<td style=\"width: 48.9237%\"><a href=\"https:\/\/blogsaverroes.juntadeandalucia.es\/iesacci\/files\/2021\/11\/PROGRAMACI\u00d3N-21-22-HLC.docx\">PROGRAMACI\u00d3N 21-22 HLC<\/a><\/td>\n<\/tr>\n<tr>\n<td style=\"width: 49.7065%\"><a href=\"https:\/\/blogsaverroes.juntadeandalucia.es\/iesacci\/files\/2021\/11\/PROGRAMACION-21-22-OMPE.docx\">PROGRAMACION 21-22 OMPE<\/a><\/td>\n<td style=\"width: 48.9237%\"><a href=\"https:\/\/blogsaverroes.juntadeandalucia.es\/iesacci\/files\/2021\/11\/PROGRAMACI\u00d3N_DEPARTO_Energ\u00eda-y-agua_21-22.docx\">PROGRAMACI\u00d3N_DEPARTO_Energ\u00eda-y-agua_21-22<\/a><\/td>\n<\/tr>\n<tr>\n<td style=\"width: 49.7065%\"><a href=\"https:\/\/blogsaverroes.juntadeandalucia.es\/iesacci\/files\/2021\/11\/Programaci\u00f3n_SUBEL_2021-22_Rev1.docx\">Programaci\u00f3n_SUBEL_2021-22_Rev1<\/a><\/td>\n<td style=\"width: 48.9237%\"><a href=\"https:\/\/blogsaverroes.juntadeandalucia.es\/iesacci\/files\/2021\/11\/GU\u00cdA-EERR.docx\">GU\u00cdA EERR<\/a><\/td>\n<\/tr>\n<tr>\n<td style=\"width: 49.7065%\">&nbsp;<\/td>\n<td style=\"width: 48.9237%\">&nbsp;<\/td>\n<\/tr>\n<tr>\n<td style=\"width: 49.7065%\">&nbsp;<\/td>\n<td style=\"width: 48.9237%\">&nbsp;<\/td>\n<\/tr>\n<\/tbody>\n<\/table>\n<p>&nbsp; &nbsp;&nbsp;<\/p>\n","protected":false},"excerpt":{"rendered":"<p>este ciclo superior est\u00e1 compuesto por el siguiente equipo educativo. &nbsp;Julio Salas Quirante(J.D.) Jos\u00e9 Garc\u00eda S\u00e1nchez &nbsp; &nbsp; &nbsp; &nbsp; GMISF PROGR. FP 21-22 PROGRAMACI\u00d3N 21-22 HLC PROGRAMACION 21-22 OMPE PROGRAMACI\u00d3N_DEPARTO_Energ\u00eda-y-agua_21-22 Programaci\u00f3n_SUBEL_2021-22_Rev1 GU\u00cdA EERR&#46;&#46;&#46;<\/p>\n","protected":false},"author":2064,"featured_media":0,"parent":0,"menu_order":0,"comment_status":"closed","ping_status":"closed","template":"","meta":{"ngg_post_thumbnail":0,"footnotes":"","_mc_calendar":[]},"aioseo_notices":[],"_links":{"self":[{"href":"https:\/\/blogsaverroes.juntadeandalucia.es\/iesacci\/wp-json\/wp\/v2\/pages\/4062"}],"collection":[{"href":"https:\/\/blogsaverroes.juntadeandalucia.es\/iesacci\/wp-json\/wp\/v2\/pages"}],"about":[{"href":"https:\/\/blogsaverroes.juntadeandalucia.es\/iesacci\/wp-json\/wp\/v2\/types\/page"}],"author":[{"embeddable":true,"href":"https:\/\/blogsaverroes.juntadeandalucia.es\/iesacci\/wp-json\/wp\/v2\/users\/2064"}],"replies":[{"embeddable":true,"href":"https:\/\/blogsaverroes.juntadeandalucia.es\/iesacci\/wp-json\/wp\/v2\/comments?post=4062"}],"version-history":[{"count":9,"href":"https:\/\/blogsaverroes.juntadeandalucia.es\/iesacci\/wp-json\/wp\/v2\/pages\/4062\/revisions"}],"predecessor-version":[{"id":5572,"href":"https:\/\/blogsaverroes.juntadeandalucia.es\/iesacci\/wp-json\/wp\/v2\/pages\/4062\/revisions\/5572"}],"wp:attachment":[{"href":"https:\/\/blogsaverroes.juntadeandalucia.es\/iesacci\/wp-json\/wp\/v2\/media?parent=4062"}],"curies":[{"name":"wp","href":"https:\/\/api.w.org\/{rel}","templated":true}]}}