{"id":4339,"date":"2019-12-02T11:34:27","date_gmt":"2019-12-02T11:34:27","guid":{"rendered":"https:\/\/blogsaverroes.juntadeandalucia.es\/iesacci\/?page_id=4339"},"modified":"2024-11-06T07:26:25","modified_gmt":"2024-11-06T07:26:25","slug":"orientacion-on-line","status":"publish","type":"page","link":"https:\/\/blogsaverroes.juntadeandalucia.es\/iesacci\/orientacion-on-line\/","title":{"rendered":"ORIENTACI\u00d3N ON-LINE"},"content":{"rendered":"<p>&nbsp;<\/p>\n<p>PLAN E CONTINGENCIA PRUEBAS ACCESO UNIVERSIDAD DE GRANADA.&nbsp;<a href=\"http:\/\/coga.ugr.es\/pages\/plancontingenciapruebasacceso\">http:\/\/coga.ugr.es\/pages\/plancontingenciapruebasacceso<\/a><\/p>\n<p>PRESENTACI\u00d3N IES ACCI. TR\u00c1NSITO A SECUNDARIA. Pincha aqu\u00ed abajo.\u2207<\/p>\n<p><a id=\"m_4845251310306027379LPlnk228137\" href=\"https:\/\/view.genial.ly\/5ec5ba466515ea0d8ae51952\/horizontal-infographic-review-bienvenids-al-ies-acci\" target=\"_blank\" rel=\"noopener noreferrer\" data-saferedirecturl=\"https:\/\/www.google.com\/url?q=https:\/\/view.genial.ly\/5ec5ba466515ea0d8ae51952\/horizontal-infographic-review-bienvenids-al-ies-acci&amp;source=gmail&amp;ust=1592207424805000&amp;usg=AFQjCNHH9M05RWAj46i_7y0JSXZJMdAOrg\">https:\/\/view.genial.ly\/5ec5ba466515ea0d8ae51952\/horizontal-infographic-review-bienvenids-al-ies-acci<\/a><\/p>\n<div>PADLET SOBRE FP GMY GS: RECOPILACI\u00d3N DE DOCUMENTOS Y ENLACES RELEVANTES.<\/div>\n<div dir=\"ltr\">\n<div dir=\"ltr\">\n<div><a href=\"https:\/\/es.padlet.com\/elenaorienta2\/o77nfe6t9detok6\" target=\"_blank\" rel=\"noopener noreferrer\" data-saferedirecturl=\"https:\/\/www.google.com\/url?q=https:\/\/es.padlet.com\/elenaorienta2\/o77nfe6t9detok6&amp;source=gmail&amp;ust=1592207575128000&amp;usg=AFQjCNF4RNkDdZUxCWuLXTybWc1zkFJy6Q\">https:\/\/es.padlet.com\/elenaorienta2\/o77nfe6t9detok6<\/a><\/div>\n<\/div>\n<\/div>\n<p>&nbsp;<\/p>\n<p>PINCHA EN EL ENLACE SI QUIERES ORIENTACI\u00d3N ON-LINE .<\/p>\n<p>https:\/\/www.orientaline.es\/?yafxb=31641<\/p>\n","protected":false},"excerpt":{"rendered":"<p>&nbsp; PLAN E CONTINGENCIA PRUEBAS ACCESO UNIVERSIDAD DE GRANADA.&nbsp;http:\/\/coga.ugr.es\/pages\/plancontingenciapruebasacceso PRESENTACI\u00d3N IES ACCI. TR\u00c1NSITO A SECUNDARIA. Pincha aqu\u00ed abajo.\u2207 https:\/\/view.genial.ly\/5ec5ba466515ea0d8ae51952\/horizontal-infographic-review-bienvenids-al-ies-acci PADLET SOBRE FP GMY GS: RECOPILACI\u00d3N DE DOCUMENTOS Y ENLACES RELEVANTES. https:\/\/es.padlet.com\/elenaorienta2\/o77nfe6t9detok6 &nbsp; PINCHA EN&#46;&#46;&#46;<\/p>\n","protected":false},"author":2064,"featured_media":0,"parent":0,"menu_order":0,"comment_status":"closed","ping_status":"closed","template":"","meta":{"ngg_post_thumbnail":0,"footnotes":"","_mc_calendar":[]},"aioseo_notices":[],"_links":{"self":[{"href":"https:\/\/blogsaverroes.juntadeandalucia.es\/iesacci\/wp-json\/wp\/v2\/pages\/4339"}],"collection":[{"href":"https:\/\/blogsaverroes.juntadeandalucia.es\/iesacci\/wp-json\/wp\/v2\/pages"}],"about":[{"href":"https:\/\/blogsaverroes.juntadeandalucia.es\/iesacci\/wp-json\/wp\/v2\/types\/page"}],"author":[{"embeddable":true,"href":"https:\/\/blogsaverroes.juntadeandalucia.es\/iesacci\/wp-json\/wp\/v2\/users\/2064"}],"replies":[{"embeddable":true,"href":"https:\/\/blogsaverroes.juntadeandalucia.es\/iesacci\/wp-json\/wp\/v2\/comments?post=4339"}],"version-history":[{"count":14,"href":"https:\/\/blogsaverroes.juntadeandalucia.es\/iesacci\/wp-json\/wp\/v2\/pages\/4339\/revisions"}],"predecessor-version":[{"id":6103,"href":"https:\/\/blogsaverroes.juntadeandalucia.es\/iesacci\/wp-json\/wp\/v2\/pages\/4339\/revisions\/6103"}],"wp:attachment":[{"href":"https:\/\/blogsaverroes.juntadeandalucia.es\/iesacci\/wp-json\/wp\/v2\/media?parent=4339"}],"curies":[{"name":"wp","href":"https:\/\/api.w.org\/{rel}","templated":true}]}}