{"id":44,"date":"2015-03-13T08:42:15","date_gmt":"2015-03-13T08:42:15","guid":{"rendered":"http:\/\/blogsaverroes.juntadeandalucia.es\/pre\/ceip\/?page_id=44"},"modified":"2021-11-22T08:14:13","modified_gmt":"2021-11-22T08:14:13","slug":"planes-y-proyectos","status":"publish","type":"page","link":"https:\/\/blogsaverroes.juntadeandalucia.es\/iesacci\/planes-y-proyectos\/","title":{"rendered":"Planes y Programas"},"content":{"rendered":"<p><img loading=\"lazy\" decoding=\"async\" class=\"alignnone size-medium wp-image-1667\" src=\"http:\/\/blogsaverroes.juntadeandalucia.es\/iesacci\/files\/2015\/03\/planes-300x150.png\" alt=\"planes\" width=\"300\" height=\"150\" srcset=\"https:\/\/blogsaverroes.juntadeandalucia.es\/iesacci\/files\/2015\/03\/planes-300x150.png 300w, https:\/\/blogsaverroes.juntadeandalucia.es\/iesacci\/files\/2015\/03\/planes.png 640w\" sizes=\"(max-width: 300px) 100vw, 300px\" \/><\/p>\n<p>&nbsp;<\/p>\n<p>El IES Acci es uno de los institutos que desarrolla m\u00e1s planes y proyectos dentro de la comunidad aut\u00f3noma de Andaluc\u00eda, entre los que destacan:<\/p>\n<ul>\n<li><strong>Biling\u00fcismo en ESO<\/strong><\/li>\n<li><strong>Biling\u00fcismo en Bachillerato<\/strong><\/li>\n<li><strong>Biling\u00fcismo en Ciclo Grado Medio Administrativo y Superior de Administraci\u00f3n y Finanzas<\/strong><\/li>\n<li><strong>Compensaci\u00f3n educativa<\/strong><\/li>\n<li><strong>Intercambios escolares internacionales<\/strong><\/li>\n<li><strong>Proyecto TIC y escuela TIC 2.0<\/strong><\/li>\n<li><strong>Erasmus<\/strong><\/li>\n<li><strong>Plan de igualdad.&nbsp;<\/strong><\/li>\n<li><strong>Escuela espacio de paz.<\/strong><\/li>\n<li><strong><a href=\"https:\/\/padlet.com\/ceciliacapillafernandez\/3hv3odnjtvqed069\">https:\/\/padlet.com\/ceciliacapillafernandez\/3hv3odnjtvqed069<\/a><\/strong><\/li>\n<li><strong>Proyecto Director.<\/strong><\/li>\n<\/ul>\n<ul>\n<li><strong>Forma Joven<\/strong><\/li>\n<\/ul>\n","protected":false},"excerpt":{"rendered":"<p>&nbsp; El IES Acci es uno de los institutos que desarrolla m\u00e1s planes y proyectos dentro de la comunidad aut\u00f3noma de Andaluc\u00eda, entre los que destacan: Biling\u00fcismo en ESO Biling\u00fcismo en Bachillerato Biling\u00fcismo en&#46;&#46;&#46;<\/p>\n","protected":false},"author":1,"featured_media":0,"parent":0,"menu_order":0,"comment_status":"closed","ping_status":"closed","template":"","meta":{"ngg_post_thumbnail":0,"footnotes":"","_mc_calendar":[]},"aioseo_notices":[],"_links":{"self":[{"href":"https:\/\/blogsaverroes.juntadeandalucia.es\/iesacci\/wp-json\/wp\/v2\/pages\/44"}],"collection":[{"href":"https:\/\/blogsaverroes.juntadeandalucia.es\/iesacci\/wp-json\/wp\/v2\/pages"}],"about":[{"href":"https:\/\/blogsaverroes.juntadeandalucia.es\/iesacci\/wp-json\/wp\/v2\/types\/page"}],"author":[{"embeddable":true,"href":"https:\/\/blogsaverroes.juntadeandalucia.es\/iesacci\/wp-json\/wp\/v2\/users\/1"}],"replies":[{"embeddable":true,"href":"https:\/\/blogsaverroes.juntadeandalucia.es\/iesacci\/wp-json\/wp\/v2\/comments?post=44"}],"version-history":[{"count":11,"href":"https:\/\/blogsaverroes.juntadeandalucia.es\/iesacci\/wp-json\/wp\/v2\/pages\/44\/revisions"}],"predecessor-version":[{"id":5755,"href":"https:\/\/blogsaverroes.juntadeandalucia.es\/iesacci\/wp-json\/wp\/v2\/pages\/44\/revisions\/5755"}],"wp:attachment":[{"href":"https:\/\/blogsaverroes.juntadeandalucia.es\/iesacci\/wp-json\/wp\/v2\/media?parent=44"}],"curies":[{"name":"wp","href":"https:\/\/api.w.org\/{rel}","templated":true}]}}