{"id":5134,"date":"2021-05-21T06:20:43","date_gmt":"2021-05-21T06:20:43","guid":{"rendered":"https:\/\/blogsaverroes.juntadeandalucia.es\/iesacci\/?page_id=5134"},"modified":"2021-06-28T08:18:41","modified_gmt":"2021-06-28T08:18:41","slug":"huerto-del-acci","status":"publish","type":"page","link":"https:\/\/blogsaverroes.juntadeandalucia.es\/iesacci\/huerto-del-acci\/","title":{"rendered":"HUERTO DEL ACCI"},"content":{"rendered":"<h5><span style=\"color: #008000\">Este huerto ECOL\u00d3GICO&nbsp; y de car\u00e1cter&nbsp; SOCIAL nace de la ilusi\u00f3n del Departamento de Biolog\u00eda y el apoyo&nbsp; de la comunidad educativa, junto a la ayuda&nbsp; de nuestro Ayuntamiento y de Aguas de Guadix.<\/span>&nbsp;<\/h5>\n<h3><span style=\"color: #ff6600\">HUERTO DEL IES ACCI.<\/span><\/h3>\n<table style=\"height: 170px;width: 61.4717%;border-collapse: collapse;border-color: #000000\">\n<tbody>\n<tr style=\"height: 26px\">\n<td style=\"width: 13.8647%;height: 26px\">&nbsp;<\/td>\n<td style=\"width: 15.2214%;height: 26px\">&nbsp;<\/td>\n<td style=\"width: 12.9791%;height: 26px\">&nbsp;<\/td>\n<td style=\"width: 15.5851%;height: 26px\">&nbsp;<\/td>\n<td style=\"width: 16.799%;height: 26px\">&nbsp;<\/td>\n<\/tr>\n<tr style=\"height: 24px\">\n<td style=\"width: 13.8647%;height: 24px\">&nbsp;<\/td>\n<td style=\"width: 15.2214%;height: 24px\">&nbsp;<\/td>\n<td style=\"width: 12.9791%;height: 24px\">&nbsp;<\/td>\n<td style=\"width: 15.5851%;height: 24px\">&nbsp;<\/td>\n<td style=\"width: 16.799%;height: 24px\">&nbsp;<\/td>\n<\/tr>\n<tr style=\"height: 24px\">\n<td style=\"width: 13.8647%;height: 24px\">&nbsp;<\/td>\n<td style=\"width: 15.2214%;height: 24px\">&nbsp;<\/td>\n<td style=\"width: 12.9791%;height: 24px\">&nbsp;<\/td>\n<td style=\"width: 15.5851%;height: 24px\">&nbsp;<\/td>\n<td style=\"width: 16.799%;height: 24px\">&nbsp;<\/td>\n<\/tr>\n<tr style=\"height: 24px\">\n<td style=\"width: 13.8647%;height: 24px\">&nbsp;<\/td>\n<td style=\"width: 15.2214%;height: 24px\">&nbsp;<\/td>\n<td style=\"width: 12.9791%;height: 24px\">&nbsp;<\/td>\n<td style=\"width: 15.5851%;height: 24px\">&nbsp;<\/td>\n<td style=\"width: 16.799%;height: 24px\">&nbsp;<\/td>\n<\/tr>\n<tr style=\"height: 24px\">\n<td style=\"width: 13.8647%;height: 24px\">&nbsp;<\/td>\n<td style=\"width: 15.2214%;height: 24px\">&nbsp;<\/td>\n<td style=\"width: 12.9791%;height: 24px\">&nbsp;<\/td>\n<td style=\"width: 15.5851%;height: 24px\">&nbsp;<\/td>\n<td style=\"width: 16.799%;height: 24px\">&nbsp;<\/td>\n<\/tr>\n<tr style=\"height: 24px\">\n<td style=\"width: 13.8647%;height: 24px\">&nbsp;<\/td>\n<td style=\"width: 15.2214%;height: 24px\">&nbsp;<\/td>\n<td style=\"width: 12.9791%;height: 24px\">&nbsp;<\/td>\n<td style=\"width: 15.5851%;height: 24px\">&nbsp;<\/td>\n<td style=\"width: 16.799%;height: 24px\">&nbsp;<\/td>\n<\/tr>\n<tr style=\"height: 24px\">\n<td style=\"width: 13.8647%;height: 24px\">&nbsp;<\/td>\n<td style=\"width: 15.2214%;height: 24px\">&nbsp;<\/td>\n<td style=\"width: 12.9791%;height: 24px\">&nbsp;<\/td>\n<td style=\"width: 15.5851%;height: 24px\">&nbsp;<\/td>\n<td style=\"width: 16.799%;height: 24px\">&nbsp;<\/td>\n<\/tr>\n<\/tbody>\n<\/table>\n","protected":false},"excerpt":{"rendered":"<p>Este huerto ECOL\u00d3GICO&nbsp; y de car\u00e1cter&nbsp; SOCIAL nace de la ilusi\u00f3n del Departamento de Biolog\u00eda y el apoyo&nbsp; de la comunidad educativa, junto a la ayuda&nbsp; de nuestro Ayuntamiento y de Aguas de Guadix.&nbsp;&#46;&#46;&#46;<\/p>\n","protected":false},"author":2064,"featured_media":0,"parent":0,"menu_order":0,"comment_status":"closed","ping_status":"closed","template":"","meta":{"ngg_post_thumbnail":0,"footnotes":"","_mc_calendar":[]},"aioseo_notices":[],"_links":{"self":[{"href":"https:\/\/blogsaverroes.juntadeandalucia.es\/iesacci\/wp-json\/wp\/v2\/pages\/5134"}],"collection":[{"href":"https:\/\/blogsaverroes.juntadeandalucia.es\/iesacci\/wp-json\/wp\/v2\/pages"}],"about":[{"href":"https:\/\/blogsaverroes.juntadeandalucia.es\/iesacci\/wp-json\/wp\/v2\/types\/page"}],"author":[{"embeddable":true,"href":"https:\/\/blogsaverroes.juntadeandalucia.es\/iesacci\/wp-json\/wp\/v2\/users\/2064"}],"replies":[{"embeddable":true,"href":"https:\/\/blogsaverroes.juntadeandalucia.es\/iesacci\/wp-json\/wp\/v2\/comments?post=5134"}],"version-history":[{"count":7,"href":"https:\/\/blogsaverroes.juntadeandalucia.es\/iesacci\/wp-json\/wp\/v2\/pages\/5134\/revisions"}],"predecessor-version":[{"id":5295,"href":"https:\/\/blogsaverroes.juntadeandalucia.es\/iesacci\/wp-json\/wp\/v2\/pages\/5134\/revisions\/5295"}],"wp:attachment":[{"href":"https:\/\/blogsaverroes.juntadeandalucia.es\/iesacci\/wp-json\/wp\/v2\/media?parent=5134"}],"curies":[{"name":"wp","href":"https:\/\/api.w.org\/{rel}","templated":true}]}}