{"id":5143,"date":"2021-05-21T09:51:32","date_gmt":"2021-05-21T09:51:32","guid":{"rendered":"https:\/\/blogsaverroes.juntadeandalucia.es\/iesacci\/?page_id=5143"},"modified":"2021-05-24T10:29:54","modified_gmt":"2021-05-24T10:29:54","slug":"higuera","status":"publish","type":"page","link":"https:\/\/blogsaverroes.juntadeandalucia.es\/iesacci\/higuera\/","title":{"rendered":"HIGUERA"},"content":{"rendered":"<p>Higuera.Ficus carica<\/p>\n<p>\u00bfSAB\u00cdAS QUE\u2026?Su l\u00e1tex se ha usado para curar verrugas, ablandar callos, combatir las caries y cuajar la leche.<\/p>\n<p>DESCRIPCI\u00d3N<\/p>\n<p>Se trata de un arbusto o \u00e1rbol peque\u00f1o que rara vez sobrepasa los 5 o 6 m. Su tronco es gris ceniza y liso, como la pata de un elefante, pero a menudo se presenta tortuoso. Las hojas son simples, alternas, caducas, \u00e1speras al tacto y palmeadas con 3-5 l\u00f3bulos, normalmente irregulares, lo que las hace asim\u00e9tricas. El contorno de los l\u00f3bulos puede ser liso o dentado. Adem\u00e1s, tienen l\u00e1tex, que se observa muy bien al tronchar el rabillo de la hoja. La floraci\u00f3n y fructificaci\u00f3n se produce en el verano. Existen ejemplares cuyas flores masculinas no son funcionales, y por tanto act\u00faan como hembras con gran producci\u00f3n de fruto; otros de flores femeninas no funcionales y que act\u00faan como individuos machos que no producen higos; los hay que producen higos sin polinizaci\u00f3n (de forma asexual), y todas las situaciones intermedias. Por otro lado, el fruto, llamado higo o breva, mide hasta 8 cm de longitud, es globoso o piriforme, de color verde, verde-amarillento o morado, y es de pulpa carnosa y dulce.<\/p>\n<p>ECOLOG\u00cdA<\/p>\n<p>Especie indiferente al sustrato, aunque prefiere los suelos secos, profundos y soleados, siempre que no le falte humedad en el subsuelo. Tambi\u00e9n la podemos encontrar en grietas de rocas y en los muros de antiguas construcciones, a las que puede da\u00f1ar con sus ra\u00edces. Se distribuye desde el nivel del mar hasta los 1700 m de altitud.<\/p>\n<p>DISTRIBUCI\u00d3N<\/p>\n<p>Debido a su extensi\u00f3n como planta de cultivo desde antiguo, no se conoce su origen exacto, aunque parece proceder de la cuenca mediterr\u00e1nea. Actualmente se distribuye por el sur de Europa, norte de \u00c1frica y el centro occidental asi\u00e1tico, con numerosas variedades y razas de cultivo.<a href=\"https:\/\/blogsaverroes.juntadeandalucia.es\/iesacci\/files\/2021\/05\/higuera.png\"><img loading=\"lazy\" decoding=\"async\" class=\"wp-image-5154 aligncenter\" src=\"https:\/\/blogsaverroes.juntadeandalucia.es\/iesacci\/files\/2021\/05\/higuera-171x300.png\" alt=\"\" width=\"243\" height=\"426\" srcset=\"https:\/\/blogsaverroes.juntadeandalucia.es\/iesacci\/files\/2021\/05\/higuera-171x300.png 171w, https:\/\/blogsaverroes.juntadeandalucia.es\/iesacci\/files\/2021\/05\/higuera-585x1024.png 585w, https:\/\/blogsaverroes.juntadeandalucia.es\/iesacci\/files\/2021\/05\/higuera.png 658w\" sizes=\"(max-width: 243px) 100vw, 243px\" \/><\/a><\/p>\n","protected":false},"excerpt":{"rendered":"<p>Higuera.Ficus carica \u00bfSAB\u00cdAS QUE\u2026?Su l\u00e1tex se ha usado para curar verrugas, ablandar callos, combatir las caries y cuajar la leche. DESCRIPCI\u00d3N Se trata de un arbusto o \u00e1rbol peque\u00f1o que rara vez sobrepasa los&#46;&#46;&#46;<\/p>\n","protected":false},"author":2064,"featured_media":0,"parent":0,"menu_order":0,"comment_status":"closed","ping_status":"closed","template":"","meta":{"ngg_post_thumbnail":0,"footnotes":"","_mc_calendar":[]},"aioseo_notices":[],"_links":{"self":[{"href":"https:\/\/blogsaverroes.juntadeandalucia.es\/iesacci\/wp-json\/wp\/v2\/pages\/5143"}],"collection":[{"href":"https:\/\/blogsaverroes.juntadeandalucia.es\/iesacci\/wp-json\/wp\/v2\/pages"}],"about":[{"href":"https:\/\/blogsaverroes.juntadeandalucia.es\/iesacci\/wp-json\/wp\/v2\/types\/page"}],"author":[{"embeddable":true,"href":"https:\/\/blogsaverroes.juntadeandalucia.es\/iesacci\/wp-json\/wp\/v2\/users\/2064"}],"replies":[{"embeddable":true,"href":"https:\/\/blogsaverroes.juntadeandalucia.es\/iesacci\/wp-json\/wp\/v2\/comments?post=5143"}],"version-history":[{"count":5,"href":"https:\/\/blogsaverroes.juntadeandalucia.es\/iesacci\/wp-json\/wp\/v2\/pages\/5143\/revisions"}],"predecessor-version":[{"id":5155,"href":"https:\/\/blogsaverroes.juntadeandalucia.es\/iesacci\/wp-json\/wp\/v2\/pages\/5143\/revisions\/5155"}],"wp:attachment":[{"href":"https:\/\/blogsaverroes.juntadeandalucia.es\/iesacci\/wp-json\/wp\/v2\/media?parent=5143"}],"curies":[{"name":"wp","href":"https:\/\/api.w.org\/{rel}","templated":true}]}}