{"id":5165,"date":"2021-05-24T16:07:37","date_gmt":"2021-05-24T16:07:37","guid":{"rendered":"https:\/\/blogsaverroes.juntadeandalucia.es\/iesacci\/?page_id=5165"},"modified":"2021-06-29T06:33:39","modified_gmt":"2021-06-29T06:33:39","slug":"arbol-del-amor","status":"publish","type":"page","link":"https:\/\/blogsaverroes.juntadeandalucia.es\/iesacci\/arbol-del-amor\/","title":{"rendered":"\u00c1RBOL DEL AMOR"},"content":{"rendered":"<p><strong>\u00c1rbol del amor. <em>Cercissiliquastrum.<\/em><\/strong><\/p>\n<p><strong>\u00bfSAB\u00cdAS QUE\u2026?<\/strong>Se usa la corteza para dolores de cabeza y para catarros. C<em>ercissiliquastrum<\/em>, com\u00fanmente llamado \u00e1rbol del amor, ciclamor, algarrobo loco o \u00e1rbol de Judas, es una especie arb\u00f3rea de la familia de las leguminosas.<\/p>\n<p><strong>DESCRIPCI\u00d3N<\/strong><\/p>\n<p>\u00c1rbol caducifolio de talla peque\u00f1a que alcanza normalmente de 4 a 6&nbsp;m de altura, pero puede llegar hasta los 15,1&nbsp;m. Alcanza su crecimiento pleno a los veinte a\u00f1os aproximadamente. A principios de la primavera se cubre de flores rosas, que aparecen antes que las hojas. El tronco es de madera lisa y clara, torn\u00e1ndose tortuosa y negra con la edad. La copa es abierta e irregular.<\/p>\n<p>Las hojas son simples, alternas, glabras, de redondeadas a cordiformes, de 7 a 12 cm de longitud, con el \u00e1pice redondeado y pecioladas. La inervaci\u00f3n es palmeada. Son de color verde claro en el haz y de tono ligeramente glauco (gris-azulado) en el env\u00e9s. Las hojas j\u00f3venes pueden tener una tonalidad rosada, y aparecen tard\u00edamente, ya en abril.<\/p>\n<p>Las flores son hermafroditas, con una corola papilion\u00e1cea de color rosa-lila o blanca. Tienen 1-2&nbsp;cm de longitud y se agrupan en racimos de tres a seis flores que aparecen antes que las hojas, en marzo-abril, sobre las ramas y tambi\u00e9n sobre el tronco (caulifloria). Los frutos son legumbres indehiscentes con una estrecha (1-2&nbsp;mm) ala ventral, de color rojizo a marr\u00f3n oscuro seg\u00fan el grado de maduraci\u00f3n. Son colgantes, muy numerosas y miden unos 6-10 por 1,5&nbsp;cm. Maduran en julio y permanecen en el \u00e1rbol hasta la siguiente floraci\u00f3n. Las semillas son ovoideo-oblongas, algo comprimidas, de color pardo, con hilo apical y sin endosperma.<\/p>\n<p><strong>ECOLOG\u00cdA<\/strong><\/p>\n<p>Las flores tienen un agradable gusto picante, y pueden comerse en ensalada mixta, o en bu\u00f1uelos. En algunas zonas se escabechaban con vinagre los brotes florales.<\/p>\n<p>Los frutos se han utilizado tradicionalmente en la medicina popular como astringentes.<\/p>\n<p>Su madera no es de buena calidad, pues se tuerce con facilidad y se descompone pronto a la intemperie. Pero es un buen \u00e1rbol de jard\u00edn, usado en alineaciones y paseos, debido a su sombra y floraci\u00f3n. Es apto para la formaci\u00f3n de setos altos.<\/p>\n<p>Por su car\u00e1cter invasor, no se recomienda su uso en jardines, y si se hace, al menos, vigilar que no se expanda a otras zonas cercanas.<\/p>\n<p><strong>DISTRIBUCI\u00d3N<\/strong><\/p>\n<p>Es nativo de la zona norte y este del Mediterr\u00e1neo, desde Francia hasta Oriente Pr\u00f3ximo. Introducido en Europa Central, Pen\u00ednsula ib\u00e9rica, \u00c1frica tropical y Norteam\u00e9rica.<\/p>\n<p>En la Pen\u00ednsula ib\u00e9rica, es una especie ex\u00f3tica introducida, que se comporta como una especie invasora, compitiendo por el h\u00e1bitat con las especies aut\u00f3ctonas.<\/p>\n<p>Se encuentra normalmente en pendientes \u00e1ridas a lo largo de las riberas de los r\u00edos, preferentemente en terrenos calc\u00e1reos, pero puede tolerar los moderadamente \u00e1cidos. Resiste el fr\u00edo, hasta -10&nbsp;\u00b0C pero no las heladas prolongadas. Es resistente a la sequ\u00eda y no tolera el encharcamiento del suelo.<\/p>\n","protected":false},"excerpt":{"rendered":"<p>\u00c1rbol del amor. Cercissiliquastrum. \u00bfSAB\u00cdAS QUE\u2026?Se usa la corteza para dolores de cabeza y para catarros. Cercissiliquastrum, com\u00fanmente llamado \u00e1rbol del amor, ciclamor, algarrobo loco o \u00e1rbol de Judas, es una especie arb\u00f3rea de&#46;&#46;&#46;<\/p>\n","protected":false},"author":2064,"featured_media":0,"parent":0,"menu_order":0,"comment_status":"closed","ping_status":"closed","template":"","meta":{"ngg_post_thumbnail":0,"footnotes":"","_mc_calendar":[]},"aioseo_notices":[],"_links":{"self":[{"href":"https:\/\/blogsaverroes.juntadeandalucia.es\/iesacci\/wp-json\/wp\/v2\/pages\/5165"}],"collection":[{"href":"https:\/\/blogsaverroes.juntadeandalucia.es\/iesacci\/wp-json\/wp\/v2\/pages"}],"about":[{"href":"https:\/\/blogsaverroes.juntadeandalucia.es\/iesacci\/wp-json\/wp\/v2\/types\/page"}],"author":[{"embeddable":true,"href":"https:\/\/blogsaverroes.juntadeandalucia.es\/iesacci\/wp-json\/wp\/v2\/users\/2064"}],"replies":[{"embeddable":true,"href":"https:\/\/blogsaverroes.juntadeandalucia.es\/iesacci\/wp-json\/wp\/v2\/comments?post=5165"}],"version-history":[{"count":2,"href":"https:\/\/blogsaverroes.juntadeandalucia.es\/iesacci\/wp-json\/wp\/v2\/pages\/5165\/revisions"}],"predecessor-version":[{"id":5297,"href":"https:\/\/blogsaverroes.juntadeandalucia.es\/iesacci\/wp-json\/wp\/v2\/pages\/5165\/revisions\/5297"}],"wp:attachment":[{"href":"https:\/\/blogsaverroes.juntadeandalucia.es\/iesacci\/wp-json\/wp\/v2\/media?parent=5165"}],"curies":[{"name":"wp","href":"https:\/\/api.w.org\/{rel}","templated":true}]}}