{"id":5185,"date":"2021-05-24T16:09:38","date_gmt":"2021-05-24T16:09:38","guid":{"rendered":"https:\/\/blogsaverroes.juntadeandalucia.es\/iesacci\/?page_id=5185"},"modified":"2021-06-29T06:43:27","modified_gmt":"2021-06-29T06:43:27","slug":"granado","status":"publish","type":"page","link":"https:\/\/blogsaverroes.juntadeandalucia.es\/iesacci\/granado\/","title":{"rendered":"GRANADO"},"content":{"rendered":"<p class=\"LO-normal\" style=\"text-align: center\" align=\"center\"><b><span style=\"font-size: 26.0pt;line-height: 107%\">Granado. <i>Punica granatum.<\/i><\/span><\/b><\/p>\n<p class=\"LO-normal\" style=\"text-align: justify\"><b><span style=\"font-size: 14.0pt;line-height: 107%\">\u00bfSAB\u00cdAS QUE\u2026?<\/span><\/b><span style=\"font-size: 14.0pt;line-height: 107%\"> El Cor\u00e1n dice que su fruto purga de odio y de envidia.<\/span><\/p>\n<p class=\"LO-normal\" style=\"text-align: justify\"><b><span style=\"font-size: 14.0pt;line-height: 107%\">DESCRIPCI\u00d3N<\/span><\/b><\/p>\n<p class=\"LO-normal\" style=\"text-align: justify\"><a name=\"17\"><\/a><a name=\"241\"><\/a><a name=\"85\"><\/a><a name=\"65\"><\/a><a name=\"57\"><\/a><a name=\"32\"><\/a><a name=\"46\"><\/a><a name=\"33\"><\/a><a name=\"62\"><\/a><a name=\"40\"><\/a><a name=\"24\"><\/a><span style=\"font-size: 14.0pt;line-height: 107%\">El granado es considerado un peque\u00f1o \u00e1rbol o arbusto, muy ramoso y habitualmente espinoso, que llega a alcanzar los 5 m. Tiene una corteza de color miel clara, muy agrietada y nudosa en los ejemplares viejos. Las hojas son caducas aunque algo cori\u00e1ceas, simples, generalmente opuestas, de margen entero, verde brillantes por el haz y mates y algo amarillentas por el env\u00e9s, y de forma m\u00e1s o menos lanceolada u oblonga. Miden habitualmente 0,8-2 cm de ancho por 2-5 cm de largo, pudiendo llegar a extremos entre 1,5 y 7 cm de largo. Las flores son rojas, solitarias y muy vistosas. Al madurar forman un fruto complejo, globoso, amarillo o amarillo-rojizo al madurar, de corteza cori\u00e1cea, que mide 5-12 cm de di\u00e1metro, da nombre a la planta y es comestible. Est\u00e1 formado por una serie de granulaciones jugosas separadas en partes por una membrana amarillenta y amarga.<\/span><\/p>\n<p class=\"LO-normal\" style=\"text-align: justify\"><b><span style=\"font-size: 14.0pt;line-height: 107%\">ECOLOG\u00cdA<\/span><\/b><\/p>\n<p class=\"LO-normal\" style=\"text-align: justify\"><span style=\"font-size: 14.0pt;line-height: 107%\">Es indiferente al tipo de suelo. Crece desde el nivel del mar hasta los 1100 m. Necesita sol y le afectan las heladas.<\/span><\/p>\n<p class=\"LO-normal\" style=\"text-align: justify\"><b><span style=\"font-size: 14.0pt;line-height: 107%\">DISTRIBUCI\u00d3N<\/span><\/b><\/p>\n<p class=\"LO-normal\" style=\"text-align: justify\"><a name=\"61\"><\/a><span style=\"font-size: 14.0pt;line-height: 107%\">El granado es originario de la regi\u00f3n irano-turaniana, Siria, Ir\u00e1n, noreste de Afganist\u00e1n, norte de Irak y partes del L\u00edbano, Jordania e Israel. Parece naturalizado en la cuenca mediterr\u00e1nea oriental y se cultiva desde muy antiguo, lo que ha favorecido que se asilvestre en cunetas, setos y cercan\u00edas de los r\u00edos. En la Pen\u00ednsula Ib\u00e9rica y Baleares aparece disperso, sobre todo al este y al sur. <\/span><\/p>\n","protected":false},"excerpt":{"rendered":"<p>Granado. Punica granatum. \u00bfSAB\u00cdAS QUE\u2026? El Cor\u00e1n dice que su fruto purga de odio y de envidia. DESCRIPCI\u00d3N El granado es considerado un peque\u00f1o \u00e1rbol o arbusto, muy ramoso y habitualmente espinoso, que llega&#46;&#46;&#46;<\/p>\n","protected":false},"author":2064,"featured_media":0,"parent":0,"menu_order":0,"comment_status":"closed","ping_status":"closed","template":"","meta":{"ngg_post_thumbnail":0,"footnotes":"","_mc_calendar":[]},"aioseo_notices":[],"_links":{"self":[{"href":"https:\/\/blogsaverroes.juntadeandalucia.es\/iesacci\/wp-json\/wp\/v2\/pages\/5185"}],"collection":[{"href":"https:\/\/blogsaverroes.juntadeandalucia.es\/iesacci\/wp-json\/wp\/v2\/pages"}],"about":[{"href":"https:\/\/blogsaverroes.juntadeandalucia.es\/iesacci\/wp-json\/wp\/v2\/types\/page"}],"author":[{"embeddable":true,"href":"https:\/\/blogsaverroes.juntadeandalucia.es\/iesacci\/wp-json\/wp\/v2\/users\/2064"}],"replies":[{"embeddable":true,"href":"https:\/\/blogsaverroes.juntadeandalucia.es\/iesacci\/wp-json\/wp\/v2\/comments?post=5185"}],"version-history":[{"count":2,"href":"https:\/\/blogsaverroes.juntadeandalucia.es\/iesacci\/wp-json\/wp\/v2\/pages\/5185\/revisions"}],"predecessor-version":[{"id":5307,"href":"https:\/\/blogsaverroes.juntadeandalucia.es\/iesacci\/wp-json\/wp\/v2\/pages\/5185\/revisions\/5307"}],"wp:attachment":[{"href":"https:\/\/blogsaverroes.juntadeandalucia.es\/iesacci\/wp-json\/wp\/v2\/media?parent=5185"}],"curies":[{"name":"wp","href":"https:\/\/api.w.org\/{rel}","templated":true}]}}